{"id":10717,"date":"2022-04-19T13:18:37","date_gmt":"2022-04-19T11:18:37","guid":{"rendered":"https:\/\/meldendev.eu\/eihp\/?page_id=10717"},"modified":"2022-04-20T12:36:00","modified_gmt":"2022-04-20T10:36:00","slug":"medunarodni-projekti","status":"publish","type":"page","link":"https:\/\/eihp.hr\/en\/medunarodni-projekti\/","title":{"rendered":"International projects"},"content":{"rendered":"<div data-elementor-type=\"wp-page\" data-elementor-id=\"10717\" class=\"elementor elementor-10717\" data-elementor-post-type=\"page\">\n\t\t\t\t\t\t<section class=\"elementor-section elementor-top-section elementor-element elementor-element-10c3de4a elementor-section-height-min-height elementor-section-boxed elementor-section-height-default elementor-section-items-middle\" data-id=\"10c3de4a\" data-element_type=\"section\" data-settings=\"{&quot;background_background&quot;:&quot;classic&quot;}\">\n\t\t\t\t\t\t<div class=\"elementor-container elementor-column-gap-default\">\n\t\t\t\t\t<div class=\"elementor-column elementor-col-100 elementor-top-column elementor-element elementor-element-59ca44a1\" data-id=\"59ca44a1\" data-element_type=\"column\">\n\t\t\t<div class=\"elementor-widget-wrap\">\n\t\t\t\t\t\t\t<\/div>\n\t\t<\/div>\n\t\t\t\t\t<\/div>\n\t\t<\/section>\n\t\t\t\t<section class=\"elementor-section elementor-top-section elementor-element elementor-element-1d8f676f elementor-section-boxed elementor-section-height-default elementor-section-height-default\" data-id=\"1d8f676f\" data-element_type=\"section\" data-settings=\"{&quot;background_background&quot;:&quot;classic&quot;}\">\n\t\t\t\t\t\t<div class=\"elementor-container elementor-column-gap-default\">\n\t\t\t\t\t<div class=\"elementor-column elementor-col-100 elementor-top-column elementor-element elementor-element-42134e2a\" data-id=\"42134e2a\" data-element_type=\"column\" data-settings=\"{&quot;background_background&quot;:&quot;classic&quot;}\">\n\t\t\t<div class=\"elementor-widget-wrap elementor-element-populated\">\n\t\t\t\t\t\t\t<\/div>\n\t\t<\/div>\n\t\t\t\t\t<\/div>\n\t\t<\/section>\n\t\t\t\t<section class=\"elementor-section elementor-top-section elementor-element elementor-element-f45a16c elementor-section-boxed elementor-section-height-default elementor-section-height-default\" data-id=\"f45a16c\" data-element_type=\"section\">\n\t\t\t\t\t\t<div class=\"elementor-container elementor-column-gap-default\">\n\t\t\t\t\t<div class=\"elementor-column elementor-col-100 elementor-top-column elementor-element elementor-element-63797419\" data-id=\"63797419\" data-element_type=\"column\">\n\t\t\t<div class=\"elementor-widget-wrap elementor-element-populated\">\n\t\t\t\t\t\t<div class=\"elementor-element elementor-element-60706fcb elementor-widget elementor-widget-text-editor\" data-id=\"60706fcb\" data-element_type=\"widget\" data-widget_type=\"text-editor.default\">\n\t\t\t\t<div class=\"elementor-widget-container\">\n\t\t\t\t\t\t\t\t\t<p><div id=\"footable_parent_10764\"\n     class=\"footable_parent ninja_table_wrapper loading_ninja_table wp_table_data_press_parent semantic_ui\">\n                <table data-ninja_table_instance=\"ninja_table_instance_0\" data-footable_id=\"10764\" data-filter-delay=\"1000\" aria-label=\"Me\u0111unarodni Projekti\"            id=\"footable_10764\"\n           data-unique_identifier=\"ninja_table_unique_id_1320040600_10764\"\n           class=\"foo-table ninja_footable foo_table_10764 ninja_table_unique_id_1320040600_10764 ui table  nt_type_legacy_table selectable striped vertical_centered  footable-paging-right ninja_table_pro\">\n                <colgroup>\n                            <col class=\"ninja_column_0\">\n                            <col class=\"ninja_column_1\">\n                    <\/colgroup>\n        <thead>\n<tr class=\"footable-header\">\n                                        <th scope=\"col\"  class=\"ninja_column_0 ninja_clmn_nm_br\">No.<\/th><th scope=\"col\"  class=\"ninja_column_1 ninja_clmn_nm_naslovprojekta\">Project Name<\/th><\/tr>\n<\/thead>\n<tbody>\n\n        <tr data-row_id=\"450\" class=\"ninja_table_row_0 nt_row_id_450\">\n            <td>1<\/td><td>Kosovo Energy Efficiency and Renewable Energy Project (KEEREP) &#8211; Regulatory support for  Renewable Energy Regulatory Framework and Grid Integration<\/td>        <\/tr>\n            <tr data-row_id=\"451\" class=\"ninja_table_row_1 nt_row_id_451\">\n            <td>2<\/td><td>Feasibility Study for Development of Dighipara Coal Field at Dighipara, Dinajpur, Bangladesh) &#8211; Contract extension until September 2020<\/td>        <\/tr>\n            <tr data-row_id=\"452\" class=\"ninja_table_row_2 nt_row_id_452\">\n            <td>3<\/td><td>Initiative for Integrated Renewable Energy (RE) Planning in Southeast Europe<\/td>        <\/tr>\n            <tr data-row_id=\"453\" class=\"ninja_table_row_3 nt_row_id_453\">\n            <td>4<\/td><td>Development of Regional Energy Markets (DREM)<\/td>        <\/tr>\n            <tr data-row_id=\"454\" class=\"ninja_table_row_4 nt_row_id_454\">\n            <td>5<\/td><td>Study on the current state of energy management in Ukrainian municipalities<\/td>        <\/tr>\n            <tr data-row_id=\"455\" class=\"ninja_table_row_5 nt_row_id_455\">\n            <td>6<\/td><td>Elaborat tehni\u010dkog rje\u0161enja priklju\u010denja VE Slovinj na prijenosnu mre\u017eu BiH<\/td>        <\/tr>\n            <tr data-row_id=\"456\" class=\"ninja_table_row_6 nt_row_id_456\">\n            <td>7<\/td><td>Conducting Energy audit of large enterprise Vertiv d.o.o.<\/td>        <\/tr>\n            <tr data-row_id=\"457\" class=\"ninja_table_row_7 nt_row_id_457\">\n            <td>8<\/td><td>Geothermal potential of selected sites in the northern Croatia<\/td>        <\/tr>\n            <tr data-row_id=\"458\" class=\"ninja_table_row_8 nt_row_id_458\">\n            <td>9<\/td><td>Pru\u017eanje dijela usluga u sklopu projekta Southern Gas Interconnector \u2013 izrada Studije izvedivosti i Studije o utjecaju zahvata na okoli\u0161 i procjene socijalnog utjecaju<\/td>        <\/tr>\n            <tr data-row_id=\"459\" class=\"ninja_table_row_9 nt_row_id_459\">\n            <td>10<\/td><td>Electricity Market Initiative &#8211; Market and Network<\/td>        <\/tr>\n            <tr data-row_id=\"460\" class=\"ninja_table_row_10 nt_row_id_460\">\n            <td>11<\/td><td>Prefeasibility study of Solar Power Plant Omisica<\/td>        <\/tr>\n            <tr data-row_id=\"461\" class=\"ninja_table_row_11 nt_row_id_461\">\n            <td>12<\/td><td>Western Balkans Investment Framework, Infrastructure Project Facility \u2013 Technical Assistance 9 (IPF 9), Infrastructures: Energy, Environment, Social, Transport and Digital economy &#8211; Sub-Project \u201cDumrea Underground Natural Gas Storage: Feasibility Study and ESIA &#8211; WB20-ALB-ENE-01<\/td>        <\/tr>\n            <tr data-row_id=\"462\" class=\"ninja_table_row_12 nt_row_id_462\">\n            <td>13<\/td><td>Technical Assistance for the development of the NECP in Kosovo and North Macedonia &#8211; Dimension Enegerx Efficiency<\/td>        <\/tr>\n            <tr data-row_id=\"463\" class=\"ninja_table_row_13 nt_row_id_463\">\n            <td>14<\/td><td>Selection and evaluation of locations for solar power plants<\/td>        <\/tr>\n            <tr data-row_id=\"464\" class=\"ninja_table_row_14 nt_row_id_464\">\n            <td>15<\/td><td>Studija izvodljivosti za VE O\u0161trc &#8211; Dopuna br. 1<\/td>        <\/tr>\n            <tr data-row_id=\"465\" class=\"ninja_table_row_15 nt_row_id_465\">\n            <td>16<\/td><td>Produljenje programa mjesenja vjetra na lokaciji VE Slovinj, Op\u0107iina Glamo\u010d, Bosna i Hercegovina za razdoblje 7\/2020 &#8211; 6\/2021<\/td>        <\/tr>\n            <tr data-row_id=\"466\" class=\"ninja_table_row_16 nt_row_id_466\">\n            <td>17<\/td><td>Elaborates of environmental protection for solar power plants<\/td>        <\/tr>\n            <tr data-row_id=\"467\" class=\"ninja_table_row_17 nt_row_id_467\">\n            <td>18<\/td><td>Election and evaluation of locations for development of solar power plants<\/td>        <\/tr>\n            <tr data-row_id=\"468\" class=\"ninja_table_row_18 nt_row_id_468\">\n            <td>19<\/td><td>Three Seas initiative +1 (Aegean sea) market integration study<\/td>        <\/tr>\n            <tr data-row_id=\"469\" class=\"ninja_table_row_19 nt_row_id_469\">\n            <td>20<\/td><td>Dopuna elaborata tehni\u010dkog rje\u0161enja priklju\u010dka VE O\u0161trc na prijenosnu mre\u017eu BiH<\/td>        <\/tr>\n            <tr data-row_id=\"470\" class=\"ninja_table_row_20 nt_row_id_470\">\n            <td>21<\/td><td>Electricity Market impact evaluation of cross-border capacity reserved for aFRR exchange between Albania and Kosovo<\/td>        <\/tr>\n            <tr data-row_id=\"471\" class=\"ninja_table_row_21 nt_row_id_471\">\n            <td>22<\/td><td>European Western Balkans Joint Fund: REEP Plus Framework &#8211; Policy Dialogue, Sub-assignment No 22: North Macedonia &#8211; Secondary legislation implementing the Energy Performance of Buildings Directive &#8211; Phase 1<\/td>        <\/tr>\n            <tr data-row_id=\"472\" class=\"ninja_table_row_22 nt_row_id_472\">\n            <td>23<\/td><td>&#8220;Consultant for the Development of Long-term Sustainable Financing Mechanisms for Energy Efficiency&#8221; under the project &#8220;Second Energy Efficiency Project &#8211; MEEP 2, Ref. no: MNE-MEEP_2-8870-ME-QCBS-CS-20-2.1&#8221;<\/td>        <\/tr>\n            <tr data-row_id=\"473\" class=\"ninja_table_row_23 nt_row_id_473\">\n            <td>24<\/td><td>European Climate Initiative (EUKI) &#8211; Detail: SOLAR ADRIA: Accelerating solar energy deployment in coastal municipalities of the Adriatic region<\/td>        <\/tr>\n            <tr data-row_id=\"474\" class=\"ninja_table_row_24 nt_row_id_474\">\n            <td>25<\/td><td>Anex ugovora o provo\u0111enju istra\u017eivanja I razvoja projekta: Pru\u017eanje stru\u010dne pomo\u0107i I tegulatornog okvira pra\u0107enju ostvarenja I izvr\u0161avanju u podru\u010dju kori\u0161tenja obnovljive energije u prometu <\/td>        <\/tr>\n            <tr data-row_id=\"475\" class=\"ninja_table_row_25 nt_row_id_475\">\n            <td>26<\/td><td>Sveobuhvatna procjena potencijala za u\u010dinkovito grijanje i hla\u0111enje u Hrvatskoj prema VIII: Direktive 2012\/27\/EU<\/td>        <\/tr>\n            <tr data-row_id=\"476\" class=\"ninja_table_row_26 nt_row_id_476\">\n            <td>27<\/td><td>Dopune elaborata tehni\u010dkog rje\u0161enja priklju\u010denja VE Slovinj na prijenosnu mre\u017eu BiH<\/td>        <\/tr>\n            <tr data-row_id=\"477\" class=\"ninja_table_row_27 nt_row_id_477\">\n            <td>28<\/td><td>eON &#8211; CHP &#8211; energy savings analysis<\/td>        <\/tr>\n            <tr data-row_id=\"478\" class=\"ninja_table_row_28 nt_row_id_478\">\n            <td>29<\/td><td>Turkana Energy Sector Study &#8211; Demand and Supply Size analysis<\/td>        <\/tr>\n            <tr data-row_id=\"479\" class=\"ninja_table_row_29 nt_row_id_479\">\n            <td>30<\/td><td>Service contract for Studies and analyses (elaborations, guidelines) &#8211; Establishment of monitoring\/early warning system and joint actions for better risk prevention, preparedness readiness and post-natural disaster environmental remediation I border area, for Project Multisectoral approach to disasters in Osijek &#8211; Baranja County and Autonomous Province of Vojvodina &#8211; &#8220;Together We Stand&#8221;\nEnvironmental and infrastructure risk assessment of waste in the case of natural disasters and best practices for dealing with organic waste in case of natural disasters, with focus on floods, in Republic of Croatia \nEnvironmental and infrastructure risk assessment of waste in the case of natural disasters and best practices for dealing with organic waste in case of natural disasters, with focus on floods: Programme area in Republic of Serbia (AP Vojvodina) and Republic of Croatia (Osijek-Baranja and Vukovar-Srijem counties) \nGuidelines for improving monitoring\/early warning system and environment remediation in case of natural disasters <\/td>        <\/tr>\n            <tr data-row_id=\"480\" class=\"ninja_table_row_30 nt_row_id_480\">\n            <td>31<\/td><td>Renewable Targets and System Integration Costs for Abu Dhabi<\/td>        <\/tr>\n            <tr data-row_id=\"481\" class=\"ninja_table_row_31 nt_row_id_481\">\n            <td>32<\/td><td>Preparation of a feasibility study for the justification for awarding a contract for public-private partnership or possible sale of the Joint Stock Company &#8211; TEC (Thermal Power Plant) Negotino<\/td>        <\/tr>\n            <tr data-row_id=\"482\" class=\"ninja_table_row_32 nt_row_id_482\">\n            <td>33<\/td><td>SUBAGREEMENT NO. USEA\/USAID-2021-709-01\nRecommendations to improve Planning and Operational Coordination between distribution and transmission system operators necessary for renewables integration<\/td>        <\/tr>\n            <tr data-row_id=\"483\" class=\"ninja_table_row_33 nt_row_id_483\">\n            <td>34<\/td><td>Stru\u010dno mi\u0161ljenje za potrebe prijave koncentracije na temelju ugovora o kupnji cjelokupnog poslovnog udjela u dru\u0161tvu Crodux derivati drva d.o.o. od strane Petrola d.d.<\/td>        <\/tr>\n            <tr data-row_id=\"484\" class=\"ninja_table_row_34 nt_row_id_484\">\n            <td>35<\/td><td>Consultancy Service on PLEXOS Long-term Planning Modelling<\/td>        <\/tr>\n            <tr data-row_id=\"485\" class=\"ninja_table_row_35 nt_row_id_485\">\n            <td>36<\/td><td>Sustainable biomass supply integration for bioenergy within the broader bioeconomy (The Role of Bioenergy in a WB2\/SDG world)<\/td>        <\/tr>\n            <tr data-row_id=\"486\" class=\"ninja_table_row_36 nt_row_id_486\">\n            <td>37<\/td><td>Subagreement no. USEA\/USAID &#8211; 2021-714-02\nWorkshop on the implementation of the &#8220;70% minimum capacity&#8221; (MACZT) rule\nAssessment of the Impacts of Clean Power Targets on the Electricity Markets and Netwoek Operations in Southeast Europe<\/td>        <\/tr>\n            <tr data-row_id=\"487\" class=\"ninja_table_row_37 nt_row_id_487\">\n            <td>38<\/td><td>Feasibility Study and Business Model of Hydropower Storage Project in Jordan &#8211; Energy Utilization Assessment of Planned Hydropower Storage Project in Jordan<\/td>        <\/tr>\n            <tr data-row_id=\"488\" class=\"ninja_table_row_38 nt_row_id_488\">\n            <td>39<\/td><td>Wind Power Production Forecasting<\/td>        <\/tr>\n            <tr data-row_id=\"489\" class=\"ninja_table_row_39 nt_row_id_489\">\n            <td>40<\/td><td>Prethodna studija opravdanosti kogeneracionog postrojenja sa gasnim trubinama &#8220;Alumina&#8221;<\/td>        <\/tr>\n            <tr data-row_id=\"490\" class=\"ninja_table_row_40 nt_row_id_490\">\n            <td>41<\/td><td>Study on impact of large-scale RES integration on cross-regional power flows in CSE and Construction\/update of network and market models<\/td>        <\/tr>\n            <tr data-row_id=\"491\" class=\"ninja_table_row_41 nt_row_id_491\">\n            <td>42<\/td><td>Elaborat tehni\u010dkog rje\u0161enja priklju\u010denja VE D\u017eeva<\/td>        <\/tr>\n            <tr data-row_id=\"492\" class=\"ninja_table_row_42 nt_row_id_492\">\n            <td>43<\/td><td>Forecast report on biomass supply in the post-COVID 19 economy \nTask 43: Sustainable biomass supply integration for bioenergy within the broader bioeconomy<\/td>        <\/tr>\n            <tr data-row_id=\"493\" class=\"ninja_table_row_43 nt_row_id_493\">\n            <td>44<\/td><td>Agrarian bio-hub\nTask 43: Sustainable biomass supply integration for bioenergy within the broader bioeconomy<\/td>        <\/tr>\n            <tr data-row_id=\"494\" class=\"ninja_table_row_44 nt_row_id_494\">\n            <td>45<\/td><td>Technical support in wind power project &#8211;\ntechnical due diligence for WPP Derala, up to\n170 MW, Bosnia and Herzegovina<\/td>        <\/tr>\n            <tr data-row_id=\"495\" class=\"ninja_table_row_45 nt_row_id_495\">\n            <td>46<\/td><td>Project Danica: Site Assessment, Grid Connection Review &#038; Permitting Review<\/td>        <\/tr>\n            <tr data-row_id=\"496\" class=\"ninja_table_row_46 nt_row_id_496\">\n            <td>47<\/td><td>Konzultantske usluge u ranoj fazi razvoja projekta vjetroelektrane Gradina<\/td>        <\/tr>\n            <tr data-row_id=\"497\" class=\"ninja_table_row_47 nt_row_id_497\">\n            <td>48<\/td><td>SUBAGREEMENT NO. USEA\/USAID \u2013 2021-714-06\nSTUDY ON SYSTEM ADEQUACY AND FLEXIBILITY OF THE\nNORTH MACEDONIAN POWER SYSTEM<\/td>        <\/tr>\n            <tr data-row_id=\"498\" class=\"ninja_table_row_48 nt_row_id_498\">\n            <td>49<\/td><td>SUBAGREEMENT NO. USEA\/USAID-2021-714-05\nDATASET OF TRANSMISSION NETWORK ELEMENTS AND GENERATION UNITS CONSTRUCTED IN SOUTH EAST EUROPE IN THE PERIOD 2005 &#8211; 2020<\/td>        <\/tr>\n            <tr data-row_id=\"499\" class=\"ninja_table_row_49 nt_row_id_499\">\n            <td>50<\/td><td>SUBAGREEMENT NO. USEA\/USAID \u2013 2021-714-04\nPOWER PLANT VLORA (ALBANIA) ELECTRICITY MARKET AND\nNETWORK ASSESSMENT<\/td>        <\/tr>\n            <tr data-row_id=\"500\" class=\"ninja_table_row_50 nt_row_id_500\">\n            <td>51<\/td><td>SUBAGREEMENT NO. USEA\/USAID \u2013 2021-712-01\nThree Seas Initiative North-South Tariff Study and Gas Market Simulation Model<\/td>        <\/tr>\n            <tr data-row_id=\"501\" class=\"ninja_table_row_51 nt_row_id_501\">\n            <td>52<\/td><td>Establishment of the National training center for nZEB \n(Osnivanje nacionalnog trening centra za zgrade gotovo nulte energije nZEB)<\/td>        <\/tr>\n            <tr data-row_id=\"502\" class=\"ninja_table_row_52 nt_row_id_502\">\n            <td>53<\/td><td>Nastavak mjerne kampanje na lokaciji VE D\u017eeva<\/td>        <\/tr>\n            <tr data-row_id=\"503\" class=\"ninja_table_row_53 nt_row_id_503\">\n            <td>54<\/td><td>Elaborat tehni\u010dkog rje\u0161enja priklju\u010denja VE Tu\u0161nica na prijenosnu mre\u017eu BiH<\/td>        <\/tr>\n            <tr data-row_id=\"504\" class=\"ninja_table_row_54 nt_row_id_504\">\n            <td>55<\/td><td>Priority Opportunities for Low Energy Voyage (POLEVOY)<\/td>        <\/tr>\n            <tr data-row_id=\"505\" class=\"ninja_table_row_55 nt_row_id_505\">\n            <td>56<\/td><td>Action Plan for Power Grid Strenghtening to support Renewable Projects in Croatia<\/td>        <\/tr>\n            <tr data-row_id=\"506\" class=\"ninja_table_row_56 nt_row_id_506\">\n            <td>57<\/td><td>ENER\/2020\/OP\/0030 &#8211; Study on energy subsidies and other government interventions in the EU<\/td>        <\/tr>\n            <tr data-row_id=\"507\" class=\"ninja_table_row_57 nt_row_id_507\">\n            <td>58<\/td><td>Zamjena data logger-a na mjernom stupu, lokacija vjetroelektrana Slovinj<\/td>        <\/tr>\n            <tr data-row_id=\"508\" class=\"ninja_table_row_58 nt_row_id_508\">\n            <td>59<\/td><td>Energy and Climate Change (ECC) Programme Management<\/td>        <\/tr>\n            <tr data-row_id=\"509\" class=\"ninja_table_row_59 nt_row_id_509\">\n            <td>60<\/td><td>Performance of Energy Management Trainings in Bosnia And Herzegovina\nLOT 1 Energy Management Training for Energy Managers\/Coordinators in Republika Srpska (Scaling-up Investment in Low-Carbon Public Buildings)<\/td>        <\/tr>\n            <tr data-row_id=\"510\" class=\"ninja_table_row_60 nt_row_id_510\">\n            <td>61<\/td><td>Development of Study on defining nearly zero-energy public buildings (NZEB) in Bosnia and Herzegovina<\/td>        <\/tr>\n    <\/tbody><!--ninja_tobody_rendering_done-->\n    <\/table>\n                    <style type=\"text\/css\" id='ninja_table_custom_css_10764'>\n                        #footable_10764  {\n        font-family: inherit;\n        font-size: 14px;\n    }\n\n                <\/style>\n                \n    \n    \n<\/div>\n<\/p>\t\t\t\t\t\t\t\t<\/div>\n\t\t\t\t<\/div>\n\t\t\t\t\t<\/div>\n\t\t<\/div>\n\t\t\t\t\t<\/div>\n\t\t<\/section>\n\t\t\t\t<section class=\"elementor-section elementor-top-section elementor-element elementor-element-69f194f5 elementor-section-full_width elementor-hidden-mobile elementor-section-height-default elementor-section-height-default\" data-id=\"69f194f5\" data-element_type=\"section\">\n\t\t\t\t\t\t<div class=\"elementor-container elementor-column-gap-default\">\n\t\t\t\t\t<div class=\"elementor-column elementor-col-100 elementor-top-column elementor-element elementor-element-380da482\" data-id=\"380da482\" data-element_type=\"column\">\n\t\t\t<div class=\"elementor-widget-wrap elementor-element-populated\">\n\t\t\t\t\t\t<div class=\"elementor-element elementor-element-b70395b elementor-absolute elementor-widget elementor-widget-image\" data-id=\"b70395b\" data-element_type=\"widget\" data-settings=\"{&quot;_position&quot;:&quot;absolute&quot;}\" data-widget_type=\"image.default\">\n\t\t\t\t<div class=\"elementor-widget-container\">\n\t\t\t\t\t\t\t\t\t\t\t\t\t\t\t<img fetchpriority=\"high\" decoding=\"async\" width=\"656\" height=\"656\" src=\"https:\/\/eihp.hr\/wp-content\/uploads\/2022\/03\/Abstract-square-final-EIHP.png\" class=\"attachment-large size-large wp-image-8388\" alt=\"\" srcset=\"https:\/\/eihp.hr\/wp-content\/uploads\/2022\/03\/Abstract-square-final-EIHP.png 656w, https:\/\/eihp.hr\/wp-content\/uploads\/2022\/03\/Abstract-square-final-EIHP-300x300.png 300w, https:\/\/eihp.hr\/wp-content\/uploads\/2022\/03\/Abstract-square-final-EIHP-150x150.png 150w\" sizes=\"(max-width: 656px) 100vw, 656px\" \/>\t\t\t\t\t\t\t\t\t\t\t\t\t\t\t<\/div>\n\t\t\t\t<\/div>\n\t\t\t\t\t<\/div>\n\t\t<\/div>\n\t\t\t\t\t<\/div>\n\t\t<\/section>\n\t\t\t\t<\/div>","protected":false},"excerpt":{"rendered":"","protected":false},"author":1,"featured_media":0,"parent":0,"menu_order":0,"comment_status":"closed","ping_status":"closed","template":"","meta":{"footnotes":""},"class_list":["post-10717","page","type-page","status-publish","hentry"],"_links":{"self":[{"href":"https:\/\/eihp.hr\/en\/wp-json\/wp\/v2\/pages\/10717","targetHints":{"allow":["GET"]}}],"collection":[{"href":"https:\/\/eihp.hr\/en\/wp-json\/wp\/v2\/pages"}],"about":[{"href":"https:\/\/eihp.hr\/en\/wp-json\/wp\/v2\/types\/page"}],"author":[{"embeddable":true,"href":"https:\/\/eihp.hr\/en\/wp-json\/wp\/v2\/users\/1"}],"replies":[{"embeddable":true,"href":"https:\/\/eihp.hr\/en\/wp-json\/wp\/v2\/comments?post=10717"}],"version-history":[{"count":7,"href":"https:\/\/eihp.hr\/en\/wp-json\/wp\/v2\/pages\/10717\/revisions"}],"predecessor-version":[{"id":10767,"href":"https:\/\/eihp.hr\/en\/wp-json\/wp\/v2\/pages\/10717\/revisions\/10767"}],"wp:attachment":[{"href":"https:\/\/eihp.hr\/en\/wp-json\/wp\/v2\/media?parent=10717"}],"curies":[{"name":"wp","href":"https:\/\/api.w.org\/{rel}","templated":true}]}}