{"id":10962,"date":"2022-04-21T09:37:20","date_gmt":"2022-04-21T07:37:20","guid":{"rendered":"https:\/\/meldendev.eu\/eihp\/?page_id=10962"},"modified":"2024-01-09T12:47:02","modified_gmt":"2024-01-09T11:47:02","slug":"label2020","status":"publish","type":"page","link":"https:\/\/eihp.hr\/en\/projekti\/label2020\/","title":{"rendered":"Label2020"},"content":{"rendered":"<div data-elementor-type=\"wp-page\" data-elementor-id=\"10962\" class=\"elementor elementor-10962\" data-elementor-post-type=\"page\">\n\t\t\t\t\t\t<section class=\"elementor-section elementor-top-section elementor-element elementor-element-456da171 elementor-section-height-min-height elementor-section-boxed elementor-section-height-default elementor-section-items-middle\" data-id=\"456da171\" data-element_type=\"section\" data-settings=\"{&quot;background_background&quot;:&quot;classic&quot;}\">\n\t\t\t\t\t\t<div class=\"elementor-container elementor-column-gap-default\">\n\t\t\t\t\t<div class=\"elementor-column elementor-col-100 elementor-top-column elementor-element elementor-element-70c1bdf5\" data-id=\"70c1bdf5\" data-element_type=\"column\">\n\t\t\t<div class=\"elementor-widget-wrap\">\n\t\t\t\t\t\t\t<\/div>\n\t\t<\/div>\n\t\t\t\t\t<\/div>\n\t\t<\/section>\n\t\t\t\t<section class=\"elementor-section elementor-top-section elementor-element elementor-element-2569ac01 elementor-section-boxed elementor-section-height-default elementor-section-height-default\" data-id=\"2569ac01\" data-element_type=\"section\" data-settings=\"{&quot;background_background&quot;:&quot;classic&quot;}\">\n\t\t\t\t\t\t<div class=\"elementor-container elementor-column-gap-default\">\n\t\t\t\t\t<div class=\"elementor-column elementor-col-100 elementor-top-column elementor-element elementor-element-7c1eabcd\" data-id=\"7c1eabcd\" data-element_type=\"column\" data-settings=\"{&quot;background_background&quot;:&quot;classic&quot;}\">\n\t\t\t<div class=\"elementor-widget-wrap elementor-element-populated\">\n\t\t\t\t\t\t\t<\/div>\n\t\t<\/div>\n\t\t\t\t\t<\/div>\n\t\t<\/section>\n\t\t\t\t<section class=\"elementor-section elementor-top-section elementor-element elementor-element-57acd907 elementor-section-boxed elementor-section-height-default elementor-section-height-default\" data-id=\"57acd907\" data-element_type=\"section\">\n\t\t\t\t\t\t<div class=\"elementor-container elementor-column-gap-default\">\n\t\t\t\t\t<div class=\"elementor-column elementor-col-100 elementor-top-column elementor-element elementor-element-47e3a396\" data-id=\"47e3a396\" data-element_type=\"column\">\n\t\t\t<div class=\"elementor-widget-wrap elementor-element-populated\">\n\t\t\t\t\t\t<div class=\"elementor-element elementor-element-88ff8ea elementor-widget elementor-widget-image\" data-id=\"88ff8ea\" data-element_type=\"widget\" data-widget_type=\"image.default\">\n\t\t\t\t<div class=\"elementor-widget-container\">\n\t\t\t\t\t\t\t\t\t\t\t\t\t\t\t<img fetchpriority=\"high\" decoding=\"async\" width=\"600\" height=\"280\" src=\"https:\/\/eihp.hr\/wp-content\/uploads\/2022\/04\/label2020_600.jpg\" class=\"attachment-full size-full wp-image-10974\" alt=\"\" srcset=\"https:\/\/eihp.hr\/wp-content\/uploads\/2022\/04\/label2020_600.jpg 600w, https:\/\/eihp.hr\/wp-content\/uploads\/2022\/04\/label2020_600-300x140.jpg 300w, https:\/\/eihp.hr\/wp-content\/uploads\/2022\/04\/label2020_600-18x8.jpg 18w\" sizes=\"(max-width: 600px) 100vw, 600px\" \/>\t\t\t\t\t\t\t\t\t\t\t\t\t\t\t<\/div>\n\t\t\t\t<\/div>\n\t\t\t\t<div class=\"elementor-element elementor-element-7aa70e0b elementor-widget elementor-widget-text-editor\" data-id=\"7aa70e0b\" data-element_type=\"widget\" data-widget_type=\"text-editor.default\">\n\t\t\t\t<div class=\"elementor-widget-container\">\n\t\t\t\t\t\t\t\t\t<p><b>New Label driving supply and demand of energy efficient products \u2013 se provodi u okviru programa Obzor 2020.\u00a0<\/b><\/p><h3>\u00a0<\/h3><h3><span style=\"font-weight: 400;\">PROJECT GOAL<\/span><\/h3><p>\u00a0<\/p><p><span style=\"font-weight: 400;\">Cilj projekta je podr\u017eati tranziciju implementacije novih energetskih oznaka ure\u0111aja povezanih s energijom, prije svega ku\u0107anskih ure\u0111aja i izvora svijetlosti. Naime, postoje\u0107e oznake, razreda energetske u\u010dinkovitosti od A+++ do D, postale su nezgrapne i ne efikasne te je odlu\u010deno napraviti povratak na originalni A do G koncept. Ciljne skupine projekta su predstavnici tijela dr\u017eavne i lokalne uprave, nevladine organizacije, proizvo\u0111a\u010di i distributeri ku\u0107anski ure\u0111aja i izvora svijetlosti te kupci istih.<\/span><\/p><h3>\u00a0<\/h3><p><span style=\"font-weight: 400;\">TRAJANJE PROJEKTA:\u00a0 2019. \u2013 2022.<\/span><\/p><p>\u00a0<\/p><h3><span style=\"font-weight: 400;\">U SKLOPU PROJEKTA PROVODI SE:<\/span><\/h3><ul><li style=\"font-weight: 400;\" aria-level=\"1\"><span style=\"font-weight: 400;\">Razvoj metodologije i specijaliziranih alata sa ciljem \u0161to to\u010dnije usporedbe proizvoda sa novim i starim energetskim oznakama.<\/span><\/li><li style=\"font-weight: 400;\" aria-level=\"1\"><span style=\"font-weight: 400;\">Izrada digitalne platforme za razmjenu iskustava i usmjeravanje aktivnosti prema osiguranju \u0161to nesmetanije tranzicije prema novim energetskim oznakama.<\/span><\/li><li style=\"font-weight: 400;\" aria-level=\"1\"><span style=\"font-weight: 400;\">Izrada digitalnog sadr\u017eaja za edukaciju djelatnika distributera ure\u0111aja povezanih s energijom.<\/span><\/li><li style=\"font-weight: 400;\" aria-level=\"1\"><span style=\"font-weight: 400;\">Osigurati \u0161to ve\u0107u upoznatost kupaca s novim energetskim oznakama.<\/span><\/li><li style=\"font-weight: 400;\" aria-level=\"1\"><span style=\"font-weight: 400;\">Pru\u017eiti potporu distributerima ure\u0111aja povezanih s energijom u implementaciji i prezentaciji nove energetske oznake.<\/span><\/li><\/ul><p>\u00a0<\/p><p><span style=\"font-weight: 400;\">PROJEKT U HRVATSKOJ PROVODI:<\/span><\/p><p><span style=\"font-weight: 400;\">Energetski institut Hrvoje Po\u017ear \u2013 Andro Ba\u010dan, Marko Bi\u0161\u0107an (koordinator projekta za EIHP), Dr.sc. Vesna Bukarica i Ru\u017eica Budim.<\/span><\/p><p>\u00a0<\/p><p>\u00a0<\/p><p><b>EIHP voditelj projekta:<\/b><\/p><p><span style=\"font-weight: 400;\">Marko Bi\u0161\u0107an \u2013 mbiscan@eihp.hr; 01 6326164; 099 5326164<\/span><\/p><p>\u00a0<\/p><h3><span style=\"font-weight: 400;\">PROJECT PARTNERS:<\/span><\/h3><ul><li style=\"font-weight: 400;\" aria-level=\"1\"><span style=\"font-weight: 400;\">Glavni partner: OSTERREICHISCHE ENERGIEAGENTUR AUSTRIAN ENERGY AGENCY (AEA)<\/span><\/li><\/ul><p>\u00a0<\/p><ul><li style=\"font-weight: 400;\" aria-level=\"1\"><span style=\"font-weight: 400;\">AGENCIA PARA A ENERGIA (ADENE)<\/span><\/li><\/ul><p>\u00a0<\/p><ul><li style=\"font-weight: 400;\" aria-level=\"1\"><span style=\"font-weight: 400;\">THE ENERGY SAVING TRUST LIMITED (EST)<\/span><\/li><\/ul><p>\u00a0<\/p><ul><li style=\"font-weight: 400;\" aria-level=\"1\"><span style=\"font-weight: 400;\">AGENCE DE<\/span><\/li><\/ul><p>\u00a0<\/p><ul><li style=\"font-weight: 400;\" aria-level=\"1\"><span style=\"font-weight: 400;\"> L\u2019ENVIRONNEMENT ET DE LA MAITRISE DE L\u2019ENERGIE (ADEME)<\/span><\/li><\/ul><p>\u00a0<\/p><ul><li style=\"font-weight: 400;\" aria-level=\"1\"><span style=\"font-weight: 400;\">SEVEN, THE ENERGY EFFICIENCY CENTER Z.U. (SEVEN)<\/span><\/li><\/ul><p>\u00a0<\/p><ul><li style=\"font-weight: 400;\" aria-level=\"1\"><span style=\"font-weight: 400;\">CO2ONLINE GENUETZIGE BERATUNGSGESELLSCHAFT MBH (CO2ONLINE)<\/span><\/li><\/ul><p>\u00a0<\/p><ul><li style=\"font-weight: 400;\" aria-level=\"1\"><span style=\"font-weight: 400;\">HANDELSVERBAND DEUTSCHLAND \u2013 HDE -EV (HDE)<\/span><\/li><\/ul><p>\u00a0<\/p><ul><li style=\"font-weight: 400;\" aria-level=\"1\"><span style=\"font-weight: 400;\">ADELPHI RESEARCH GEMEINNUTZIGE GMBH (ADELPHI)<\/span><\/li><\/ul><p>\u00a0<\/p><ul><li style=\"font-weight: 400;\" aria-level=\"1\"><span style=\"font-weight: 400;\">SOCIETA COOPERATIVA SOCIALE ELIANTE ONLUS (ELIANTE)<\/span><\/li><\/ul><p>\u00a0<\/p><ul><li style=\"font-weight: 400;\" aria-level=\"1\"><span style=\"font-weight: 400;\">LEGAMBIENTE ASSOCIAZIONE ONLUS (LEGAMBIENTE)<\/span><\/li><\/ul><p>\u00a0<\/p><ul><li style=\"font-weight: 400;\" aria-level=\"1\"><span style=\"font-weight: 400;\">FUNDACION ECOLOGIA Y DESARROLLO (ECODES)<\/span><\/li><\/ul><p>\u00a0<\/p><ul><li style=\"font-weight: 400;\" aria-level=\"1\"><span style=\"font-weight: 400;\">KRAJOWA AGENCJA POSZANOWANIA ENERGII SPOLKA AKCYJNA (KAPE)<\/span><\/li><\/ul><p>\u00a0<\/p><ul><li style=\"font-weight: 400;\" aria-level=\"1\"><span style=\"font-weight: 400;\">EKODOMA (EKODOMA)<\/span><\/li><\/ul><p>\u00a0<\/p><ul><li style=\"font-weight: 400;\" aria-level=\"1\"><span style=\"font-weight: 400;\">CENTRE FOR RENEWABLE ENERGY SOURCES AND SAVING FONDATION (CRES)<\/span><\/li><\/ul><p>\u00a0<\/p><ul><li style=\"font-weight: 400;\" aria-level=\"1\"><span style=\"font-weight: 400;\">AUTORITATEA NATIONALA DE REGLEMENTARE IN DOMENIUL ENERGIEI (ANRE)<\/span><\/li><\/ul><p>\u00a0<\/p><ul><li style=\"font-weight: 400;\" aria-level=\"1\"><span style=\"font-weight: 400;\">ENERGETSKI INSTITUT HRVOJE POZAR (EIHP)<\/span><\/li><\/ul><p>\u00a0<\/p><ul><li style=\"font-weight: 400;\" aria-level=\"1\"><span style=\"font-weight: 400;\">STATENS ENERGIMYNDIGHET (SEA)<\/span><\/li><\/ul><p>\u00a0<\/p><ul><li style=\"font-weight: 400;\" aria-level=\"1\"><span style=\"font-weight: 400;\">BLACK SEA ENERGY RESEARCH (BSERC)<\/span><\/li><\/ul><p>\u00a0<\/p><ul><li style=\"font-weight: 400;\" aria-level=\"1\"><span style=\"font-weight: 400;\">ENERGISTYRELSEN (DEA)<\/span><\/li><\/ul><p>\u00a0<\/p><ul><li style=\"font-weight: 400;\" aria-level=\"1\"><span style=\"font-weight: 400;\">VORES BUREAU APS (VB)<\/span><\/li><\/ul>\t\t\t\t\t\t\t\t<\/div>\n\t\t\t\t<\/div>\n\t\t\t\t\t<\/div>\n\t\t<\/div>\n\t\t\t\t\t<\/div>\n\t\t<\/section>\n\t\t\t\t<section class=\"elementor-section elementor-top-section elementor-element elementor-element-128bb5ae elementor-section-full_width elementor-hidden-mobile elementor-section-height-default elementor-section-height-default\" data-id=\"128bb5ae\" data-element_type=\"section\">\n\t\t\t\t\t\t<div class=\"elementor-container elementor-column-gap-default\">\n\t\t\t\t\t<div class=\"elementor-column elementor-col-100 elementor-top-column elementor-element elementor-element-1865e1cb\" data-id=\"1865e1cb\" data-element_type=\"column\">\n\t\t\t<div class=\"elementor-widget-wrap elementor-element-populated\">\n\t\t\t\t\t\t<div class=\"elementor-element elementor-element-764e2339 elementor-absolute elementor-widget elementor-widget-image\" data-id=\"764e2339\" data-element_type=\"widget\" data-settings=\"{&quot;_position&quot;:&quot;absolute&quot;}\" data-widget_type=\"image.default\">\n\t\t\t\t<div class=\"elementor-widget-container\">\n\t\t\t\t\t\t\t\t\t\t\t\t\t\t\t<img decoding=\"async\" width=\"656\" height=\"656\" src=\"https:\/\/eihp.hr\/wp-content\/uploads\/2022\/03\/Abstract-square-final-EIHP.png\" class=\"attachment-large size-large wp-image-8388\" alt=\"\" srcset=\"https:\/\/eihp.hr\/wp-content\/uploads\/2022\/03\/Abstract-square-final-EIHP.png 656w, https:\/\/eihp.hr\/wp-content\/uploads\/2022\/03\/Abstract-square-final-EIHP-300x300.png 300w, https:\/\/eihp.hr\/wp-content\/uploads\/2022\/03\/Abstract-square-final-EIHP-150x150.png 150w\" sizes=\"(max-width: 656px) 100vw, 656px\" \/>\t\t\t\t\t\t\t\t\t\t\t\t\t\t\t<\/div>\n\t\t\t\t<\/div>\n\t\t\t\t\t<\/div>\n\t\t<\/div>\n\t\t\t\t\t<\/div>\n\t\t<\/section>\n\t\t\t\t<\/div>","protected":false},"excerpt":{"rendered":"<p>New Label driving supply and demand of energy efficient products \u2013 se provodi u okviru programa Obzor 2020.\u00a0 \u00a0 CILJ PROJEKTA \u00a0 Cilj projekta je podr\u017eati tranziciju implementacije novih energetskih oznaka ure\u0111aja povezanih s energijom, prije svega ku\u0107anskih ure\u0111aja i izvora svijetlosti. Naime, postoje\u0107e oznake, razreda energetske u\u010dinkovitosti od A+++ do D, postale su nezgrapne [&hellip;]<\/p>","protected":false},"author":1,"featured_media":0,"parent":9597,"menu_order":0,"comment_status":"closed","ping_status":"closed","template":"","meta":{"footnotes":""},"class_list":["post-10962","page","type-page","status-publish","hentry"],"_links":{"self":[{"href":"https:\/\/eihp.hr\/en\/wp-json\/wp\/v2\/pages\/10962","targetHints":{"allow":["GET"]}}],"collection":[{"href":"https:\/\/eihp.hr\/en\/wp-json\/wp\/v2\/pages"}],"about":[{"href":"https:\/\/eihp.hr\/en\/wp-json\/wp\/v2\/types\/page"}],"author":[{"embeddable":true,"href":"https:\/\/eihp.hr\/en\/wp-json\/wp\/v2\/users\/1"}],"replies":[{"embeddable":true,"href":"https:\/\/eihp.hr\/en\/wp-json\/wp\/v2\/comments?post=10962"}],"version-history":[{"count":16,"href":"https:\/\/eihp.hr\/en\/wp-json\/wp\/v2\/pages\/10962\/revisions"}],"predecessor-version":[{"id":11060,"href":"https:\/\/eihp.hr\/en\/wp-json\/wp\/v2\/pages\/10962\/revisions\/11060"}],"up":[{"embeddable":true,"href":"https:\/\/eihp.hr\/en\/wp-json\/wp\/v2\/pages\/9597"}],"wp:attachment":[{"href":"https:\/\/eihp.hr\/en\/wp-json\/wp\/v2\/media?parent=10962"}],"curies":[{"name":"wp","href":"https:\/\/api.w.org\/{rel}","templated":true}]}}