{"id":10982,"date":"2022-04-21T11:05:16","date_gmt":"2022-04-21T09:05:16","guid":{"rendered":"https:\/\/meldendev.eu\/eihp\/?page_id=10982"},"modified":"2022-04-30T20:27:41","modified_gmt":"2022-04-30T18:27:41","slug":"ensmov","status":"publish","type":"page","link":"https:\/\/eihp.hr\/en\/projekti\/ensmov\/","title":{"rendered":"ENSMOV"},"content":{"rendered":"<div data-elementor-type=\"wp-page\" data-elementor-id=\"10982\" class=\"elementor elementor-10982\" data-elementor-post-type=\"page\">\n\t\t\t\t\t\t<section class=\"elementor-section elementor-top-section elementor-element elementor-element-456da171 elementor-section-height-min-height elementor-section-boxed elementor-section-height-default elementor-section-items-middle\" data-id=\"456da171\" data-element_type=\"section\" data-settings=\"{&quot;background_background&quot;:&quot;classic&quot;}\">\n\t\t\t\t\t\t<div class=\"elementor-container elementor-column-gap-default\">\n\t\t\t\t\t<div class=\"elementor-column elementor-col-100 elementor-top-column elementor-element elementor-element-70c1bdf5\" data-id=\"70c1bdf5\" data-element_type=\"column\">\n\t\t\t<div class=\"elementor-widget-wrap\">\n\t\t\t\t\t\t\t<\/div>\n\t\t<\/div>\n\t\t\t\t\t<\/div>\n\t\t<\/section>\n\t\t\t\t<section class=\"elementor-section elementor-top-section elementor-element elementor-element-2569ac01 elementor-section-boxed elementor-section-height-default elementor-section-height-default\" data-id=\"2569ac01\" data-element_type=\"section\" data-settings=\"{&quot;background_background&quot;:&quot;classic&quot;}\">\n\t\t\t\t\t\t<div class=\"elementor-container elementor-column-gap-default\">\n\t\t\t\t\t<div class=\"elementor-column elementor-col-100 elementor-top-column elementor-element elementor-element-7c1eabcd\" data-id=\"7c1eabcd\" data-element_type=\"column\" data-settings=\"{&quot;background_background&quot;:&quot;classic&quot;}\">\n\t\t\t<div class=\"elementor-widget-wrap elementor-element-populated\">\n\t\t\t\t\t\t\t<\/div>\n\t\t<\/div>\n\t\t\t\t\t<\/div>\n\t\t<\/section>\n\t\t\t\t<section class=\"elementor-section elementor-top-section elementor-element elementor-element-57acd907 elementor-section-boxed elementor-section-height-default elementor-section-height-default\" data-id=\"57acd907\" data-element_type=\"section\">\n\t\t\t\t\t\t<div class=\"elementor-container elementor-column-gap-default\">\n\t\t\t\t\t<div class=\"elementor-column elementor-col-100 elementor-top-column elementor-element elementor-element-47e3a396\" data-id=\"47e3a396\" data-element_type=\"column\">\n\t\t\t<div class=\"elementor-widget-wrap elementor-element-populated\">\n\t\t\t\t\t\t<div class=\"elementor-element elementor-element-88ff8ea elementor-widget elementor-widget-image\" data-id=\"88ff8ea\" data-element_type=\"widget\" data-widget_type=\"image.default\">\n\t\t\t\t<div class=\"elementor-widget-container\">\n\t\t\t\t\t\t\t\t\t\t\t\t\t\t\t<img decoding=\"async\" width=\"290\" height=\"125\" src=\"https:\/\/eihp.hr\/wp-content\/uploads\/2022\/04\/8.-Ensmov_LOGO_n-1-scaled2.jpg\" class=\"attachment-full size-full wp-image-10911\" alt=\"\" srcset=\"https:\/\/eihp.hr\/wp-content\/uploads\/2022\/04\/8.-Ensmov_LOGO_n-1-scaled2.jpg 290w, https:\/\/eihp.hr\/wp-content\/uploads\/2022\/04\/8.-Ensmov_LOGO_n-1-scaled2-18x8.jpg 18w\" sizes=\"(max-width: 290px) 100vw, 290px\" \/>\t\t\t\t\t\t\t\t\t\t\t\t\t\t\t<\/div>\n\t\t\t\t<\/div>\n\t\t\t\t<div class=\"elementor-element elementor-element-7aa70e0b elementor-widget elementor-widget-text-editor\" data-id=\"7aa70e0b\" data-element_type=\"widget\" data-widget_type=\"text-editor.default\">\n\t\t\t\t<div class=\"elementor-widget-container\">\n\t\t\t\t\t\t\t\t\t<p><span style=\"font-weight: 400;\">ENSMOV (Pobolj\u0161anje provedbe, pra\u0107enja i verifikacije politika u\u0161teda energije po \u010dlanku 7. Direktive o energetskoj u\u010dinkovitosti; Enhancing the Implementation and Monitoring and Verification practices of Energy Saving Policies under Article 7 of the EED) je trogodi\u0161nji projekt financiran programom Europske unije Obzor 2020., koji je slu\u017ebeno po\u010deo u lipnju 2019. godine. ENSMOV \u0107e tokom trajanja projekta podr\u017eati javne institucije i klju\u010dne dionike za pra\u0107enje i verifikaciju energetskih u\u0161teda razvojem resursa i alata za provedbu \u010dlanka 7. Direktive o energetskoj u\u010dinkovitosti, uz naro\u010diti osvrt na posebne potrebe pojedinih dr\u017eava \u010dlanica EU.<\/span><\/p><p><span style=\"font-weight: 400;\">\u00a0<\/span><\/p><p><span style=\"font-weight: 400;\">Vi\u0161e o aktivnostima projekta na: <\/span><a href=\"https:\/\/ensmov.eu\/\" target=\"_blank\" rel=\"noopener\"><span style=\"font-weight: 400;\">https:\/\/ensmov.eu\/<\/span><\/a><span style=\"font-weight: 400;\">\u00a0<\/span><\/p><p>\u00a0<\/p><h3><span style=\"font-weight: 400;\">PROJECT GOAL<\/span><\/h3><p><span style=\"font-weight: 400;\">\u00a0<\/span><\/p><ul><li style=\"font-weight: 400;\" aria-level=\"1\"><span style=\"font-weight: 400;\">Omogu\u0107iti i pro\u0161iriti razmjene znanja i iskustava me\u0111u dr\u017eavama \u010dlanicama EU oko provedbe politika iz \u010dlanka 7. Direktive o energetskoj u\u010dinkovitosti;<\/span><\/li><\/ul><ul><li style=\"font-weight: 400;\" aria-level=\"1\"><span style=\"font-weight: 400;\">Razviti set primjenjivih resursa i alata za provedbu \u010dlanka 7. uzimaju\u0107i u obzir specifi\u010dne potrebe pojedinih dr\u017eava \u010dlanica;<\/span><\/li><\/ul><ul><li style=\"font-weight: 400;\" aria-level=\"1\"><span style=\"font-weight: 400;\">Asistirati dr\u017eavnim tijelima kod provedbe monitoringa, izvje\u0161tavanja i verifikacije u\u0161teda energije, pogotovo oko pouzdanosti podataka i sna\u017ene informiranosti za potencijalno preoblikovanje politika u pogledu na 2030. godinu<\/span><\/li><\/ul><p>\u00a0<\/p><p><b>ENSMOV ima i sljede\u0107e strate\u0161ke ciljeve \u010diji \u0107e se utjecati osjetiti nakon zavr\u0161etka projekta:<\/b><\/p><p><span style=\"font-weight: 400;\">\u00a0<\/span><\/p><ul><li style=\"font-weight: 400;\" aria-level=\"1\"><span style=\"font-weight: 400;\">Osigurati da politike energetske u\u010dinkovitosti ne stanu na obe\u0107anju, ve\u0107 da dugoro\u010dno realiziraju i ostvare doprinos energetskim, okoli\u0161nim, ekonomskim i sigurnosnim ciljevima Europske unije i dr\u017eava \u010dlanica unutar Energetske unije;<\/span><\/li><\/ul><ul><li style=\"font-weight: 400;\" aria-level=\"1\"><span style=\"font-weight: 400;\">Odr\u017eati aktivnu platformu i zajednicu za razmjenu znanja najboljih slu\u010dajeva iz prakse kod razvoja politika i provedbe \u010dlanka 7., oja\u010dati suradnju i pobolj\u0161ati dijalog izme\u0111u dr\u017eavnih tijela i dionika unutar EU nakon zavr\u0161etka projekta.<\/span><\/li><\/ul><p><span style=\"font-weight: 400;\">\u00a0<\/span><\/p><p><span style=\"font-weight: 400;\">\u00a0<\/span><\/p><p><span style=\"font-weight: 400;\">TRAJANJE PROJEKTA: lipanj 2019. \u2013 lipanj 2022.<\/span><\/p><p><span style=\"font-weight: 400;\">\u00a0<\/span><\/p><p><span style=\"font-weight: 400;\">PROJEKT U HRVATSKOJ PROVODI: Energetski institut Hrvoje Po\u017ear<\/span><\/p><p><span style=\"font-weight: 400;\">\u00a0<\/span><\/p><p><span style=\"font-weight: 400;\">\u00a0<\/span><\/p><p><span style=\"font-weight: 400;\">\u00a0<\/span><\/p><h3><span style=\"font-weight: 400;\">PROJEKTNI KONZORCIJ:\u00a0<\/span><\/h3><p><span style=\"font-weight: 400;\">\u00a0<\/span><\/p><ul><li style=\"font-weight: 400;\" aria-level=\"1\"><span style=\"font-weight: 400;\">Institute for European Energy and Climate Policy (IEECP) \u2013 koordinator<\/span><\/li><\/ul><p><span style=\"font-weight: 400;\">\u00a0<\/span><\/p><ul><li style=\"font-weight: 400;\" aria-level=\"1\"><span style=\"font-weight: 400;\">The Regulatory Assistance Project (RAP)<\/span><\/li><\/ul><p><span style=\"font-weight: 400;\">\u00a0<\/span><\/p><ul><li style=\"font-weight: 400;\" aria-level=\"1\"><span style=\"font-weight: 400;\">Italian Federation for the Rational Use of Energy (FIRE)<\/span><\/li><\/ul><p><span style=\"font-weight: 400;\">\u00a0<\/span><\/p><ul><li style=\"font-weight: 400;\" aria-level=\"1\"><span style=\"font-weight: 400;\">Association Technique Energie Environnement (ATEE)<\/span><\/li><\/ul><p><span style=\"font-weight: 400;\">\u00a0<\/span><\/p><ul><li style=\"font-weight: 400;\" aria-level=\"1\"><span style=\"font-weight: 400;\">Centre for Renewable Energy Sources and Savings (CRES)<\/span><\/li><\/ul><p><span style=\"font-weight: 400;\">\u00a0<\/span><\/p><ul><li style=\"font-weight: 400;\" aria-level=\"1\"><span style=\"font-weight: 400;\">Austrian Energy Agency (AEA)<\/span><\/li><\/ul><p><span style=\"font-weight: 400;\">\u00a0<\/span><\/p><ul><li style=\"font-weight: 400;\" aria-level=\"1\"><span style=\"font-weight: 400;\">Wuppertal Institute (WI)<\/span><\/li><\/ul><p><span style=\"font-weight: 400;\">\u00a0<\/span><\/p><ul><li style=\"font-weight: 400;\" aria-level=\"1\"><span style=\"font-weight: 400;\">Krajowa Agencja Poszanowania Energii S.A (KAPE)<\/span><\/li><\/ul><ul><li style=\"font-weight: 400;\" aria-level=\"1\"><span style=\"font-weight: 400;\">The Energy Savings Trust (EST)<\/span><\/li><\/ul><p><span style=\"font-weight: 400;\">\u00a0<\/span><\/p><ul><li style=\"font-weight: 400;\" aria-level=\"1\"><span style=\"font-weight: 400;\">Sustainable Energy Development Agency (SEDA)<\/span><\/li><\/ul><p><span style=\"font-weight: 400;\">\u00a0<\/span><\/p><ul><li style=\"font-weight: 400;\" aria-level=\"1\"><span style=\"font-weight: 400;\">Hungarian Energy and Public Utility Regulatory Authority (MEKH)<\/span><\/li><\/ul><p><span style=\"font-weight: 400;\">\u00a0<\/span><\/p><ul><li style=\"font-weight: 400;\" aria-level=\"1\"><span style=\"font-weight: 400;\">The University of Piraeus Research Centre (UPRC)<\/span><\/li><\/ul><p><span style=\"font-weight: 400;\">\u00a0<\/span><\/p><ul><li style=\"font-weight: 400;\" aria-level=\"1\"><span style=\"font-weight: 400;\">Energy Agency of Lithuania (ENA)<\/span><\/li><\/ul><p>\u00a0<\/p><p><b>EIHP voditeljica projekta<\/b><span style=\"font-weight: 400;\">: <\/span><span style=\"font-weight: 400;\">dr. sc. Vesna Bukarica, vbukarica@eihp.hr,\u00a0 +385 1 6326 134<\/span><\/p><p><span style=\"font-weight: 400;\">\u00a0<\/span><\/p><p><span style=\"font-weight: 400;\">Lovorko Mari\u0107, lmaric@eihp.hr,\u00a0 +385 1 6326 122<\/span><\/p><p>\u00a0<\/p><p><span style=\"font-weight: 400;\">This project has received funding from the European Union\u2019s Horizon 2020 research and innovation programme under grant agreement No.840034<\/span><\/p>\t\t\t\t\t\t\t\t<\/div>\n\t\t\t\t<\/div>\n\t\t\t\t\t<\/div>\n\t\t<\/div>\n\t\t\t\t\t<\/div>\n\t\t<\/section>\n\t\t\t\t<section class=\"elementor-section elementor-top-section elementor-element elementor-element-128bb5ae elementor-section-full_width elementor-hidden-mobile elementor-section-height-default elementor-section-height-default\" data-id=\"128bb5ae\" data-element_type=\"section\">\n\t\t\t\t\t\t<div class=\"elementor-container elementor-column-gap-default\">\n\t\t\t\t\t<div class=\"elementor-column elementor-col-100 elementor-top-column elementor-element elementor-element-1865e1cb\" data-id=\"1865e1cb\" data-element_type=\"column\">\n\t\t\t<div class=\"elementor-widget-wrap elementor-element-populated\">\n\t\t\t\t\t\t<div class=\"elementor-element elementor-element-764e2339 elementor-absolute elementor-widget elementor-widget-image\" data-id=\"764e2339\" data-element_type=\"widget\" data-settings=\"{&quot;_position&quot;:&quot;absolute&quot;}\" data-widget_type=\"image.default\">\n\t\t\t\t<div class=\"elementor-widget-container\">\n\t\t\t\t\t\t\t\t\t\t\t\t\t\t\t<img fetchpriority=\"high\" decoding=\"async\" width=\"656\" height=\"656\" src=\"https:\/\/eihp.hr\/wp-content\/uploads\/2022\/03\/Abstract-square-final-EIHP.png\" class=\"attachment-large size-large wp-image-8388\" alt=\"\" srcset=\"https:\/\/eihp.hr\/wp-content\/uploads\/2022\/03\/Abstract-square-final-EIHP.png 656w, https:\/\/eihp.hr\/wp-content\/uploads\/2022\/03\/Abstract-square-final-EIHP-300x300.png 300w, https:\/\/eihp.hr\/wp-content\/uploads\/2022\/03\/Abstract-square-final-EIHP-150x150.png 150w\" sizes=\"(max-width: 656px) 100vw, 656px\" \/>\t\t\t\t\t\t\t\t\t\t\t\t\t\t\t<\/div>\n\t\t\t\t<\/div>\n\t\t\t\t\t<\/div>\n\t\t<\/div>\n\t\t\t\t\t<\/div>\n\t\t<\/section>\n\t\t\t\t<\/div>","protected":false},"excerpt":{"rendered":"<p>ENSMOV (Pobolj\u0161anje provedbe, pra\u0107enja i verifikacije politika u\u0161teda energije po \u010dlanku 7. Direktive o energetskoj u\u010dinkovitosti; Enhancing the Implementation and Monitoring and Verification practices of Energy Saving Policies under Article 7 of the EED) je trogodi\u0161nji projekt financiran programom Europske unije Obzor 2020., koji je slu\u017ebeno po\u010deo u lipnju 2019. godine. ENSMOV \u0107e tokom trajanja [&hellip;]<\/p>","protected":false},"author":1,"featured_media":0,"parent":9597,"menu_order":0,"comment_status":"closed","ping_status":"closed","template":"","meta":{"footnotes":""},"class_list":["post-10982","page","type-page","status-publish","hentry"],"_links":{"self":[{"href":"https:\/\/eihp.hr\/en\/wp-json\/wp\/v2\/pages\/10982","targetHints":{"allow":["GET"]}}],"collection":[{"href":"https:\/\/eihp.hr\/en\/wp-json\/wp\/v2\/pages"}],"about":[{"href":"https:\/\/eihp.hr\/en\/wp-json\/wp\/v2\/types\/page"}],"author":[{"embeddable":true,"href":"https:\/\/eihp.hr\/en\/wp-json\/wp\/v2\/users\/1"}],"replies":[{"embeddable":true,"href":"https:\/\/eihp.hr\/en\/wp-json\/wp\/v2\/comments?post=10982"}],"version-history":[{"count":14,"href":"https:\/\/eihp.hr\/en\/wp-json\/wp\/v2\/pages\/10982\/revisions"}],"predecessor-version":[{"id":11558,"href":"https:\/\/eihp.hr\/en\/wp-json\/wp\/v2\/pages\/10982\/revisions\/11558"}],"up":[{"embeddable":true,"href":"https:\/\/eihp.hr\/en\/wp-json\/wp\/v2\/pages\/9597"}],"wp:attachment":[{"href":"https:\/\/eihp.hr\/en\/wp-json\/wp\/v2\/media?parent=10982"}],"curies":[{"name":"wp","href":"https:\/\/api.w.org\/{rel}","templated":true}]}}