{"id":10992,"date":"2022-04-21T11:07:20","date_gmt":"2022-04-21T09:07:20","guid":{"rendered":"https:\/\/meldendev.eu\/eihp\/?page_id=10992"},"modified":"2022-07-08T13:42:31","modified_gmt":"2022-07-08T11:42:31","slug":"e-mobicity","status":"publish","type":"page","link":"https:\/\/eihp.hr\/en\/projekti\/e-mobicity\/","title":{"rendered":"E-MOBICITY"},"content":{"rendered":"<div data-elementor-type=\"wp-page\" data-elementor-id=\"10992\" class=\"elementor elementor-10992\" data-elementor-post-type=\"page\">\n\t\t\t\t\t\t<section class=\"elementor-section elementor-top-section elementor-element elementor-element-456da171 elementor-section-height-min-height elementor-section-boxed elementor-section-height-default elementor-section-items-middle\" data-id=\"456da171\" data-element_type=\"section\" data-settings=\"{&quot;background_background&quot;:&quot;classic&quot;}\">\n\t\t\t\t\t\t<div class=\"elementor-container elementor-column-gap-default\">\n\t\t\t\t\t<div class=\"elementor-column elementor-col-100 elementor-top-column elementor-element elementor-element-70c1bdf5\" data-id=\"70c1bdf5\" data-element_type=\"column\">\n\t\t\t<div class=\"elementor-widget-wrap\">\n\t\t\t\t\t\t\t<\/div>\n\t\t<\/div>\n\t\t\t\t\t<\/div>\n\t\t<\/section>\n\t\t\t\t<section class=\"elementor-section elementor-top-section elementor-element elementor-element-2569ac01 elementor-section-boxed elementor-section-height-default elementor-section-height-default\" data-id=\"2569ac01\" data-element_type=\"section\" data-settings=\"{&quot;background_background&quot;:&quot;classic&quot;}\">\n\t\t\t\t\t\t<div class=\"elementor-container elementor-column-gap-default\">\n\t\t\t\t\t<div class=\"elementor-column elementor-col-100 elementor-top-column elementor-element elementor-element-7c1eabcd\" data-id=\"7c1eabcd\" data-element_type=\"column\" data-settings=\"{&quot;background_background&quot;:&quot;classic&quot;}\">\n\t\t\t<div class=\"elementor-widget-wrap elementor-element-populated\">\n\t\t\t\t\t\t\t<\/div>\n\t\t<\/div>\n\t\t\t\t\t<\/div>\n\t\t<\/section>\n\t\t\t\t<section class=\"elementor-section elementor-top-section elementor-element elementor-element-57acd907 elementor-section-boxed elementor-section-height-default elementor-section-height-default\" data-id=\"57acd907\" data-element_type=\"section\">\n\t\t\t\t\t\t<div class=\"elementor-container elementor-column-gap-default\">\n\t\t\t\t\t<div class=\"elementor-column elementor-col-100 elementor-top-column elementor-element elementor-element-47e3a396\" data-id=\"47e3a396\" data-element_type=\"column\">\n\t\t\t<div class=\"elementor-widget-wrap elementor-element-populated\">\n\t\t\t\t\t\t<div class=\"elementor-element elementor-element-88ff8ea elementor-widget elementor-widget-image\" data-id=\"88ff8ea\" data-element_type=\"widget\" data-widget_type=\"image.default\">\n\t\t\t\t<div class=\"elementor-widget-container\">\n\t\t\t\t\t\t\t\t\t\t\t\t\t\t\t<img decoding=\"async\" width=\"290\" height=\"125\" src=\"https:\/\/eihp.hr\/wp-content\/uploads\/2022\/04\/10.-EMOBICITY2.jpg\" class=\"attachment-full size-full wp-image-10913\" alt=\"\" srcset=\"https:\/\/eihp.hr\/wp-content\/uploads\/2022\/04\/10.-EMOBICITY2.jpg 290w, https:\/\/eihp.hr\/wp-content\/uploads\/2022\/04\/10.-EMOBICITY2-18x8.jpg 18w\" sizes=\"(max-width: 290px) 100vw, 290px\" \/>\t\t\t\t\t\t\t\t\t\t\t\t\t\t\t<\/div>\n\t\t\t\t<\/div>\n\t\t\t\t<div class=\"elementor-element elementor-element-7aa70e0b elementor-widget elementor-widget-text-editor\" data-id=\"7aa70e0b\" data-element_type=\"widget\" data-widget_type=\"text-editor.default\">\n\t\t\t\t<div class=\"elementor-widget-container\">\n\t\t\t\t\t\t\t\t\t<h3><span style=\"font-weight: 400;\">Increase of energy efficiency by Electric MOBIlity in the CITY<\/span><\/h3><p><a href=\"http:\/\/www.interregeurope.eu\/emobicity\" target=\"_blank\" rel=\"noopener\"><span style=\"font-weight: 400;\">www.interregeurope.eu\/emobicity<\/span><\/a><\/p><h3><span style=\"font-weight: 400;\">PROJECT GOAL<\/span><\/h3><p><span style=\"font-weight: 400;\">Projekt \u201cIncrease of energy efficiency by Electric MOBIlity in the CITY\u201d (E-MOBICITY) nastoji unaprijediti nisko-uglji\u010dne politike, kako bi se olak\u0161alo poduzimanje inovativnih mjera odr\u017eive elektri\u010dne mobilnosti. Pru\u017eanjem potrebnog stru\u010dnog znanja i demonstracijom prednosti e-mobilnosti, stvorit \u0107e se zna\u010dajna mo\u0107 i osigurati predanost odr\u017eivoj mobilnosti s niskim udjelom ugljika. Projekt \u0107e pokazati kako gradovi mogu smanjiti svoje emisije uglji\u010dnog dioksida promicanjem i olak\u0161avanjem kori\u0161tenja inovativnih elektri\u010dnih vozila. U okviru programa Interreg Europe, cilj projekta bit \u0107e usmjeren na ja\u010danje instrumenata politike me\u0111u relevantnim organizacijama koje \u0107e sudjelovati u projektnom konzorciju, s ciljem pobolj\u0161anja u\u010dinkovitosti nacionalnih \/ regionalnih \/ lokalnih instrumenata razvojne politike.<\/span><\/p><p><span style=\"font-weight: 400;\">TRAJANJE PROJEKTA:\u00a0 48 mjeseci<\/span><\/p><p><span style=\"font-weight: 400;\">PROJEKT U HRVATSKOJ PROVODI: Energetski institut Hrvoje Po\u017ear<\/span><\/p><h3><span style=\"font-weight: 400;\">Projektne aktivnosti i ciljevi usmjereni su na:<\/span><\/h3><ul><li style=\"font-weight: 400;\" aria-level=\"1\"><span style=\"font-weight: 400;\">Zakonodavne izmjene koje \u0107e omogu\u0107iti savladavanje postoje\u0107ih prepreka za integraciju e\u2011mobilnosti<\/span><\/li><\/ul><ul><li style=\"font-weight: 400;\" aria-level=\"1\"><span style=\"font-weight: 400;\">Pobolj\u0161anje modela naplate\/oporezivanja elektri\u010dne energije za punjenje elektri\u010dnih vozila<\/span><\/li><\/ul><ul><li style=\"font-weight: 400;\" aria-level=\"1\"><span style=\"font-weight: 400;\">Specijalizirane regionalne politike za razvoj e-mobilnosti<\/span><\/li><\/ul><ul><li style=\"font-weight: 400;\" aria-level=\"1\"><span style=\"font-weight: 400;\">Promicanje e-mobilnosti u podru\u010djima s niskom integracijom<\/span><\/li><\/ul><ul><li style=\"font-weight: 400;\" aria-level=\"1\"><span style=\"font-weight: 400;\">Definicija instrumenata politike za poticanje e-mobilnosti u privatnom sektoru<\/span><\/li><\/ul><ul><li style=\"font-weight: 400;\" aria-level=\"1\"><span style=\"font-weight: 400;\">Unutarnja gradska logistika i autonomna vo\u017enja<\/span><\/li><\/ul><ul><li style=\"font-weight: 400;\" aria-level=\"1\"><span style=\"font-weight: 400;\">Uklju\u010divanje OIE u energetski miks za punjenje elektri\u010dnih vozila<\/span><\/li><\/ul><ul><li style=\"font-weight: 400;\" aria-level=\"1\"><span style=\"font-weight: 400;\">Press clipping \u2013 Meridijani \u2013 \u201cZAOKRET U CESTOVNOM PROMETU \u2013 Na baterije, molim!\u201d<\/span><\/li><\/ul><p><b>\u00a0<\/b><\/p><p><strong>EIHP voditelj projekta:<\/strong><\/p><p><span style=\"font-weight: 400;\">dr. sc. Bruno \u017didov \u2013 bzidov@eihp.hr, 01 6326 104<\/span><\/p><p><span style=\"font-weight: 400;\">\u010clan tima:<br \/><\/span><\/p><p><span style=\"font-weight: 400;\">Tomislav \u010cop \u2013 tcop@eihp.hr, 01 6326 135<\/span><\/p><p><span style=\"font-weight: 400;\">\u00a0<\/span><\/p><h3><span style=\"font-weight: 400;\">PROJECT PARTNERS:<\/span><\/h3><p>Lead partner:<\/p><ul><li style=\"font-weight: 400;\" aria-level=\"1\"><span style=\"font-weight: 400;\">CENTRE FOR RENEWABLE ENERGY SOURCES AND SAVING (CRES) (Gr\u010dka)<\/span><\/li><\/ul><p>Other partners:<\/p><ul><li style=\"font-weight: 400;\" aria-level=\"1\"><span style=\"font-weight: 400;\">Energy Institute Hrvoje Po\u017ear<\/span><\/li><\/ul><ul><li style=\"font-weight: 400;\" aria-level=\"1\"><span style=\"font-weight: 400;\">Mobility industry Northern Hesse Network e.V. (Njema\u010dka)<\/span><\/li><\/ul><ul><li style=\"font-weight: 400;\" aria-level=\"1\"><span style=\"font-weight: 400;\">Azorean Government \u2013 Regional Directorate for Energy (Portugal)<\/span><\/li><\/ul><ul><li style=\"font-weight: 400;\" aria-level=\"1\"><span style=\"font-weight: 400;\">ADENE \u2013 Portuguese Energy Agency (Portugal)<\/span><\/li><\/ul><ul><li style=\"font-weight: 400;\" aria-level=\"1\"><span style=\"font-weight: 400;\">Alba Local Energy Agency \u2013 ALEA (Rumunjska)<\/span><\/li><\/ul>\t\t\t\t\t\t\t\t<\/div>\n\t\t\t\t<\/div>\n\t\t\t\t\t<\/div>\n\t\t<\/div>\n\t\t\t\t\t<\/div>\n\t\t<\/section>\n\t\t\t\t<section class=\"elementor-section elementor-top-section elementor-element elementor-element-128bb5ae elementor-section-full_width elementor-hidden-mobile elementor-section-height-default elementor-section-height-default\" data-id=\"128bb5ae\" data-element_type=\"section\">\n\t\t\t\t\t\t<div class=\"elementor-container elementor-column-gap-default\">\n\t\t\t\t\t<div class=\"elementor-column elementor-col-100 elementor-top-column elementor-element elementor-element-1865e1cb\" data-id=\"1865e1cb\" data-element_type=\"column\">\n\t\t\t<div class=\"elementor-widget-wrap elementor-element-populated\">\n\t\t\t\t\t\t<div class=\"elementor-element elementor-element-764e2339 elementor-absolute elementor-widget elementor-widget-image\" data-id=\"764e2339\" data-element_type=\"widget\" data-settings=\"{&quot;_position&quot;:&quot;absolute&quot;}\" data-widget_type=\"image.default\">\n\t\t\t\t<div class=\"elementor-widget-container\">\n\t\t\t\t\t\t\t\t\t\t\t\t\t\t\t<img fetchpriority=\"high\" decoding=\"async\" width=\"656\" height=\"656\" src=\"https:\/\/eihp.hr\/wp-content\/uploads\/2022\/03\/Abstract-square-final-EIHP.png\" class=\"attachment-large size-large wp-image-8388\" alt=\"\" srcset=\"https:\/\/eihp.hr\/wp-content\/uploads\/2022\/03\/Abstract-square-final-EIHP.png 656w, https:\/\/eihp.hr\/wp-content\/uploads\/2022\/03\/Abstract-square-final-EIHP-300x300.png 300w, https:\/\/eihp.hr\/wp-content\/uploads\/2022\/03\/Abstract-square-final-EIHP-150x150.png 150w\" sizes=\"(max-width: 656px) 100vw, 656px\" \/>\t\t\t\t\t\t\t\t\t\t\t\t\t\t\t<\/div>\n\t\t\t\t<\/div>\n\t\t\t\t\t<\/div>\n\t\t<\/div>\n\t\t\t\t\t<\/div>\n\t\t<\/section>\n\t\t\t\t<\/div>","protected":false},"excerpt":{"rendered":"<p>Increase of energy efficiency by Electric MOBIlity in the CITY www.interregeurope.eu\/emobicity CILJ PROJEKTA Projekt \u201cIncrease of energy efficiency by Electric MOBIlity in the CITY\u201d (E-MOBICITY) nastoji unaprijediti nisko-uglji\u010dne politike, kako bi se olak\u0161alo poduzimanje inovativnih mjera odr\u017eive elektri\u010dne mobilnosti. Pru\u017eanjem potrebnog stru\u010dnog znanja i demonstracijom prednosti e-mobilnosti, stvorit \u0107e se zna\u010dajna mo\u0107 i osigurati predanost [&hellip;]<\/p>","protected":false},"author":1,"featured_media":0,"parent":9597,"menu_order":0,"comment_status":"closed","ping_status":"closed","template":"","meta":{"footnotes":""},"class_list":["post-10992","page","type-page","status-publish","hentry"],"_links":{"self":[{"href":"https:\/\/eihp.hr\/en\/wp-json\/wp\/v2\/pages\/10992","targetHints":{"allow":["GET"]}}],"collection":[{"href":"https:\/\/eihp.hr\/en\/wp-json\/wp\/v2\/pages"}],"about":[{"href":"https:\/\/eihp.hr\/en\/wp-json\/wp\/v2\/types\/page"}],"author":[{"embeddable":true,"href":"https:\/\/eihp.hr\/en\/wp-json\/wp\/v2\/users\/1"}],"replies":[{"embeddable":true,"href":"https:\/\/eihp.hr\/en\/wp-json\/wp\/v2\/comments?post=10992"}],"version-history":[{"count":22,"href":"https:\/\/eihp.hr\/en\/wp-json\/wp\/v2\/pages\/10992\/revisions"}],"predecessor-version":[{"id":12099,"href":"https:\/\/eihp.hr\/en\/wp-json\/wp\/v2\/pages\/10992\/revisions\/12099"}],"up":[{"embeddable":true,"href":"https:\/\/eihp.hr\/en\/wp-json\/wp\/v2\/pages\/9597"}],"wp:attachment":[{"href":"https:\/\/eihp.hr\/en\/wp-json\/wp\/v2\/media?parent=10992"}],"curies":[{"name":"wp","href":"https:\/\/api.w.org\/{rel}","templated":true}]}}