{"id":11001,"date":"2022-04-21T11:14:27","date_gmt":"2022-04-21T09:14:27","guid":{"rendered":"https:\/\/meldendev.eu\/eihp\/?page_id=11001"},"modified":"2022-06-15T10:10:19","modified_gmt":"2022-06-15T08:10:19","slug":"razvoj-integriranog-rjesenja-za-stratesko-dugorocno-planiranje-klimatske-i-energetske-politike-i-izradu-zajednickih-klimatskih-i-energetskih-planova-kk-01-1-1-07-0038","status":"publish","type":"page","link":"https:\/\/eihp.hr\/en\/projekti\/razvoj-integriranog-rjesenja-za-stratesko-dugorocno-planiranje-klimatske-i-energetske-politike-i-izradu-zajednickih-klimatskih-i-energetskih-planova-kk-01-1-1-07-0038\/","title":{"rendered":"DEVELOPMENT OF AN INTEGRATED SOLUTION FOR STRATEGIC LONG-TERM PLANNING OF CLIMATE AND ENERGY POLICY AND DEVELOPMENT OF JOINT CLIMATE AND ENERGY PLANS - KK.01.1.1.07.0038"},"content":{"rendered":"<div data-elementor-type=\"wp-page\" data-elementor-id=\"11001\" class=\"elementor elementor-11001\" data-elementor-post-type=\"page\">\n\t\t\t\t\t\t<section class=\"elementor-section elementor-top-section elementor-element elementor-element-456da171 elementor-section-height-min-height elementor-section-boxed elementor-section-height-default elementor-section-items-middle\" data-id=\"456da171\" data-element_type=\"section\" data-settings=\"{&quot;background_background&quot;:&quot;classic&quot;}\">\n\t\t\t\t\t\t<div class=\"elementor-container elementor-column-gap-default\">\n\t\t\t\t\t<div class=\"elementor-column elementor-col-100 elementor-top-column elementor-element elementor-element-70c1bdf5\" data-id=\"70c1bdf5\" data-element_type=\"column\">\n\t\t\t<div class=\"elementor-widget-wrap\">\n\t\t\t\t\t\t\t<\/div>\n\t\t<\/div>\n\t\t\t\t\t<\/div>\n\t\t<\/section>\n\t\t\t\t<section class=\"elementor-section elementor-top-section elementor-element elementor-element-2569ac01 elementor-section-boxed elementor-section-height-default elementor-section-height-default\" data-id=\"2569ac01\" data-element_type=\"section\" data-settings=\"{&quot;background_background&quot;:&quot;classic&quot;}\">\n\t\t\t\t\t\t<div class=\"elementor-container elementor-column-gap-default\">\n\t\t\t\t\t<div class=\"elementor-column elementor-col-100 elementor-top-column elementor-element elementor-element-7c1eabcd\" data-id=\"7c1eabcd\" data-element_type=\"column\" data-settings=\"{&quot;background_background&quot;:&quot;classic&quot;}\">\n\t\t\t<div class=\"elementor-widget-wrap elementor-element-populated\">\n\t\t\t\t\t\t\t<\/div>\n\t\t<\/div>\n\t\t\t\t\t<\/div>\n\t\t<\/section>\n\t\t\t\t<section class=\"elementor-section elementor-top-section elementor-element elementor-element-57acd907 elementor-section-boxed elementor-section-height-default elementor-section-height-default\" data-id=\"57acd907\" data-element_type=\"section\">\n\t\t\t\t\t\t<div class=\"elementor-container elementor-column-gap-default\">\n\t\t\t\t\t<div class=\"elementor-column elementor-col-100 elementor-top-column elementor-element elementor-element-47e3a396\" data-id=\"47e3a396\" data-element_type=\"column\">\n\t\t\t<div class=\"elementor-widget-wrap elementor-element-populated\">\n\t\t\t\t\t\t<div class=\"elementor-element elementor-element-7aa70e0b elementor-widget elementor-widget-text-editor\" data-id=\"7aa70e0b\" data-element_type=\"widget\" data-widget_type=\"text-editor.default\">\n\t\t\t\t<div class=\"elementor-widget-container\">\n\t\t\t\t\t\t\t\t\t<h3><span style=\"font-weight: 400;\">Short project description<\/span><\/h3><p>\u00a0<\/p><p><span style=\"font-weight: 400;\">Trendovi u energetskoj politici ukazuju na neophodne promjene u sustavu planiranja i izrade strate\u0161kih dokumenata i dugoro\u010dnih energetskih i klimatskih planova, stoga se ovim projektom planira istra\u017eivanje i razvoj novog integriranog rje\u0161enja\/ekspertnog sustava za cjelovitu izradu strate\u0161kih dugoro\u010dnih energetskih i klimatskih planova.<\/span><\/p><p>\u00a0<\/p><p><span style=\"font-weight: 400;\">Projektom \u0107e se, kroz suradnju znanstvenog instituta i IT tvrtke, razviti integrirano rje\u0161enje sa\u010dinjeno od modula za optimiranje proizvodnje i potro\u0161nje energije (i pra\u0107enje po lokaciji u vidu energetskog atlasa), modula za planiranje energetskog sustava te pra\u0107enja njegove sigurnosti i ranjivosti, kao i modela za simulacije promjena u proizvodnji i potro\u0161nji energije (kori\u0161tenjem novih tehnologija, IoT\u2026)<\/span><\/p><p>\u00a0<\/p><p><span style=\"font-weight: 400;\">\u00a0<\/span><\/p><p>\u00a0<\/p><h3><span style=\"font-weight: 400;\">Ciljevi i o\u010dekivani rezultati projekta<\/span><\/h3><p>\u00a0<\/p><p><span style=\"font-weight: 400;\">Osnovni cilj ovog projektnog zadatka je razvoj integriranog softverskog rje\u0161enja za strate\u0161ko dugoro\u010dno planiranje klimatske i energetske politike i izradu zajedni\u010dkih klimatskih i energetskih planova.<\/span><\/p><p>\u00a0<\/p><p><b>Razvijeno integrirano rje\u0161enje sastojati \u0107e se od:<\/b><\/p><p>\u00a0<\/p><ul><li style=\"font-weight: 400;\" aria-level=\"1\"><span style=\"font-weight: 400;\">statisti\u010dke i podatkovne platforme;<\/span><\/li><\/ul><p>\u00a0<\/p><ul><li style=\"font-weight: 400;\" aria-level=\"1\"><span style=\"font-weight: 400;\">energetskog atlasa;<\/span><\/li><\/ul><p>\u00a0<\/p><ul><li style=\"font-weight: 400;\" aria-level=\"1\"><span style=\"font-weight: 400;\">modula za analizu potencijala\/iskori\u0161tenosti resursa obnovljivih izvora energije (dalje: OIE);<\/span><\/li><\/ul><p>\u00a0<\/p><ul><li style=\"font-weight: 400;\" aria-level=\"1\"><span style=\"font-weight: 400;\">modula za pra\u0107enje sigurnosti i ranjivosti energetskog sustava;<\/span><\/li><\/ul><p>\u00a0<\/p><ul><li style=\"font-weight: 400;\" aria-level=\"1\"><span style=\"font-weight: 400;\">modula za pra\u0107enje i planiranje razvoja elektroenergetskog sustava (dalje: EES);<\/span><\/li><\/ul><p>\u00a0<\/p><ul><li style=\"font-weight: 400;\" aria-level=\"1\"><span style=\"font-weight: 400;\">modula za optimiranje proizvodnje elektri\u010dne energije;<\/span><\/li><\/ul><p>\u00a0<\/p><ul><li style=\"font-weight: 400;\" aria-level=\"1\"><span style=\"font-weight: 400;\">te modela za simuliranje promjena u potro\u0161nji i proizvodnji koje \u0107e donijeti kontinuirani razvoj tehnologije.<\/span><\/li><\/ul><p>\u00a0<\/p><p><span style=\"font-weight: 400;\">\u00a0<\/span><\/p><p><b>Ukupna vrijednost projekta i iznos koji sufinancira EU (u HRK)<\/b><\/p><p>\u00a0<\/p><p><span style=\"font-weight: 400;\">Ukupna vrijednost projekta iznosi 8.896.348,24 HRK<\/span><\/p><p><span style=\"font-weight: 400;\">Ukupna vrijednost projekta (prihvatljivi tro\u0161kovi) iznosi 7.702.618,24 HRK<\/span><\/p><p><span style=\"font-weight: 400;\">Udio EU u financiranju projekta iznosi 6.292.677,80 HRK<\/span><\/p><p><span style=\"font-weight: 400;\">\u00a0<\/span><\/p><p>\u00a0<\/p><p><b>Razdoblje provedbe projekta<\/b><\/p><p><span style=\"font-weight: 400;\">11.12.2020. \u2013 11.12.2023.<\/span><\/p><p>\u00a0<\/p><p><b>Kontakt za vi\u0161e informacija<\/b><\/p><p><span style=\"font-weight: 400;\">e-mail: eihp@eihp.hr<\/span><\/p><p>\u00a0<\/p><p><b>Linkovi<\/b><\/p><p><span style=\"font-weight: 400;\">strukturnifondovi.hr\u00a0<\/span><\/p><p><a href=\"https:\/\/strukturnifondovi.hr\/eu-fondovi\/esi-fondovi-2014-2020\/op-konkurentnost-i-kohezija\/\" target=\"_blank\" rel=\"noopener\"><span style=\"font-weight: 400;\">https:\/\/strukturnifondovi.hr\/eu-fondovi\/esi-fondovi-2014-2020\/op-konkurentnost-i-kohezija\/<\/span><\/a><span style=\"font-weight: 400;\">\u00a0<\/span><\/p>\t\t\t\t\t\t\t\t<\/div>\n\t\t\t\t<\/div>\n\t\t\t\t\t<\/div>\n\t\t<\/div>\n\t\t\t\t\t<\/div>\n\t\t<\/section>\n\t\t\t\t<section class=\"elementor-section elementor-top-section elementor-element elementor-element-128bb5ae elementor-section-full_width elementor-hidden-mobile elementor-section-height-default elementor-section-height-default\" data-id=\"128bb5ae\" data-element_type=\"section\">\n\t\t\t\t\t\t<div class=\"elementor-container elementor-column-gap-default\">\n\t\t\t\t\t<div class=\"elementor-column elementor-col-100 elementor-top-column elementor-element elementor-element-1865e1cb\" data-id=\"1865e1cb\" data-element_type=\"column\">\n\t\t\t<div class=\"elementor-widget-wrap elementor-element-populated\">\n\t\t\t\t\t\t<div class=\"elementor-element elementor-element-764e2339 elementor-absolute elementor-widget elementor-widget-image\" data-id=\"764e2339\" data-element_type=\"widget\" data-settings=\"{&quot;_position&quot;:&quot;absolute&quot;}\" data-widget_type=\"image.default\">\n\t\t\t\t<div class=\"elementor-widget-container\">\n\t\t\t\t\t\t\t\t\t\t\t\t\t\t\t<img fetchpriority=\"high\" decoding=\"async\" width=\"656\" height=\"656\" src=\"https:\/\/eihp.hr\/wp-content\/uploads\/2022\/03\/Abstract-square-final-EIHP.png\" class=\"attachment-large size-large wp-image-8388\" alt=\"\" srcset=\"https:\/\/eihp.hr\/wp-content\/uploads\/2022\/03\/Abstract-square-final-EIHP.png 656w, https:\/\/eihp.hr\/wp-content\/uploads\/2022\/03\/Abstract-square-final-EIHP-300x300.png 300w, https:\/\/eihp.hr\/wp-content\/uploads\/2022\/03\/Abstract-square-final-EIHP-150x150.png 150w\" sizes=\"(max-width: 656px) 100vw, 656px\" \/>\t\t\t\t\t\t\t\t\t\t\t\t\t\t\t<\/div>\n\t\t\t\t<\/div>\n\t\t\t\t\t<\/div>\n\t\t<\/div>\n\t\t\t\t\t<\/div>\n\t\t<\/section>\n\t\t\t\t<\/div>","protected":false},"excerpt":{"rendered":"<p>Kratki opis projekta \u00a0 Trendovi u energetskoj politici ukazuju na neophodne promjene u sustavu planiranja i izrade strate\u0161kih dokumenata i dugoro\u010dnih energetskih i klimatskih planova, stoga se ovim projektom planira istra\u017eivanje i razvoj novog integriranog rje\u0161enja\/ekspertnog sustava za cjelovitu izradu strate\u0161kih dugoro\u010dnih energetskih i klimatskih planova. \u00a0 Projektom \u0107e se, kroz suradnju znanstvenog instituta i [&hellip;]<\/p>","protected":false},"author":1,"featured_media":0,"parent":9597,"menu_order":0,"comment_status":"closed","ping_status":"closed","template":"","meta":{"footnotes":""},"class_list":["post-11001","page","type-page","status-publish","hentry"],"_links":{"self":[{"href":"https:\/\/eihp.hr\/en\/wp-json\/wp\/v2\/pages\/11001","targetHints":{"allow":["GET"]}}],"collection":[{"href":"https:\/\/eihp.hr\/en\/wp-json\/wp\/v2\/pages"}],"about":[{"href":"https:\/\/eihp.hr\/en\/wp-json\/wp\/v2\/types\/page"}],"author":[{"embeddable":true,"href":"https:\/\/eihp.hr\/en\/wp-json\/wp\/v2\/users\/1"}],"replies":[{"embeddable":true,"href":"https:\/\/eihp.hr\/en\/wp-json\/wp\/v2\/comments?post=11001"}],"version-history":[{"count":7,"href":"https:\/\/eihp.hr\/en\/wp-json\/wp\/v2\/pages\/11001\/revisions"}],"predecessor-version":[{"id":11998,"href":"https:\/\/eihp.hr\/en\/wp-json\/wp\/v2\/pages\/11001\/revisions\/11998"}],"up":[{"embeddable":true,"href":"https:\/\/eihp.hr\/en\/wp-json\/wp\/v2\/pages\/9597"}],"wp:attachment":[{"href":"https:\/\/eihp.hr\/en\/wp-json\/wp\/v2\/media?parent=11001"}],"curies":[{"name":"wp","href":"https:\/\/api.w.org\/{rel}","templated":true}]}}