{"id":11002,"date":"2022-04-21T11:14:06","date_gmt":"2022-04-21T09:14:06","guid":{"rendered":"https:\/\/meldendev.eu\/eihp\/?page_id=11002"},"modified":"2022-04-30T20:13:10","modified_gmt":"2022-04-30T18:13:10","slug":"eub-superhub","status":"publish","type":"page","link":"https:\/\/eihp.hr\/en\/projekti\/eub-superhub\/","title":{"rendered":"EUB SuperHub"},"content":{"rendered":"<div data-elementor-type=\"wp-page\" data-elementor-id=\"11002\" class=\"elementor elementor-11002\" data-elementor-post-type=\"page\">\n\t\t\t\t\t\t<section class=\"elementor-section elementor-top-section elementor-element elementor-element-456da171 elementor-section-height-min-height elementor-section-boxed elementor-section-height-default elementor-section-items-middle\" data-id=\"456da171\" data-element_type=\"section\" data-settings=\"{&quot;background_background&quot;:&quot;classic&quot;}\">\n\t\t\t\t\t\t<div class=\"elementor-container elementor-column-gap-default\">\n\t\t\t\t\t<div class=\"elementor-column elementor-col-100 elementor-top-column elementor-element elementor-element-70c1bdf5\" data-id=\"70c1bdf5\" data-element_type=\"column\">\n\t\t\t<div class=\"elementor-widget-wrap\">\n\t\t\t\t\t\t\t<\/div>\n\t\t<\/div>\n\t\t\t\t\t<\/div>\n\t\t<\/section>\n\t\t\t\t<section class=\"elementor-section elementor-top-section elementor-element elementor-element-2569ac01 elementor-section-boxed elementor-section-height-default elementor-section-height-default\" data-id=\"2569ac01\" data-element_type=\"section\" data-settings=\"{&quot;background_background&quot;:&quot;classic&quot;}\">\n\t\t\t\t\t\t<div class=\"elementor-container elementor-column-gap-default\">\n\t\t\t\t\t<div class=\"elementor-column elementor-col-100 elementor-top-column elementor-element elementor-element-7c1eabcd\" data-id=\"7c1eabcd\" data-element_type=\"column\" data-settings=\"{&quot;background_background&quot;:&quot;classic&quot;}\">\n\t\t\t<div class=\"elementor-widget-wrap elementor-element-populated\">\n\t\t\t\t\t\t\t<\/div>\n\t\t<\/div>\n\t\t\t\t\t<\/div>\n\t\t<\/section>\n\t\t\t\t<section class=\"elementor-section elementor-top-section elementor-element elementor-element-57acd907 elementor-section-boxed elementor-section-height-default elementor-section-height-default\" data-id=\"57acd907\" data-element_type=\"section\">\n\t\t\t\t\t\t<div class=\"elementor-container elementor-column-gap-default\">\n\t\t\t\t\t<div class=\"elementor-column elementor-col-100 elementor-top-column elementor-element elementor-element-47e3a396\" data-id=\"47e3a396\" data-element_type=\"column\">\n\t\t\t<div class=\"elementor-widget-wrap elementor-element-populated\">\n\t\t\t\t\t\t<div class=\"elementor-element elementor-element-88ff8ea elementor-widget elementor-widget-image\" data-id=\"88ff8ea\" data-element_type=\"widget\" data-widget_type=\"image.default\">\n\t\t\t\t<div class=\"elementor-widget-container\">\n\t\t\t\t\t\t\t\t\t\t\t\t\t\t\t<img decoding=\"async\" width=\"290\" height=\"125\" src=\"https:\/\/eihp.hr\/wp-content\/uploads\/2022\/04\/2.-EUB-SuperHub-logo2.jpg\" class=\"attachment-full size-full wp-image-10905\" alt=\"\" srcset=\"https:\/\/eihp.hr\/wp-content\/uploads\/2022\/04\/2.-EUB-SuperHub-logo2.jpg 290w, https:\/\/eihp.hr\/wp-content\/uploads\/2022\/04\/2.-EUB-SuperHub-logo2-18x8.jpg 18w\" sizes=\"(max-width: 290px) 100vw, 290px\" \/>\t\t\t\t\t\t\t\t\t\t\t\t\t\t\t<\/div>\n\t\t\t\t<\/div>\n\t\t\t\t<div class=\"elementor-element elementor-element-7aa70e0b elementor-widget elementor-widget-text-editor\" data-id=\"7aa70e0b\" data-element_type=\"widget\" data-widget_type=\"text-editor.default\">\n\t\t\t\t<div class=\"elementor-widget-container\">\n\t\t\t\t\t\t\t\t\t<h3><span style=\"font-weight: 400;\">European Building Sustanability performance and energy certification Hub \u2013 Europsko sredi\u0161te odr\u017eivosti zgrada i energetskog certificiranja<\/span><\/h3><p>\u00a0<\/p><p><span style=\"font-weight: 400;\">Po\u010detak projekta: 01.06.2021.<\/span><\/p><p>\u00a0<\/p><p><span style=\"font-weight: 400;\">Zavr\u0161etak projekta: 31.05.2024.<\/span><\/p><p>\u00a0<\/p><p><span style=\"font-weight: 400;\">Bud\u017eet: 1.982.750,00 eura<\/span><\/p><p>\u00a0<\/p><p><span style=\"font-weight: 400;\">Program financiranja: Horizon 2020<\/span><\/p><p>\u00a0<\/p><p><span style=\"font-weight: 400;\">Web stranica: <\/span><a href=\"https:\/\/eubsuperhub.eu\/\" target=\"_blank\" rel=\"noopener\"><span style=\"font-weight: 400;\">https:\/\/eubsuperhub.eu\/<\/span><\/a><\/p><p><br \/><br \/><\/p><p><span style=\"font-weight: 400;\">Nova generacija odre\u0111ivanja energetskih svojstava i energetskih certifikata trebala bi se baviti transformacijom u doba u kojem je dostupna sve ve\u0107a\u00a0 \u00a0 koli\u010dina podataka o kori\u0161tenju zgrade, te se zgrade mogu sve detaljnije promatrati od strane razli\u010ditih sudionika. EUB SuperHub projekt \u0107e podr\u017eati razvoj procesa energetskog certificiranja u Europi razvojem skalabilne metodologije za pregled, procjenu i nadzor zgrada kroz njihov \u017eivotni ciklus (utro\u0161ena energija, tro\u0161kovi, itd.) Inicijativa na nivou Europe ve\u0107 slijedi put novog, holisti\u010dkog pregleda na zgrade uzimaju\u0107i u obzir na\u010dela odr\u017eivosti (LCA \u2013 life cycle assessment \u2013 procjena \u017eivotnog ciklusa, LCC \u2013 life cycle cost \u2013 tro\u0161ak \u017eivotnog ciklusa, itd.) za stambene, poslovne i zgrade javne namjene. Procjene energetskih svojstava i energetski certifikati zgrada se stoga trebaju razvijati u smjeru tehnolo\u0161kog razvoja, potreba dru\u0161tva, te moraju biti konzistentni u svim dr\u017eavama \u010dlanicama Europske unije. Holisti\u010dki pogled na zgrade, socijalne i tehnolo\u0161ke promjene u dru\u0161tvu zahtijevaju promjene u na\u010dinu na koji promatramo i upravljamo s izgra\u0111enim okoli\u0161em poma\u017eu\u0107i poticajima za energetsku u\u010dinkovitost i ulaganja.<\/span><\/p><p>\u00a0<\/p><h3><span style=\"font-weight: 400;\">Projektni konzorcij:<\/span><\/h3><ol><li style=\"font-weight: 400;\" aria-level=\"1\"><span style=\"font-weight: 400;\">GEONARDO ENVIRONMENTAL TECHNOLOGIESLTD, Hungary<\/span><\/li><li style=\"font-weight: 400;\" aria-level=\"1\"><span style=\"font-weight: 400;\">HOCHSCHULE FUR ANGEWANDTE WISSENSCHAFTEN M\u00dcNCHEN, Germany<\/span><\/li><li style=\"font-weight: 400;\" aria-level=\"1\"><span style=\"font-weight: 400;\">INTERNATIONAL INIZIATIVE FOR A SUSTAINABLE BUILT ENVIRONMENT ITALIA RESEARCH AND DEVELOPMENT SRL, Italy<\/span><\/li><li style=\"font-weight: 400;\" aria-level=\"1\"><span style=\"font-weight: 400;\">UNI \u2013 ENTE ITALIANO DI NORMAZIONE, Italy<\/span><\/li><li style=\"font-weight: 400;\" aria-level=\"1\"><span style=\"font-weight: 400;\">ENERGIEINSTITUT VORARLBERG VEREIN, Austria<\/span><\/li><li style=\"font-weight: 400;\" aria-level=\"1\"><span style=\"font-weight: 400;\">FELICITY-TOOLS INFORMATIKAI SZOLGALTATO KFT, Hungary<\/span><\/li><li style=\"font-weight: 400;\" aria-level=\"1\"><span style=\"font-weight: 400;\">CALABRIA REGIONE, Italy<\/span><\/li><li style=\"font-weight: 400;\" aria-level=\"1\"><span style=\"font-weight: 400;\">CENTRE SCIENTIFIQUE ET TECHNIQUE DU BATIMENT, France<\/span><\/li><li style=\"font-weight: 400;\" aria-level=\"1\"><span style=\"font-weight: 400;\">UNIVERSITY COLLEGE CORK -NATIONAL UNIVERSITY OF IRELAND, CORK, Ireland<\/span><\/li><li style=\"font-weight: 400;\" aria-level=\"1\"><span style=\"font-weight: 400;\">ENERGETSKI INSTITUT HRVOJE PO\u017dAR, Croatia\u00a0\u00a0\u00a0<\/span><\/li><\/ol><p>\u00a0<\/p><p><b>EIHP voditelj projekta:\u00a0<\/b><\/p><p><span style=\"font-weight: 400;\">Marina Malinovec Pu\u010dek, mmalinovec@eihp.hr, +385 1 6326-168<\/span><\/p>\t\t\t\t\t\t\t\t<\/div>\n\t\t\t\t<\/div>\n\t\t\t\t\t<\/div>\n\t\t<\/div>\n\t\t\t\t\t<\/div>\n\t\t<\/section>\n\t\t\t\t<section class=\"elementor-section elementor-top-section elementor-element elementor-element-128bb5ae elementor-section-full_width elementor-hidden-mobile elementor-section-height-default elementor-section-height-default\" data-id=\"128bb5ae\" data-element_type=\"section\">\n\t\t\t\t\t\t<div class=\"elementor-container elementor-column-gap-default\">\n\t\t\t\t\t<div class=\"elementor-column elementor-col-100 elementor-top-column elementor-element elementor-element-1865e1cb\" data-id=\"1865e1cb\" data-element_type=\"column\">\n\t\t\t<div class=\"elementor-widget-wrap elementor-element-populated\">\n\t\t\t\t\t\t<div class=\"elementor-element elementor-element-764e2339 elementor-absolute elementor-widget elementor-widget-image\" data-id=\"764e2339\" data-element_type=\"widget\" data-settings=\"{&quot;_position&quot;:&quot;absolute&quot;}\" data-widget_type=\"image.default\">\n\t\t\t\t<div class=\"elementor-widget-container\">\n\t\t\t\t\t\t\t\t\t\t\t\t\t\t\t<img fetchpriority=\"high\" decoding=\"async\" width=\"656\" height=\"656\" src=\"https:\/\/eihp.hr\/wp-content\/uploads\/2022\/03\/Abstract-square-final-EIHP.png\" class=\"attachment-large size-large wp-image-8388\" alt=\"\" srcset=\"https:\/\/eihp.hr\/wp-content\/uploads\/2022\/03\/Abstract-square-final-EIHP.png 656w, https:\/\/eihp.hr\/wp-content\/uploads\/2022\/03\/Abstract-square-final-EIHP-300x300.png 300w, https:\/\/eihp.hr\/wp-content\/uploads\/2022\/03\/Abstract-square-final-EIHP-150x150.png 150w\" sizes=\"(max-width: 656px) 100vw, 656px\" \/>\t\t\t\t\t\t\t\t\t\t\t\t\t\t\t<\/div>\n\t\t\t\t<\/div>\n\t\t\t\t\t<\/div>\n\t\t<\/div>\n\t\t\t\t\t<\/div>\n\t\t<\/section>\n\t\t\t\t<\/div>","protected":false},"excerpt":{"rendered":"<p>European Building Sustanability performance and energy certification Hub \u2013 Europsko sredi\u0161te odr\u017eivosti zgrada i energetskog certificiranja \u00a0 Po\u010detak projekta: 01.06.2021. \u00a0 Zavr\u0161etak projekta: 31.05.2024. \u00a0 Bud\u017eet: 1.982.750,00 eura \u00a0 Program financiranja: Horizon 2020 \u00a0 Web stranica: https:\/\/eubsuperhub.eu\/ Nova generacija odre\u0111ivanja energetskih svojstava i energetskih certifikata trebala bi se baviti transformacijom u doba u kojem je [&hellip;]<\/p>","protected":false},"author":1,"featured_media":0,"parent":9597,"menu_order":0,"comment_status":"closed","ping_status":"closed","template":"","meta":{"footnotes":""},"class_list":["post-11002","page","type-page","status-publish","hentry"],"_links":{"self":[{"href":"https:\/\/eihp.hr\/en\/wp-json\/wp\/v2\/pages\/11002","targetHints":{"allow":["GET"]}}],"collection":[{"href":"https:\/\/eihp.hr\/en\/wp-json\/wp\/v2\/pages"}],"about":[{"href":"https:\/\/eihp.hr\/en\/wp-json\/wp\/v2\/types\/page"}],"author":[{"embeddable":true,"href":"https:\/\/eihp.hr\/en\/wp-json\/wp\/v2\/users\/1"}],"replies":[{"embeddable":true,"href":"https:\/\/eihp.hr\/en\/wp-json\/wp\/v2\/comments?post=11002"}],"version-history":[{"count":10,"href":"https:\/\/eihp.hr\/en\/wp-json\/wp\/v2\/pages\/11002\/revisions"}],"predecessor-version":[{"id":11539,"href":"https:\/\/eihp.hr\/en\/wp-json\/wp\/v2\/pages\/11002\/revisions\/11539"}],"up":[{"embeddable":true,"href":"https:\/\/eihp.hr\/en\/wp-json\/wp\/v2\/pages\/9597"}],"wp:attachment":[{"href":"https:\/\/eihp.hr\/en\/wp-json\/wp\/v2\/media?parent=11002"}],"curies":[{"name":"wp","href":"https:\/\/api.w.org\/{rel}","templated":true}]}}