{"id":11003,"date":"2022-04-21T11:14:12","date_gmt":"2022-04-21T09:14:12","guid":{"rendered":"https:\/\/meldendev.eu\/eihp\/?page_id=11003"},"modified":"2022-04-30T20:31:29","modified_gmt":"2022-04-30T18:31:29","slug":"iceland-lichtenstein-norway-grants","status":"publish","type":"page","link":"https:\/\/eihp.hr\/en\/projekti\/iceland-lichtenstein-norway-grants\/","title":{"rendered":"Iceland Lichtenstein Norway grants"},"content":{"rendered":"<div data-elementor-type=\"wp-page\" data-elementor-id=\"11003\" class=\"elementor elementor-11003\" data-elementor-post-type=\"page\">\n\t\t\t\t\t\t<section class=\"elementor-section elementor-top-section elementor-element elementor-element-456da171 elementor-section-height-min-height elementor-section-boxed elementor-section-height-default elementor-section-items-middle\" data-id=\"456da171\" data-element_type=\"section\" data-settings=\"{&quot;background_background&quot;:&quot;classic&quot;}\">\n\t\t\t\t\t\t<div class=\"elementor-container elementor-column-gap-default\">\n\t\t\t\t\t<div class=\"elementor-column elementor-col-100 elementor-top-column elementor-element elementor-element-70c1bdf5\" data-id=\"70c1bdf5\" data-element_type=\"column\">\n\t\t\t<div class=\"elementor-widget-wrap\">\n\t\t\t\t\t\t\t<\/div>\n\t\t<\/div>\n\t\t\t\t\t<\/div>\n\t\t<\/section>\n\t\t\t\t<section class=\"elementor-section elementor-top-section elementor-element elementor-element-2569ac01 elementor-section-boxed elementor-section-height-default elementor-section-height-default\" data-id=\"2569ac01\" data-element_type=\"section\" data-settings=\"{&quot;background_background&quot;:&quot;classic&quot;}\">\n\t\t\t\t\t\t<div class=\"elementor-container elementor-column-gap-default\">\n\t\t\t\t\t<div class=\"elementor-column elementor-col-100 elementor-top-column elementor-element elementor-element-7c1eabcd\" data-id=\"7c1eabcd\" data-element_type=\"column\" data-settings=\"{&quot;background_background&quot;:&quot;classic&quot;}\">\n\t\t\t<div class=\"elementor-widget-wrap elementor-element-populated\">\n\t\t\t\t\t\t\t<\/div>\n\t\t<\/div>\n\t\t\t\t\t<\/div>\n\t\t<\/section>\n\t\t\t\t<section class=\"elementor-section elementor-top-section elementor-element elementor-element-57acd907 elementor-section-boxed elementor-section-height-default elementor-section-height-default\" data-id=\"57acd907\" data-element_type=\"section\">\n\t\t\t\t\t\t<div class=\"elementor-container elementor-column-gap-default\">\n\t\t\t\t\t<div class=\"elementor-column elementor-col-100 elementor-top-column elementor-element elementor-element-47e3a396\" data-id=\"47e3a396\" data-element_type=\"column\">\n\t\t\t<div class=\"elementor-widget-wrap elementor-element-populated\">\n\t\t\t\t\t\t<div class=\"elementor-element elementor-element-622485f elementor-widget elementor-widget-image\" data-id=\"622485f\" data-element_type=\"widget\" data-widget_type=\"image.default\">\n\t\t\t\t<div class=\"elementor-widget-container\">\n\t\t\t\t\t\t\t\t\t\t\t\t\t\t\t<img decoding=\"async\" width=\"290\" height=\"125\" src=\"https:\/\/eihp.hr\/wp-content\/uploads\/2022\/04\/3.-Island-Lichtenstein2.jpg\" class=\"attachment-full size-full wp-image-10906\" alt=\"\" srcset=\"https:\/\/eihp.hr\/wp-content\/uploads\/2022\/04\/3.-Island-Lichtenstein2.jpg 290w, https:\/\/eihp.hr\/wp-content\/uploads\/2022\/04\/3.-Island-Lichtenstein2-18x8.jpg 18w\" sizes=\"(max-width: 290px) 100vw, 290px\" \/>\t\t\t\t\t\t\t\t\t\t\t\t\t\t\t<\/div>\n\t\t\t\t<\/div>\n\t\t\t\t<div class=\"elementor-element elementor-element-7aa70e0b elementor-widget elementor-widget-text-editor\" data-id=\"7aa70e0b\" data-element_type=\"widget\" data-widget_type=\"text-editor.default\">\n\t\t\t\t<div class=\"elementor-widget-container\">\n\t\t\t\t\t\t\t\t\t<p><span style=\"font-weight: 400;\">Nositelj projekta: Energetski institut Hrvoje Po\u017ear<\/span><\/p><p>\u00a0<\/p><p><span style=\"font-weight: 400;\">Projektni partner: Gra\u0111evinski fakultet Sveu\u010dili\u0161ta u Zagrebu<\/span><\/p><p>\u00a0<\/p><p><span style=\"font-weight: 400;\">Trajanje projekta: svibanj 2021. \u2013 travanj 2024.<\/span><\/p><p><br \/><br \/><\/p><h3><span style=\"font-weight: 400;\">Opis projekta:<\/span><\/h3><p>\u00a0<\/p><p><span style=\"font-weight: 400;\">Rje\u0161avanje problema izrazito lo\u0161ih energetskih karakteristika javnih zgrada u sredi\u0161tu je dva klju\u010dna dokumenta energetske politike Republike Hrvatske: Nacionalni energetski i klimatski plan (NECP) za Republiku Hrvatsku za razdoblje 2021. \u2013 2030. (usvojen krajem 2019.) i Dugoro\u010dna strategija obnove nacionalnog fonda zgrada do 2050. godine (usvojena krajem 2020.). Republika Hrvatska je tako\u0111er usvojila standardizaciju zgrada gotovo nulte energije (engl. Nearly Zero Energy Buildings \u2013 nZEB), me\u0111utim stvarna primjena i provedba jo\u0161 uvijek izostaje, posebno kada je rije\u010d o obnovi postoje\u0107ih zgrada. Jedan od klju\u010dnih problema vezanih uz nZEB obnovu zgrada u Hrvatskoj, a koji zna\u010dajno usporava veliki potencijal nZEB obnove zgrada, jest kako u\u010dinkovito prenijeti odgovaraju\u0107e propise i nedavno definiranu metodologiju izra\u010duna nZEB standarda na sve klju\u010dne dionike uklju\u010dene u proces obnove postoje\u0107eg gra\u0111evinskog fonda zgrada. Ovaj projekt stoga ima za cilj obuhvatiti sve klju\u010dne dionike u procesu nZEB obnove zgrada te im kroz konkretan primjer pokazati dobrobiti obnove zgrada prema nZEB standardu. Projektom se \u017eeli dokazati kako je nZEB pristup optimalno i isplativo rje\u0161enje obnove javnih zgrada. Projekt tako\u0111er \u017eeli kapitalizirati rezultate klju\u010dnih norve\u0161kih inicijativa i rje\u0161enja koje su razvili Norve\u0161ko sveu\u010dili\u0161te za znanost i tehnologiju i istra\u017eiva\u010dki institut SINTEF, i to ne samo u podru\u010dju primjene nZEB standarda ve\u0107 i u podru\u010dju nula energetskih \u010detvrti (engl. Zero Energy Neighbourhoods \u2013 ZEN) s vrlo malim emisijama stakleni\u010dkih plinova, a o kojima se trenutno vrlo malo govori u Hrvatskoj. Stoga su u planu i dva studijska putovanja u Norve\u0161ku u 2021. i 2022. godini. Suradnja s projektnim partnerom Gra\u0111evinskim fakultetom Sveu\u010dili\u0161ta u Zagrebu koristit \u0107e se za postizanje maksimalne nacionalne vidljivosti ovog projekta prema svim dionicima, ali i radi zna\u010dajnog doprinosa i udru\u017eivanja snaga prilikom dubinske analize pilot akcije, obnove javne zgrade prema nZEB standardu. Pilot akcija je konkretna dubinska (seizmi\u010dka i energetska) rekonstrukcija poslovne javne zgrade Energetskog instituta Hrvoje Po\u017ear, a koja \u0107e biti dio ovog projekta. U tom pogledu presudno je iskustvo projektnog partnera te njihovo aktivno sudjelovanje u obnovi zgrada o\u0161te\u0107enih nedavnih potresima u gradu Zagrebu i okolici, a osobito onih najja\u010dih koji su pogodili grad 22. o\u017eujka i 29. prosinca 2020 .<\/span><\/p><p>\u00a0<\/p><p><span style=\"font-weight: 400;\">Centar za obuku \u0107e biti uspostavljen u dubinski obnovljenoj poslovnoj zgradi Energetskog instituta Hrvoje Po\u017ear (EIHP) prema nZEB standardu. Ova pilot investicija biti \u0107e ujedno i pokazni primjer suvremenih tehnologija koje se ugra\u0111uju prilikom obnove postoje\u0107ih zgrada prema nZEB standardu, a to su svakako potpuna elektrifikacija sustava grijanja i hla\u0111enja, (reciklirana) fasada sa novom toplinskom izolacijom, novim sustavom rasvjete, integracijom obnovljivih izvora energije te e-mobilnosti u zgradu te potpunom digitalizacijom svih tehni\u010dkih podsustava koje koristi uredska zgrada. Projekt ovom pilot akcijom ima za cilj zajedni\u010dko rje\u0161avanje dvostrukih izazova zelene i digitalne tranzicije, a \u0161to je posebno va\u017eno s obzirom na trend smanjenja zapo\u0161ljavanja studenata i gra\u0111evinskih radnika u ovaj sektor i odgovaraju\u0107a zanimanja.<\/span><\/p><p>\u00a0<\/p><h3><span style=\"font-weight: 400;\">Glavni cilj projekta:<\/span><\/h3><p>\u00a0<\/p><p><span style=\"font-weight: 400;\">Unaprijediti znanja specifi\u010dnim dionicima koji sudjeluju u procesu obnove zgrada prema standardu i zahtjevima zgrada gotovo nulte energije te me\u0111u ostalim relevantnim dionicima pove\u0107ati svijest o va\u017enosti obnove zgrada primjenom inovativnih tehni\u010dkih rje\u0161enja koja odgovaraju nZEB zahtjevima. To \u0107e se posti\u0107i uspostavom nacionalnog nZEB trening centra.<\/span><\/p><h3>\u00a0<\/h3><h3><span style=\"font-weight: 400;\">Specifi\u010dni ciljevi projekta:<\/span><\/h3><p>\u00a0<\/p><ul><li style=\"font-weight: 400;\" aria-level=\"1\"><span style=\"font-weight: 400;\">Uspostava nacionalnog nZEB trening centra<\/span><\/li><li style=\"font-weight: 400;\" aria-level=\"1\"><span style=\"font-weight: 400;\">Dubinska energetska i seizmi\u010dka obnova poslovne javne zgrade Energetskog instituta Hrvoje Po\u017ear prema nZEB standardu<\/span><\/li><li style=\"font-weight: 400;\" aria-level=\"1\"><span style=\"font-weight: 400;\">Ja\u010dati suradnju izme\u0111u istra\u017eiva\u010dkih institucija Republike Hrvatske i Kraljevine Norve\u0161ke<\/span><\/li><li style=\"font-weight: 400;\" aria-level=\"1\"><span style=\"font-weight: 400;\">Formirati lokalna partnerstva za unapre\u0111enje znanja i podizanje svijesti o nZEB i ZEN standardima<\/span><\/li><\/ul><p><br \/><br \/><\/p><h3><span style=\"font-weight: 400;\">Zahtjevi:<\/span><\/h3><p><span style=\"font-weight: 400;\">\u010cetiri su temeljna zahtjeva projekta:<\/span><\/p><ol><li style=\"font-weight: 400;\" aria-level=\"1\"><span style=\"font-weight: 400;\">Educirati najmanje 50 polaznika koji se profesionalno bave energetikom u sektoru zgradarstva na na\u010din da su spremni napredno koristiti nZEB standard<\/span><\/li><li style=\"font-weight: 400;\" aria-level=\"1\"><span style=\"font-weight: 400;\">Najmanje 51% polaznika mora izjaviti kako su unaprijedili svoja znanja iz podru\u010dja dubinske obnove zgrada u skladu s nZEB standardom<\/span><\/li><li style=\"font-weight: 400;\" aria-level=\"1\"><span style=\"font-weight: 400;\">Osnovati nacionalni trening centar za zgrade gotovo nulte energije (nZEB)<\/span><\/li><li style=\"font-weight: 400;\" aria-level=\"1\"><span style=\"font-weight: 400;\">Trening centar mora biti obnovljen u skladu s nZEB standardom<\/span><\/li><\/ol><p>\u00a0<\/p><p><span style=\"font-weight: 400;\">Uz \u010detiri temeljna zahtjeva, definirani su i specifi\u010dni zahtjevi koji se odnose na bilateralnu suradnju sa zemljama donorima projekta:<\/span><\/p><ol><li style=\"font-weight: 400;\" aria-level=\"1\"><span style=\"font-weight: 400;\">Organizirati najmanje 2 studijska putovanja u zemlju donor u suradnji sa Norve\u0161kim sveu\u010dili\u0161tem za znanost i tehnologiju (NTNU) i istra\u017eiva\u010dkim institutom SINTEF<\/span><\/li><li style=\"font-weight: 400;\" aria-level=\"1\"><span style=\"font-weight: 400;\">Prenijeti iskustva i primjere uspje\u0161no provedenih projekata i inicijativa iz zemlje donora u podru\u010dju nZEB i ZEN na polaznike nacionalnog nZEB trening centra<\/span><\/li><li style=\"font-weight: 400;\" aria-level=\"1\"><span style=\"font-weight: 400;\">Organizirati najmanje 6 sastanaka s klju\u010dnim dionicima na nacionalnom nivou, s predstavnicima relevantnih ministarstava i fakulteta<\/span><\/li><li style=\"font-weight: 400;\" aria-level=\"1\"><span style=\"font-weight: 400;\">Osnovati lokalna tematska partnerstva kako bi projekt postao dugoro\u010dno odr\u017eiv<\/span><\/li><\/ol><p><span style=\"font-weight: 400;\">\u00a0<\/span><\/p><p><span style=\"font-weight: 400;\">\u00a0<\/span><\/p><p><span style=\"font-weight: 400;\">\u00a0 \u00a0 \u00a0 \u00a0 \u00a0 \u00a0 \u00a0 \u00a0 \u00a0 \u00a0 \u00a0 \u00a0 \u00a0 ZAJEDNO ZA <\/span><span style=\"font-weight: 400;\">ZELENU<\/span><span style=\"font-weight: 400;\">, <\/span><span style=\"font-weight: 400;\">KONKURENTNU<\/span><span style=\"font-weight: 400;\"> I <\/span><span style=\"font-weight: 400;\">UKLJU\u010cIVU<\/span><span style=\"font-weight: 400;\"> EUROPU<\/span><\/p><p><span style=\"font-weight: 400;\">\u00a0<\/span><\/p><p>\u00a0<\/p><p><b>Projekt \u201cOsnivanje nacionalnog trening centra za zgrade gotovo nulte energije\u201d je financiran u iznosu od 1.6 milijuna eura subvencijom kroz EEA i Norve\u0161ku potporu, te predstavlja doprinos Islanda, Lihten\u0161tajna i Norve\u0161ke za zelenu, kompetitivnu i inkluzivnu Europu. Subvencija je dodijeljena kako bi se ispunila dva krovna cilja: smanjenje ekonomske i dru\u0161tvene nejednakosti u Europi i ja\u010danje bilteralnih odnosa izme\u0111u zemalja donora i 15 \u010dlanica Europske Unije u sredi\u0161njoj i ju\u017enoj Europi i na Baltiku. Tri dr\u017eave donori blisko sura\u0111uju s Europskom Unijom kroz Sporazum o Europskom ekonomskom prostoru (EEA). Donori su osigurali 3.3 milijarde Eura kroz kontunuirane sheme donacija od 1994.g. do 2014.g. U razdoblju od 2014.g. do 2021.g., EEA i Norve\u0161ka potpora iznosi do 2.8 milijardi eura.<\/b><\/p><p>\u00a0<\/p><p><span style=\"font-weight: 400;\">\u00a0<\/span><\/p><p><span style=\"font-weight: 400;\">Voditeljica projekta: dr.sc. Vesna Bukarica, vbukarica@eihp.hr<\/span><\/p>\t\t\t\t\t\t\t\t<\/div>\n\t\t\t\t<\/div>\n\t\t\t\t\t<\/div>\n\t\t<\/div>\n\t\t\t\t\t<\/div>\n\t\t<\/section>\n\t\t\t\t<section class=\"elementor-section elementor-top-section elementor-element elementor-element-128bb5ae elementor-section-full_width elementor-hidden-mobile elementor-section-height-default elementor-section-height-default\" data-id=\"128bb5ae\" data-element_type=\"section\">\n\t\t\t\t\t\t<div class=\"elementor-container elementor-column-gap-default\">\n\t\t\t\t\t<div class=\"elementor-column elementor-col-100 elementor-top-column elementor-element elementor-element-1865e1cb\" data-id=\"1865e1cb\" data-element_type=\"column\">\n\t\t\t<div class=\"elementor-widget-wrap elementor-element-populated\">\n\t\t\t\t\t\t<div class=\"elementor-element elementor-element-764e2339 elementor-absolute elementor-widget elementor-widget-image\" data-id=\"764e2339\" data-element_type=\"widget\" data-settings=\"{&quot;_position&quot;:&quot;absolute&quot;}\" data-widget_type=\"image.default\">\n\t\t\t\t<div class=\"elementor-widget-container\">\n\t\t\t\t\t\t\t\t\t\t\t\t\t\t\t<img fetchpriority=\"high\" decoding=\"async\" width=\"656\" height=\"656\" src=\"https:\/\/eihp.hr\/wp-content\/uploads\/2022\/03\/Abstract-square-final-EIHP.png\" class=\"attachment-large size-large wp-image-8388\" alt=\"\" srcset=\"https:\/\/eihp.hr\/wp-content\/uploads\/2022\/03\/Abstract-square-final-EIHP.png 656w, https:\/\/eihp.hr\/wp-content\/uploads\/2022\/03\/Abstract-square-final-EIHP-300x300.png 300w, https:\/\/eihp.hr\/wp-content\/uploads\/2022\/03\/Abstract-square-final-EIHP-150x150.png 150w\" sizes=\"(max-width: 656px) 100vw, 656px\" \/>\t\t\t\t\t\t\t\t\t\t\t\t\t\t\t<\/div>\n\t\t\t\t<\/div>\n\t\t\t\t\t<\/div>\n\t\t<\/div>\n\t\t\t\t\t<\/div>\n\t\t<\/section>\n\t\t\t\t<\/div>","protected":false},"excerpt":{"rendered":"<p>Nositelj projekta: Energetski institut Hrvoje Po\u017ear \u00a0 Projektni partner: Gra\u0111evinski fakultet Sveu\u010dili\u0161ta u Zagrebu \u00a0 Trajanje projekta: svibanj 2021. \u2013 travanj 2024. Opis projekta: \u00a0 Rje\u0161avanje problema izrazito lo\u0161ih energetskih karakteristika javnih zgrada u sredi\u0161tu je dva klju\u010dna dokumenta energetske politike Republike Hrvatske: Nacionalni energetski i klimatski plan (NECP) za Republiku Hrvatsku za razdoblje 2021. [&hellip;]<\/p>","protected":false},"author":1,"featured_media":0,"parent":9597,"menu_order":0,"comment_status":"closed","ping_status":"closed","template":"","meta":{"footnotes":""},"class_list":["post-11003","page","type-page","status-publish","hentry"],"_links":{"self":[{"href":"https:\/\/eihp.hr\/en\/wp-json\/wp\/v2\/pages\/11003","targetHints":{"allow":["GET"]}}],"collection":[{"href":"https:\/\/eihp.hr\/en\/wp-json\/wp\/v2\/pages"}],"about":[{"href":"https:\/\/eihp.hr\/en\/wp-json\/wp\/v2\/types\/page"}],"author":[{"embeddable":true,"href":"https:\/\/eihp.hr\/en\/wp-json\/wp\/v2\/users\/1"}],"replies":[{"embeddable":true,"href":"https:\/\/eihp.hr\/en\/wp-json\/wp\/v2\/comments?post=11003"}],"version-history":[{"count":13,"href":"https:\/\/eihp.hr\/en\/wp-json\/wp\/v2\/pages\/11003\/revisions"}],"predecessor-version":[{"id":11570,"href":"https:\/\/eihp.hr\/en\/wp-json\/wp\/v2\/pages\/11003\/revisions\/11570"}],"up":[{"embeddable":true,"href":"https:\/\/eihp.hr\/en\/wp-json\/wp\/v2\/pages\/9597"}],"wp:attachment":[{"href":"https:\/\/eihp.hr\/en\/wp-json\/wp\/v2\/media?parent=11003"}],"curies":[{"name":"wp","href":"https:\/\/api.w.org\/{rel}","templated":true}]}}