{"id":11004,"date":"2022-04-21T11:14:20","date_gmt":"2022-04-21T09:14:20","guid":{"rendered":"https:\/\/meldendev.eu\/eihp\/?page_id=11004"},"modified":"2023-02-08T13:44:37","modified_gmt":"2023-02-08T12:44:37","slug":"centar-kompetencija-za-pametne-gradove-cekom","status":"publish","type":"page","link":"https:\/\/eihp.hr\/en\/projekti\/centar-kompetencija-za-pametne-gradove-cekom\/","title":{"rendered":"Centar kompetencija za pametne gradove (CEKOM)"},"content":{"rendered":"<div data-elementor-type=\"wp-page\" data-elementor-id=\"11004\" class=\"elementor elementor-11004\" data-elementor-post-type=\"page\">\n\t\t\t\t\t\t<section class=\"elementor-section elementor-top-section elementor-element elementor-element-456da171 elementor-section-height-min-height elementor-section-boxed elementor-section-height-default elementor-section-items-middle\" data-id=\"456da171\" data-element_type=\"section\" data-settings=\"{&quot;background_background&quot;:&quot;classic&quot;}\">\n\t\t\t\t\t\t<div class=\"elementor-container elementor-column-gap-default\">\n\t\t\t\t\t<div class=\"elementor-column elementor-col-100 elementor-top-column elementor-element elementor-element-70c1bdf5\" data-id=\"70c1bdf5\" data-element_type=\"column\">\n\t\t\t<div class=\"elementor-widget-wrap\">\n\t\t\t\t\t\t\t<\/div>\n\t\t<\/div>\n\t\t\t\t\t<\/div>\n\t\t<\/section>\n\t\t\t\t<section class=\"elementor-section elementor-top-section elementor-element elementor-element-2569ac01 elementor-section-boxed elementor-section-height-default elementor-section-height-default\" data-id=\"2569ac01\" data-element_type=\"section\" data-settings=\"{&quot;background_background&quot;:&quot;classic&quot;}\">\n\t\t\t\t\t\t<div class=\"elementor-container elementor-column-gap-default\">\n\t\t\t\t\t<div class=\"elementor-column elementor-col-100 elementor-top-column elementor-element elementor-element-7c1eabcd\" data-id=\"7c1eabcd\" data-element_type=\"column\" data-settings=\"{&quot;background_background&quot;:&quot;classic&quot;}\">\n\t\t\t<div class=\"elementor-widget-wrap elementor-element-populated\">\n\t\t\t\t\t\t\t<\/div>\n\t\t<\/div>\n\t\t\t\t\t<\/div>\n\t\t<\/section>\n\t\t\t\t<section class=\"elementor-section elementor-top-section elementor-element elementor-element-57acd907 elementor-section-boxed elementor-section-height-default elementor-section-height-default\" data-id=\"57acd907\" data-element_type=\"section\">\n\t\t\t\t\t\t<div class=\"elementor-container elementor-column-gap-default\">\n\t\t\t\t\t<div class=\"elementor-column elementor-col-100 elementor-top-column elementor-element elementor-element-47e3a396\" data-id=\"47e3a396\" data-element_type=\"column\">\n\t\t\t<div class=\"elementor-widget-wrap elementor-element-populated\">\n\t\t\t\t\t\t<div class=\"elementor-element elementor-element-88ff8ea elementor-widget elementor-widget-image\" data-id=\"88ff8ea\" data-element_type=\"widget\" data-widget_type=\"image.default\">\n\t\t\t\t<div class=\"elementor-widget-container\">\n\t\t\t\t\t\t\t\t\t\t\t\t\t\t\t<img decoding=\"async\" width=\"290\" height=\"125\" src=\"https:\/\/eihp.hr\/wp-content\/uploads\/2022\/04\/4.-Centar-kompetencija-CEKOM2.jpg\" class=\"attachment-full size-full wp-image-10907\" alt=\"\" srcset=\"https:\/\/eihp.hr\/wp-content\/uploads\/2022\/04\/4.-Centar-kompetencija-CEKOM2.jpg 290w, https:\/\/eihp.hr\/wp-content\/uploads\/2022\/04\/4.-Centar-kompetencija-CEKOM2-18x8.jpg 18w\" sizes=\"(max-width: 290px) 100vw, 290px\" \/>\t\t\t\t\t\t\t\t\t\t\t\t\t\t\t<\/div>\n\t\t\t\t<\/div>\n\t\t\t\t<div class=\"elementor-element elementor-element-7aa70e0b elementor-widget elementor-widget-text-editor\" data-id=\"7aa70e0b\" data-element_type=\"widget\" data-widget_type=\"text-editor.default\">\n\t\t\t\t<div class=\"elementor-widget-container\">\n\t\t\t\t\t\t\t\t\t<p><b>Centar kompetencija za pametne gradove (CEKOM)<\/b><span style=\"font-weight: 400;\"> je rezultat zajedni\u010dke prijave i razrade \u0161est istra\u017eiva\u010dko-razvojnih projekata od strane 20 partnera (<\/span><a href=\"https:\/\/smart-ri.hr\/partneri\/\" target=\"_blank\" rel=\"noopener\"><span style=\"font-weight: 400;\">https:\/\/smart-ri.hr\/partneri\/<\/span><\/a><span style=\"font-weight: 400;\">) na temelju poziva Podr\u0161ka razvoju centara kompetencija u okviru Operativnog programa Konkurentnost i kohezija 2014.-2020.<\/span><\/p><p><span style=\"font-weight: 400;\">Centri kompetencija su usmjereni na razvojna i industrijska istra\u017eivanja potaknuta od strane industrije i njihovu komercijalizaciju unutar specifi\u010dnih tematskih podru\u010dja i grana kompetencije. Povezani su na jedno ili vi\u0161e tematskih prioritetnih podru\u010dja i\/ili me\u0111usektorskih tema prepoznatih u okviru Strategije pametne specijalizacije.<\/span><\/p><p><span style=\"font-weight: 400;\">Razdoblje provedbe projekta je od 01. o\u017eujka 2020. godine do 01. o\u017eujka 2023. godine. U navedenom razdoblju, projektni partneri \u0107e razviti \u010dak 36 inovativnih proizvoda i usluga u podru\u010dju tehnologije pametnih gradova sa zna\u010dajnim tr\u017ei\u0161nim potencijalom.\u00a0 Razvoj proizvoda do razine spremnosti za komercijalizaciju u formatu pilot projekata provodit \u0107e se upravo u Rijeci, \u010dime \u0107e se doprinijeti razvoju Rijeke kao pametnog grada. Time se Centar kompetencija za pametne gradove u Rijeci pozicionira kao vode\u0107a institucija u Republici Hrvatskoj, ali i \u0161iroj regiji u domeni razvoja i primjene inteligentnih tehnologija u gradovima sa ciljem unapre\u0111enja kvalitete \u017eivota i standarda gra\u0111ana.<\/span><\/p><h3><span style=\"font-weight: 400;\">Projekt je podijeljen na sljede\u0107e projekte:<\/span><\/h3><ul><li style=\"font-weight: 400;\" aria-level=\"1\"><b>SMART CITY SURNIMO<\/b><span style=\"font-weight: 400;\"> \u2013 optimiziranje prometnih tokova u uvjetima niskouglji\u010dne mobilnosti (e-punionice) i izrada modela cenralnog pra\u0107enja, analize i dijeljenja klju\u010dnih informacija u prometu (e-znakovi i e-raskri\u017eja).<\/span><\/li><\/ul><ul><li style=\"font-weight: 400;\" aria-level=\"1\"><b>SMART CITY MODESTY<\/b><span style=\"font-weight: 400;\"> \u2013 prikupljanje podataka u realnom vremenu u svrhu dobivanja \u0161to vi\u0161e relevantnog uzorka podataka za potrebe istra\u017eivanja.<\/span><\/li><\/ul><ul><li style=\"font-weight: 400;\" aria-level=\"1\"><b>SMART CITY LIVING<\/b><span style=\"font-weight: 400;\"> \u2013 direktno povezivanje projekta s gra\u0111anima i \u017eivotom u gradu te kretanjem stanovnika i posjetitelja.<\/span><\/li><\/ul><ul><li style=\"font-weight: 400;\" aria-level=\"1\"><b>SMART CITY ENERGY AND ENVIRONMENT<\/b><span style=\"font-weight: 400;\">\u2013 za\u0161tita okoli\u0161a i odr\u017eavanje kvalitete \u017eivota gra\u0111ana kroz odr\u017eivo upravljanje prirodnim resursima putem uvo\u0111enja novih tehnolo\u0161kih rje\u0161enja<\/span><\/li><\/ul><ul><li style=\"font-weight: 400;\" aria-level=\"1\"><b>SMART CITY CONNECTED TRAFFIC<\/b><span style=\"font-weight: 400;\"> \u2013 uspostava integriranog sustava za podr\u0161ku odlu\u010divanju u gradskom prometu i urbanoj mobilnosti.<\/span><\/li><\/ul><ul><li style=\"font-weight: 400;\" aria-level=\"1\"><b>SMART CITY 4DII<\/b><span style=\"font-weight: 400;\"> \u2013 efikasnije upravljanje infrastrukturom u svrhu smanjivanja tro\u0161kova, privla\u010denja investicija i pru\u017eanja \u0161to bolje usluge svojim korisnicima.<\/span><\/li><\/ul><p><span style=\"font-weight: 400;\">\u00a0<\/span><\/p><p><span style=\"font-weight: 400;\">Ukupna vrijednost projekta je 149.631.384,15 HRK, od \u010dega 95.357.525,75 HRK sufinancira Europska unija.<\/span><\/p><p><span style=\"font-weight: 400;\">Energetski institut Hrvoje Po\u017ear je nositelj projekta SMART CITY ENERGY AND ENVIRONMENT, a kao partner sudjeluje u SMART CITY 4DII.<\/span><\/p><p><span style=\"font-weight: 400;\">\u00a0<\/span><\/p><h3><span style=\"font-weight: 400;\">Energy Environment<\/span><\/h3><p><span style=\"font-weight: 400;\">Cilj ove projektne cjeline je razvoj rje\u0161enja za unaprje\u0111enje energetskih sustava i sustava za pra\u0107enje okoli\u0161a u pametnim gradovima. \u017delja je u\u010diniti gradove \u0161to je mogu\u0107e vi\u0161e energetski u\u010dinkovitim i \u0161to vi\u0161e odr\u017eivim u gospodarenju resursima, \u0161tite\u0107i okoli\u0161 i odr\u017eavaju\u0107i kvalitetu \u017eivota gra\u0111ana, oslanjaju\u0107i se na podatke prikupljene kroz temeljnu platformu pametnog grada.<\/span><\/p><p><span style=\"font-weight: 400;\">Odr\u017eivo upravljanje prirodnim resursima (Pametan okoli\u0161) posti\u017ee se putem uvo\u0111enja novih tehnolo\u0161kih rje\u0161enja. To je posebice istaknuto kod potro\u0161nje energenata, zbrinjavanja i gospodarenja otpadom, pametne rasvjete te gradnje ili obnove objekata.<\/span><\/p><p><span style=\"font-weight: 400;\">Nositelj projekta je <\/span><b>The Energy Institute Hrvoje Po\u017ear<\/b><span style=\"font-weight: 400;\">, a partneri Elektrokovina Plus, Apsolon, SmartIS i Hrvatski Telekom.<\/span><\/p><p><span style=\"font-weight: 400;\">U sklopu projektne cjeline razvit \u0107e se inovativni, user-friendly skup digitalnih alata, aplikacija i usluga \u010dija je zajedni\u010dka poveznica bottom-up anga\u017eman korisnika i pro\u0161irenje energetske u\u010dinkovitosti u sna\u017eno povezani svijet pametnog grada. Krajnji korisnici, odnosno gra\u0111ani pametnog grada, imaju mogu\u0107nost izravno sudjelovati u razvoju modela energetske u\u010dinkovitosti i odr\u017eivosti pametnog grada s ciljem zadr\u017eavanja i pove\u0107anja razine kvalitete \u017eivota u gradu.<\/span><\/p><p><span style=\"font-weight: 400;\">Tako\u0111er, dobiveni podaci pru\u017eaju potporu za dinami\u010dku potporu odlu\u010divanju kroz identifikaciju prioritetnih zgrada za energetsku obnovu, procjenu energetskih u\u0161teda.<\/span><\/p><p><span style=\"font-weight: 400;\">Unutar modula Energy Efficiency uspostavit \u0107e se sustav za pra\u0107enje energetske potro\u0161nje te ekonomskih i tehni\u010dkih pokazatelja energetske u\u010dinkovitosti u okviru pametnog grada. Razvit \u0107e se i implementirati vi\u0161ekriterijski algoritam za pra\u0107enje, upravljanje i planiranje energetske u\u010dinkovitosti za specifi\u010dne sektore energetske potro\u0161nje.<\/span><\/p><p><span style=\"font-weight: 400;\">Pilot projekt \u201epametne rasvjete\u201c, elektroni\u010dke i softverske podloge za sustav upravljanja javnom rasvjetom, testirat \u0107e se na 30 do 50 lampi koje \u0107e biti opremljene senzorima pokreta i senzorima svjetlosti , a pru\u017eat \u0107e nebrojene mogu\u0107nosti upravljanja rasvjetom i energetsku u\u0161tedu ali i priliku za oplemenjivanje i efikasnije kori\u0161tenje postoje\u0107e distribucijske mre\u017ee pomo\u0107u prikupljenih informacija. U\u0161teda je u fokusu i projekta Smart Waste\u00a0 koji \u0107e pru\u017eiti kompletna rje\u0161enja za u\u010dinkovito gospodarenje otpadom. Kroz mobilnu i mre\u017enu aplikaciju, povezat \u0107e se komunalna dru\u0161tva zadu\u017eene za zbrinjavanje otpada, dispe\u010deri koji planiraju dnevne rute zbrinjavanja otpadom te gra\u0111ane.<\/span><\/p><p><span style=\"font-weight: 400;\">Poseban projekt unutar cjeline Energy &amp; Environment je tzv. KPI Evaluator, odnosno razvoj, formulacija i pra\u0107enje klju\u010dnih i relevantnih pokazatelja na podru\u010dju energetske u\u010dinkovitosti i odr\u017eivog okoli\u0161a kroz inovativnu i interaktivnu prezentacijsku platformu. Kroz ovu platformu za pra\u0107enje klju\u010dnih pokazatelja uspje\u0161nosti grada, Rijeka \u0107e dobiti iscrpne podatke po pojedinim podru\u010djima, a mo\u0107i \u0107e se pratiti i trendovi i kretanja, odnosno napredak grada po pojedinim pokazateljima. Navedena \u0107e se platforma mo\u0107i sagledati kao \u201eosobna iskaznica grada\u201c, a Rijeka \u0107e postati testni centar za prakti\u010dnu primjenu ove platforme.<\/span><\/p><p><span style=\"font-weight: 400;\">Svi moduli ovog projekta u svojoj osnovnoj izvedbi ciljane primarne korisnike imaju me\u0111u gradovima i jedinicama lokalne samouprave, no pojedini se moduli u prilago\u0111enoj varijanti mogu plasirati i druga\u010dijem tipu korisnika (upraviteljima zgrada ili vlasnicima objekata, tvrtkama\u2026).<\/span><\/p><p><span style=\"font-weight: 400;\">\u00a0<\/span><\/p><h3><span style=\"font-weight: 400;\">4DII<\/span><\/h3><p><span style=\"font-weight: 400;\">Komunalna infrastruktura je vrlo bitan element razvoja svakog prostora, s njom je vezan skoro svaki zahvat u prostoru, a u ve\u0107ini slu\u010daja bez nje je razvoj prakti\u010dki nemogu\u0107. Iz tog razloga podru\u010dje pametna uprava kre\u0107e od pretpostavke kako su prikupljeni i ure\u0111eni podaci o komunalnoj infrastrukturi va\u017ean skup podataka u u\u010dinkovitom upravljanju sustavima koji svoje usluge baziraju na sigurnosti i raspolo\u017eivosti infrastrukture. Iz tog razloga je njihov cilj efikasna evidencija i upravljanje podzemnom i nadzemnom komunalnom infrastrukturom, a kako bi se smanjili tro\u0161kovi, pove\u0107ala efikasnost, privukle investicije te pru\u017eila bolja usluga.<\/span><\/p><p><span style=\"font-weight: 400;\">Bit \u0107e omogu\u0107ena evidencija i upravljanje \u0161irokog spektra podataka vezanih uz infrastrukturu, od polo\u017eaja i karakteristike svake pojedine infrastrukture, socio-ekonomskih pokazatelja, te sigurnosnih aspekata za kriti\u010dne infrastrukture.<\/span><\/p><p><span style=\"font-weight: 400;\">Nove usluge i proizvodi koji bi se dobili istra\u017eivanjem unutar Smart City 4DII su namijenjene svim vlasnicima i upraviteljima infrastrukture, te raznim tijelima dr\u017eavne uprave koji su zadu\u017eeni za prikupljanje, evidenciju i upravljanje jednom ili vi\u0161e vrsta infrastrukture. Potreba za takvim uslugama i rje\u0161enjem je globalnog karaktera jer infrastruktura postoji u svim dr\u017eavama svijeta.<\/span><\/p><p><span style=\"font-weight: 400;\">Nositelj projekta je Ericsson Nikola Tesla, a na projektu su uklju\u010deni i 3tcable, Alarm Automatika, Sveu\u010dili\u0161te u Rijeci, <\/span><b>Energetski institute Hrvoje Po\u017ear<\/b><span style=\"font-weight: 400;\">, te komunalna dru\u0161tva Vodovod i Kanalizacija i Energo.<\/span><\/p><p><span style=\"font-weight: 400;\">Trenutno ne postoji evidencija cjelokupne infrastrukture, a i ono \u0161to je evidentirano u dobrom dijelu ne zadovoljava u potpunosti postoje\u0107e zahtjeve, a dostupni postoje\u0107i alati na globalnom tr\u017ei\u0161tu ne pru\u017eaju mogu\u0107nosti upravljanja prostorno \u2013 vremenskom komponentom infrastrukture. Ovaj inovativni projekt zamjenjuje dvodimenzionalni prikaz infrastrukture prostorno-vremenskom dimenzijom (4D), a dodatno se ubrzava proces prikupljanja i interpretacije podataka, \u010dime se posti\u017ee efikasnija evidencija i upravljanje komunalnom infrastrukturom.<\/span><\/p><p><span style=\"font-weight: 400;\">Kako kvaliteta komunalne infrastrukture direktno utje\u010de na kvalitetu usluge i isporuke proizvoda krajnjim kupcima, kori\u0161tenje georadara \u0107e pru\u017eiti 3d prikaz podzemne infrastrukture koji \u0107e stvarati sustav radarskih zapisa koji \u0107e se naknadno povezivati u integralni sustav.<\/span><\/p><p><span style=\"font-weight: 400;\">Osim spomenutih sustava za automatsku obradu i prepoznavanje podzemne infrastrukture na osnovi radarskih zapisa, te sustava inovativne inventarizacije i kontrole infrastrukture, u planu je i integracija razli\u010ditih informacija o komunalnoj infrastrukturi s drugim socio-ekonomskim informacijama i utjecajem kojeg komunalna infrastruktura ima na odvijanje poslovnih procesa pametnog grada.<\/span><\/p><p><span style=\"font-weight: 400;\">Tako\u0111er, istra\u017eit \u0107e se, testirati i potvrditi rje\u0161enja prijema alarmnih informacija, video nadzora, upravljanje sa sustavima, te testirati programska platforma za slanje masovnih poruka i obavje\u0161tavanja u kriznim situacijama.<\/span><\/p><p><span style=\"font-weight: 400;\">Sve predlo\u017eene metodologije sakupljanja podataka o infrastrukturi \u0107e se u sklopu projekta istra\u017eiti, testirati i potvrditi te usporediti s trenutnim stanjem kako bi se pokazala pove\u0107ana to\u010dnost i kvaliteta primjene novih metoda i alata. Cilj je da informacijski sustav Smart City 4DII svojim modulima omogu\u0107i inventarizaciju, planiranje, upravljanje, dokumentiranje i analiziranje podatka komunalne infrastrukture integracijom razli\u010ditih aspekata podataka.<\/span><\/p><p><span style=\"font-weight: 400;\">Takav cjelovit na\u010din prikupljanja podataka za sada ne postoji na podru\u010dju Republike Hrvatske, a i globalno budu\u0107i da trenutno postoje samo neki dijelovi rje\u0161enja za pojedina\u010dne elemente koji su obuhva\u0107eni projektom. Rezultat projekta \u0107e biti istra\u017eena i testirana baza podataka o komunalnoj infrastrukturi, a ujedno i bolje i efikasnije upravljanje komunalnom infrastrukturom.<\/span><\/p><p><span style=\"font-weight: 400;\">\u00a0<\/span><\/p><p><b>Kontakt osoba za vi\u0161e informacija o projektu SMART CITY ENERGY AND ENVIRONMENT i ulozi Instituta u projektu SMART CITY 4DII:<\/b><\/p><p><span style=\"font-weight: 400;\">Maja Bo\u017ei\u010devi\u0107 Vrhov\u010dak, email: mbozicevic@eihp.hr<\/span><\/p><p><b>Kontakt osoba za vi\u0161e informacija o projektu Centar kompetencija za pametne gradove (CEKOM):<\/b><span style=\"font-weight: 400;\">\u00a0<\/span><\/p><p><span style=\"font-weight: 400;\">Nenad Antolovi\u0107, email: nenad.antolovic@smart-ri.hr<\/span><\/p>\t\t\t\t\t\t\t\t<\/div>\n\t\t\t\t<\/div>\n\t\t\t\t\t<\/div>\n\t\t<\/div>\n\t\t\t\t\t<\/div>\n\t\t<\/section>\n\t\t\t\t<section class=\"elementor-section elementor-top-section elementor-element elementor-element-128bb5ae elementor-section-full_width elementor-hidden-mobile elementor-section-height-default elementor-section-height-default\" data-id=\"128bb5ae\" data-element_type=\"section\">\n\t\t\t\t\t\t<div class=\"elementor-container elementor-column-gap-default\">\n\t\t\t\t\t<div class=\"elementor-column elementor-col-100 elementor-top-column elementor-element elementor-element-1865e1cb\" data-id=\"1865e1cb\" data-element_type=\"column\">\n\t\t\t<div class=\"elementor-widget-wrap elementor-element-populated\">\n\t\t\t\t\t\t<div class=\"elementor-element elementor-element-764e2339 elementor-absolute elementor-widget elementor-widget-image\" data-id=\"764e2339\" data-element_type=\"widget\" data-settings=\"{&quot;_position&quot;:&quot;absolute&quot;}\" data-widget_type=\"image.default\">\n\t\t\t\t<div class=\"elementor-widget-container\">\n\t\t\t\t\t\t\t\t\t\t\t\t\t\t\t<img fetchpriority=\"high\" decoding=\"async\" width=\"656\" height=\"656\" src=\"https:\/\/eihp.hr\/wp-content\/uploads\/2022\/03\/Abstract-square-final-EIHP.png\" class=\"attachment-large size-large wp-image-8388\" alt=\"\" srcset=\"https:\/\/eihp.hr\/wp-content\/uploads\/2022\/03\/Abstract-square-final-EIHP.png 656w, https:\/\/eihp.hr\/wp-content\/uploads\/2022\/03\/Abstract-square-final-EIHP-300x300.png 300w, https:\/\/eihp.hr\/wp-content\/uploads\/2022\/03\/Abstract-square-final-EIHP-150x150.png 150w\" sizes=\"(max-width: 656px) 100vw, 656px\" \/>\t\t\t\t\t\t\t\t\t\t\t\t\t\t\t<\/div>\n\t\t\t\t<\/div>\n\t\t\t\t\t<\/div>\n\t\t<\/div>\n\t\t\t\t\t<\/div>\n\t\t<\/section>\n\t\t\t\t<\/div>","protected":false},"excerpt":{"rendered":"<p>Centar kompetencija za pametne gradove (CEKOM) je rezultat zajedni\u010dke prijave i razrade \u0161est istra\u017eiva\u010dko-razvojnih projekata od strane 20 partnera (https:\/\/smart-ri.hr\/partneri\/) na temelju poziva Podr\u0161ka razvoju centara kompetencija u okviru Operativnog programa Konkurentnost i kohezija 2014.-2020. Centri kompetencija su usmjereni na razvojna i industrijska istra\u017eivanja potaknuta od strane industrije i njihovu komercijalizaciju unutar specifi\u010dnih tematskih podru\u010dja [&hellip;]<\/p>","protected":false},"author":1,"featured_media":0,"parent":9597,"menu_order":0,"comment_status":"closed","ping_status":"closed","template":"","meta":{"footnotes":""},"class_list":["post-11004","page","type-page","status-publish","hentry"],"_links":{"self":[{"href":"https:\/\/eihp.hr\/en\/wp-json\/wp\/v2\/pages\/11004","targetHints":{"allow":["GET"]}}],"collection":[{"href":"https:\/\/eihp.hr\/en\/wp-json\/wp\/v2\/pages"}],"about":[{"href":"https:\/\/eihp.hr\/en\/wp-json\/wp\/v2\/types\/page"}],"author":[{"embeddable":true,"href":"https:\/\/eihp.hr\/en\/wp-json\/wp\/v2\/users\/1"}],"replies":[{"embeddable":true,"href":"https:\/\/eihp.hr\/en\/wp-json\/wp\/v2\/comments?post=11004"}],"version-history":[{"count":19,"href":"https:\/\/eihp.hr\/en\/wp-json\/wp\/v2\/pages\/11004\/revisions"}],"predecessor-version":[{"id":12956,"href":"https:\/\/eihp.hr\/en\/wp-json\/wp\/v2\/pages\/11004\/revisions\/12956"}],"up":[{"embeddable":true,"href":"https:\/\/eihp.hr\/en\/wp-json\/wp\/v2\/pages\/9597"}],"wp:attachment":[{"href":"https:\/\/eihp.hr\/en\/wp-json\/wp\/v2\/media?parent=11004"}],"curies":[{"name":"wp","href":"https:\/\/api.w.org\/{rel}","templated":true}]}}