{"id":11009,"date":"2022-04-21T11:14:48","date_gmt":"2022-04-21T09:14:48","guid":{"rendered":"https:\/\/meldendev.eu\/eihp\/?page_id=11009"},"modified":"2022-04-30T20:10:38","modified_gmt":"2022-04-30T18:10:38","slug":"leap4sme","status":"publish","type":"page","link":"https:\/\/eihp.hr\/en\/projekti\/leap4sme\/","title":{"rendered":"LEAP4SME"},"content":{"rendered":"<div data-elementor-type=\"wp-page\" data-elementor-id=\"11009\" class=\"elementor elementor-11009\" data-elementor-post-type=\"page\">\n\t\t\t\t\t\t<section class=\"elementor-section elementor-top-section elementor-element elementor-element-456da171 elementor-section-height-min-height elementor-section-boxed elementor-section-height-default elementor-section-items-middle\" data-id=\"456da171\" data-element_type=\"section\" data-settings=\"{&quot;background_background&quot;:&quot;classic&quot;}\">\n\t\t\t\t\t\t<div class=\"elementor-container elementor-column-gap-default\">\n\t\t\t\t\t<div class=\"elementor-column elementor-col-100 elementor-top-column elementor-element elementor-element-70c1bdf5\" data-id=\"70c1bdf5\" data-element_type=\"column\">\n\t\t\t<div class=\"elementor-widget-wrap\">\n\t\t\t\t\t\t\t<\/div>\n\t\t<\/div>\n\t\t\t\t\t<\/div>\n\t\t<\/section>\n\t\t\t\t<section class=\"elementor-section elementor-top-section elementor-element elementor-element-2569ac01 elementor-section-boxed elementor-section-height-default elementor-section-height-default\" data-id=\"2569ac01\" data-element_type=\"section\" data-settings=\"{&quot;background_background&quot;:&quot;classic&quot;}\">\n\t\t\t\t\t\t<div class=\"elementor-container elementor-column-gap-default\">\n\t\t\t\t\t<div class=\"elementor-column elementor-col-100 elementor-top-column elementor-element elementor-element-7c1eabcd\" data-id=\"7c1eabcd\" data-element_type=\"column\" data-settings=\"{&quot;background_background&quot;:&quot;classic&quot;}\">\n\t\t\t<div class=\"elementor-widget-wrap elementor-element-populated\">\n\t\t\t\t\t\t\t<\/div>\n\t\t<\/div>\n\t\t\t\t\t<\/div>\n\t\t<\/section>\n\t\t\t\t<section class=\"elementor-section elementor-top-section elementor-element elementor-element-57acd907 elementor-section-boxed elementor-section-height-default elementor-section-height-default\" data-id=\"57acd907\" data-element_type=\"section\">\n\t\t\t\t\t\t<div class=\"elementor-container elementor-column-gap-default\">\n\t\t\t\t\t<div class=\"elementor-column elementor-col-100 elementor-top-column elementor-element elementor-element-47e3a396\" data-id=\"47e3a396\" data-element_type=\"column\">\n\t\t\t<div class=\"elementor-widget-wrap elementor-element-populated\">\n\t\t\t\t\t\t<div class=\"elementor-element elementor-element-88ff8ea elementor-widget elementor-widget-image\" data-id=\"88ff8ea\" data-element_type=\"widget\" data-widget_type=\"image.default\">\n\t\t\t\t<div class=\"elementor-widget-container\">\n\t\t\t\t\t\t\t\t\t\t\t\t\t\t\t<img decoding=\"async\" width=\"290\" height=\"125\" src=\"https:\/\/eihp.hr\/wp-content\/uploads\/2022\/04\/5.-LEAP4SME2.jpg\" class=\"attachment-full size-full wp-image-10908\" alt=\"\" srcset=\"https:\/\/eihp.hr\/wp-content\/uploads\/2022\/04\/5.-LEAP4SME2.jpg 290w, https:\/\/eihp.hr\/wp-content\/uploads\/2022\/04\/5.-LEAP4SME2-18x8.jpg 18w\" sizes=\"(max-width: 290px) 100vw, 290px\" \/>\t\t\t\t\t\t\t\t\t\t\t\t\t\t\t<\/div>\n\t\t\t\t<\/div>\n\t\t\t\t<div class=\"elementor-element elementor-element-7aa70e0b elementor-widget elementor-widget-text-editor\" data-id=\"7aa70e0b\" data-element_type=\"widget\" data-widget_type=\"text-editor.default\">\n\t\t\t\t<div class=\"elementor-widget-container\">\n\t\t\t\t\t\t\t\t\t<h3><span style=\"font-weight: 400;\">Povezivanje politika energetskog pregleda radi unapre\u0111enja i potpore malim i srednjim poduze\u0107ima u postizanju energetske u\u010dinkovitosti<\/span><\/h3><p>\u00a0<\/p><p><span style=\"font-weight: 400;\">Koordiniran od strane ENEA, LEAP4SME ima za cilj podr\u017eati dr\u017eave \u010dlanice u uspostavljanju ili pobolj\u0161anju u\u010dinkovite politike za mala i srednja poduze\u0107a (MSP) da provode energetske preglede i primjenjuju preporu\u010dene mjere u\u0161tede energije, koje \u0107e pomo\u0107i smanjenu prepreka u primjeni mjera energetske u\u010dinkovitosti.<\/span><\/p><p>\u00a0<\/p><p>\u00a0<\/p><h3><span style=\"font-weight: 400;\">Cilj projekta:<\/span><\/h3><h3>\u00a0<\/h3><p><span style=\"font-weight: 400;\">Predlo\u017eeni projekt namjerava pru\u017eiti potporu dr\u017eavama \u010dlanicama u uspostavljanju ili pobolj\u0161anju nacionalnih i lokalnih shema za mala i srednja poduze\u0107a koja \u0107e pro\u0107i energetski pregled i provesti isplative preporu\u010dene mjere u\u0161tede energije.<\/span><\/p><p>\u00a0<\/p><p><span style=\"font-weight: 400;\">Po\u010detni rad na mapiranju politika i programa slijedit \u0107e detaljno razumijevanje njihovih snaga i slabosti, s ciljem prevladavanja trenutnih kriti\u010dnosti i uskih grla. Istodobno \u0107e se provesti rad na karakterizaciji malih i srednjih poduze\u0107a u smislu potro\u0161nje, veli\u010dine i sektora energije kako bi se razumjeli u\u010dinkoviti na\u010dini za pravilno adresiranje postoje\u0107ih i inovativnih politika energetskog pregleda.<\/span><\/p><p>\u00a0<\/p><p><span style=\"font-weight: 400;\">Pod uvjetom da se kontinuirano komunicira (putem radionica, upitnika, sastanaka) s kreatorima politike, kao i malim i srednjim poduze\u0107ima i ESCO-ima \/ udru\u017eenjima energetskih revizora, tada \u0107e se razviti i pro\u0161iriti niz prijedloga i preporuka politika.<\/span><\/p><p>\u00a0<\/p><h3><span style=\"font-weight: 400;\">Prioriteti vo\u0111enja politike i preporuka bit \u0107e:<\/span><\/h3><p>\u00a0<\/p><ul><li style=\"font-weight: 400;\" aria-level=\"1\"><span style=\"font-weight: 400;\">djelotvornost i orijentacija na stvarne potrebe tr\u017ei\u0161ta;<\/span><\/li><li style=\"font-weight: 400;\" aria-level=\"1\"><span style=\"font-weight: 400;\">integracija s drugim to\u010dkama EED-a, posebno \u010dlankom 7. Shemama obveza energetske u\u010dinkovitosti i alternativnim mjerama;<\/span><\/li><li style=\"font-weight: 400;\" aria-level=\"1\"><span style=\"font-weight: 400;\">ponovljivost, barem za sektor \/ veli\u010dinu \/ regiju malih i srednjih poduze\u0107a;<\/span><\/li><\/ul><p>\u00a0<\/p><p><span style=\"font-weight: 400;\">Temeljni dio projekta, uz odgovaraju\u0107e sudjelovanje zatra\u017eeno od svakog partnera, bit \u0107e kontinuirana akcija izgradnje i \u0161irenja kapaciteta upu\u0107ena kreatorima politike i relevantnim dionicima na europskoj, nacionalnoj i regionalnoj razini.<\/span><\/p><p>\u00a0<\/p><p><span style=\"font-weight: 400;\">Kako bi se napori koncentrirali na nove izazove i valorizirali prethodne napore, Konzorcij je predan iskoristiti \u0161to je mogu\u0107e vi\u0161e rezultata postignutih u prethodnim relevantnim projektima koje financira EU (poput ENSPOL, ODYSSEE-MURE, EPATEE) i relevantnim inicijativama poput kao EEFIG i s njim povezani forumi za odr\u017eiva ulaganja u energiju.<\/span><\/p><p>\u00a0<\/p><p><span style=\"font-weight: 400;\">Na zahtjev europskih institucija, Konzorcij vrlo rado \u017eeli dati svoj doprinos, putem nalaza i rezultata projekta, trenutnoj raspravi o definiciji malih i srednjih poduze\u0107a.<\/span><\/p>\t\t\t\t\t\t\t\t<\/div>\n\t\t\t\t<\/div>\n\t\t\t\t\t<\/div>\n\t\t<\/div>\n\t\t\t\t\t<\/div>\n\t\t<\/section>\n\t\t\t\t<section class=\"elementor-section elementor-top-section elementor-element elementor-element-128bb5ae elementor-section-full_width elementor-hidden-mobile elementor-section-height-default elementor-section-height-default\" data-id=\"128bb5ae\" data-element_type=\"section\">\n\t\t\t\t\t\t<div class=\"elementor-container elementor-column-gap-default\">\n\t\t\t\t\t<div class=\"elementor-column elementor-col-100 elementor-top-column elementor-element elementor-element-1865e1cb\" data-id=\"1865e1cb\" data-element_type=\"column\">\n\t\t\t<div class=\"elementor-widget-wrap elementor-element-populated\">\n\t\t\t\t\t\t<div class=\"elementor-element elementor-element-764e2339 elementor-absolute elementor-widget elementor-widget-image\" data-id=\"764e2339\" data-element_type=\"widget\" data-settings=\"{&quot;_position&quot;:&quot;absolute&quot;}\" data-widget_type=\"image.default\">\n\t\t\t\t<div class=\"elementor-widget-container\">\n\t\t\t\t\t\t\t\t\t\t\t\t\t\t\t<img fetchpriority=\"high\" decoding=\"async\" width=\"656\" height=\"656\" src=\"https:\/\/eihp.hr\/wp-content\/uploads\/2022\/03\/Abstract-square-final-EIHP.png\" class=\"attachment-large size-large wp-image-8388\" alt=\"\" srcset=\"https:\/\/eihp.hr\/wp-content\/uploads\/2022\/03\/Abstract-square-final-EIHP.png 656w, https:\/\/eihp.hr\/wp-content\/uploads\/2022\/03\/Abstract-square-final-EIHP-300x300.png 300w, https:\/\/eihp.hr\/wp-content\/uploads\/2022\/03\/Abstract-square-final-EIHP-150x150.png 150w\" sizes=\"(max-width: 656px) 100vw, 656px\" \/>\t\t\t\t\t\t\t\t\t\t\t\t\t\t\t<\/div>\n\t\t\t\t<\/div>\n\t\t\t\t\t<\/div>\n\t\t<\/div>\n\t\t\t\t\t<\/div>\n\t\t<\/section>\n\t\t\t\t<\/div>","protected":false},"excerpt":{"rendered":"<p>Povezivanje politika energetskog pregleda radi unapre\u0111enja i potpore malim i srednjim poduze\u0107ima u postizanju energetske u\u010dinkovitosti \u00a0 Koordiniran od strane ENEA, LEAP4SME ima za cilj podr\u017eati dr\u017eave \u010dlanice u uspostavljanju ili pobolj\u0161anju u\u010dinkovite politike za mala i srednja poduze\u0107a (MSP) da provode energetske preglede i primjenjuju preporu\u010dene mjere u\u0161tede energije, koje \u0107e pomo\u0107i smanjenu prepreka [&hellip;]<\/p>","protected":false},"author":1,"featured_media":0,"parent":9597,"menu_order":0,"comment_status":"closed","ping_status":"closed","template":"","meta":{"footnotes":""},"class_list":["post-11009","page","type-page","status-publish","hentry"],"_links":{"self":[{"href":"https:\/\/eihp.hr\/en\/wp-json\/wp\/v2\/pages\/11009","targetHints":{"allow":["GET"]}}],"collection":[{"href":"https:\/\/eihp.hr\/en\/wp-json\/wp\/v2\/pages"}],"about":[{"href":"https:\/\/eihp.hr\/en\/wp-json\/wp\/v2\/types\/page"}],"author":[{"embeddable":true,"href":"https:\/\/eihp.hr\/en\/wp-json\/wp\/v2\/users\/1"}],"replies":[{"embeddable":true,"href":"https:\/\/eihp.hr\/en\/wp-json\/wp\/v2\/comments?post=11009"}],"version-history":[{"count":13,"href":"https:\/\/eihp.hr\/en\/wp-json\/wp\/v2\/pages\/11009\/revisions"}],"predecessor-version":[{"id":11533,"href":"https:\/\/eihp.hr\/en\/wp-json\/wp\/v2\/pages\/11009\/revisions\/11533"}],"up":[{"embeddable":true,"href":"https:\/\/eihp.hr\/en\/wp-json\/wp\/v2\/pages\/9597"}],"wp:attachment":[{"href":"https:\/\/eihp.hr\/en\/wp-json\/wp\/v2\/media?parent=11009"}],"curies":[{"name":"wp","href":"https:\/\/api.w.org\/{rel}","templated":true}]}}