{"id":11010,"date":"2022-04-21T11:14:55","date_gmt":"2022-04-21T09:14:55","guid":{"rendered":"https:\/\/meldendev.eu\/eihp\/?page_id=11010"},"modified":"2022-10-13T08:11:30","modified_gmt":"2022-10-13T06:11:30","slug":"danup-2-gas","status":"publish","type":"page","link":"https:\/\/eihp.hr\/en\/projekti\/danup-2-gas\/","title":{"rendered":"DanuP-2-Gas"},"content":{"rendered":"<div data-elementor-type=\"wp-page\" data-elementor-id=\"11010\" class=\"elementor elementor-11010\" data-elementor-post-type=\"page\">\n\t\t\t\t\t\t<section class=\"elementor-section elementor-top-section elementor-element elementor-element-456da171 elementor-section-height-min-height elementor-section-boxed elementor-section-height-default elementor-section-items-middle\" data-id=\"456da171\" data-element_type=\"section\" data-settings=\"{&quot;background_background&quot;:&quot;classic&quot;}\">\n\t\t\t\t\t\t<div class=\"elementor-container elementor-column-gap-default\">\n\t\t\t\t\t<div class=\"elementor-column elementor-col-100 elementor-top-column elementor-element elementor-element-70c1bdf5\" data-id=\"70c1bdf5\" data-element_type=\"column\">\n\t\t\t<div class=\"elementor-widget-wrap\">\n\t\t\t\t\t\t\t<\/div>\n\t\t<\/div>\n\t\t\t\t\t<\/div>\n\t\t<\/section>\n\t\t\t\t<section class=\"elementor-section elementor-top-section elementor-element elementor-element-2569ac01 elementor-section-boxed elementor-section-height-default elementor-section-height-default\" data-id=\"2569ac01\" data-element_type=\"section\" data-settings=\"{&quot;background_background&quot;:&quot;classic&quot;}\">\n\t\t\t\t\t\t<div class=\"elementor-container elementor-column-gap-default\">\n\t\t\t\t\t<div class=\"elementor-column elementor-col-100 elementor-top-column elementor-element elementor-element-7c1eabcd\" data-id=\"7c1eabcd\" data-element_type=\"column\" data-settings=\"{&quot;background_background&quot;:&quot;classic&quot;}\">\n\t\t\t<div class=\"elementor-widget-wrap elementor-element-populated\">\n\t\t\t\t\t\t\t<\/div>\n\t\t<\/div>\n\t\t\t\t\t<\/div>\n\t\t<\/section>\n\t\t\t\t<section class=\"elementor-section elementor-top-section elementor-element elementor-element-57acd907 elementor-section-boxed elementor-section-height-default elementor-section-height-default\" data-id=\"57acd907\" data-element_type=\"section\">\n\t\t\t\t\t\t<div class=\"elementor-container elementor-column-gap-default\">\n\t\t\t\t\t<div class=\"elementor-column elementor-col-100 elementor-top-column elementor-element elementor-element-47e3a396\" data-id=\"47e3a396\" data-element_type=\"column\">\n\t\t\t<div class=\"elementor-widget-wrap elementor-element-populated\">\n\t\t\t\t\t\t<div class=\"elementor-element elementor-element-88ff8ea elementor-widget elementor-widget-image\" data-id=\"88ff8ea\" data-element_type=\"widget\" data-widget_type=\"image.default\">\n\t\t\t\t<div class=\"elementor-widget-container\">\n\t\t\t\t\t\t\t\t\t\t\t\t\t\t\t<img fetchpriority=\"high\" decoding=\"async\" width=\"653\" height=\"259\" src=\"https:\/\/eihp.hr\/wp-content\/uploads\/2021\/09\/Interreg-Danup-2-Gas.png\" class=\"attachment-full size-full wp-image-7109\" alt=\"\" srcset=\"https:\/\/eihp.hr\/wp-content\/uploads\/2021\/09\/Interreg-Danup-2-Gas.png 653w, https:\/\/eihp.hr\/wp-content\/uploads\/2021\/09\/Interreg-Danup-2-Gas-300x119.png 300w\" sizes=\"(max-width: 653px) 100vw, 653px\" \/>\t\t\t\t\t\t\t\t\t\t\t\t\t\t\t<\/div>\n\t\t\t\t<\/div>\n\t\t\t\t<div class=\"elementor-element elementor-element-7aa70e0b elementor-widget elementor-widget-text-editor\" data-id=\"7aa70e0b\" data-element_type=\"widget\" data-widget_type=\"text-editor.default\">\n\t\t\t\t<div class=\"elementor-widget-container\">\n\t\t\t\t\t\t\t\t\t<p><span style=\"font-weight: 400;\">Innovative model to drive energy security and diversity in the Danube Region via combination of bioenergy with surplus renewable energy<\/span><\/p><p><a href=\"http:\/\/www.interreg-danube.eu\/danup-2-gas\" target=\"_blank\" rel=\"noopener\"><span style=\"font-weight: 400;\">www.interreg-danube.eu\/danup-2-gas<\/span><\/a><\/p><h3>\u00a0<\/h3><h3><span style=\"font-weight: 400;\">PROJECT DESCRIPTION:<\/span><\/h3><p><span style=\"font-weight: 400;\">Dunavska regija ima ogroman potencijal za skladi\u0161tenje i odr\u017eivu proizvodnju obnovljive energije. Me\u0111utim, do danas ova regija znatno ovisi o energetskom uvozu, dok su razina energetske u\u010dinkovitosti, raznolikosti izvora energije i obnovljivih izvora energije niske. U skladu s EU klimatskim ciljevima za 2030. Godinu I EUSDR PA2 ciljevima, DanuP-2-Gas projekt promovira uvo\u0111enje procesa me\u0111unarodnog energetskog planiranja, putem izrade strategija proizvodnje i skladi\u0161tenja obnovljivih izvora energije kroz spajanje plinskog i elektroenergetskog sektora. Projekt kroz svoje djelovanje poku\u0161ava zbli\u017eiti rad energetskih agencija, poslovnih dionika, javnih ustanova I znanstveno-istra\u017eiva\u010dkih instituta putem Dunavske Energetske Platforme (engl. Danube Energy Platform), koja se temelji na na Atlasu prethodno provedenog projekta Energy Barge. Zna\u010dajan segment i inovativnost projekta je uklju\u010divanje tehnologije vodika, kao medija u kojem se skladi\u0161ti energija iz obnovljivih izvora energije \u2013 u ovom slu\u010daju, biomase i bioplina. Navedeni izvori energije u Dunavskoj regiji imaju zna\u010dajan energetski potencijal, koji se \u017eeli u sklopu projekta istra\u017eiti te prikazati mogu\u0107nosti zainteresiranim dionicima, ali im pomo\u0107i i prilikom osmi\u0161ljavanja novih projektnih prijedloga.<\/span><\/p><p><span style=\"font-weight: 400;\">Program: Danube Transnational Programme<\/span><\/p><p><span style=\"font-weight: 400;\">Follow-up projekta ENERGY BARGE (DTP)<\/span><\/p><p><span style=\"font-weight: 400;\">Voditelj: Technology Centre Energy \u2013 University of Applied Sciences Landschut, DE<\/span><\/p><p><span style=\"font-weight: 400;\">13 partnera, 1 IPA partner, 10 priklju\u010denih partnera (Associated partner)<\/span><\/p><p><span style=\"font-weight: 400;\">Trajanje: 30 mjeseci (1.7.2020. \u2013 31.12.2022.)<\/span><\/p><p><span style=\"font-weight: 400;\">Ukupni bud\u017eet: 2.4<\/span><span style=\"font-weight: 400;\">81.571,85 EUR<\/span><\/p><p><span style=\"font-weight: 400;\">EIHP: 194.161,40 EUR<\/span><\/p><p><span style=\"font-weight: 400;\">Sufinanciranje 85%<\/span><\/p><p><b>EIHP voditelj projekta:<\/b><\/p><p><span style=\"font-weight: 400;\">Ivona Huleni\u0107;\u00a0 ihulenic@eihp.hr;\u00a0 +385 1 6326 287\u00a0<br \/><\/span><\/p><h3><span style=\"font-weight: 400;\">PROJEKTNI PARTN<\/span><span style=\"font-weight: 400;\">ERI:<\/span><\/h3><ul><li style=\"font-weight: 400;\" aria-level=\"1\"><span style=\"font-weight: 400;\">Lead partner: Technology Centre Energy \u2013 University of Applied Sciences Landshut (DE)<\/span><\/li><\/ul><ul><li style=\"font-weight: 400;\" aria-level=\"1\"><span style=\"font-weight: 400;\">ERDF PP1 Energy Agency of Savinjska, \u0160ale\u0161ka and Koro\u0161ka Region (SI)<\/span><\/li><\/ul><ul><li style=\"font-weight: 400;\" aria-level=\"1\"><span style=\"font-weight: 400;\">ERDF PP2 Tolna County Development Agency Nonprofit Public Ltd.(HU)<\/span><\/li><\/ul><ul><li style=\"font-weight: 400;\" aria-level=\"1\"><span style=\"font-weight: 400;\">ERDF PP3 Energy Institute at the Johannes Kepler University Linz (AT)<\/span><\/li><\/ul><ul><li style=\"font-weight: 400;\" aria-level=\"1\"><span style=\"font-weight: 400;\">ERDF PP4 Black Sea Energy Research Centre (BG)<\/span><\/li><\/ul><ul><li style=\"font-weight: 400;\" aria-level=\"1\"><span style=\"font-weight: 400;\">ERDF PP5 URBASOFIA SRL (RO)<\/span><\/li><\/ul><ul><li style=\"font-weight: 400;\" aria-level=\"1\"><span style=\"font-weight: 400;\">ERDF PP6 Deggendorf Institute of Technology (DE)<\/span><\/li><\/ul><ul><li style=\"font-weight: 400;\" aria-level=\"1\"><span style=\"font-weight: 400;\">ERDF PP7 National Recycling Agency of Slovakia (SK)<\/span><\/li><\/ul><ul><li style=\"font-weight: 400;\" aria-level=\"1\"><span style=\"font-weight: 400;\">ERDF PP8 Institute of Technology and Business in \u010cesk\u00e9 Bud\u011bjovice (CZ)<\/span><\/li><\/ul><ul><li style=\"font-weight: 400;\" aria-level=\"1\"><span style=\"font-weight: 400;\">ERDF PP9 MAHART-Freeport Co. Ltd (HU)<\/span><\/li><\/ul><ul><li style=\"font-weight: 400;\" aria-level=\"1\"><span style=\"font-weight: 400;\">ERDF PP10 International Centre for Sustainable Development of Energy, Water and Environment Systems (HR)<\/span><\/li><\/ul><ul><li style=\"font-weight: 400;\" aria-level=\"1\"><span style=\"font-weight: 400;\">ERDF PP11 Energy Institute Hrvoje Po\u017ear (HR)<\/span><\/li><\/ul><ul><li style=\"font-weight: 400;\" aria-level=\"1\"><span style=\"font-weight: 400;\">ERDF PP12 University of Zagreb Faculty of Electrical Engineering and Computing (HR)<\/span><\/li><\/ul><ul><li style=\"font-weight: 400;\" aria-level=\"1\"><span style=\"font-weight: 400;\">IPA PP1 Regional Agency for Socio \u2013 Economic Development \u2013 Banat Ltd (RS)<\/span><\/li><\/ul>\t\t\t\t\t\t\t\t<\/div>\n\t\t\t\t<\/div>\n\t\t\t\t\t<\/div>\n\t\t<\/div>\n\t\t\t\t\t<\/div>\n\t\t<\/section>\n\t\t\t\t<section class=\"elementor-section elementor-top-section elementor-element elementor-element-128bb5ae elementor-section-full_width elementor-hidden-mobile elementor-section-height-default elementor-section-height-default\" data-id=\"128bb5ae\" data-element_type=\"section\">\n\t\t\t\t\t\t<div class=\"elementor-container elementor-column-gap-default\">\n\t\t\t\t\t<div class=\"elementor-column elementor-col-100 elementor-top-column elementor-element elementor-element-1865e1cb\" data-id=\"1865e1cb\" data-element_type=\"column\">\n\t\t\t<div class=\"elementor-widget-wrap elementor-element-populated\">\n\t\t\t\t\t\t<div class=\"elementor-element elementor-element-764e2339 elementor-absolute elementor-widget elementor-widget-image\" data-id=\"764e2339\" data-element_type=\"widget\" data-settings=\"{&quot;_position&quot;:&quot;absolute&quot;}\" data-widget_type=\"image.default\">\n\t\t\t\t<div class=\"elementor-widget-container\">\n\t\t\t\t\t\t\t\t\t\t\t\t\t\t\t<img decoding=\"async\" width=\"656\" height=\"656\" src=\"https:\/\/eihp.hr\/wp-content\/uploads\/2022\/03\/Abstract-square-final-EIHP.png\" class=\"attachment-large size-large wp-image-8388\" alt=\"\" srcset=\"https:\/\/eihp.hr\/wp-content\/uploads\/2022\/03\/Abstract-square-final-EIHP.png 656w, https:\/\/eihp.hr\/wp-content\/uploads\/2022\/03\/Abstract-square-final-EIHP-300x300.png 300w, https:\/\/eihp.hr\/wp-content\/uploads\/2022\/03\/Abstract-square-final-EIHP-150x150.png 150w\" sizes=\"(max-width: 656px) 100vw, 656px\" \/>\t\t\t\t\t\t\t\t\t\t\t\t\t\t\t<\/div>\n\t\t\t\t<\/div>\n\t\t\t\t\t<\/div>\n\t\t<\/div>\n\t\t\t\t\t<\/div>\n\t\t<\/section>\n\t\t\t\t<\/div>","protected":false},"excerpt":{"rendered":"<p>Innovative model to drive energy security and diversity in the Danube Region via combination of bioenergy with surplus renewable energy www.interreg-danube.eu\/danup-2-gas \u00a0 OPIS PROJEKTA Dunavska regija ima ogroman potencijal za skladi\u0161tenje i odr\u017eivu proizvodnju obnovljive energije. Me\u0111utim, do danas ova regija znatno ovisi o energetskom uvozu, dok su razina energetske u\u010dinkovitosti, raznolikosti izvora energije i [&hellip;]<\/p>","protected":false},"author":1,"featured_media":0,"parent":9597,"menu_order":0,"comment_status":"closed","ping_status":"closed","template":"","meta":{"footnotes":""},"class_list":["post-11010","page","type-page","status-publish","hentry"],"_links":{"self":[{"href":"https:\/\/eihp.hr\/en\/wp-json\/wp\/v2\/pages\/11010","targetHints":{"allow":["GET"]}}],"collection":[{"href":"https:\/\/eihp.hr\/en\/wp-json\/wp\/v2\/pages"}],"about":[{"href":"https:\/\/eihp.hr\/en\/wp-json\/wp\/v2\/types\/page"}],"author":[{"embeddable":true,"href":"https:\/\/eihp.hr\/en\/wp-json\/wp\/v2\/users\/1"}],"replies":[{"embeddable":true,"href":"https:\/\/eihp.hr\/en\/wp-json\/wp\/v2\/comments?post=11010"}],"version-history":[{"count":16,"href":"https:\/\/eihp.hr\/en\/wp-json\/wp\/v2\/pages\/11010\/revisions"}],"predecessor-version":[{"id":12364,"href":"https:\/\/eihp.hr\/en\/wp-json\/wp\/v2\/pages\/11010\/revisions\/12364"}],"up":[{"embeddable":true,"href":"https:\/\/eihp.hr\/en\/wp-json\/wp\/v2\/pages\/9597"}],"wp:attachment":[{"href":"https:\/\/eihp.hr\/en\/wp-json\/wp\/v2\/media?parent=11010"}],"curies":[{"name":"wp","href":"https:\/\/api.w.org\/{rel}","templated":true}]}}