{"id":11011,"date":"2022-04-21T11:15:07","date_gmt":"2022-04-21T09:15:07","guid":{"rendered":"https:\/\/meldendev.eu\/eihp\/?page_id=11011"},"modified":"2026-03-31T15:04:51","modified_gmt":"2026-03-31T13:04:51","slug":"replace","status":"publish","type":"page","link":"https:\/\/eihp.hr\/en\/projekti\/replace\/","title":{"rendered":"GEOBUILDING"},"content":{"rendered":"<div data-elementor-type=\"wp-page\" data-elementor-id=\"11011\" class=\"elementor elementor-11011\" data-elementor-post-type=\"page\">\n\t\t\t\t\t\t<section class=\"elementor-section elementor-top-section elementor-element elementor-element-456da171 elementor-section-height-min-height elementor-section-boxed elementor-section-height-default elementor-section-items-middle\" data-id=\"456da171\" data-element_type=\"section\" data-settings=\"{&quot;background_background&quot;:&quot;classic&quot;}\">\n\t\t\t\t\t\t<div class=\"elementor-container elementor-column-gap-default\">\n\t\t\t\t\t<div class=\"elementor-column elementor-col-100 elementor-top-column elementor-element elementor-element-70c1bdf5\" data-id=\"70c1bdf5\" data-element_type=\"column\">\n\t\t\t<div class=\"elementor-widget-wrap\">\n\t\t\t\t\t\t\t<\/div>\n\t\t<\/div>\n\t\t\t\t\t<\/div>\n\t\t<\/section>\n\t\t\t\t<section class=\"elementor-section elementor-top-section elementor-element elementor-element-2569ac01 elementor-section-boxed elementor-section-height-default elementor-section-height-default\" data-id=\"2569ac01\" data-element_type=\"section\" data-settings=\"{&quot;background_background&quot;:&quot;classic&quot;}\">\n\t\t\t\t\t\t<div class=\"elementor-container elementor-column-gap-default\">\n\t\t\t\t\t<div class=\"elementor-column elementor-col-100 elementor-top-column elementor-element elementor-element-7c1eabcd\" data-id=\"7c1eabcd\" data-element_type=\"column\" data-settings=\"{&quot;background_background&quot;:&quot;classic&quot;}\">\n\t\t\t<div class=\"elementor-widget-wrap elementor-element-populated\">\n\t\t\t\t\t\t\t<\/div>\n\t\t<\/div>\n\t\t\t\t\t<\/div>\n\t\t<\/section>\n\t\t\t\t<section class=\"elementor-section elementor-top-section elementor-element elementor-element-57acd907 elementor-section-boxed elementor-section-height-default elementor-section-height-default\" data-id=\"57acd907\" data-element_type=\"section\">\n\t\t\t\t\t\t<div class=\"elementor-container elementor-column-gap-default\">\n\t\t\t\t\t<div class=\"elementor-column elementor-col-100 elementor-top-column elementor-element elementor-element-47e3a396\" data-id=\"47e3a396\" data-element_type=\"column\">\n\t\t\t<div class=\"elementor-widget-wrap elementor-element-populated\">\n\t\t\t\t\t\t<div class=\"elementor-element elementor-element-88ff8ea elementor-widget elementor-widget-image\" data-id=\"88ff8ea\" data-element_type=\"widget\" data-widget_type=\"image.default\">\n\t\t\t\t<div class=\"elementor-widget-container\">\n\t\t\t\t\t\t\t\t\t\t\t\t\t\t\t<img fetchpriority=\"high\" decoding=\"async\" width=\"768\" height=\"483\" src=\"https:\/\/eihp.hr\/wp-content\/uploads\/2026\/03\/geobuilding_logo-768x483.png\" class=\"attachment-medium_large size-medium_large wp-image-16589\" alt=\"\" srcset=\"https:\/\/eihp.hr\/wp-content\/uploads\/2026\/03\/geobuilding_logo-768x483.png 768w, https:\/\/eihp.hr\/wp-content\/uploads\/2026\/03\/geobuilding_logo-300x189.png 300w, https:\/\/eihp.hr\/wp-content\/uploads\/2026\/03\/geobuilding_logo-1024x644.png 1024w, https:\/\/eihp.hr\/wp-content\/uploads\/2026\/03\/geobuilding_logo-1536x966.png 1536w, https:\/\/eihp.hr\/wp-content\/uploads\/2026\/03\/geobuilding_logo-2048x1288.png 2048w, https:\/\/eihp.hr\/wp-content\/uploads\/2026\/03\/geobuilding_logo-18x12.png 18w\" sizes=\"(max-width: 768px) 100vw, 768px\" \/>\t\t\t\t\t\t\t\t\t\t\t\t\t\t\t<\/div>\n\t\t\t\t<\/div>\n\t\t\t\t<div class=\"elementor-element elementor-element-7aa70e0b elementor-widget elementor-widget-text-editor\" data-id=\"7aa70e0b\" data-element_type=\"widget\" data-widget_type=\"text-editor.default\">\n\t\t\t\t<div class=\"elementor-widget-container\">\n\t\t\t\t\t\t\t\t\t<h3><span style=\"font-weight: 400;\">Fostering ground source geothermal energy based energy refurbishments in the border area<\/span><\/h3><div>\u00a0<\/div><h3><span style=\"font-weight: 400;\">PROJECT GOAL:<\/span><\/h3><p data-start=\"193\" data-end=\"368\"><span class=\"hover:entity-accent entity-underline inline cursor-pointer align-baseline\"><span class=\"whitespace-normal\">The Energy Institute Hrvoje Po\u017ear<\/span><\/span> (EIHP) participates as a project partner in the GeoBuilding project, implemented under the\u00a0<span class=\"hover:entity-accent entity-underline inline cursor-pointer align-baseline\"><span class=\"whitespace-normal\">Interreg VI-A Hungary\u2013Croatia Programme<\/span><\/span>.<\/p><p data-start=\"370\" data-end=\"647\">The project aims to promote the use of geothermal energy and support energy-efficient building renovation in the cross-border region of Hungary and Croatia. It focuses on developing practical tools, methodologies, and solutions for preparing and implementing geothermal investments.<\/p><p data-start=\"649\" data-end=\"817\">The project includes pilot actions, workshops, and knowledge exchange activities, aiming to strengthen cross-border cooperation and increase the use of sustainable energy solutions.<\/p><h3><span style=\"font-weight: 400;\">\u00a0<\/span><\/h3><h3><span style=\"font-weight: 400;\">PARTNERS:\u00a0<\/span><\/h3><ul><li>University of P\u00e9cs (Lead Partner)<\/li><li>Regional Energy Agency North (REAN)<\/li><li>Medjimurje Energy Agency Ltd (MENEA)<\/li><li>IMRO-DDKK Environmental Nonprofit Limited Liability Company<\/li><li>VIDRA - Regional Development Agency of Virovitica-Podravina County<\/li><li>City of Koprivnica<\/li><li>Medjimurje County<\/li><li>Energy Institute Hrvoje Po\u017ear (EIHP)<\/li><\/ul><p><span class=\"fontstyle0\">\u00a0<\/span><\/p><p><span class=\"fontstyle0\"><strong>Total project budget:<\/strong> <\/span><span class=\"fontstyle2\">2.124.999,36 EUR<\/span><\/p><p><strong><span class=\"fontstyle0\">EU funding: <\/span><\/strong><span class=\"fontstyle2\">1.699.999,48 EUR<\/span><\/p><p><strong><span class=\"fontstyle0\">National funding: <\/span><\/strong><span class=\"fontstyle2\">159.616,68 EUR<\/span><\/p><p><strong><span class=\"fontstyle0\">Own contribution: <\/span><\/strong><span class=\"fontstyle2\">265.383,20 EUR<\/span><\/p><p><span class=\"fontstyle2\">\u00a0<\/span><\/p><p><strong>The GeoBuilding project is co-financed by the European Union through the <span class=\"hover:entity-accent entity-underline inline cursor-pointer align-baseline\"><span class=\"whitespace-normal\">Interreg VI-A Hungary\u2013Croatia Programme<\/span><\/span><\/strong><\/p><div><img decoding=\"async\" class=\"alignnone wp-image-16651\" src=\"https:\/\/eihp.hr\/wp-content\/uploads\/2026\/03\/Screenshot-2026-03-31-143515-300x113.png\" alt=\"\" width=\"257\" height=\"97\" srcset=\"https:\/\/eihp.hr\/wp-content\/uploads\/2026\/03\/Screenshot-2026-03-31-143515-300x113.png 300w, https:\/\/eihp.hr\/wp-content\/uploads\/2026\/03\/Screenshot-2026-03-31-143515-18x7.png 18w, https:\/\/eihp.hr\/wp-content\/uploads\/2026\/03\/Screenshot-2026-03-31-143515.png 497w\" sizes=\"(max-width: 257px) 100vw, 257px\" \/><\/div>\t\t\t\t\t\t\t\t<\/div>\n\t\t\t\t<\/div>\n\t\t\t\t\t<\/div>\n\t\t<\/div>\n\t\t\t\t\t<\/div>\n\t\t<\/section>\n\t\t\t\t<section class=\"elementor-section elementor-top-section elementor-element elementor-element-128bb5ae elementor-section-full_width elementor-hidden-mobile elementor-section-height-default elementor-section-height-default\" data-id=\"128bb5ae\" data-element_type=\"section\">\n\t\t\t\t\t\t<div class=\"elementor-container elementor-column-gap-default\">\n\t\t\t\t\t<div class=\"elementor-column elementor-col-100 elementor-top-column elementor-element elementor-element-1865e1cb\" data-id=\"1865e1cb\" data-element_type=\"column\">\n\t\t\t<div class=\"elementor-widget-wrap elementor-element-populated\">\n\t\t\t\t\t\t<div class=\"elementor-element elementor-element-764e2339 elementor-absolute elementor-widget elementor-widget-image\" data-id=\"764e2339\" data-element_type=\"widget\" data-settings=\"{&quot;_position&quot;:&quot;absolute&quot;}\" data-widget_type=\"image.default\">\n\t\t\t\t<div class=\"elementor-widget-container\">\n\t\t\t\t\t\t\t\t\t\t\t\t\t\t\t<img decoding=\"async\" width=\"656\" height=\"656\" src=\"https:\/\/eihp.hr\/wp-content\/uploads\/2022\/03\/Abstract-square-final-EIHP.png\" class=\"attachment-large size-large wp-image-8388\" alt=\"\" srcset=\"https:\/\/eihp.hr\/wp-content\/uploads\/2022\/03\/Abstract-square-final-EIHP.png 656w, https:\/\/eihp.hr\/wp-content\/uploads\/2022\/03\/Abstract-square-final-EIHP-300x300.png 300w, https:\/\/eihp.hr\/wp-content\/uploads\/2022\/03\/Abstract-square-final-EIHP-150x150.png 150w\" sizes=\"(max-width: 656px) 100vw, 656px\" \/>\t\t\t\t\t\t\t\t\t\t\t\t\t\t\t<\/div>\n\t\t\t\t<\/div>\n\t\t\t\t\t<\/div>\n\t\t<\/div>\n\t\t\t\t\t<\/div>\n\t\t<\/section>\n\t\t\t\t<\/div>","protected":false},"excerpt":{"rendered":"<p>Poticanje energetske obnove u pograni\u010dnom podru\u010dju primjenom geotermalne energije \u00a0 CILJ PROJEKTA: Energetski institut Hrvoje Po\u017ear (EIHP) sudjeluje kao projektni partner u projektu GeoBuilding, koji se provodi u okviru programa prekograni\u010dne suradnje\u00a0Interreg VI-A Hungary\u2013Croatia. Cilj projekta je promicanje kori\u0161tenja geotermalne energije te podr\u0161ka energetski u\u010dinkovitoj obnovi zgrada u prekograni\u010dnom podru\u010dju Ma\u0111arske i Hrvatske. Projekt je [&hellip;]<\/p>","protected":false},"author":1,"featured_media":0,"parent":9597,"menu_order":0,"comment_status":"closed","ping_status":"closed","template":"","meta":{"footnotes":""},"class_list":["post-11011","page","type-page","status-publish","hentry"],"_links":{"self":[{"href":"https:\/\/eihp.hr\/en\/wp-json\/wp\/v2\/pages\/11011","targetHints":{"allow":["GET"]}}],"collection":[{"href":"https:\/\/eihp.hr\/en\/wp-json\/wp\/v2\/pages"}],"about":[{"href":"https:\/\/eihp.hr\/en\/wp-json\/wp\/v2\/types\/page"}],"author":[{"embeddable":true,"href":"https:\/\/eihp.hr\/en\/wp-json\/wp\/v2\/users\/1"}],"replies":[{"embeddable":true,"href":"https:\/\/eihp.hr\/en\/wp-json\/wp\/v2\/comments?post=11011"}],"version-history":[{"count":46,"href":"https:\/\/eihp.hr\/en\/wp-json\/wp\/v2\/pages\/11011\/revisions"}],"predecessor-version":[{"id":16658,"href":"https:\/\/eihp.hr\/en\/wp-json\/wp\/v2\/pages\/11011\/revisions\/16658"}],"up":[{"embeddable":true,"href":"https:\/\/eihp.hr\/en\/wp-json\/wp\/v2\/pages\/9597"}],"wp:attachment":[{"href":"https:\/\/eihp.hr\/en\/wp-json\/wp\/v2\/media?parent=11011"}],"curies":[{"name":"wp","href":"https:\/\/api.w.org\/{rel}","templated":true}]}}