{"id":12676,"date":"2022-12-13T16:47:28","date_gmt":"2022-12-13T15:47:28","guid":{"rendered":"https:\/\/eihp.hr\/?page_id=12676"},"modified":"2022-12-15T13:27:59","modified_gmt":"2022-12-15T12:27:59","slug":"sri2market","status":"publish","type":"page","link":"https:\/\/eihp.hr\/en\/projekti\/sri2market\/","title":{"rendered":"SRI2MARKET"},"content":{"rendered":"<div data-elementor-type=\"wp-page\" data-elementor-id=\"12676\" class=\"elementor elementor-12676\" data-elementor-post-type=\"page\">\n\t\t\t\t\t\t<section class=\"elementor-section elementor-top-section elementor-element elementor-element-456da171 elementor-section-height-min-height elementor-section-boxed elementor-section-height-default elementor-section-items-middle\" data-id=\"456da171\" data-element_type=\"section\" data-settings=\"{&quot;background_background&quot;:&quot;classic&quot;}\">\n\t\t\t\t\t\t<div class=\"elementor-container elementor-column-gap-default\">\n\t\t\t\t\t<div class=\"elementor-column elementor-col-100 elementor-top-column elementor-element elementor-element-70c1bdf5\" data-id=\"70c1bdf5\" data-element_type=\"column\">\n\t\t\t<div class=\"elementor-widget-wrap\">\n\t\t\t\t\t\t\t<\/div>\n\t\t<\/div>\n\t\t\t\t\t<\/div>\n\t\t<\/section>\n\t\t\t\t<section class=\"elementor-section elementor-top-section elementor-element elementor-element-2569ac01 elementor-section-boxed elementor-section-height-default elementor-section-height-default\" data-id=\"2569ac01\" data-element_type=\"section\" data-settings=\"{&quot;background_background&quot;:&quot;classic&quot;}\">\n\t\t\t\t\t\t<div class=\"elementor-container elementor-column-gap-default\">\n\t\t\t\t\t<div class=\"elementor-column elementor-col-100 elementor-top-column elementor-element elementor-element-7c1eabcd\" data-id=\"7c1eabcd\" data-element_type=\"column\" data-settings=\"{&quot;background_background&quot;:&quot;classic&quot;}\">\n\t\t\t<div class=\"elementor-widget-wrap elementor-element-populated\">\n\t\t\t\t\t\t\t<\/div>\n\t\t<\/div>\n\t\t\t\t\t<\/div>\n\t\t<\/section>\n\t\t\t\t<section class=\"elementor-section elementor-top-section elementor-element elementor-element-57acd907 elementor-section-boxed elementor-section-height-default elementor-section-height-default\" data-id=\"57acd907\" data-element_type=\"section\">\n\t\t\t\t\t\t<div class=\"elementor-container elementor-column-gap-default\">\n\t\t\t\t\t<div class=\"elementor-column elementor-col-100 elementor-top-column elementor-element elementor-element-47e3a396\" data-id=\"47e3a396\" data-element_type=\"column\">\n\t\t\t<div class=\"elementor-widget-wrap elementor-element-populated\">\n\t\t\t\t\t\t<div class=\"elementor-element elementor-element-88ff8ea elementor-widget elementor-widget-image\" data-id=\"88ff8ea\" data-element_type=\"widget\" data-widget_type=\"image.default\">\n\t\t\t\t<div class=\"elementor-widget-container\">\n\t\t\t\t\t\t\t\t\t\t\t\t\t\t\t<img decoding=\"async\" width=\"308\" height=\"56\" src=\"https:\/\/eihp.hr\/wp-content\/uploads\/2022\/12\/Picture1.jpg\" class=\"attachment-full size-full wp-image-12640\" alt=\"\" srcset=\"https:\/\/eihp.hr\/wp-content\/uploads\/2022\/12\/Picture1.jpg 308w, https:\/\/eihp.hr\/wp-content\/uploads\/2022\/12\/Picture1-300x55.jpg 300w, https:\/\/eihp.hr\/wp-content\/uploads\/2022\/12\/Picture1-18x3.jpg 18w\" sizes=\"(max-width: 308px) 100vw, 308px\" \/>\t\t\t\t\t\t\t\t\t\t\t\t\t\t\t<\/div>\n\t\t\t\t<\/div>\n\t\t\t\t<div class=\"elementor-element elementor-element-7aa70e0b elementor-widget elementor-widget-text-editor\" data-id=\"7aa70e0b\" data-element_type=\"widget\" data-widget_type=\"text-editor.default\">\n\t\t\t\t<div class=\"elementor-widget-container\">\n\t\t\t\t\t\t\t\t\t<h3><span style=\"font-weight: 400;\">Short project description<\/span><\/h3>\n<p>As Member States look to apply the European Union's Smart Readiness Indicator (SRI) to plan upgrades of their building stock, regional differences in regulation and markets hinder the roll out and stress inequalities.\n\nSRI2MARKET will use lessons learned by countries that are well advanced in rolling out SRI to support and inspire action among those that are not early movers.<\/p>\n<h3>&nbsp;<\/h3>\n<h3><span style=\"font-weight: 400;\">Project objectives<\/span><\/h3>\n<p><strong>Objective 1:<\/strong> Support the targeted EU Member States (Austria, Croatia, Cyprus, France, Portugal, Spain) on introducing the SRI into their national regulation<br>SRI2MARKET will produce recommendations for each of the targeted Member States on: (a) integrating the SRI into the current national regulatory framework for buildings (including performance requirements and building certification schemes), (b) evaluating whether the default SRI calculation methodology is appropriate or whether adaptations are required, and (c) using the SRI as an effective policy instrument to achieve the national energy and climate policy goals.<\/p>\n<p><strong>Objective 2:<\/strong> Propose public funding schemes to finance SRI upgrades in buildings<br>The project will set up and fuel \u2013 through evidence-based proposals \u2013 a stakeholder dialogue process with key national power market stakeholders (regulatory agencies, energy agencies, system operators) so as to jointly define how improvements in SRI rating should be compensated in order to provide the appropriate incentives to the building renovation market. The goal is to incentive energy efficiency measures that can help phase out old polluting power generation plants that exist only for serving peak demand, and\/or mitigate the need for additional power generation capacity that is non-economically viable.<\/p>\n<p><strong>Objective 3:<\/strong> Develop tools to guide SRI assessors and streamline building assessments.<br>The tools are collectively referred to as the \u201cSRI2MARKET Tool Suite\u201d, and they will all be accessible through a unifying, multilingual web portal.<\/p>\n<p><strong>Objective 4:<\/strong> Provide training to on the SRI and the methodology of its calculation.<br>The SRI2MARKET will offer e-learning lessons on the SRI and its assessment methodology. The learning materials will be developed originally in the English language and, then, translated into native project partner languages by each project partner.<\/p>\n<p><strong>Objective 5:<\/strong> Establish pilot projects of SRI assessment at the national level in order to identify examples of good practice.<br>The strategy of SRI2MARKET is to connect the users of the e-learning service with building owners that want indicative buildings of their portfolio assessed.<\/p>\n<p><strong>Objective 6:<\/strong> Provide recommendations to building owners and facility managers on cost-effective SRI upgrades<\/p>\n<p>SRI2MARKET will develop and disseminate recommendations to guide building owners in selecting automation capabilities that best fit their buildings.<\/p>\n<p>The recommendations will be based on a series of use cases that will: (a) present practical examples of how specific technology upgrades in different types of technical in-building systems are translated into improvements in the SRI rating, and (b) what can be achieved, in terms of energy savings and demand flexibility, by upgrading the SRI of different technology packages.<\/p>\n<h3>&nbsp;<\/h3>\n<h3><span style=\"font-weight: 400;\">Funding disclaimer<\/span><\/h3>\n<p>Co-funded by the European Union. Views and opinions expressed are however those of the author(s) only and do not necessarily reflect those of the European Union or CINEA. Neither the European Union nor the granting authority can be held responsible for them.<\/p>\n<h3>&nbsp;<\/h3>\n<h3><span style=\"font-weight: 400;\">Consortium<\/span><\/h3>\n<p><strong>IEECP<\/strong> has rich experience in managing EU-funded climate action and energy transition projects, producing science-based outputs for energy and climate policy, leading\ncommunication and dissemination activities.<\/p>\n<p><strong>REHVA<\/strong> has technical expertise in the field of energy efficiency in buildings, and particularly on the building related EU and national level policies; has acquired insights and know-how via its involvement as key stakeholder in the studies on the Smart Readiness Indicator (SRI) for buildings and as chair of the SRI Topical Group C.<\/p>\n<p><strong>UPRC<\/strong> is mainly involved in modelling energy systems, from buildings to national markets, and in carrying out policy evaluation.<\/p>\n<p><strong>HEBES<\/strong> is active on modelling technical building systems, devising optimal control algorithms for their operation, developing methods for measurement and verification of energy savings, and developing energy performance contracts that utilize data-driven applications.<\/p>\n<p><strong>ADENE<\/strong> is the responsible authority in Portugal for the Energy Performance Certification (EPC) scheme and will play a pivotal role in the design of the national SRI rollout.<\/p>\n<p><strong>AEE INTEC<\/strong> has good technical understanding of the interface between energy efficiency and demand flexibility, and a strong network of contacts in the energy efficiency market.<\/p>\n<p><strong>CENER<\/strong> has many-year experience in evaluation of building energy performance, including the methods used in practice for energy performance certification.<\/p>\n<p><strong>EIHP<\/strong> is involved in the strategic planning in the energy sector \u2013 development of regional, national, subnational and local strategies and action plans.<\/p>\n<p><strong>CEA<\/strong> combines technical expertise in the field of building energy efficiency and experience in dissemination activities.<\/p>\n<p><strong>BOKU<\/strong> brings technical expertise in evaluating packages of energy efficiency measures and of demand flexibility (the project team is involved in the IEA EBC Annex 82 on Flexible Buildings).<\/p>\n<p>The main competences of R2M include market analysis, business model development and innovation management activities, applied in the energy and building sectors. R2M has been supporting the roll out of the SRI through a service contract with DG ENER.<\/p>\n<p><strong>EFINOVATIC<\/strong> is a company specialised in energy efficiency and software development.<\/p>\n<h3>&nbsp;<\/h3>\n<h3><span style=\"font-weight: 400;\">Pilot projects<\/span><\/h3>\n<p>1200 pilots will be implemented in liaison with the relevant authorities and organisations at National level in Austria, Croatia, Cyprus, France, Portugal, and Spain.<\/p>\n<p>SRI2MARKET pilots serve three objectives:<br>- to test the SRI assessment process under real life conditions<br>- to evaluate how well the e-learning material supports SRI assessments in practice and collect practical information on the possible needs of the SRI assessors<br>- to fuel the interest of the national market actors in the SRI instrument<\/p>\t\t\t\t\t\t\t\t<\/div>\n\t\t\t\t<\/div>\n\t\t\t\t<div class=\"elementor-element elementor-element-556198d gallery-spacing-custom elementor-widget elementor-widget-image-gallery\" data-id=\"556198d\" data-element_type=\"widget\" data-widget_type=\"image-gallery.default\">\n\t\t\t\t<div class=\"elementor-widget-container\">\n\t\t\t\t\t\t\t<div class=\"elementor-image-gallery\">\n\t\t\t<div id='gallery-1' class='gallery galleryid-12676 gallery-columns-3 gallery-size-full'><figure class='gallery-item'>\n\t\t\t<div class='gallery-icon landscape'>\n\t\t\t\t<a data-elementor-open-lightbox=\"no\" href='https:\/\/eihp.hr\/wp-content\/uploads\/2022\/12\/rem.png'><img fetchpriority=\"high\" decoding=\"async\" width=\"1600\" height=\"752\" src=\"https:\/\/eihp.hr\/wp-content\/uploads\/2022\/12\/rem.png\" class=\"attachment-full size-full\" alt=\"\" srcset=\"https:\/\/eihp.hr\/wp-content\/uploads\/2022\/12\/rem.png 1600w, https:\/\/eihp.hr\/wp-content\/uploads\/2022\/12\/rem-300x141.png 300w, https:\/\/eihp.hr\/wp-content\/uploads\/2022\/12\/rem-1024x481.png 1024w, https:\/\/eihp.hr\/wp-content\/uploads\/2022\/12\/rem-768x361.png 768w, https:\/\/eihp.hr\/wp-content\/uploads\/2022\/12\/rem-1536x722.png 1536w, https:\/\/eihp.hr\/wp-content\/uploads\/2022\/12\/rem-18x8.png 18w\" sizes=\"(max-width: 1600px) 100vw, 1600px\" \/><\/a>\n\t\t\t<\/div><\/figure><figure class='gallery-item'>\n\t\t\t<div class='gallery-icon landscape'>\n\t\t\t\t<a data-elementor-open-lightbox=\"no\" href='https:\/\/eihp.hr\/wp-content\/uploads\/2022\/12\/ieecp.png'><img decoding=\"async\" width=\"1000\" height=\"500\" src=\"https:\/\/eihp.hr\/wp-content\/uploads\/2022\/12\/ieecp.png\" class=\"attachment-full size-full\" alt=\"\" srcset=\"https:\/\/eihp.hr\/wp-content\/uploads\/2022\/12\/ieecp.png 1000w, https:\/\/eihp.hr\/wp-content\/uploads\/2022\/12\/ieecp-300x150.png 300w, https:\/\/eihp.hr\/wp-content\/uploads\/2022\/12\/ieecp-768x384.png 768w, https:\/\/eihp.hr\/wp-content\/uploads\/2022\/12\/ieecp-18x9.png 18w\" sizes=\"(max-width: 1000px) 100vw, 1000px\" \/><\/a>\n\t\t\t<\/div><\/figure><figure class='gallery-item'>\n\t\t\t<div class='gallery-icon landscape'>\n\t\t\t\t<a data-elementor-open-lightbox=\"no\" href='https:\/\/eihp.hr\/wp-content\/uploads\/2022\/12\/cyprus-energy-agency.png'><img loading=\"lazy\" decoding=\"async\" width=\"1210\" height=\"589\" src=\"https:\/\/eihp.hr\/wp-content\/uploads\/2022\/12\/cyprus-energy-agency.png\" class=\"attachment-full size-full\" alt=\"\" srcset=\"https:\/\/eihp.hr\/wp-content\/uploads\/2022\/12\/cyprus-energy-agency.png 1210w, https:\/\/eihp.hr\/wp-content\/uploads\/2022\/12\/cyprus-energy-agency-300x146.png 300w, https:\/\/eihp.hr\/wp-content\/uploads\/2022\/12\/cyprus-energy-agency-1024x498.png 1024w, https:\/\/eihp.hr\/wp-content\/uploads\/2022\/12\/cyprus-energy-agency-768x374.png 768w, https:\/\/eihp.hr\/wp-content\/uploads\/2022\/12\/cyprus-energy-agency-18x9.png 18w\" sizes=\"(max-width: 1210px) 100vw, 1210px\" \/><\/a>\n\t\t\t<\/div><\/figure><figure class='gallery-item'>\n\t\t\t<div class='gallery-icon landscape'>\n\t\t\t\t<a data-elementor-open-lightbox=\"no\" href='https:\/\/eihp.hr\/wp-content\/uploads\/2022\/12\/eihp.png'><img loading=\"lazy\" decoding=\"async\" width=\"783\" height=\"430\" src=\"https:\/\/eihp.hr\/wp-content\/uploads\/2022\/12\/eihp.png\" class=\"attachment-full size-full\" alt=\"\" srcset=\"https:\/\/eihp.hr\/wp-content\/uploads\/2022\/12\/eihp.png 783w, https:\/\/eihp.hr\/wp-content\/uploads\/2022\/12\/eihp-300x165.png 300w, https:\/\/eihp.hr\/wp-content\/uploads\/2022\/12\/eihp-768x422.png 768w, https:\/\/eihp.hr\/wp-content\/uploads\/2022\/12\/eihp-18x10.png 18w\" sizes=\"(max-width: 783px) 100vw, 783px\" \/><\/a>\n\t\t\t<\/div><\/figure><figure class='gallery-item'>\n\t\t\t<div class='gallery-icon landscape'>\n\t\t\t\t<a data-elementor-open-lightbox=\"no\" href='https:\/\/eihp.hr\/wp-content\/uploads\/2022\/12\/cener.png'><img loading=\"lazy\" decoding=\"async\" width=\"1600\" height=\"1015\" src=\"https:\/\/eihp.hr\/wp-content\/uploads\/2022\/12\/cener.png\" class=\"attachment-full size-full\" alt=\"\" srcset=\"https:\/\/eihp.hr\/wp-content\/uploads\/2022\/12\/cener.png 1600w, https:\/\/eihp.hr\/wp-content\/uploads\/2022\/12\/cener-300x190.png 300w, https:\/\/eihp.hr\/wp-content\/uploads\/2022\/12\/cener-1024x650.png 1024w, https:\/\/eihp.hr\/wp-content\/uploads\/2022\/12\/cener-768x487.png 768w, https:\/\/eihp.hr\/wp-content\/uploads\/2022\/12\/cener-1536x974.png 1536w, https:\/\/eihp.hr\/wp-content\/uploads\/2022\/12\/cener-18x12.png 18w\" sizes=\"(max-width: 1600px) 100vw, 1600px\" \/><\/a>\n\t\t\t<\/div><\/figure><figure class='gallery-item'>\n\t\t\t<div class='gallery-icon landscape'>\n\t\t\t\t<a data-elementor-open-lightbox=\"no\" href='https:\/\/eihp.hr\/wp-content\/uploads\/2022\/12\/tees-lab.png'><img loading=\"lazy\" decoding=\"async\" width=\"1011\" height=\"276\" src=\"https:\/\/eihp.hr\/wp-content\/uploads\/2022\/12\/tees-lab.png\" class=\"attachment-full size-full\" alt=\"\" srcset=\"https:\/\/eihp.hr\/wp-content\/uploads\/2022\/12\/tees-lab.png 1011w, https:\/\/eihp.hr\/wp-content\/uploads\/2022\/12\/tees-lab-300x82.png 300w, https:\/\/eihp.hr\/wp-content\/uploads\/2022\/12\/tees-lab-768x210.png 768w, https:\/\/eihp.hr\/wp-content\/uploads\/2022\/12\/tees-lab-18x5.png 18w\" sizes=\"(max-width: 1011px) 100vw, 1011px\" \/><\/a>\n\t\t\t<\/div><\/figure><figure class='gallery-item'>\n\t\t\t<div class='gallery-icon landscape'>\n\t\t\t\t<a data-elementor-open-lightbox=\"no\" href='https:\/\/eihp.hr\/wp-content\/uploads\/2022\/12\/rehva.png'><img loading=\"lazy\" decoding=\"async\" width=\"1600\" height=\"960\" src=\"https:\/\/eihp.hr\/wp-content\/uploads\/2022\/12\/rehva.png\" class=\"attachment-full size-full\" alt=\"\" srcset=\"https:\/\/eihp.hr\/wp-content\/uploads\/2022\/12\/rehva.png 1600w, https:\/\/eihp.hr\/wp-content\/uploads\/2022\/12\/rehva-300x180.png 300w, https:\/\/eihp.hr\/wp-content\/uploads\/2022\/12\/rehva-1024x614.png 1024w, https:\/\/eihp.hr\/wp-content\/uploads\/2022\/12\/rehva-768x461.png 768w, https:\/\/eihp.hr\/wp-content\/uploads\/2022\/12\/rehva-1536x922.png 1536w, https:\/\/eihp.hr\/wp-content\/uploads\/2022\/12\/rehva-18x12.png 18w\" sizes=\"(max-width: 1600px) 100vw, 1600px\" \/><\/a>\n\t\t\t<\/div><\/figure><figure class='gallery-item'>\n\t\t\t<div class='gallery-icon portrait'>\n\t\t\t\t<a data-elementor-open-lightbox=\"no\" href='https:\/\/eihp.hr\/wp-content\/uploads\/2022\/12\/aee-intec.png'><img loading=\"lazy\" decoding=\"async\" width=\"625\" height=\"800\" src=\"https:\/\/eihp.hr\/wp-content\/uploads\/2022\/12\/aee-intec.png\" class=\"attachment-full size-full\" alt=\"\" srcset=\"https:\/\/eihp.hr\/wp-content\/uploads\/2022\/12\/aee-intec.png 625w, https:\/\/eihp.hr\/wp-content\/uploads\/2022\/12\/aee-intec-234x300.png 234w, https:\/\/eihp.hr\/wp-content\/uploads\/2022\/12\/aee-intec-9x12.png 9w\" sizes=\"(max-width: 625px) 100vw, 625px\" \/><\/a>\n\t\t\t<\/div><\/figure><figure class='gallery-item'>\n\t\t\t<div class='gallery-icon landscape'>\n\t\t\t\t<a data-elementor-open-lightbox=\"no\" href='https:\/\/eihp.hr\/wp-content\/uploads\/2022\/12\/boku.png'><img loading=\"lazy\" decoding=\"async\" width=\"450\" height=\"450\" src=\"https:\/\/eihp.hr\/wp-content\/uploads\/2022\/12\/boku.png\" class=\"attachment-full size-full\" alt=\"\" srcset=\"https:\/\/eihp.hr\/wp-content\/uploads\/2022\/12\/boku.png 450w, https:\/\/eihp.hr\/wp-content\/uploads\/2022\/12\/boku-300x300.png 300w, https:\/\/eihp.hr\/wp-content\/uploads\/2022\/12\/boku-150x150.png 150w, https:\/\/eihp.hr\/wp-content\/uploads\/2022\/12\/boku-12x12.png 12w\" sizes=\"(max-width: 450px) 100vw, 450px\" \/><\/a>\n\t\t\t<\/div><\/figure><figure class='gallery-item'>\n\t\t\t<div class='gallery-icon landscape'>\n\t\t\t\t<a data-elementor-open-lightbox=\"no\" href='https:\/\/eihp.hr\/wp-content\/uploads\/2022\/12\/adene.png'><img loading=\"lazy\" decoding=\"async\" width=\"1600\" height=\"1164\" src=\"https:\/\/eihp.hr\/wp-content\/uploads\/2022\/12\/adene.png\" class=\"attachment-full size-full\" alt=\"\" srcset=\"https:\/\/eihp.hr\/wp-content\/uploads\/2022\/12\/adene.png 1600w, https:\/\/eihp.hr\/wp-content\/uploads\/2022\/12\/adene-300x218.png 300w, https:\/\/eihp.hr\/wp-content\/uploads\/2022\/12\/adene-1024x745.png 1024w, https:\/\/eihp.hr\/wp-content\/uploads\/2022\/12\/adene-768x559.png 768w, https:\/\/eihp.hr\/wp-content\/uploads\/2022\/12\/adene-1536x1117.png 1536w, https:\/\/eihp.hr\/wp-content\/uploads\/2022\/12\/adene-16x12.png 16w\" sizes=\"(max-width: 1600px) 100vw, 1600px\" \/><\/a>\n\t\t\t<\/div><\/figure><figure class='gallery-item'>\n\t\t\t<div class='gallery-icon landscape'>\n\t\t\t\t<a data-elementor-open-lightbox=\"no\" href='https:\/\/eihp.hr\/wp-content\/uploads\/2022\/12\/hebes.png'><img loading=\"lazy\" decoding=\"async\" width=\"658\" height=\"578\" src=\"https:\/\/eihp.hr\/wp-content\/uploads\/2022\/12\/hebes.png\" class=\"attachment-full size-full\" alt=\"\" srcset=\"https:\/\/eihp.hr\/wp-content\/uploads\/2022\/12\/hebes.png 658w, https:\/\/eihp.hr\/wp-content\/uploads\/2022\/12\/hebes-300x264.png 300w, https:\/\/eihp.hr\/wp-content\/uploads\/2022\/12\/hebes-14x12.png 14w\" sizes=\"(max-width: 658px) 100vw, 658px\" \/><\/a>\n\t\t\t<\/div><\/figure>\n\t\t<\/div>\n\t\t<\/div>\n\t\t\t\t\t\t<\/div>\n\t\t\t\t<\/div>\n\t\t\t\t\t<\/div>\n\t\t<\/div>\n\t\t\t\t\t<\/div>\n\t\t<\/section>\n\t\t\t\t<section class=\"elementor-section elementor-top-section elementor-element elementor-element-128bb5ae elementor-section-full_width elementor-hidden-mobile elementor-section-height-default elementor-section-height-default\" data-id=\"128bb5ae\" data-element_type=\"section\">\n\t\t\t\t\t\t<div class=\"elementor-container elementor-column-gap-default\">\n\t\t\t\t\t<div class=\"elementor-column elementor-col-100 elementor-top-column elementor-element elementor-element-1865e1cb\" data-id=\"1865e1cb\" data-element_type=\"column\">\n\t\t\t<div class=\"elementor-widget-wrap elementor-element-populated\">\n\t\t\t\t\t\t<div class=\"elementor-element elementor-element-764e2339 elementor-absolute elementor-widget elementor-widget-image\" data-id=\"764e2339\" data-element_type=\"widget\" data-settings=\"{&quot;_position&quot;:&quot;absolute&quot;}\" data-widget_type=\"image.default\">\n\t\t\t\t<div class=\"elementor-widget-container\">\n\t\t\t\t\t\t\t\t\t\t\t\t\t\t\t<img loading=\"lazy\" decoding=\"async\" width=\"656\" height=\"656\" src=\"https:\/\/eihp.hr\/wp-content\/uploads\/2022\/03\/Abstract-square-final-EIHP.png\" class=\"attachment-large size-large wp-image-8388\" alt=\"\" srcset=\"https:\/\/eihp.hr\/wp-content\/uploads\/2022\/03\/Abstract-square-final-EIHP.png 656w, https:\/\/eihp.hr\/wp-content\/uploads\/2022\/03\/Abstract-square-final-EIHP-300x300.png 300w, https:\/\/eihp.hr\/wp-content\/uploads\/2022\/03\/Abstract-square-final-EIHP-150x150.png 150w\" sizes=\"(max-width: 656px) 100vw, 656px\" \/>\t\t\t\t\t\t\t\t\t\t\t\t\t\t\t<\/div>\n\t\t\t\t<\/div>\n\t\t\t\t\t<\/div>\n\t\t<\/div>\n\t\t\t\t\t<\/div>\n\t\t<\/section>\n\t\t\t\t<\/div>","protected":false},"excerpt":{"rendered":"<p>Kratki opis projekta Pokazatelj pripremljenosti za pametne tehnologije (engl. SRI &#8211; smart readiness indicators, u daljnjem tekstu: SRI) ozna\u010dava pokazatelj u kojem je sadr\u017eana informacija o ocjeni pripremljenosti zgrade ili samostalne uporabne cjeline zgrade za pametne tehnologije u skladu s \u010dlankom 8. stavkom 10. Direktive 2010\/31\/EU. Dr\u017eave \u010dlanice ula\u017eu napore u primjenu navedenog pokazatelja u [&hellip;]<\/p>","protected":false},"author":1,"featured_media":0,"parent":9597,"menu_order":0,"comment_status":"closed","ping_status":"closed","template":"","meta":{"footnotes":""},"class_list":["post-12676","page","type-page","status-publish","hentry"],"_links":{"self":[{"href":"https:\/\/eihp.hr\/en\/wp-json\/wp\/v2\/pages\/12676","targetHints":{"allow":["GET"]}}],"collection":[{"href":"https:\/\/eihp.hr\/en\/wp-json\/wp\/v2\/pages"}],"about":[{"href":"https:\/\/eihp.hr\/en\/wp-json\/wp\/v2\/types\/page"}],"author":[{"embeddable":true,"href":"https:\/\/eihp.hr\/en\/wp-json\/wp\/v2\/users\/1"}],"replies":[{"embeddable":true,"href":"https:\/\/eihp.hr\/en\/wp-json\/wp\/v2\/comments?post=12676"}],"version-history":[{"count":24,"href":"https:\/\/eihp.hr\/en\/wp-json\/wp\/v2\/pages\/12676\/revisions"}],"predecessor-version":[{"id":12726,"href":"https:\/\/eihp.hr\/en\/wp-json\/wp\/v2\/pages\/12676\/revisions\/12726"}],"up":[{"embeddable":true,"href":"https:\/\/eihp.hr\/en\/wp-json\/wp\/v2\/pages\/9597"}],"wp:attachment":[{"href":"https:\/\/eihp.hr\/en\/wp-json\/wp\/v2\/media?parent=12676"}],"curies":[{"name":"wp","href":"https:\/\/api.w.org\/{rel}","templated":true}]}}