{"id":12980,"date":"2023-02-23T13:44:13","date_gmt":"2023-02-23T12:44:13","guid":{"rendered":"https:\/\/eihp.hr\/?page_id=12980"},"modified":"2023-02-23T13:53:52","modified_gmt":"2023-02-23T12:53:52","slug":"ensmov-plus","status":"publish","type":"page","link":"https:\/\/eihp.hr\/en\/projekti\/ensmov-plus\/","title":{"rendered":"ENSMOV Plus"},"content":{"rendered":"<div data-elementor-type=\"wp-page\" data-elementor-id=\"12980\" class=\"elementor elementor-12980\" data-elementor-post-type=\"page\">\n\t\t\t\t\t\t<section class=\"elementor-section elementor-top-section elementor-element elementor-element-456da171 elementor-section-height-min-height elementor-section-boxed elementor-section-height-default elementor-section-items-middle\" data-id=\"456da171\" data-element_type=\"section\" data-settings=\"{&quot;background_background&quot;:&quot;classic&quot;}\">\n\t\t\t\t\t\t<div class=\"elementor-container elementor-column-gap-default\">\n\t\t\t\t\t<div class=\"elementor-column elementor-col-100 elementor-top-column elementor-element elementor-element-70c1bdf5\" data-id=\"70c1bdf5\" data-element_type=\"column\">\n\t\t\t<div class=\"elementor-widget-wrap\">\n\t\t\t\t\t\t\t<\/div>\n\t\t<\/div>\n\t\t\t\t\t<\/div>\n\t\t<\/section>\n\t\t\t\t<section class=\"elementor-section elementor-top-section elementor-element elementor-element-2569ac01 elementor-section-boxed elementor-section-height-default elementor-section-height-default\" data-id=\"2569ac01\" data-element_type=\"section\" data-settings=\"{&quot;background_background&quot;:&quot;classic&quot;}\">\n\t\t\t\t\t\t<div class=\"elementor-container elementor-column-gap-default\">\n\t\t\t\t\t<div class=\"elementor-column elementor-col-100 elementor-top-column elementor-element elementor-element-7c1eabcd\" data-id=\"7c1eabcd\" data-element_type=\"column\" data-settings=\"{&quot;background_background&quot;:&quot;classic&quot;}\">\n\t\t\t<div class=\"elementor-widget-wrap elementor-element-populated\">\n\t\t\t\t\t\t\t<\/div>\n\t\t<\/div>\n\t\t\t\t\t<\/div>\n\t\t<\/section>\n\t\t\t\t<section class=\"elementor-section elementor-top-section elementor-element elementor-element-57acd907 elementor-section-boxed elementor-section-height-default elementor-section-height-default\" data-id=\"57acd907\" data-element_type=\"section\">\n\t\t\t\t\t\t<div class=\"elementor-container elementor-column-gap-default\">\n\t\t\t\t\t<div class=\"elementor-column elementor-col-100 elementor-top-column elementor-element elementor-element-47e3a396\" data-id=\"47e3a396\" data-element_type=\"column\">\n\t\t\t<div class=\"elementor-widget-wrap elementor-element-populated\">\n\t\t\t\t\t\t<div class=\"elementor-element elementor-element-88ff8ea elementor-widget elementor-widget-image\" data-id=\"88ff8ea\" data-element_type=\"widget\" data-widget_type=\"image.default\">\n\t\t\t\t<div class=\"elementor-widget-container\">\n\t\t\t\t\t\t\t\t\t\t\t\t\t\t\t<img decoding=\"async\" width=\"308\" height=\"154\" src=\"https:\/\/eihp.hr\/wp-content\/uploads\/2023\/02\/ENSMOV-Plus-logo-transparent-background-e1677156912406.png\" class=\"attachment-full size-full wp-image-12982\" alt=\"\" srcset=\"https:\/\/eihp.hr\/wp-content\/uploads\/2023\/02\/ENSMOV-Plus-logo-transparent-background-e1677156912406.png 308w, https:\/\/eihp.hr\/wp-content\/uploads\/2023\/02\/ENSMOV-Plus-logo-transparent-background-e1677156912406-300x150.png 300w, https:\/\/eihp.hr\/wp-content\/uploads\/2023\/02\/ENSMOV-Plus-logo-transparent-background-e1677156912406-18x9.png 18w\" sizes=\"(max-width: 308px) 100vw, 308px\" \/>\t\t\t\t\t\t\t\t\t\t\t\t\t\t\t<\/div>\n\t\t\t\t<\/div>\n\t\t\t\t<div class=\"elementor-element elementor-element-7aa70e0b elementor-widget elementor-widget-text-editor\" data-id=\"7aa70e0b\" data-element_type=\"widget\" data-widget_type=\"text-editor.default\">\n\t\t\t\t<div class=\"elementor-widget-container\">\n\t\t\t\t\t\t\t\t\t<p>Article 7 of the Energy Efficiency Directive (EED) requires Member States to implement an Energy Efficiency Obligation Scheme (EEOS) or Alternative Measures to achieve a cumulative energy savings target over an obligation period (currently 2021-2030).<\/p><p>ENSMOV Plus is a three-year European project of the LIFE program, launched in December 2022. It builds on the previous ENSMOV project to provide support to public authorities and key stakeholders on the implementation of Article 7 EED.<\/p><p>The activities and resources developed by the project will cover the whole policy cycle, facilitate experience sharing and make knowledge and information easy to find and use. The project will deal with both short-term and concrete issues and longer term strategic approaches to improving the effectiveness of energy efficiency policies. The challenges of meeting the 2023 recast of the EED and its relation to the wider Fit-for-55 Package will be a key focus of the project.<\/p><p>The project will also continue the development of the ENSMOV knowledge sharing platform where all relevant information on Article 7 EED and its implementation can be found.<\/p><p>\u00a0<\/p><h3><span style=\"color: var( --e-global-color-efe0fd1 );\">Consortium<\/span><span style=\"color: var( --e-global-color-efe0fd1 ); font-size: 21px;\">\u00a0<\/span><\/h3><p>The consortium includes partners from 12 Member States: Austria, Croatia, France, Germany, Greece, Hungary, Italy, Lithuania, the Netherlands, Poland, Romania and Slovenia.<span style=\"color: var( --e-global-color-efe0fd1 );\">\u00a0<\/span><\/p><p><span style=\"font-weight: 400;\">\u00a0<\/span><\/p><h3><span style=\"color: var( --e-global-color-efe0fd1 );\">Note<\/span><span style=\"color: var( --e-global-color-efe0fd1 ); font-size: 21px;\">\u00a0<\/span><\/h3><p>With the EED recast, Article 7 will become Article 8. However, as the recast is not yet adopted and most stakeholders are still used to the current numbering, we speak in this survey of Article 7 EED.<\/p><p><strong>Web:<\/strong>: <a href=\"https:\/\/ieecp.org\/projects\/ensmov-plus\/\" target=\"_blank\" rel=\"noopener\">https:\/\/ieecp.org\/projects\/ensmov-plus\/<\/a><\/p>\t\t\t\t\t\t\t\t<\/div>\n\t\t\t\t<\/div>\n\t\t\t\t\t<\/div>\n\t\t<\/div>\n\t\t\t\t\t<\/div>\n\t\t<\/section>\n\t\t\t\t<section class=\"elementor-section elementor-top-section elementor-element elementor-element-128bb5ae elementor-section-full_width elementor-hidden-mobile elementor-section-height-default elementor-section-height-default\" data-id=\"128bb5ae\" data-element_type=\"section\">\n\t\t\t\t\t\t<div class=\"elementor-container elementor-column-gap-default\">\n\t\t\t\t\t<div class=\"elementor-column elementor-col-100 elementor-top-column elementor-element elementor-element-1865e1cb\" data-id=\"1865e1cb\" data-element_type=\"column\">\n\t\t\t<div class=\"elementor-widget-wrap elementor-element-populated\">\n\t\t\t\t\t\t<div class=\"elementor-element elementor-element-764e2339 elementor-absolute elementor-widget elementor-widget-image\" data-id=\"764e2339\" data-element_type=\"widget\" data-settings=\"{&quot;_position&quot;:&quot;absolute&quot;}\" data-widget_type=\"image.default\">\n\t\t\t\t<div class=\"elementor-widget-container\">\n\t\t\t\t\t\t\t\t\t\t\t\t\t\t\t<img fetchpriority=\"high\" decoding=\"async\" width=\"656\" height=\"656\" src=\"https:\/\/eihp.hr\/wp-content\/uploads\/2022\/03\/Abstract-square-final-EIHP.png\" class=\"attachment-large size-large wp-image-8388\" alt=\"\" srcset=\"https:\/\/eihp.hr\/wp-content\/uploads\/2022\/03\/Abstract-square-final-EIHP.png 656w, https:\/\/eihp.hr\/wp-content\/uploads\/2022\/03\/Abstract-square-final-EIHP-300x300.png 300w, https:\/\/eihp.hr\/wp-content\/uploads\/2022\/03\/Abstract-square-final-EIHP-150x150.png 150w\" sizes=\"(max-width: 656px) 100vw, 656px\" \/>\t\t\t\t\t\t\t\t\t\t\t\t\t\t\t<\/div>\n\t\t\t\t<\/div>\n\t\t\t\t\t<\/div>\n\t\t<\/div>\n\t\t\t\t\t<\/div>\n\t\t<\/section>\n\t\t\t\t<\/div>","protected":false},"excerpt":{"rendered":"<p>\u010clanak 7. Direktive o energetskoj u\u010dinkovitosti (EED) zahtijeva od dr\u017eava \u010dlanica provedbu Obvezne sheme energetske u\u010dinkovitosti (EEOS) ili alternativnih mjera za postizanje kumulativnog cilja u\u0161tede energije tijekom razdoblja obveze (trenuta\u010dno 2021. \u2013 2030.). ENSMOV Plus je trogodi\u0161nji europski projekt financiran iz programa LIFE, pokrenut u prosincu 2022. godine. Nadovezuje se na prethodni projekt ENSMOV za [&hellip;]<\/p>","protected":false},"author":1,"featured_media":0,"parent":9597,"menu_order":0,"comment_status":"closed","ping_status":"closed","template":"","meta":{"footnotes":""},"class_list":["post-12980","page","type-page","status-publish","hentry"],"_links":{"self":[{"href":"https:\/\/eihp.hr\/en\/wp-json\/wp\/v2\/pages\/12980","targetHints":{"allow":["GET"]}}],"collection":[{"href":"https:\/\/eihp.hr\/en\/wp-json\/wp\/v2\/pages"}],"about":[{"href":"https:\/\/eihp.hr\/en\/wp-json\/wp\/v2\/types\/page"}],"author":[{"embeddable":true,"href":"https:\/\/eihp.hr\/en\/wp-json\/wp\/v2\/users\/1"}],"replies":[{"embeddable":true,"href":"https:\/\/eihp.hr\/en\/wp-json\/wp\/v2\/comments?post=12980"}],"version-history":[{"count":14,"href":"https:\/\/eihp.hr\/en\/wp-json\/wp\/v2\/pages\/12980\/revisions"}],"predecessor-version":[{"id":12995,"href":"https:\/\/eihp.hr\/en\/wp-json\/wp\/v2\/pages\/12980\/revisions\/12995"}],"up":[{"embeddable":true,"href":"https:\/\/eihp.hr\/en\/wp-json\/wp\/v2\/pages\/9597"}],"wp:attachment":[{"href":"https:\/\/eihp.hr\/en\/wp-json\/wp\/v2\/media?parent=12980"}],"curies":[{"name":"wp","href":"https:\/\/api.w.org\/{rel}","templated":true}]}}