{"id":14,"date":"2022-03-15T11:16:31","date_gmt":"2022-03-15T10:16:31","guid":{"rendered":"https:\/\/meldendev.eu\/eihp\/?page_id=14"},"modified":"2026-04-02T10:51:28","modified_gmt":"2026-04-02T08:51:28","slug":"organizacijska-shema","status":"publish","type":"page","link":"https:\/\/eihp.hr\/en\/organizacijska-shema\/","title":{"rendered":"Organizational chart"},"content":{"rendered":"<div data-elementor-type=\"wp-page\" data-elementor-id=\"14\" class=\"elementor elementor-14\" data-elementor-post-type=\"page\">\n\t\t\t\t\t\t<section class=\"elementor-section elementor-top-section elementor-element elementor-element-50b29012 elementor-section-height-min-height elementor-section-boxed elementor-section-height-default elementor-section-items-middle\" data-id=\"50b29012\" data-element_type=\"section\" data-settings=\"{&quot;background_background&quot;:&quot;classic&quot;}\">\n\t\t\t\t\t\t<div class=\"elementor-container elementor-column-gap-default\">\n\t\t\t\t\t<div class=\"elementor-column elementor-col-100 elementor-top-column elementor-element elementor-element-1eb9eed7\" data-id=\"1eb9eed7\" data-element_type=\"column\">\n\t\t\t<div class=\"elementor-widget-wrap\">\n\t\t\t\t\t\t\t<\/div>\n\t\t<\/div>\n\t\t\t\t\t<\/div>\n\t\t<\/section>\n\t\t\t\t<section class=\"elementor-section elementor-top-section elementor-element elementor-element-70c51be9 elementor-section-boxed elementor-section-height-default elementor-section-height-default\" data-id=\"70c51be9\" data-element_type=\"section\" data-settings=\"{&quot;background_background&quot;:&quot;classic&quot;}\">\n\t\t\t\t\t\t<div class=\"elementor-container elementor-column-gap-default\">\n\t\t\t\t\t<div class=\"elementor-column elementor-col-100 elementor-top-column elementor-element elementor-element-426f195b\" data-id=\"426f195b\" data-element_type=\"column\" data-settings=\"{&quot;background_background&quot;:&quot;classic&quot;}\">\n\t\t\t<div class=\"elementor-widget-wrap elementor-element-populated\">\n\t\t\t\t\t\t<div class=\"elementor-element elementor-element-2a1d0ac5 elementor-widget elementor-widget-heading\" data-id=\"2a1d0ac5\" data-element_type=\"widget\" data-widget_type=\"heading.default\">\n\t\t\t\t<div class=\"elementor-widget-container\">\n\t\t\t\t\t<h1 class=\"elementor-heading-title elementor-size-default\">Organizational chart<\/h1>\t\t\t\t<\/div>\n\t\t\t\t<\/div>\n\t\t\t\t\t<\/div>\n\t\t<\/div>\n\t\t\t\t\t<\/div>\n\t\t<\/section>\n\t\t\t\t<section class=\"elementor-section elementor-top-section elementor-element elementor-element-4c4d930f elementor-section-boxed elementor-section-height-default elementor-section-height-default\" data-id=\"4c4d930f\" data-element_type=\"section\">\n\t\t\t\t\t\t<div class=\"elementor-container elementor-column-gap-default\">\n\t\t\t\t\t<div class=\"elementor-column elementor-col-100 elementor-top-column elementor-element elementor-element-479a406e\" data-id=\"479a406e\" data-element_type=\"column\">\n\t\t\t<div class=\"elementor-widget-wrap elementor-element-populated\">\n\t\t\t\t\t\t<div class=\"elementor-element elementor-element-791c0ab0 elementor-hidden-tablet elementor-hidden-mobile elementor-widget elementor-widget-image\" data-id=\"791c0ab0\" data-element_type=\"widget\" id=\"desktop_org_scheme_img\" data-widget_type=\"image.default\">\n\t\t\t\t<div class=\"elementor-widget-container\">\n\t\t\t\t\t\t\t\t\t\t\t\t\t\t\t<img fetchpriority=\"high\" decoding=\"async\" width=\"1810\" height=\"2560\" src=\"https:\/\/eihp.hr\/wp-content\/uploads\/2024\/08\/Kako-smo-organizirani_HR_novo-scaled.jpg\" class=\"attachment-full size-full wp-image-15253\" alt=\"\" srcset=\"https:\/\/eihp.hr\/wp-content\/uploads\/2024\/08\/Kako-smo-organizirani_HR_novo-scaled.jpg 1810w, https:\/\/eihp.hr\/wp-content\/uploads\/2024\/08\/Kako-smo-organizirani_HR_novo-212x300.jpg 212w, https:\/\/eihp.hr\/wp-content\/uploads\/2024\/08\/Kako-smo-organizirani_HR_novo-724x1024.jpg 724w, https:\/\/eihp.hr\/wp-content\/uploads\/2024\/08\/Kako-smo-organizirani_HR_novo-768x1086.jpg 768w, https:\/\/eihp.hr\/wp-content\/uploads\/2024\/08\/Kako-smo-organizirani_HR_novo-1086x1536.jpg 1086w, https:\/\/eihp.hr\/wp-content\/uploads\/2024\/08\/Kako-smo-organizirani_HR_novo-1448x2048.jpg 1448w, https:\/\/eihp.hr\/wp-content\/uploads\/2024\/08\/Kako-smo-organizirani_HR_novo-8x12.jpg 8w\" sizes=\"(max-width: 1810px) 100vw, 1810px\" \/>\t\t\t\t\t\t\t\t\t\t\t\t\t\t\t<\/div>\n\t\t\t\t<\/div>\n\t\t\t\t<div class=\"elementor-element elementor-element-267ac55d elementor-hidden-desktop elementor-widget elementor-widget-image\" data-id=\"267ac55d\" data-element_type=\"widget\" id=\"mobile_org_scheme_img\" data-widget_type=\"image.default\">\n\t\t\t\t<div class=\"elementor-widget-container\">\n\t\t\t\t\t\t\t\t\t\t\t\t\t\t\t\t<a href=\"https:\/\/eihp.hr\/wp-content\/uploads\/2024\/08\/Kako-smo-organizirani_HR_novo-scaled.jpg\" data-elementor-open-lightbox=\"yes\" data-elementor-lightbox-title=\"Kako smo organizirani_HR_novo\" data-e-action-hash=\"#elementor-action%3Aaction%3Dlightbox%26settings%3DeyJpZCI6MTUyNTMsInVybCI6Imh0dHBzOlwvXC9laWhwLmhyXC93cC1jb250ZW50XC91cGxvYWRzXC8yMDI0XC8wOFwvS2Frby1zbW8tb3JnYW5pemlyYW5pX0hSX25vdm8tc2NhbGVkLmpwZyJ9\">\n\t\t\t\t\t\t\t<img fetchpriority=\"high\" decoding=\"async\" width=\"1810\" height=\"2560\" src=\"https:\/\/eihp.hr\/wp-content\/uploads\/2024\/08\/Kako-smo-organizirani_HR_novo-scaled.jpg\" class=\"attachment-full size-full wp-image-15253\" alt=\"\" srcset=\"https:\/\/eihp.hr\/wp-content\/uploads\/2024\/08\/Kako-smo-organizirani_HR_novo-scaled.jpg 1810w, https:\/\/eihp.hr\/wp-content\/uploads\/2024\/08\/Kako-smo-organizirani_HR_novo-212x300.jpg 212w, https:\/\/eihp.hr\/wp-content\/uploads\/2024\/08\/Kako-smo-organizirani_HR_novo-724x1024.jpg 724w, https:\/\/eihp.hr\/wp-content\/uploads\/2024\/08\/Kako-smo-organizirani_HR_novo-768x1086.jpg 768w, https:\/\/eihp.hr\/wp-content\/uploads\/2024\/08\/Kako-smo-organizirani_HR_novo-1086x1536.jpg 1086w, https:\/\/eihp.hr\/wp-content\/uploads\/2024\/08\/Kako-smo-organizirani_HR_novo-1448x2048.jpg 1448w, https:\/\/eihp.hr\/wp-content\/uploads\/2024\/08\/Kako-smo-organizirani_HR_novo-8x12.jpg 8w\" sizes=\"(max-width: 1810px) 100vw, 1810px\" \/>\t\t\t\t\t\t\t\t<\/a>\n\t\t\t\t\t\t\t\t\t\t\t\t\t\t\t<\/div>\n\t\t\t\t<\/div>\n\t\t\t\t<div class=\"elementor-element elementor-element-36f8130 elementor-widget elementor-widget-html\" data-id=\"36f8130\" data-element_type=\"widget\" data-widget_type=\"html.default\">\n\t\t\t\t<div class=\"elementor-widget-container\">\n\t\t\t\t\t<script>\nif (window.currentLanguage == \"en\"){\n    document.getElementById(\"desktop_org_scheme_img\").getElementsByTagName(\"img\")[0].src = \"https:\/\/eihp.hr\/wp-content\/uploads\/2024\/08\/Kako-smo-organizirani_ENG_novo-scaled.jpg\";\n    \n    document.getElementById(\"desktop_org_scheme_img\").getElementsByTagName(\"img\")[0].srcset = \"https:\/\/eihp.hr\/wp-content\/uploads\/2024\/08\/Kako-smo-organizirani_ENG_novo-scaled.jpg\";\n    \n    \/\/Mobile\n    \n    document.getElementById(\"mobile_org_scheme_img\").getElementsByTagName(\"img\")[0].src = \"https:\/\/eihp.hr\/wp-content\/uploads\/2024\/08\/Kako-smo-organizirani_ENG_novo-scaled.jpg\";\n        \n        \n    document.getElementById(\"mobile_org_scheme_img\").getElementsByTagName(\"img\")[0].srcset = \"https:\/\/eihp.hr\/wp-content\/uploads\/2024\/08\/Kako-smo-organizirani_ENG_novo-scaled.jpg\";\n    \n    document.getElementById(\"mobile_org_scheme_img\").getElementsByTagName(\"a\")[0].href = \"https:\/\/eihp.hr\/wp-content\/uploads\/2024\/08\/Kako-smo-organizirani_ENG_novo-scaled.jpg\";\n    \n}\n    \n    \/\/https:\/\/eihp.hr\/wp-content\/uploads\/2022\/04\/Organizational-scheme.png\n    \n<\/script>\t\t\t\t<\/div>\n\t\t\t\t<\/div>\n\t\t\t\t\t<\/div>\n\t\t<\/div>\n\t\t\t\t\t<\/div>\n\t\t<\/section>\n\t\t\t\t<section class=\"elementor-section elementor-top-section elementor-element elementor-element-32628cc4 elementor-section-full_width elementor-hidden-tablet elementor-hidden-mobile elementor-section-height-default elementor-section-height-default\" data-id=\"32628cc4\" data-element_type=\"section\">\n\t\t\t\t\t\t<div class=\"elementor-container elementor-column-gap-default\">\n\t\t\t\t\t<div class=\"elementor-column elementor-col-100 elementor-top-column elementor-element elementor-element-794c52d2\" data-id=\"794c52d2\" data-element_type=\"column\">\n\t\t\t<div class=\"elementor-widget-wrap elementor-element-populated\">\n\t\t\t\t\t\t<div class=\"elementor-element elementor-element-72057b0d elementor-absolute elementor-widget elementor-widget-image\" data-id=\"72057b0d\" data-element_type=\"widget\" data-settings=\"{&quot;_position&quot;:&quot;absolute&quot;}\" data-widget_type=\"image.default\">\n\t\t\t\t<div class=\"elementor-widget-container\">\n\t\t\t\t\t\t\t\t\t\t\t\t\t\t\t<img decoding=\"async\" width=\"656\" height=\"656\" src=\"https:\/\/eihp.hr\/wp-content\/uploads\/2022\/03\/Abstract-square-final-EIHP.png\" class=\"attachment-large size-large wp-image-8388\" alt=\"\" srcset=\"https:\/\/eihp.hr\/wp-content\/uploads\/2022\/03\/Abstract-square-final-EIHP.png 656w, https:\/\/eihp.hr\/wp-content\/uploads\/2022\/03\/Abstract-square-final-EIHP-300x300.png 300w, https:\/\/eihp.hr\/wp-content\/uploads\/2022\/03\/Abstract-square-final-EIHP-150x150.png 150w\" sizes=\"(max-width: 656px) 100vw, 656px\" \/>\t\t\t\t\t\t\t\t\t\t\t\t\t\t\t<\/div>\n\t\t\t\t<\/div>\n\t\t\t\t\t<\/div>\n\t\t<\/div>\n\t\t\t\t\t<\/div>\n\t\t<\/section>\n\t\t\t\t<section class=\"elementor-section elementor-top-section elementor-element elementor-element-8513c58 elementor-section-boxed elementor-section-height-default elementor-section-height-default\" data-id=\"8513c58\" data-element_type=\"section\" data-settings=\"{&quot;background_background&quot;:&quot;classic&quot;}\">\n\t\t\t\t\t\t<div class=\"elementor-container elementor-column-gap-default\">\n\t\t\t\t\t<div class=\"elementor-column elementor-col-100 elementor-top-column elementor-element elementor-element-47182146\" data-id=\"47182146\" data-element_type=\"column\">\n\t\t\t<div class=\"elementor-widget-wrap elementor-element-populated\">\n\t\t\t\t\t\t<div class=\"elementor-element elementor-element-6f5bb9ec elementor-widget elementor-widget-heading\" data-id=\"6f5bb9ec\" data-element_type=\"widget\" data-widget_type=\"heading.default\">\n\t\t\t\t<div class=\"elementor-widget-container\">\n\t\t\t\t\t<h2 class=\"elementor-heading-title elementor-size-default\">Management Council<\/h2>\t\t\t\t<\/div>\n\t\t\t\t<\/div>\n\t\t\t\t<div class=\"elementor-element elementor-element-6f863fb6 elementor-widget elementor-widget-jet-table\" data-id=\"6f863fb6\" data-element_type=\"widget\" data-widget_type=\"jet-table.default\">\n\t\t\t\t<div class=\"elementor-widget-container\">\n\t\t\t\t\t<div class=\"elementor-jet-table jet-elements\">\n\t\t<div class=\"jet-table-wrapper jet-table-responsive-mobile\">\n\t\t\t<table class=\"jet-table jet-table--fa5-compat\">\n\t\t\t\t<thead class=\"jet-table__head\"><tr class=\"jet-table__head-row\"><th class=\"jet-table__cell elementor-repeater-item-d3a389a jet-table__head-cell\" scope=\"col\"><div class=\"jet-table__cell-inner\"><div class=\"jet-table__cell-content\"><div class=\"jet-table__cell-text\">Name and surname<\/div><\/div><\/div><\/th><th class=\"jet-table__cell elementor-repeater-item-d64d860 jet-table__head-cell\" scope=\"col\"><div class=\"jet-table__cell-inner\"><div class=\"jet-table__cell-content\"><div class=\"jet-table__cell-text\">Function<\/div><\/div><\/div><\/th><\/tr><\/thead>\n\t\t\t\t\t\t\t\t<tbody class=\"jet-table__body\"><tr class=\"jet-table__body-row elementor-repeater-item-e2b44c8\"><td class=\"jet-table__cell elementor-repeater-item-2c7b977 jet-table__body-cell\"><div class=\"jet-table__cell-inner\"><div class=\"jet-table__cell-content\"><div class=\"jet-table__cell-text\">\u017deljko Krevzelj<\/div><\/div><\/div><\/td><td class=\"jet-table__cell elementor-repeater-item-7708a37 jet-table__body-cell\"><div class=\"jet-table__cell-inner\"><div class=\"jet-table__cell-content\"><div class=\"jet-table__cell-text\">president<\/div><\/div><\/div><\/td><\/tr><tr class=\"jet-table__body-row elementor-repeater-item-7710212\"><td class=\"jet-table__cell elementor-repeater-item-9b37574 jet-table__body-cell\"><div class=\"jet-table__cell-inner\"><div class=\"jet-table__cell-content\"><div class=\"jet-table__cell-text\">Antonio Pavle\u010di\u0107<\/div><\/div><\/div><\/td><td class=\"jet-table__cell elementor-repeater-item-12b68bf jet-table__body-cell\"><div class=\"jet-table__cell-inner\"><div class=\"jet-table__cell-content\"><div class=\"jet-table__cell-text\">member<\/div><\/div><\/div><\/td><\/tr><tr class=\"jet-table__body-row elementor-repeater-item-5b57ad0\"><td class=\"jet-table__cell elementor-repeater-item-880b2e9 jet-table__body-cell\"><div class=\"jet-table__cell-inner\"><div class=\"jet-table__cell-content\"><div class=\"jet-table__cell-text\">Trpimir Majcan<\/div><\/div><\/div><\/td><td class=\"jet-table__cell elementor-repeater-item-f3d98e4 jet-table__body-cell\"><div class=\"jet-table__cell-inner\"><div class=\"jet-table__cell-content\"><div class=\"jet-table__cell-text\">member<\/div><\/div><\/div><\/td><\/tr><tr class=\"jet-table__body-row elementor-repeater-item-d8e2bdd\"><td class=\"jet-table__cell elementor-repeater-item-f2f2d22 jet-table__body-cell\"><div class=\"jet-table__cell-inner\"><div class=\"jet-table__cell-content\"><div class=\"jet-table__cell-text\">Helena Rukelj<\/div><\/div><\/div><\/td><td class=\"jet-table__cell elementor-repeater-item-0135f25 jet-table__body-cell\"><div class=\"jet-table__cell-inner\"><div class=\"jet-table__cell-content\"><div class=\"jet-table__cell-text\">member<\/div><\/div><\/div><\/td><\/tr><tr class=\"jet-table__body-row elementor-repeater-item-a2c790a\"><td class=\"jet-table__cell elementor-repeater-item-575849e jet-table__body-cell\"><div class=\"jet-table__cell-inner\"><div class=\"jet-table__cell-content\"><div class=\"jet-table__cell-text\">Davor Mati\u0107<\/div><\/div><\/div><\/td><td class=\"jet-table__cell elementor-repeater-item-76583d0 jet-table__body-cell\"><div class=\"jet-table__cell-inner\"><div class=\"jet-table__cell-content\"><div class=\"jet-table__cell-text\">member<\/div><\/div><\/div><\/td><\/tr><\/tbody>\n\t\t\t<\/table>\n\t\t<\/div>\n\n\t\t<\/div>\t\t\t\t<\/div>\n\t\t\t\t<\/div>\n\t\t\t\t\t<\/div>\n\t\t<\/div>\n\t\t\t\t\t<\/div>\n\t\t<\/section>\n\t\t\t\t<section class=\"elementor-section elementor-top-section elementor-element elementor-element-65ff0ab9 elementor-section-full_width elementor-section-height-default elementor-section-height-default\" data-id=\"65ff0ab9\" data-element_type=\"section\">\n\t\t\t\t\t\t<div class=\"elementor-container elementor-column-gap-default\">\n\t\t\t\t\t<div class=\"elementor-column elementor-col-100 elementor-top-column elementor-element elementor-element-5fbea825\" data-id=\"5fbea825\" data-element_type=\"column\">\n\t\t\t<div class=\"elementor-widget-wrap elementor-element-populated\">\n\t\t\t\t\t\t<div class=\"elementor-element elementor-element-15ec6b5e elementor-absolute elementor-widget elementor-widget-image\" data-id=\"15ec6b5e\" data-element_type=\"widget\" data-settings=\"{&quot;_position&quot;:&quot;absolute&quot;}\" data-widget_type=\"image.default\">\n\t\t\t\t<div class=\"elementor-widget-container\">\n\t\t\t\t\t\t\t\t\t\t\t\t\t\t\t<img decoding=\"async\" width=\"656\" height=\"656\" src=\"https:\/\/eihp.hr\/wp-content\/uploads\/2022\/03\/Abstract-square-final-EIHP.png\" class=\"attachment-large size-large wp-image-8388\" alt=\"\" srcset=\"https:\/\/eihp.hr\/wp-content\/uploads\/2022\/03\/Abstract-square-final-EIHP.png 656w, https:\/\/eihp.hr\/wp-content\/uploads\/2022\/03\/Abstract-square-final-EIHP-300x300.png 300w, https:\/\/eihp.hr\/wp-content\/uploads\/2022\/03\/Abstract-square-final-EIHP-150x150.png 150w\" sizes=\"(max-width: 656px) 100vw, 656px\" \/>\t\t\t\t\t\t\t\t\t\t\t\t\t\t\t<\/div>\n\t\t\t\t<\/div>\n\t\t\t\t\t<\/div>\n\t\t<\/div>\n\t\t\t\t\t<\/div>\n\t\t<\/section>\n\t\t\t\t<\/div>","protected":false},"excerpt":{"rendered":"<p>Organizacijska shema Upravno vije\u0107e Ime i prezime Funkcija \u017deljko Krevzelj predsjednik Antonio Pavle\u010di\u0107 \u010dlan Trpimir Majcan \u010dlan Helena Rukelj \u010dlanica Davor Mati\u0107 \u010dlan<\/p>","protected":false},"author":1,"featured_media":0,"parent":0,"menu_order":0,"comment_status":"closed","ping_status":"closed","template":"","meta":{"footnotes":""},"class_list":["post-14","page","type-page","status-publish","hentry"],"_links":{"self":[{"href":"https:\/\/eihp.hr\/en\/wp-json\/wp\/v2\/pages\/14","targetHints":{"allow":["GET"]}}],"collection":[{"href":"https:\/\/eihp.hr\/en\/wp-json\/wp\/v2\/pages"}],"about":[{"href":"https:\/\/eihp.hr\/en\/wp-json\/wp\/v2\/types\/page"}],"author":[{"embeddable":true,"href":"https:\/\/eihp.hr\/en\/wp-json\/wp\/v2\/users\/1"}],"replies":[{"embeddable":true,"href":"https:\/\/eihp.hr\/en\/wp-json\/wp\/v2\/comments?post=14"}],"version-history":[{"count":83,"href":"https:\/\/eihp.hr\/en\/wp-json\/wp\/v2\/pages\/14\/revisions"}],"predecessor-version":[{"id":16662,"href":"https:\/\/eihp.hr\/en\/wp-json\/wp\/v2\/pages\/14\/revisions\/16662"}],"wp:attachment":[{"href":"https:\/\/eihp.hr\/en\/wp-json\/wp\/v2\/media?parent=14"}],"curies":[{"name":"wp","href":"https:\/\/api.w.org\/{rel}","templated":true}]}}