{"id":14158,"date":"2024-01-10T12:39:31","date_gmt":"2024-01-10T11:39:31","guid":{"rendered":"https:\/\/eihp.hr\/?page_id=14158"},"modified":"2024-01-10T14:30:52","modified_gmt":"2024-01-10T13:30:52","slug":"enefirst-plus-energetska-ucinkovitost-na-prvom-mjestu","status":"publish","type":"page","link":"https:\/\/eihp.hr\/en\/projekti\/enefirst-plus-energetska-ucinkovitost-na-prvom-mjestu\/","title":{"rendered":"Enefirst Plus: Plugging Energy Efficiency First In"},"content":{"rendered":"<div data-elementor-type=\"wp-page\" data-elementor-id=\"14158\" class=\"elementor elementor-14158\" data-elementor-post-type=\"page\">\n\t\t\t\t\t\t<section class=\"elementor-section elementor-top-section elementor-element elementor-element-456da171 elementor-section-height-min-height elementor-section-boxed elementor-section-height-default elementor-section-items-middle\" data-id=\"456da171\" data-element_type=\"section\" data-settings=\"{&quot;background_background&quot;:&quot;classic&quot;}\">\n\t\t\t\t\t\t<div class=\"elementor-container elementor-column-gap-default\">\n\t\t\t\t\t<div class=\"elementor-column elementor-col-100 elementor-top-column elementor-element elementor-element-70c1bdf5\" data-id=\"70c1bdf5\" data-element_type=\"column\">\n\t\t\t<div class=\"elementor-widget-wrap\">\n\t\t\t\t\t\t\t<\/div>\n\t\t<\/div>\n\t\t\t\t\t<\/div>\n\t\t<\/section>\n\t\t\t\t<section class=\"elementor-section elementor-top-section elementor-element elementor-element-2569ac01 elementor-section-boxed elementor-section-height-default elementor-section-height-default\" data-id=\"2569ac01\" data-element_type=\"section\" data-settings=\"{&quot;background_background&quot;:&quot;classic&quot;}\">\n\t\t\t\t\t\t<div class=\"elementor-container elementor-column-gap-default\">\n\t\t\t\t\t<div class=\"elementor-column elementor-col-100 elementor-top-column elementor-element elementor-element-7c1eabcd\" data-id=\"7c1eabcd\" data-element_type=\"column\" data-settings=\"{&quot;background_background&quot;:&quot;classic&quot;}\">\n\t\t\t<div class=\"elementor-widget-wrap elementor-element-populated\">\n\t\t\t\t\t\t<div class=\"elementor-element elementor-element-50ea2858 elementor-widget elementor-widget-heading\" data-id=\"50ea2858\" data-element_type=\"widget\" data-widget_type=\"heading.default\">\n\t\t\t\t<div class=\"elementor-widget-container\">\n\t\t\t\t\t<h1 class=\"elementor-heading-title elementor-size-default\">Enefirst Plus: Plugging Energy Efficiency First In\n<\/h1>\t\t\t\t<\/div>\n\t\t\t\t<\/div>\n\t\t\t\t\t<\/div>\n\t\t<\/div>\n\t\t\t\t\t<\/div>\n\t\t<\/section>\n\t\t\t\t<section class=\"elementor-section elementor-top-section elementor-element elementor-element-57acd907 elementor-section-boxed elementor-section-height-default elementor-section-height-default\" data-id=\"57acd907\" data-element_type=\"section\">\n\t\t\t\t\t\t<div class=\"elementor-container elementor-column-gap-default\">\n\t\t\t\t\t<div class=\"elementor-column elementor-col-100 elementor-top-column elementor-element elementor-element-47e3a396\" data-id=\"47e3a396\" data-element_type=\"column\">\n\t\t\t<div class=\"elementor-widget-wrap elementor-element-populated\">\n\t\t\t\t\t\t<div class=\"elementor-element elementor-element-88ff8ea elementor-widget elementor-widget-image\" data-id=\"88ff8ea\" data-element_type=\"widget\" data-widget_type=\"image.default\">\n\t\t\t\t<div class=\"elementor-widget-container\">\n\t\t\t\t\t\t\t\t\t\t\t\t\t\t\t<img fetchpriority=\"high\" decoding=\"async\" width=\"256\" height=\"256\" src=\"https:\/\/eihp.hr\/wp-content\/uploads\/2024\/01\/enefirst-logo-transparent-background-e1704894217991.png\" class=\"attachment-medium size-medium wp-image-14168\" alt=\"\" \/>\t\t\t\t\t\t\t\t\t\t\t\t\t\t\t<\/div>\n\t\t\t\t<\/div>\n\t\t\t\t<div class=\"elementor-element elementor-element-7aa70e0b elementor-widget elementor-widget-text-editor\" data-id=\"7aa70e0b\" data-element_type=\"widget\" data-widget_type=\"text-editor.default\">\n\t\t\t\t<div class=\"elementor-widget-container\">\n\t\t\t\t\t\t\t\t\t<p><span style=\"font-weight: 400;\">The energy efficiency first (EE1st) principle is defined and endorsed in EU legislation. The purpose of EE1st is to consider the demand-side resources, such as energy efficiency and demand-response as the other types of energy resources for energy planning, investment, and policy. However, the previous evaluations of the National Energy and Climate Plan (NECP) and similar projects, such as ENEFIRST shows that implementing the EE1st is easier said than done.<\/span><\/p><p><span style=\"font-weight: 400;\">Therefore, the ENEFIRST Plus project will support the key stakeholders to complement the existing resources for investment in energy infrastructure, energy planning, and designing incentives. Through this project, new practical guidelines and \u201creal-life examples\u201d will be provided on implementing the EE1st principle. In addition, ENEFIRST Plus pursues to test the resources for 8 \u201creal-life\u201d cases in 4 countries (Croatia, Greece, Italy and Poland) and extend the outcomes to 27 Member States. Building capacity and stakeholders\u2019 engagement through learning cycles are one of the core components of ENEFIRST Plus which results in a community of practice. Furthermore, an online platform will collect the most relevant information and resources about EE1st.<\/span><\/p><p>\u00a0<\/p><p><span style=\"font-weight: 400;\">Enefirst Plus objectives:<\/span><\/p><ul><li><span style=\"font-weight: 400;\"> Provide public authorities and other stakeholders with hands-on resources to implement EE1st<\/span><\/li><li><span style=\"font-weight: 400;\"> Demonstrate how EE1st can be implemented with pilot cases in 4 countries<\/span><\/li><li><span style=\"font-weight: 400;\"> Grow a community of practice, increase stakeholders\u2019 knowledge and capacities, and maintain an open forum for practical discussions about EE1st<\/span><\/li><li><span style=\"font-weight: 400;\"> Provide a one stop shop for knowledge and resources on EE1st\u00a0<\/span><\/li><\/ul><p>\u00a0<\/p><p><span style=\"font-weight: 400;\">Link to Enefirst Plus main website: <\/span><a href=\"https:\/\/ieecp.org\/projects\/enefirst-2\/\" target=\"_blank\" rel=\"noopener\"><span style=\"font-weight: 400;\">https:\/\/ieecp.org\/projects\/enefirst-2\/<\/span><\/a><\/p><p><span style=\"font-weight: 400;\">Coordination contact: Vlasis Oikonomou, IEECP, <\/span><a href=\"mailto:vlasis@ieecp.org\"><span style=\"font-weight: 400;\">vlasis@ieecp.org<\/span><\/a><\/p><p><span style=\"font-weight: 400;\">Communication contact: Axelle Gallerand, IEECP, <\/span><a href=\"mailto:axelle@ieecp.org\"><span style=\"font-weight: 400;\">axelle@ieecp.org<\/span><\/a><\/p><p><span style=\"font-weight: 400;\">EIHP contact: Vesna Bukarica, <\/span><a href=\"mailto:vbukarica@eihp.hr\"><span style=\"font-weight: 400;\">vbukarica@eihp.hr<\/span><\/a><\/p>\t\t\t\t\t\t\t\t<\/div>\n\t\t\t\t<\/div>\n\t\t\t\t\t<\/div>\n\t\t<\/div>\n\t\t\t\t\t<\/div>\n\t\t<\/section>\n\t\t\t\t<section class=\"elementor-section elementor-top-section elementor-element elementor-element-f01a702 elementor-section-boxed elementor-section-height-default elementor-section-height-default\" data-id=\"f01a702\" data-element_type=\"section\">\n\t\t\t\t\t\t<div class=\"elementor-container elementor-column-gap-default\">\n\t\t\t\t\t<div class=\"elementor-column elementor-col-100 elementor-top-column elementor-element elementor-element-5794445\" data-id=\"5794445\" data-element_type=\"column\">\n\t\t\t<div class=\"elementor-widget-wrap elementor-element-populated\">\n\t\t\t\t\t\t<div class=\"elementor-element elementor-element-ea4b188 elementor-widget elementor-widget-image\" data-id=\"ea4b188\" data-element_type=\"widget\" data-widget_type=\"image.default\">\n\t\t\t\t<div class=\"elementor-widget-container\">\n\t\t\t\t\t\t\t\t\t\t\t\t\t\t\t<img decoding=\"async\" width=\"300\" height=\"217\" src=\"https:\/\/eihp.hr\/wp-content\/uploads\/2024\/01\/LIFE-Logo-disclaimer-300x217.jpg\" class=\"attachment-medium size-medium wp-image-14167\" alt=\"\" srcset=\"https:\/\/eihp.hr\/wp-content\/uploads\/2024\/01\/LIFE-Logo-disclaimer-300x217.jpg 300w, https:\/\/eihp.hr\/wp-content\/uploads\/2024\/01\/LIFE-Logo-disclaimer-1024x740.jpg 1024w, https:\/\/eihp.hr\/wp-content\/uploads\/2024\/01\/LIFE-Logo-disclaimer-768x555.jpg 768w, https:\/\/eihp.hr\/wp-content\/uploads\/2024\/01\/LIFE-Logo-disclaimer-1536x1110.jpg 1536w, https:\/\/eihp.hr\/wp-content\/uploads\/2024\/01\/LIFE-Logo-disclaimer-18x12.jpg 18w, https:\/\/eihp.hr\/wp-content\/uploads\/2024\/01\/LIFE-Logo-disclaimer.jpg 1580w\" sizes=\"(max-width: 300px) 100vw, 300px\" \/>\t\t\t\t\t\t\t\t\t\t\t\t\t\t\t<\/div>\n\t\t\t\t<\/div>\n\t\t\t\t\t<\/div>\n\t\t<\/div>\n\t\t\t\t\t<\/div>\n\t\t<\/section>\n\t\t\t\t<section class=\"elementor-section elementor-top-section elementor-element elementor-element-832baf5 elementor-section-boxed elementor-section-height-default elementor-section-height-default\" data-id=\"832baf5\" data-element_type=\"section\">\n\t\t\t\t\t\t<div class=\"elementor-container elementor-column-gap-default\">\n\t\t\t\t\t<div class=\"elementor-column elementor-col-100 elementor-top-column elementor-element elementor-element-e365bd4\" data-id=\"e365bd4\" data-element_type=\"column\">\n\t\t\t<div class=\"elementor-widget-wrap elementor-element-populated\">\n\t\t\t\t\t\t<div class=\"elementor-element elementor-element-d3c5eb6 elementor-widget elementor-widget-text-editor\" data-id=\"d3c5eb6\" data-element_type=\"widget\" data-widget_type=\"text-editor.default\">\n\t\t\t\t<div class=\"elementor-widget-container\">\n\t\t\t\t\t\t\t\t\t<p><span style=\"font-weight: 400;\">Co-funded by the European Union under project n\u00b0101120880. Views and opinions expressed are however those of the author(s) only and do not necessarily reflect those of the European Union or CINEA. Neither the European Union nor the granting authority can be held responsible for them.<\/span><\/p>\t\t\t\t\t\t\t\t<\/div>\n\t\t\t\t<\/div>\n\t\t\t\t\t<\/div>\n\t\t<\/div>\n\t\t\t\t\t<\/div>\n\t\t<\/section>\n\t\t\t\t<section class=\"elementor-section elementor-top-section elementor-element elementor-element-bd15a38 elementor-section-boxed elementor-section-height-default elementor-section-height-default\" data-id=\"bd15a38\" data-element_type=\"section\">\n\t\t\t\t\t\t<div class=\"elementor-container elementor-column-gap-default\">\n\t\t\t\t\t<div class=\"elementor-column elementor-col-100 elementor-top-column elementor-element elementor-element-f875492\" data-id=\"f875492\" data-element_type=\"column\">\n\t\t\t<div class=\"elementor-widget-wrap elementor-element-populated\">\n\t\t\t\t\t\t<div class=\"elementor-element elementor-element-ca10a34 elementor-widget elementor-widget-spacer\" data-id=\"ca10a34\" data-element_type=\"widget\" data-widget_type=\"spacer.default\">\n\t\t\t\t<div class=\"elementor-widget-container\">\n\t\t\t\t\t\t\t<div class=\"elementor-spacer\">\n\t\t\t<div class=\"elementor-spacer-inner\"><\/div>\n\t\t<\/div>\n\t\t\t\t\t\t<\/div>\n\t\t\t\t<\/div>\n\t\t\t\t\t<\/div>\n\t\t<\/div>\n\t\t\t\t\t<\/div>\n\t\t<\/section>\n\t\t\t\t<\/div>","protected":false},"excerpt":{"rendered":"<p>Enefirst Plus: Energetska u\u010dinkovitost na prvom mjestu Na\u010delo energetske u\u010dinkovitosti na prvom mjestu (EE1st) definirano je i odobreno u zakonodavstvu EU. Svrha EE1st je razmotriti resurse na strani potra\u017enje, kao \u0161to su energetska u\u010dinkovitost i odgovor na potra\u017enju kao druge vrste energetskih resursa za energetsko planiranje, investicije i politiku. Me\u0111utim, prethodne evaluacije Nacionalnog energetskog i [&hellip;]<\/p>","protected":false},"author":1,"featured_media":0,"parent":9597,"menu_order":0,"comment_status":"closed","ping_status":"closed","template":"","meta":{"footnotes":""},"class_list":["post-14158","page","type-page","status-publish","hentry"],"_links":{"self":[{"href":"https:\/\/eihp.hr\/en\/wp-json\/wp\/v2\/pages\/14158","targetHints":{"allow":["GET"]}}],"collection":[{"href":"https:\/\/eihp.hr\/en\/wp-json\/wp\/v2\/pages"}],"about":[{"href":"https:\/\/eihp.hr\/en\/wp-json\/wp\/v2\/types\/page"}],"author":[{"embeddable":true,"href":"https:\/\/eihp.hr\/en\/wp-json\/wp\/v2\/users\/1"}],"replies":[{"embeddable":true,"href":"https:\/\/eihp.hr\/en\/wp-json\/wp\/v2\/comments?post=14158"}],"version-history":[{"count":17,"href":"https:\/\/eihp.hr\/en\/wp-json\/wp\/v2\/pages\/14158\/revisions"}],"predecessor-version":[{"id":14180,"href":"https:\/\/eihp.hr\/en\/wp-json\/wp\/v2\/pages\/14158\/revisions\/14180"}],"up":[{"embeddable":true,"href":"https:\/\/eihp.hr\/en\/wp-json\/wp\/v2\/pages\/9597"}],"wp:attachment":[{"href":"https:\/\/eihp.hr\/en\/wp-json\/wp\/v2\/media?parent=14158"}],"curies":[{"name":"wp","href":"https:\/\/api.w.org\/{rel}","templated":true}]}}