{"id":14204,"date":"2024-01-11T15:05:54","date_gmt":"2024-01-11T14:05:54","guid":{"rendered":"https:\/\/eihp.hr\/?page_id=14204"},"modified":"2024-01-11T15:53:49","modified_gmt":"2024-01-11T14:53:49","slug":"value-4-farm","status":"publish","type":"page","link":"https:\/\/eihp.hr\/en\/projekti\/value-4-farm\/","title":{"rendered":"VALUE4FARM"},"content":{"rendered":"<div data-elementor-type=\"wp-page\" data-elementor-id=\"14204\" class=\"elementor elementor-14204\" data-elementor-post-type=\"page\">\n\t\t\t\t\t\t<section class=\"elementor-section elementor-top-section elementor-element elementor-element-456da171 elementor-section-height-min-height elementor-section-boxed elementor-section-height-default elementor-section-items-middle\" data-id=\"456da171\" data-element_type=\"section\" data-settings=\"{&quot;background_background&quot;:&quot;classic&quot;}\">\n\t\t\t\t\t\t<div class=\"elementor-container elementor-column-gap-default\">\n\t\t\t\t\t<div class=\"elementor-column elementor-col-100 elementor-top-column elementor-element elementor-element-70c1bdf5\" data-id=\"70c1bdf5\" data-element_type=\"column\">\n\t\t\t<div class=\"elementor-widget-wrap\">\n\t\t\t\t\t\t\t<\/div>\n\t\t<\/div>\n\t\t\t\t\t<\/div>\n\t\t<\/section>\n\t\t\t\t<section class=\"elementor-section elementor-top-section elementor-element elementor-element-2569ac01 elementor-section-boxed elementor-section-height-default elementor-section-height-default\" data-id=\"2569ac01\" data-element_type=\"section\" data-settings=\"{&quot;background_background&quot;:&quot;classic&quot;}\">\n\t\t\t\t\t\t<div class=\"elementor-container elementor-column-gap-default\">\n\t\t\t\t\t<div class=\"elementor-column elementor-col-100 elementor-top-column elementor-element elementor-element-7c1eabcd\" data-id=\"7c1eabcd\" data-element_type=\"column\" data-settings=\"{&quot;background_background&quot;:&quot;classic&quot;}\">\n\t\t\t<div class=\"elementor-widget-wrap elementor-element-populated\">\n\t\t\t\t\t\t<div class=\"elementor-element elementor-element-50ea2858 elementor-widget elementor-widget-heading\" data-id=\"50ea2858\" data-element_type=\"widget\" data-widget_type=\"heading.default\">\n\t\t\t\t<div class=\"elementor-widget-container\">\n\t\t\t\t\t<h1 class=\"elementor-heading-title elementor-size-default\">VALUE4FARM\n<\/h1>\t\t\t\t<\/div>\n\t\t\t\t<\/div>\n\t\t\t\t\t<\/div>\n\t\t<\/div>\n\t\t\t\t\t<\/div>\n\t\t<\/section>\n\t\t\t\t<section class=\"elementor-section elementor-top-section elementor-element elementor-element-57acd907 elementor-section-boxed elementor-section-height-default elementor-section-height-default\" data-id=\"57acd907\" data-element_type=\"section\">\n\t\t\t\t\t\t<div class=\"elementor-container elementor-column-gap-default\">\n\t\t\t\t\t<div class=\"elementor-column elementor-col-100 elementor-top-column elementor-element elementor-element-47e3a396\" data-id=\"47e3a396\" data-element_type=\"column\">\n\t\t\t<div class=\"elementor-widget-wrap elementor-element-populated\">\n\t\t\t\t\t\t<div class=\"elementor-element elementor-element-88ff8ea elementor-widget elementor-widget-image\" data-id=\"88ff8ea\" data-element_type=\"widget\" data-widget_type=\"image.default\">\n\t\t\t\t<div class=\"elementor-widget-container\">\n\t\t\t\t\t\t\t\t\t\t\t\t\t\t\t<img decoding=\"async\" width=\"300\" height=\"61\" src=\"https:\/\/eihp.hr\/wp-content\/uploads\/2024\/01\/Value4Farm_logo-e1704986053950.png\" class=\"attachment-medium size-medium wp-image-14188\" alt=\"\" \/>\t\t\t\t\t\t\t\t\t\t\t\t\t\t\t<\/div>\n\t\t\t\t<\/div>\n\t\t\t\t\t<\/div>\n\t\t<\/div>\n\t\t\t\t\t<\/div>\n\t\t<\/section>\n\t\t\t\t<section class=\"elementor-section elementor-top-section elementor-element elementor-element-f01a702 elementor-section-boxed elementor-section-height-default elementor-section-height-default\" data-id=\"f01a702\" data-element_type=\"section\">\n\t\t\t\t\t\t<div class=\"elementor-container elementor-column-gap-default\">\n\t\t\t\t\t<div class=\"elementor-column elementor-col-100 elementor-top-column elementor-element elementor-element-5794445\" data-id=\"5794445\" data-element_type=\"column\">\n\t\t\t<div class=\"elementor-widget-wrap elementor-element-populated\">\n\t\t\t\t\t\t<div class=\"elementor-element elementor-element-7aa70e0b elementor-widget elementor-widget-text-editor\" data-id=\"7aa70e0b\" data-element_type=\"widget\" data-widget_type=\"text-editor.default\">\n\t\t\t\t<div class=\"elementor-widget-container\">\n\t\t\t\t\t\t\t\t\t<p><span style=\"font-weight: 400;\">Funded by the European Union\u2019s Horizon Europe Research and Innovation Programme under grant agreement No 101116076, the 42-month Value4Farm project brings together a consortium of research and academic bodies, technical providers and trade associations from Belgium, Denmark, Italy, Germany, Netherlands, Croatia, Poland, Iceland, France and the UK \u2013 with the specific objective of:<\/span><\/p><ul><li><span style=\"font-weight: 400;\"> demonstrating the effectiveness, sustainability and replicability of three renewable-based local value chains based on solar, anaerobic digestion and biomethane technology and;<\/span><\/li><li><span style=\"font-weight: 400;\"> coupling sustainable food production and renewable-energy production<\/span><\/li><\/ul><p>\u00a0<\/p><p><span style=\"font-weight: 400;\">Officially opened on 1st September, the Value4Farm project is scheduled to close on 28 February 2027.  Over those 42 months, the consortium partners, led by Inagro in Belgium, specialised in applied research, will work on three demonstration sites in Italy, Belgium and Denmark. Technologies ranging from solar to AD (for the production of biogas and biomethane) will be integrated to create sustainability and circularity in the farm\u2019s operations.<\/span><\/p><p><span style=\"font-weight: 400;\">Replica sites will subsequently be developed in Iceland, Italy and Poland to establish the viability of the protocols put in place in the demonstration sites and assess the feasibility of widespread use of the technologies implemented.  Throughout the project, farmers, technical providers and advisors will be consulted to support future market uptake of the solutions delivered by the Value4Farm project, and farmers will be provided with tools developed by the partners to implement the Value4Farm innovative research in practice.<\/span><\/p><p>\u00a0<\/p><p><span style=\"text-decoration: underline;\"><span style=\"font-weight: 400;\">The consortium partners to the Value4Farm project:<\/span><\/span><\/p><ul><li style=\"font-weight: 400;\" aria-level=\"2\"><span style=\"font-weight: 400;\">Inagro, Belgium<\/span><\/li><li style=\"font-weight: 400;\" aria-level=\"2\"><span style=\"font-weight: 400;\">Aarhus Universitet, Denmark<\/span><\/li><li style=\"font-weight: 400;\" aria-level=\"2\"><span style=\"font-weight: 400;\">Universit\u00e1 Cattolica Del Sacro Cuore, Italy<\/span><\/li><li style=\"font-weight: 400;\" aria-level=\"2\"><span style=\"font-weight: 400;\">Wageningen University, the Netherlands<\/span><\/li><li style=\"font-weight: 400;\" aria-level=\"2\"><span style=\"font-weight: 400;\">Helmholtz-Zentrum Fur Umweltforschung, Germany<\/span><\/li><li style=\"font-weight: 400;\" aria-level=\"2\"><span style=\"font-weight: 400;\">Energy Institute Hrvoje Po\u017ear, Croatia<\/span><\/li><li style=\"font-weight: 400;\" aria-level=\"2\"><span style=\"font-weight: 400;\">Instytut Uprawy Nawozenia\/Gleboznawstwa, Panstwowy Instytut Badawczy, Poland<\/span><\/li><li style=\"font-weight: 400;\" aria-level=\"2\"><span style=\"font-weight: 400;\">Mitis, Belgium<\/span><\/li><li style=\"font-weight: 400;\" aria-level=\"2\"><span style=\"font-weight: 400;\">REM TEC, Italy<\/span><\/li><li style=\"font-weight: 400;\" aria-level=\"2\"><span style=\"font-weight: 400;\">CIB-Consorzio Italiano Biogas e Gassificazione, Italy<\/span><\/li><li style=\"font-weight: 400;\" aria-level=\"2\"><span style=\"font-weight: 400;\">Orkidea, Iceland<\/span><\/li><li style=\"font-weight: 400;\" aria-level=\"2\"><span style=\"font-weight: 400;\">Euroquality, France<\/span><\/li><li style=\"font-weight: 400;\" aria-level=\"2\"><span style=\"font-weight: 400;\">The University of Reading, UK<\/span><\/li><li style=\"font-weight: 400;\" aria-level=\"2\"><span style=\"font-weight: 400;\">The World Biogas Association, UK<\/span><\/li><\/ul>\t\t\t\t\t\t\t\t<\/div>\n\t\t\t\t<\/div>\n\t\t\t\t<div class=\"elementor-element elementor-element-ea4b188 elementor-widget elementor-widget-image\" data-id=\"ea4b188\" data-element_type=\"widget\" data-widget_type=\"image.default\">\n\t\t\t\t<div class=\"elementor-widget-container\">\n\t\t\t\t\t\t\t\t\t\t\t\t\t\t\t<img fetchpriority=\"high\" decoding=\"async\" width=\"768\" height=\"136\" src=\"https:\/\/eihp.hr\/wp-content\/uploads\/2024\/01\/V4F-EU-branding-768x136.jpg\" class=\"attachment-medium_large size-medium_large wp-image-14187\" alt=\"\" srcset=\"https:\/\/eihp.hr\/wp-content\/uploads\/2024\/01\/V4F-EU-branding-768x136.jpg 768w, https:\/\/eihp.hr\/wp-content\/uploads\/2024\/01\/V4F-EU-branding-300x53.jpg 300w, https:\/\/eihp.hr\/wp-content\/uploads\/2024\/01\/V4F-EU-branding-1024x181.jpg 1024w, https:\/\/eihp.hr\/wp-content\/uploads\/2024\/01\/V4F-EU-branding-18x3.jpg 18w, https:\/\/eihp.hr\/wp-content\/uploads\/2024\/01\/V4F-EU-branding.jpg 1035w\" sizes=\"(max-width: 768px) 100vw, 768px\" \/>\t\t\t\t\t\t\t\t\t\t\t\t\t\t\t<\/div>\n\t\t\t\t<\/div>\n\t\t\t\t\t<\/div>\n\t\t<\/div>\n\t\t\t\t\t<\/div>\n\t\t<\/section>\n\t\t\t\t<section class=\"elementor-section elementor-top-section elementor-element elementor-element-bd15a38 elementor-section-boxed elementor-section-height-default elementor-section-height-default\" data-id=\"bd15a38\" data-element_type=\"section\">\n\t\t\t\t\t\t<div class=\"elementor-container elementor-column-gap-default\">\n\t\t\t\t\t<div class=\"elementor-column elementor-col-100 elementor-top-column elementor-element elementor-element-f875492\" data-id=\"f875492\" data-element_type=\"column\">\n\t\t\t<div class=\"elementor-widget-wrap elementor-element-populated\">\n\t\t\t\t\t\t<div class=\"elementor-element elementor-element-ca10a34 elementor-widget elementor-widget-spacer\" data-id=\"ca10a34\" data-element_type=\"widget\" data-widget_type=\"spacer.default\">\n\t\t\t\t<div class=\"elementor-widget-container\">\n\t\t\t\t\t\t\t<div class=\"elementor-spacer\">\n\t\t\t<div class=\"elementor-spacer-inner\"><\/div>\n\t\t<\/div>\n\t\t\t\t\t\t<\/div>\n\t\t\t\t<\/div>\n\t\t\t\t\t<\/div>\n\t\t<\/div>\n\t\t\t\t\t<\/div>\n\t\t<\/section>\n\t\t\t\t<\/div>","protected":false},"excerpt":{"rendered":"<p>VALUE4FARM Financiran od strane programa Europske unije za istra\u017eivanje i inovacije Horizon Europe, prema ugovoru o bespovratnim sredstvima br. 101116076, 42-mjese\u010dni projekt Value4Farm okuplja konzorcij istra\u017eiva\u010dkih i akademskih tijela, pru\u017eatelja tehni\u010dkih usluga i trgovinskih udru\u017eenja iz Belgije, Danske, Italije, Njema\u010dke, Nizozemske, Hrvatske, Poljske, Islanda, Francuske i Ujedinjenog Kraljevstva, s posebnim ciljem: demonstriranje u\u010dinkovitosti, odr\u017eivosti i [&hellip;]<\/p>","protected":false},"author":1,"featured_media":0,"parent":9597,"menu_order":0,"comment_status":"closed","ping_status":"closed","template":"","meta":{"footnotes":""},"class_list":["post-14204","page","type-page","status-publish","hentry"],"_links":{"self":[{"href":"https:\/\/eihp.hr\/en\/wp-json\/wp\/v2\/pages\/14204","targetHints":{"allow":["GET"]}}],"collection":[{"href":"https:\/\/eihp.hr\/en\/wp-json\/wp\/v2\/pages"}],"about":[{"href":"https:\/\/eihp.hr\/en\/wp-json\/wp\/v2\/types\/page"}],"author":[{"embeddable":true,"href":"https:\/\/eihp.hr\/en\/wp-json\/wp\/v2\/users\/1"}],"replies":[{"embeddable":true,"href":"https:\/\/eihp.hr\/en\/wp-json\/wp\/v2\/comments?post=14204"}],"version-history":[{"count":14,"href":"https:\/\/eihp.hr\/en\/wp-json\/wp\/v2\/pages\/14204\/revisions"}],"predecessor-version":[{"id":14227,"href":"https:\/\/eihp.hr\/en\/wp-json\/wp\/v2\/pages\/14204\/revisions\/14227"}],"up":[{"embeddable":true,"href":"https:\/\/eihp.hr\/en\/wp-json\/wp\/v2\/pages\/9597"}],"wp:attachment":[{"href":"https:\/\/eihp.hr\/en\/wp-json\/wp\/v2\/media?parent=14204"}],"curies":[{"name":"wp","href":"https:\/\/api.w.org\/{rel}","templated":true}]}}