{"id":14423,"date":"2024-01-30T10:38:29","date_gmt":"2024-01-30T09:38:29","guid":{"rendered":"https:\/\/eihp.hr\/?page_id=14423"},"modified":"2024-01-30T11:36:25","modified_gmt":"2024-01-30T10:36:25","slug":"greet-ce","status":"publish","type":"page","link":"https:\/\/eihp.hr\/en\/projekti\/greet-ce\/","title":{"rendered":"Greet CE"},"content":{"rendered":"<div data-elementor-type=\"wp-page\" data-elementor-id=\"14423\" class=\"elementor elementor-14423\" data-elementor-post-type=\"page\">\n\t\t\t\t\t\t<section class=\"elementor-section elementor-top-section elementor-element elementor-element-456da171 elementor-section-height-min-height elementor-section-boxed elementor-section-height-default elementor-section-items-middle\" data-id=\"456da171\" data-element_type=\"section\" data-settings=\"{&quot;background_background&quot;:&quot;classic&quot;}\">\n\t\t\t\t\t\t<div class=\"elementor-container elementor-column-gap-default\">\n\t\t\t\t\t<div class=\"elementor-column elementor-col-100 elementor-top-column elementor-element elementor-element-70c1bdf5\" data-id=\"70c1bdf5\" data-element_type=\"column\">\n\t\t\t<div class=\"elementor-widget-wrap\">\n\t\t\t\t\t\t\t<\/div>\n\t\t<\/div>\n\t\t\t\t\t<\/div>\n\t\t<\/section>\n\t\t\t\t<section class=\"elementor-section elementor-top-section elementor-element elementor-element-2569ac01 elementor-section-boxed elementor-section-height-default elementor-section-height-default\" data-id=\"2569ac01\" data-element_type=\"section\" data-settings=\"{&quot;background_background&quot;:&quot;classic&quot;}\">\n\t\t\t\t\t\t<div class=\"elementor-container elementor-column-gap-default\">\n\t\t\t\t\t<div class=\"elementor-column elementor-col-100 elementor-top-column elementor-element elementor-element-7c1eabcd\" data-id=\"7c1eabcd\" data-element_type=\"column\" data-settings=\"{&quot;background_background&quot;:&quot;classic&quot;}\">\n\t\t\t<div class=\"elementor-widget-wrap elementor-element-populated\">\n\t\t\t\t\t\t<div class=\"elementor-element elementor-element-50ea2858 elementor-widget elementor-widget-heading\" data-id=\"50ea2858\" data-element_type=\"widget\" data-widget_type=\"heading.default\">\n\t\t\t\t<div class=\"elementor-widget-container\">\n\t\t\t\t\t<h1 class=\"elementor-heading-title elementor-size-default\">Greet CE<\/h1>\t\t\t\t<\/div>\n\t\t\t\t<\/div>\n\t\t\t\t\t<\/div>\n\t\t<\/div>\n\t\t\t\t\t<\/div>\n\t\t<\/section>\n\t\t\t\t<section class=\"elementor-section elementor-top-section elementor-element elementor-element-57acd907 elementor-section-boxed elementor-section-height-default elementor-section-height-default\" data-id=\"57acd907\" data-element_type=\"section\">\n\t\t\t\t\t\t<div class=\"elementor-container elementor-column-gap-default\">\n\t\t\t\t\t<div class=\"elementor-column elementor-col-100 elementor-top-column elementor-element elementor-element-47e3a396\" data-id=\"47e3a396\" data-element_type=\"column\">\n\t\t\t<div class=\"elementor-widget-wrap elementor-element-populated\">\n\t\t\t\t\t\t<div class=\"elementor-element elementor-element-88ff8ea elementor-widget elementor-widget-image\" data-id=\"88ff8ea\" data-element_type=\"widget\" data-widget_type=\"image.default\">\n\t\t\t\t<div class=\"elementor-widget-container\">\n\t\t\t\t\t\t\t\t\t\t\t\t\t\t\t<img fetchpriority=\"high\" decoding=\"async\" width=\"300\" height=\"187\" src=\"https:\/\/eihp.hr\/wp-content\/uploads\/2024\/01\/green1.png\" class=\"attachment-medium size-medium wp-image-14429\" alt=\"\" \/>\t\t\t\t\t\t\t\t\t\t\t\t\t\t\t<\/div>\n\t\t\t\t<\/div>\n\t\t\t\t\t<\/div>\n\t\t<\/div>\n\t\t\t\t\t<\/div>\n\t\t<\/section>\n\t\t\t\t<section class=\"elementor-section elementor-top-section elementor-element elementor-element-f01a702 elementor-section-boxed elementor-section-height-default elementor-section-height-default\" data-id=\"f01a702\" data-element_type=\"section\">\n\t\t\t\t\t\t<div class=\"elementor-container elementor-column-gap-default\">\n\t\t\t\t\t<div class=\"elementor-column elementor-col-100 elementor-top-column elementor-element elementor-element-5794445\" data-id=\"5794445\" data-element_type=\"column\">\n\t\t\t<div class=\"elementor-widget-wrap elementor-element-populated\">\n\t\t\t\t\t\t<div class=\"elementor-element elementor-element-7aa70e0b elementor-widget elementor-widget-text-editor\" data-id=\"7aa70e0b\" data-element_type=\"widget\" data-widget_type=\"text-editor.default\">\n\t\t\t\t<div class=\"elementor-widget-container\">\n\t\t\t\t\t\t\t\t\t<p>The Greet CE project adopts a multidisciplinary approach to smart specialization, aiming to enhance the innovation capacity of regional Small and Medium-sized Enterprises (SMEs), especially in less developed regions of Central Europe and in one outermost European region of  of Madeira. The consortium, comprising eight members from seven regions across six Central and Southern European countries, will accelerate the practical ability of regions to base their future development on their unique competitive advantages (resources and assets) and key socio-economic challenges.<\/p><p><br \/>Focusing primarily on the green transition, the Greet CE project aligns with the specific needs and opportunities of target regions under key domains of the Interregional Innovation Investments (I3) Instrument domains. The principal objective is to bolster the innovation ecosystems of the bioeconomy sector, particularly for SMEs in target underdeveloped regions. This aim complements the priority areas of smart specialization with horizontal actions designed to ensure appropriate entrepreneurial frameworks. Effective monitoring and evaluation are crucial for aligning knowledge domains (capabilities) with potential market niches, leading to the creation of differentiated, knowledge-based products and services.<\/p>\t\t\t\t\t\t\t\t<\/div>\n\t\t\t\t<\/div>\n\t\t\t\t<div class=\"elementor-element elementor-element-ea4b188 elementor-widget elementor-widget-image\" data-id=\"ea4b188\" data-element_type=\"widget\" data-widget_type=\"image.default\">\n\t\t\t\t<div class=\"elementor-widget-container\">\n\t\t\t\t\t\t\t\t\t\t\t\t\t\t\t<img decoding=\"async\" width=\"768\" height=\"348\" src=\"https:\/\/eihp.hr\/wp-content\/uploads\/2024\/01\/Slika_logo_KSSENA-768x348.png\" class=\"attachment-medium_large size-medium_large wp-image-14430\" alt=\"\" srcset=\"https:\/\/eihp.hr\/wp-content\/uploads\/2024\/01\/Slika_logo_KSSENA-768x348.png 768w, https:\/\/eihp.hr\/wp-content\/uploads\/2024\/01\/Slika_logo_KSSENA-300x136.png 300w, https:\/\/eihp.hr\/wp-content\/uploads\/2024\/01\/Slika_logo_KSSENA-1024x463.png 1024w, https:\/\/eihp.hr\/wp-content\/uploads\/2024\/01\/Slika_logo_KSSENA-18x8.png 18w, https:\/\/eihp.hr\/wp-content\/uploads\/2024\/01\/Slika_logo_KSSENA.png 1319w\" sizes=\"(max-width: 768px) 100vw, 768px\" \/>\t\t\t\t\t\t\t\t\t\t\t\t\t\t\t<\/div>\n\t\t\t\t<\/div>\n\t\t\t\t\t<\/div>\n\t\t<\/div>\n\t\t\t\t\t<\/div>\n\t\t<\/section>\n\t\t\t\t<section class=\"elementor-section elementor-top-section elementor-element elementor-element-bd15a38 elementor-section-boxed elementor-section-height-default elementor-section-height-default\" data-id=\"bd15a38\" data-element_type=\"section\">\n\t\t\t\t\t\t<div class=\"elementor-container elementor-column-gap-default\">\n\t\t\t\t\t<div class=\"elementor-column elementor-col-100 elementor-top-column elementor-element elementor-element-f875492\" data-id=\"f875492\" data-element_type=\"column\">\n\t\t\t<div class=\"elementor-widget-wrap elementor-element-populated\">\n\t\t\t\t\t\t<div class=\"elementor-element elementor-element-ca10a34 elementor-widget elementor-widget-spacer\" data-id=\"ca10a34\" data-element_type=\"widget\" data-widget_type=\"spacer.default\">\n\t\t\t\t<div class=\"elementor-widget-container\">\n\t\t\t\t\t\t\t<div class=\"elementor-spacer\">\n\t\t\t<div class=\"elementor-spacer-inner\"><\/div>\n\t\t<\/div>\n\t\t\t\t\t\t<\/div>\n\t\t\t\t<\/div>\n\t\t\t\t\t<\/div>\n\t\t<\/div>\n\t\t\t\t\t<\/div>\n\t\t<\/section>\n\t\t\t\t<section class=\"elementor-section elementor-top-section elementor-element elementor-element-fa0bbb5 elementor-section-boxed elementor-section-height-default elementor-section-height-default\" data-id=\"fa0bbb5\" data-element_type=\"section\">\n\t\t\t\t\t\t<div class=\"elementor-container elementor-column-gap-default\">\n\t\t\t\t\t<div class=\"elementor-column elementor-col-100 elementor-top-column elementor-element elementor-element-3620760\" data-id=\"3620760\" data-element_type=\"column\">\n\t\t\t<div class=\"elementor-widget-wrap elementor-element-populated\">\n\t\t\t\t\t\t<div class=\"elementor-element elementor-element-e2c3d39 elementor-widget elementor-widget-text-editor\" data-id=\"e2c3d39\" data-element_type=\"widget\" data-widget_type=\"text-editor.default\">\n\t\t\t\t<div class=\"elementor-widget-container\">\n\t\t\t\t\t\t\t\t\t<p><strong>General information about the project:<\/strong><\/p><p>Programme: Interregional Innovation Investment Instrument (I3)<\/p><p>Project ID: 101133227<\/p><p>Program priority: Carbon neutral and resource sensitive Alpine region<\/p><p>Call: Capacity Building Strand 2b (I3-2022-CAP2b)<\/p><p>Type of action: I3-PJG I3 Project Grants<\/p><p>Project acronym: Greet CE<\/p><p>Project title: Green Transition in Central Europe<\/p><p>Duration: 24 months (started on 20.11.2023)<\/p><p>Project budget: 1.398.006,98 \u20ac<\/p><p>Total eligible budget of EIHP: 183,933.00 \u20ac<\/p><p>Project coordinator (LP): KSSENA - Energy Agency of Savinjska, \u0160ale\u0161ka and Koro\u0161ka Region<\/p><p>\u00a0<\/p>\t\t\t\t\t\t\t\t<\/div>\n\t\t\t\t<\/div>\n\t\t\t\t\t<\/div>\n\t\t<\/div>\n\t\t\t\t\t<\/div>\n\t\t<\/section>\n\t\t\t\t<\/div>","protected":false},"excerpt":{"rendered":"<p>Greet CE Projekt Greet CE pristupa unaprje\u0111enju Strategija pametne specijalizacije multidisciplinarnim pristupom u svrhu pobolj\u0161anja inovacijskog kapaciteta malih i srednjih poduze\u0107a (SME) u manje razvijenim regijama srednje Europe. Projektni konzorcij se sastoji od 8 partnera iz 7 manje razvijenih regija smje\u0161tenih u 6 zemalja srednje i ju\u017ene Europe. Projektne aktivnosti kontinuirano \u0107e doprinositi ubrzanju i [&hellip;]<\/p>","protected":false},"author":1,"featured_media":0,"parent":9597,"menu_order":0,"comment_status":"closed","ping_status":"closed","template":"","meta":{"footnotes":""},"class_list":["post-14423","page","type-page","status-publish","hentry"],"_links":{"self":[{"href":"https:\/\/eihp.hr\/en\/wp-json\/wp\/v2\/pages\/14423","targetHints":{"allow":["GET"]}}],"collection":[{"href":"https:\/\/eihp.hr\/en\/wp-json\/wp\/v2\/pages"}],"about":[{"href":"https:\/\/eihp.hr\/en\/wp-json\/wp\/v2\/types\/page"}],"author":[{"embeddable":true,"href":"https:\/\/eihp.hr\/en\/wp-json\/wp\/v2\/users\/1"}],"replies":[{"embeddable":true,"href":"https:\/\/eihp.hr\/en\/wp-json\/wp\/v2\/comments?post=14423"}],"version-history":[{"count":21,"href":"https:\/\/eihp.hr\/en\/wp-json\/wp\/v2\/pages\/14423\/revisions"}],"predecessor-version":[{"id":14471,"href":"https:\/\/eihp.hr\/en\/wp-json\/wp\/v2\/pages\/14423\/revisions\/14471"}],"up":[{"embeddable":true,"href":"https:\/\/eihp.hr\/en\/wp-json\/wp\/v2\/pages\/9597"}],"wp:attachment":[{"href":"https:\/\/eihp.hr\/en\/wp-json\/wp\/v2\/media?parent=14423"}],"curies":[{"name":"wp","href":"https:\/\/api.w.org\/{rel}","templated":true}]}}