{"id":14589,"date":"2024-03-07T15:21:31","date_gmt":"2024-03-07T14:21:31","guid":{"rendered":"https:\/\/eihp.hr\/?page_id=14589"},"modified":"2025-06-17T16:04:29","modified_gmt":"2025-06-17T14:04:29","slug":"reheateast","status":"publish","type":"page","link":"https:\/\/eihp.hr\/en\/projekti\/reheateast\/","title":{"rendered":"REHEATEAST"},"content":{"rendered":"<div data-elementor-type=\"wp-page\" data-elementor-id=\"14589\" class=\"elementor elementor-14589\" data-elementor-post-type=\"page\">\n\t\t\t\t\t\t<section class=\"elementor-section elementor-top-section elementor-element elementor-element-456da171 elementor-section-height-min-height elementor-section-boxed elementor-section-height-default elementor-section-items-middle\" data-id=\"456da171\" data-element_type=\"section\" data-settings=\"{&quot;background_background&quot;:&quot;classic&quot;}\">\n\t\t\t\t\t\t<div class=\"elementor-container elementor-column-gap-default\">\n\t\t\t\t\t<div class=\"elementor-column elementor-col-100 elementor-top-column elementor-element elementor-element-70c1bdf5\" data-id=\"70c1bdf5\" data-element_type=\"column\">\n\t\t\t<div class=\"elementor-widget-wrap\">\n\t\t\t\t\t\t\t<\/div>\n\t\t<\/div>\n\t\t\t\t\t<\/div>\n\t\t<\/section>\n\t\t\t\t<section class=\"elementor-section elementor-top-section elementor-element elementor-element-2569ac01 elementor-section-boxed elementor-section-height-default elementor-section-height-default\" data-id=\"2569ac01\" data-element_type=\"section\" data-settings=\"{&quot;background_background&quot;:&quot;classic&quot;}\">\n\t\t\t\t\t\t<div class=\"elementor-container elementor-column-gap-default\">\n\t\t\t\t\t<div class=\"elementor-column elementor-col-100 elementor-top-column elementor-element elementor-element-7c1eabcd\" data-id=\"7c1eabcd\" data-element_type=\"column\" data-settings=\"{&quot;background_background&quot;:&quot;classic&quot;}\">\n\t\t\t<div class=\"elementor-widget-wrap elementor-element-populated\">\n\t\t\t\t\t\t<div class=\"elementor-element elementor-element-50ea2858 elementor-widget elementor-widget-heading\" data-id=\"50ea2858\" data-element_type=\"widget\" data-widget_type=\"heading.default\">\n\t\t\t\t<div class=\"elementor-widget-container\">\n\t\t\t\t\t<h1 class=\"elementor-heading-title elementor-size-default\">REHEATEAST<\/h1>\t\t\t\t<\/div>\n\t\t\t\t<\/div>\n\t\t\t\t\t<\/div>\n\t\t<\/div>\n\t\t\t\t\t<\/div>\n\t\t<\/section>\n\t\t\t\t<section class=\"elementor-section elementor-top-section elementor-element elementor-element-57acd907 elementor-section-boxed elementor-section-height-default elementor-section-height-default\" data-id=\"57acd907\" data-element_type=\"section\">\n\t\t\t\t\t\t<div class=\"elementor-container elementor-column-gap-default\">\n\t\t\t\t\t<div class=\"elementor-column elementor-col-100 elementor-top-column elementor-element elementor-element-47e3a396\" data-id=\"47e3a396\" data-element_type=\"column\">\n\t\t\t<div class=\"elementor-widget-wrap elementor-element-populated\">\n\t\t\t\t\t\t<div class=\"elementor-element elementor-element-88ff8ea elementor-widget elementor-widget-image\" data-id=\"88ff8ea\" data-element_type=\"widget\" data-widget_type=\"image.default\">\n\t\t\t\t<div class=\"elementor-widget-container\">\n\t\t\t\t\t\t\t\t\t\t\t\t\t\t\t<img fetchpriority=\"high\" decoding=\"async\" width=\"800\" height=\"262\" src=\"https:\/\/eihp.hr\/wp-content\/uploads\/2024\/03\/REHEATEAST-RGB-1024x335.png\" class=\"attachment-large size-large wp-image-14590\" alt=\"\" srcset=\"https:\/\/eihp.hr\/wp-content\/uploads\/2024\/03\/REHEATEAST-RGB-1024x335.png 1024w, https:\/\/eihp.hr\/wp-content\/uploads\/2024\/03\/REHEATEAST-RGB-300x98.png 300w, https:\/\/eihp.hr\/wp-content\/uploads\/2024\/03\/REHEATEAST-RGB-768x251.png 768w, https:\/\/eihp.hr\/wp-content\/uploads\/2024\/03\/REHEATEAST-RGB-1536x502.png 1536w, https:\/\/eihp.hr\/wp-content\/uploads\/2024\/03\/REHEATEAST-RGB-2048x670.png 2048w, https:\/\/eihp.hr\/wp-content\/uploads\/2024\/03\/REHEATEAST-RGB-18x6.png 18w\" sizes=\"(max-width: 800px) 100vw, 800px\" \/>\t\t\t\t\t\t\t\t\t\t\t\t\t\t\t<\/div>\n\t\t\t\t<\/div>\n\t\t\t\t\t<\/div>\n\t\t<\/div>\n\t\t\t\t\t<\/div>\n\t\t<\/section>\n\t\t\t\t<section class=\"elementor-section elementor-top-section elementor-element elementor-element-f01a702 elementor-section-boxed elementor-section-height-default elementor-section-height-default\" data-id=\"f01a702\" data-element_type=\"section\">\n\t\t\t\t\t\t<div class=\"elementor-container elementor-column-gap-default\">\n\t\t\t\t\t<div class=\"elementor-column elementor-col-100 elementor-top-column elementor-element elementor-element-5794445\" data-id=\"5794445\" data-element_type=\"column\">\n\t\t\t<div class=\"elementor-widget-wrap elementor-element-populated\">\n\t\t\t\t\t\t<div class=\"elementor-element elementor-element-7aa70e0b elementor-widget elementor-widget-text-editor\" data-id=\"7aa70e0b\" data-element_type=\"widget\" data-widget_type=\"text-editor.default\">\n\t\t\t\t<div class=\"elementor-widget-container\">\n\t\t\t\t\t\t\t\t\t<p>Building local partnerships for reducing the fossil energy demand of district heating systems in the Eastern Danube Region <\/p>\n<h4><strong>PROJECT DESCRIPTION:<\/strong><\/h4>\n<p>The overall objective of <a href=\"https:\/\/interreg-danube.eu\/projects\/reheateast\" target=\"_blank\" rel=\"noopener\">REHEATEAST <\/a>is to find and promote catalytic measures and\nwidely adaptable solutions to the financial and environmental sustainability\nchallenges of district heating and cooling (DHC) systems in the Eastern Danube\nRegion, thus reducing the fossil energy demand while increasing the utilization of\nrenewable energy sources and waste heat. Through partnership building, knowledge-\nsharing, and collaboration among stakeholders, REHEATEAST focuses on upgrading\nboth supply and demand sides of DHC systems to enhance efficiency and decrease\ndependency on fossil fuels. The project fosters international, cross-sectoral, public-\nprivate cooperation to develop and implement applicable solutions, including process\nimprovements and adaptation of best practices. Furthermore, REHEATEAST will\nwork on formulating policy recommendations tailored to addressing common\nchallenges in DHC systems across the eastern Danube region. These\nrecommendations are designed to provide strategic guidance and support to\npolicymakers and stakeholders in implementing sustainable solutions and advancing\nbroader project objectives.<\/p>\n<p>Programme: Danube Region Programme<\/p>\n<p>Lead partner: Pannon European Grouping of Territorial Cooperation, HU<\/p>\n<p class=\"translation-block\">11 Project Partners, 25 Associated Strategic Partners<\/p>\n<p>Duration: 30 months (1.1.2024.-30.6.2026.)<\/p>\n<p>Total budget: 2.214.691,40 EUR<\/p>\n<p>EIHP share: 288.322,50 EUR<\/p>\n<p>Co-financing: 80%<\/p>\n<p>EIHP project manager: Lea Leopoldovi\u0107;\u00a0lleopoldovic@eihp.hr;\u00a0+385 99 232 6113<\/p>\t\t\t\t\t\t\t\t<\/div>\n\t\t\t\t<\/div>\n\t\t\t\t<div class=\"elementor-element elementor-element-ea4b188 elementor-widget elementor-widget-image\" data-id=\"ea4b188\" data-element_type=\"widget\" data-widget_type=\"image.default\">\n\t\t\t\t<div class=\"elementor-widget-container\">\n\t\t\t\t\t\t\t\t\t\t\t\t\t\t\t<img decoding=\"async\" width=\"768\" height=\"432\" src=\"https:\/\/eihp.hr\/wp-content\/uploads\/2024\/06\/REHEATEAST_PPASP-on-a-map-768x432.jpg\" class=\"attachment-medium_large size-medium_large wp-image-15078\" alt=\"\" srcset=\"https:\/\/eihp.hr\/wp-content\/uploads\/2024\/06\/REHEATEAST_PPASP-on-a-map-768x432.jpg 768w, https:\/\/eihp.hr\/wp-content\/uploads\/2024\/06\/REHEATEAST_PPASP-on-a-map-300x169.jpg 300w, https:\/\/eihp.hr\/wp-content\/uploads\/2024\/06\/REHEATEAST_PPASP-on-a-map-1024x576.jpg 1024w, https:\/\/eihp.hr\/wp-content\/uploads\/2024\/06\/REHEATEAST_PPASP-on-a-map-18x10.jpg 18w, https:\/\/eihp.hr\/wp-content\/uploads\/2024\/06\/REHEATEAST_PPASP-on-a-map.jpg 1280w\" sizes=\"(max-width: 768px) 100vw, 768px\" \/>\t\t\t\t\t\t\t\t\t\t\t\t\t\t\t<\/div>\n\t\t\t\t<\/div>\n\t\t\t\t\t<\/div>\n\t\t<\/div>\n\t\t\t\t\t<\/div>\n\t\t<\/section>\n\t\t\t\t<section class=\"elementor-section elementor-top-section elementor-element elementor-element-bd15a38 elementor-section-boxed elementor-section-height-default elementor-section-height-default\" data-id=\"bd15a38\" data-element_type=\"section\">\n\t\t\t\t\t\t<div class=\"elementor-container elementor-column-gap-default\">\n\t\t\t\t\t<div class=\"elementor-column elementor-col-100 elementor-top-column elementor-element elementor-element-f875492\" data-id=\"f875492\" data-element_type=\"column\">\n\t\t\t<div class=\"elementor-widget-wrap elementor-element-populated\">\n\t\t\t\t\t\t<div class=\"elementor-element elementor-element-ca10a34 elementor-widget elementor-widget-spacer\" data-id=\"ca10a34\" data-element_type=\"widget\" data-widget_type=\"spacer.default\">\n\t\t\t\t<div class=\"elementor-widget-container\">\n\t\t\t\t\t\t\t<div class=\"elementor-spacer\">\n\t\t\t<div class=\"elementor-spacer-inner\"><\/div>\n\t\t<\/div>\n\t\t\t\t\t\t<\/div>\n\t\t\t\t<\/div>\n\t\t\t\t\t<\/div>\n\t\t<\/div>\n\t\t\t\t\t<\/div>\n\t\t<\/section>\n\t\t\t\t<section class=\"elementor-section elementor-top-section elementor-element elementor-element-fa0bbb5 elementor-section-boxed elementor-section-height-default elementor-section-height-default\" data-id=\"fa0bbb5\" data-element_type=\"section\">\n\t\t\t\t\t\t<div class=\"elementor-container elementor-column-gap-default\">\n\t\t\t\t\t<div class=\"elementor-column elementor-col-100 elementor-top-column elementor-element elementor-element-3620760\" data-id=\"3620760\" data-element_type=\"column\">\n\t\t\t<div class=\"elementor-widget-wrap elementor-element-populated\">\n\t\t\t\t\t\t<div class=\"elementor-element elementor-element-e2c3d39 elementor-widget elementor-widget-text-editor\" data-id=\"e2c3d39\" data-element_type=\"widget\" data-widget_type=\"text-editor.default\">\n\t\t\t\t<div class=\"elementor-widget-container\">\n\t\t\t\t\t\t\t\t\t<h5>PROJECT PARTNERS:&nbsp;<\/h5>\n<ul>\n<li>Lead partner: Pannon European Grouping Of Territorial Cooperation (HU)<br>(HU)<\/li>\n<li>PP2: NFFK\u00dc International Fund Development and Coordination Agency (HU)<\/li>\n<li>PP3: Energy Institute Hrvoje Po\u017ear (HR)<\/li>\n<li>PP4: Technical University of Cluj-Napoca (RO)<\/li>\n<li>PP5: Local Energy Agency Pomurje (SI)<\/li>\n<li>PP6: European Grouping of Territorial Cooperation Via Carpatia (SK)<\/li>\n<li>PP7: Standing Conference of Towns and Municipalities (RS)<\/li>\n<li>PP8: Jo\u017eef Stefan Institute (SI)<\/li>\n<li>PP9: Resource Aarhus Center in Bosnia and Herzegovina (BA)<\/li>\n<li>PP10: Center for Energy Efficiency Eneffect (BG)<\/li>\n<li>PP11: ABE Renewable (RS)<\/li>\n<\/ul>\n<h5>ASSOCIATED STRATEGIC PARTNERS:<\/h5>\n<ul>\n<li>Energo (HR)<\/li>\n<li>EcoEnergy Municipal Energy Efficiency Network (BG)<\/li>\n<li>Ko\u0161ice self-governing region (SK)<\/li>\n<li>REA Kvarner d.o.o. (HR)<\/li>\n<li>Centralno grijanje Tuzla (BA)<\/li>\n<li>Energy Cities Romania (RO)<\/li>\n<li>Association of Public Administrators (RO)<\/li>\n<li>P\u00e9cs University (HU)<\/li>\n<li>Solar Cooperative Green Energy (SI)<\/li>\n<li>Municipality of Rijeka (HR)<\/li>\n<li>Municipality of Zagreb (HR)<\/li>\n<li>Energetika Ljubljana (SI)<\/li>\n<li>P\u00e9cs District Heating Ltd. (HU)<\/li>\n<li>Ministry of Economy and Sustainable Development (HR)<\/li>\n<li>University of Tuzla (BA)<\/li>\n<li>Municipality of Priboj (RS)<\/li>\n<li>Alliance for Energy Efficiency and Renewables (MD)<\/li>\n<li>Energetika LLC (RS)<\/li>\n<li>Servelect (RO)<\/li>\n<li>MH Tepl\u00e1rensk\u00fd Holding a.s. (SK)<\/li>\n<li>CEE Bankwatch (CZ)<\/li>\n<li>Municipality Lendava (SI)<\/li>\n<li>HEP-Toplinarstvo d.o.o. (HR)<\/li>\n<li>EVN Bulgaria Toplofikatsia (BG)<\/li>\n<li>Center for Energy Security of Ukraine (UA)<\/li>\n<li>Green City Lab (MD)<\/li>\n<\/ul>\t\t\t\t\t\t\t\t<\/div>\n\t\t\t\t<\/div>\n\t\t\t\t\t<\/div>\n\t\t<\/div>\n\t\t\t\t\t<\/div>\n\t\t<\/section>\n\t\t\t\t<\/div>","protected":false},"excerpt":{"rendered":"<p>REHEATEAST Izgradnja lokalnih partnerstava za smanjenje potro\u0161nje fosilne energije u sustavima daljinskog grijanja u regiji isto\u010dnog Dunava OPIS PROJEKTA Glavni cilj REHEATEAST projekta je promovirati mjere i prilagodljiva rje\u0161enja za izazove financijske i ekolo\u0161ke odr\u017eivosti sustava daljinskog grijanja i hla\u0111enja u regiji Isto\u010dnog Dunava te na taj na\u010din smanjiti potra\u017enju za fosilnom energijom i pove\u0107ati [&hellip;]<\/p>","protected":false},"author":1,"featured_media":0,"parent":9597,"menu_order":0,"comment_status":"closed","ping_status":"closed","template":"","meta":{"footnotes":""},"class_list":["post-14589","page","type-page","status-publish","hentry"],"_links":{"self":[{"href":"https:\/\/eihp.hr\/en\/wp-json\/wp\/v2\/pages\/14589","targetHints":{"allow":["GET"]}}],"collection":[{"href":"https:\/\/eihp.hr\/en\/wp-json\/wp\/v2\/pages"}],"about":[{"href":"https:\/\/eihp.hr\/en\/wp-json\/wp\/v2\/types\/page"}],"author":[{"embeddable":true,"href":"https:\/\/eihp.hr\/en\/wp-json\/wp\/v2\/users\/1"}],"replies":[{"embeddable":true,"href":"https:\/\/eihp.hr\/en\/wp-json\/wp\/v2\/comments?post=14589"}],"version-history":[{"count":35,"href":"https:\/\/eihp.hr\/en\/wp-json\/wp\/v2\/pages\/14589\/revisions"}],"predecessor-version":[{"id":15958,"href":"https:\/\/eihp.hr\/en\/wp-json\/wp\/v2\/pages\/14589\/revisions\/15958"}],"up":[{"embeddable":true,"href":"https:\/\/eihp.hr\/en\/wp-json\/wp\/v2\/pages\/9597"}],"wp:attachment":[{"href":"https:\/\/eihp.hr\/en\/wp-json\/wp\/v2\/media?parent=14589"}],"curies":[{"name":"wp","href":"https:\/\/api.w.org\/{rel}","templated":true}]}}