{"id":14948,"date":"2024-06-07T10:06:34","date_gmt":"2024-06-07T08:06:34","guid":{"rendered":"https:\/\/eihp.hr\/?page_id=14948"},"modified":"2024-06-10T08:08:05","modified_gmt":"2024-06-10T06:08:05","slug":"leapto11","status":"publish","type":"page","link":"https:\/\/eihp.hr\/en\/projekti\/leapto11\/","title":{"rendered":"LEAPto11"},"content":{"rendered":"<div data-elementor-type=\"wp-page\" data-elementor-id=\"14948\" class=\"elementor elementor-14948\" data-elementor-post-type=\"page\">\n\t\t\t\t\t\t<section class=\"elementor-section elementor-top-section elementor-element elementor-element-456da171 elementor-section-height-min-height elementor-section-boxed elementor-section-height-default elementor-section-items-middle\" data-id=\"456da171\" data-element_type=\"section\" data-settings=\"{&quot;background_background&quot;:&quot;classic&quot;}\">\n\t\t\t\t\t\t<div class=\"elementor-container elementor-column-gap-default\">\n\t\t\t\t\t<div class=\"elementor-column elementor-col-100 elementor-top-column elementor-element elementor-element-70c1bdf5\" data-id=\"70c1bdf5\" data-element_type=\"column\">\n\t\t\t<div class=\"elementor-widget-wrap\">\n\t\t\t\t\t\t\t<\/div>\n\t\t<\/div>\n\t\t\t\t\t<\/div>\n\t\t<\/section>\n\t\t\t\t<section class=\"elementor-section elementor-top-section elementor-element elementor-element-2569ac01 elementor-section-boxed elementor-section-height-default elementor-section-height-default\" data-id=\"2569ac01\" data-element_type=\"section\" data-settings=\"{&quot;background_background&quot;:&quot;classic&quot;}\">\n\t\t\t\t\t\t<div class=\"elementor-container elementor-column-gap-default\">\n\t\t\t\t\t<div class=\"elementor-column elementor-col-100 elementor-top-column elementor-element elementor-element-7c1eabcd\" data-id=\"7c1eabcd\" data-element_type=\"column\" data-settings=\"{&quot;background_background&quot;:&quot;classic&quot;}\">\n\t\t\t<div class=\"elementor-widget-wrap elementor-element-populated\">\n\t\t\t\t\t\t<div class=\"elementor-element elementor-element-50ea2858 elementor-widget elementor-widget-heading\" data-id=\"50ea2858\" data-element_type=\"widget\" data-widget_type=\"heading.default\">\n\t\t\t\t<div class=\"elementor-widget-container\">\n\t\t\t\t\t<h1 class=\"elementor-heading-title elementor-size-default\">LEAPto11<\/h1>\t\t\t\t<\/div>\n\t\t\t\t<\/div>\n\t\t\t\t\t<\/div>\n\t\t<\/div>\n\t\t\t\t\t<\/div>\n\t\t<\/section>\n\t\t\t\t<section class=\"elementor-section elementor-top-section elementor-element elementor-element-57acd907 elementor-section-boxed elementor-section-height-default elementor-section-height-default\" data-id=\"57acd907\" data-element_type=\"section\">\n\t\t\t\t\t\t<div class=\"elementor-container elementor-column-gap-default\">\n\t\t\t\t\t<div class=\"elementor-column elementor-col-100 elementor-top-column elementor-element elementor-element-47e3a396\" data-id=\"47e3a396\" data-element_type=\"column\">\n\t\t\t<div class=\"elementor-widget-wrap elementor-element-populated\">\n\t\t\t\t\t\t<div class=\"elementor-element elementor-element-88ff8ea elementor-widget elementor-widget-image\" data-id=\"88ff8ea\" data-element_type=\"widget\" data-widget_type=\"image.default\">\n\t\t\t\t<div class=\"elementor-widget-container\">\n\t\t\t\t\t\t\t\t\t\t\t\t\t\t\t<img fetchpriority=\"high\" decoding=\"async\" width=\"500\" height=\"295\" src=\"https:\/\/eihp.hr\/wp-content\/uploads\/2024\/06\/LEAPto11-fullcolor-e1717747504764.png\" class=\"attachment-large size-large wp-image-14946\" alt=\"\" \/>\t\t\t\t\t\t\t\t\t\t\t\t\t\t\t<\/div>\n\t\t\t\t<\/div>\n\t\t\t\t\t<\/div>\n\t\t<\/div>\n\t\t\t\t\t<\/div>\n\t\t<\/section>\n\t\t\t\t<section class=\"elementor-section elementor-top-section elementor-element elementor-element-f01a702 elementor-section-boxed elementor-section-height-default elementor-section-height-default\" data-id=\"f01a702\" data-element_type=\"section\">\n\t\t\t\t\t\t<div class=\"elementor-container elementor-column-gap-default\">\n\t\t\t\t\t<div class=\"elementor-column elementor-col-100 elementor-top-column elementor-element elementor-element-5794445\" data-id=\"5794445\" data-element_type=\"column\">\n\t\t\t<div class=\"elementor-widget-wrap elementor-element-populated\">\n\t\t\t\t\t\t<div class=\"elementor-element elementor-element-7aa70e0b elementor-widget elementor-widget-text-editor\" data-id=\"7aa70e0b\" data-element_type=\"widget\" data-widget_type=\"text-editor.default\">\n\t\t\t\t<div class=\"elementor-widget-container\">\n\t\t\t\t\t\t\t\t\t<h4><strong>PROJECT DESCRIPTION:<\/strong><\/h4>\n<p>The LEAPto11 project aims to support European Member States during the transposition and\nrollout phase of the new article 11 of the EED recast through a joint action of cooperation of\ntheir respective National Energy Agencies.<\/p>\n<p>The project main goal is to contribute to a comprehensive improvement of the quality\nframework for Energy audits and Energy management systems (EnMs) through the\nevaluation, update, upgrade and optimisation of current national programmes.<\/p>\n<p>The project will also investigate other parts of the Recast EED dealing with energy savings in the business sector, to promote synergies among energy audits, EnMS, Energy Efficiency Obligation Schemes and alternative measures, information programmes.<\/p>\n<p><\/p>\n<p>Such goal will be reached through the following specific objectives:<\/p>\n<p>\u2022 Improving the effectiveness of National programmes for a better data management and Key\nPerformance Indicators production, with benefits for the Public and the Private sector.<\/p>\n<p>\u2022 Supporting Ministries, Business actors (business associations, networks), auditors and\nNational Agencies during the art.11 transposition with data-driven and knowledge-based high-level policy advice, to get all stakeholders ready when National legislations will enter in force.<\/p>\n<p>\u2022 Spreading the culture, use and uptake of Standards and Protocols to increase the implementation of the energy efficiency measures recommended in audits and EnMS.<\/p>\n<p><\/p>\n<p><strong>DURATION OF THE PROJECT:<\/strong> 1. 2. 2024. \u2013 31. 1. 2027.<\/p>\n<p><strong>TOTAL VALUE:<\/strong> 1.775.291 \u20ac<\/p>\n<p><strong>EU<\/strong> <strong>CO-FINANCING: <\/strong>1.686.526 \u20ac<\/p>\n<p><strong>COORDINATOR BENEFICIARY:<\/strong> ENEA \u2013 National Agency for New Technologies (Italy)<\/p>\n<p><strong>PARTNERS:<\/strong> PARTNERS: Energy Institute Hrvoje Po\u017ear (Croatia), ADENE \u2013 Energy Agency (Portugal), CRES \u2013 Centre for Renewable Energy Sources (Greece), DENA \u2013 German Energy Agency (Germany), Energy and Water Agency (Malta), Lithuanian Energy Agency (Lithuania), Ministry of Economic Affairs and Climate (Netherlands), SEAI \u2013 Sustainable Energy Authority\nof Ireland (Ireland), Slovak Innovation and Energy Agency (Slovakia), REVOLVE Planet (Belgium)<\/p>\t\t\t\t\t\t\t\t<\/div>\n\t\t\t\t<\/div>\n\t\t\t\t\t<\/div>\n\t\t<\/div>\n\t\t\t\t\t<\/div>\n\t\t<\/section>\n\t\t\t\t<\/div>","protected":false},"excerpt":{"rendered":"<p>LEAPto11 OPIS PROJEKTA: Projekt LEAPto11 ima za cilj pru\u017eiti potporu europskim dr\u017eavama \u010dlanicama tijekom faze prijenosa i uvo\u0111enja novog \u010dlanka 11. preina\u010denog EED-a kroz zajedni\u010dku akciju suradnje njihovih nacionalnih energetskih agencija. Glavni cilj projekta je doprinijeti sveobuhvatnom pobolj\u0161anju okvira kvalitete za energetske preglede i sustave upravljanja energijom (EnMs) kroz evaluaciju, a\u017euriranje, nadogradnju i optimizaciju postoje\u0107ih [&hellip;]<\/p>","protected":false},"author":1,"featured_media":0,"parent":9597,"menu_order":0,"comment_status":"closed","ping_status":"closed","template":"","meta":{"footnotes":""},"class_list":["post-14948","page","type-page","status-publish","hentry"],"_links":{"self":[{"href":"https:\/\/eihp.hr\/en\/wp-json\/wp\/v2\/pages\/14948","targetHints":{"allow":["GET"]}}],"collection":[{"href":"https:\/\/eihp.hr\/en\/wp-json\/wp\/v2\/pages"}],"about":[{"href":"https:\/\/eihp.hr\/en\/wp-json\/wp\/v2\/types\/page"}],"author":[{"embeddable":true,"href":"https:\/\/eihp.hr\/en\/wp-json\/wp\/v2\/users\/1"}],"replies":[{"embeddable":true,"href":"https:\/\/eihp.hr\/en\/wp-json\/wp\/v2\/comments?post=14948"}],"version-history":[{"count":7,"href":"https:\/\/eihp.hr\/en\/wp-json\/wp\/v2\/pages\/14948\/revisions"}],"predecessor-version":[{"id":14972,"href":"https:\/\/eihp.hr\/en\/wp-json\/wp\/v2\/pages\/14948\/revisions\/14972"}],"up":[{"embeddable":true,"href":"https:\/\/eihp.hr\/en\/wp-json\/wp\/v2\/pages\/9597"}],"wp:attachment":[{"href":"https:\/\/eihp.hr\/en\/wp-json\/wp\/v2\/media?parent=14948"}],"curies":[{"name":"wp","href":"https:\/\/api.w.org\/{rel}","templated":true}]}}