{"id":15317,"date":"2024-10-11T10:47:50","date_gmt":"2024-10-11T08:47:50","guid":{"rendered":"https:\/\/eihp.hr\/?page_id=15317"},"modified":"2024-10-11T11:00:10","modified_gmt":"2024-10-11T09:00:10","slug":"streamsave","status":"publish","type":"page","link":"https:\/\/eihp.hr\/en\/projekti\/streamsave\/","title":{"rendered":"streamSAVE+"},"content":{"rendered":"<div data-elementor-type=\"wp-page\" data-elementor-id=\"15317\" class=\"elementor elementor-15317\" data-elementor-post-type=\"page\">\n\t\t\t\t\t\t<section class=\"elementor-section elementor-top-section elementor-element elementor-element-456da171 elementor-section-height-min-height elementor-section-boxed elementor-section-height-default elementor-section-items-middle\" data-id=\"456da171\" data-element_type=\"section\" data-settings=\"{&quot;background_background&quot;:&quot;classic&quot;}\">\n\t\t\t\t\t\t<div class=\"elementor-container elementor-column-gap-default\">\n\t\t\t\t\t<div class=\"elementor-column elementor-col-100 elementor-top-column elementor-element elementor-element-70c1bdf5\" data-id=\"70c1bdf5\" data-element_type=\"column\">\n\t\t\t<div class=\"elementor-widget-wrap\">\n\t\t\t\t\t\t\t<\/div>\n\t\t<\/div>\n\t\t\t\t\t<\/div>\n\t\t<\/section>\n\t\t\t\t<section class=\"elementor-section elementor-top-section elementor-element elementor-element-2569ac01 elementor-section-boxed elementor-section-height-default elementor-section-height-default\" data-id=\"2569ac01\" data-element_type=\"section\" data-settings=\"{&quot;background_background&quot;:&quot;classic&quot;}\">\n\t\t\t\t\t\t<div class=\"elementor-container elementor-column-gap-default\">\n\t\t\t\t\t<div class=\"elementor-column elementor-col-100 elementor-top-column elementor-element elementor-element-7c1eabcd\" data-id=\"7c1eabcd\" data-element_type=\"column\" data-settings=\"{&quot;background_background&quot;:&quot;classic&quot;}\">\n\t\t\t<div class=\"elementor-widget-wrap elementor-element-populated\">\n\t\t\t\t\t\t<div class=\"elementor-element elementor-element-50ea2858 elementor-widget elementor-widget-heading\" data-id=\"50ea2858\" data-element_type=\"widget\" data-widget_type=\"heading.default\">\n\t\t\t\t<div class=\"elementor-widget-container\">\n\t\t\t\t\t<h1 class=\"elementor-heading-title elementor-size-default\">streamSAVE+<\/h1>\t\t\t\t<\/div>\n\t\t\t\t<\/div>\n\t\t\t\t\t<\/div>\n\t\t<\/div>\n\t\t\t\t\t<\/div>\n\t\t<\/section>\n\t\t\t\t<section class=\"elementor-section elementor-top-section elementor-element elementor-element-57acd907 elementor-section-boxed elementor-section-height-default elementor-section-height-default\" data-id=\"57acd907\" data-element_type=\"section\">\n\t\t\t\t\t\t<div class=\"elementor-container elementor-column-gap-default\">\n\t\t\t\t\t<div class=\"elementor-column elementor-col-100 elementor-top-column elementor-element elementor-element-47e3a396\" data-id=\"47e3a396\" data-element_type=\"column\">\n\t\t\t<div class=\"elementor-widget-wrap elementor-element-populated\">\n\t\t\t\t\t\t<div class=\"elementor-element elementor-element-88ff8ea elementor-widget elementor-widget-image\" data-id=\"88ff8ea\" data-element_type=\"widget\" data-widget_type=\"image.default\">\n\t\t\t\t<div class=\"elementor-widget-container\">\n\t\t\t\t\t\t\t\t\t\t\t\t\t\t\t<img fetchpriority=\"high\" decoding=\"async\" width=\"768\" height=\"449\" src=\"https:\/\/eihp.hr\/wp-content\/uploads\/2024\/10\/LOGO_StreamSavePlus_RGB-768x449.png\" class=\"attachment-medium_large size-medium_large wp-image-15322\" alt=\"\" srcset=\"https:\/\/eihp.hr\/wp-content\/uploads\/2024\/10\/LOGO_StreamSavePlus_RGB-768x449.png 768w, https:\/\/eihp.hr\/wp-content\/uploads\/2024\/10\/LOGO_StreamSavePlus_RGB-300x175.png 300w, https:\/\/eihp.hr\/wp-content\/uploads\/2024\/10\/LOGO_StreamSavePlus_RGB-1024x598.png 1024w, https:\/\/eihp.hr\/wp-content\/uploads\/2024\/10\/LOGO_StreamSavePlus_RGB.png 1113w\" sizes=\"(max-width: 768px) 100vw, 768px\" \/>\t\t\t\t\t\t\t\t\t\t\t\t\t\t\t<\/div>\n\t\t\t\t<\/div>\n\t\t\t\t\t<\/div>\n\t\t<\/div>\n\t\t\t\t\t<\/div>\n\t\t<\/section>\n\t\t\t\t<section class=\"elementor-section elementor-top-section elementor-element elementor-element-f01a702 elementor-section-boxed elementor-section-height-default elementor-section-height-default\" data-id=\"f01a702\" data-element_type=\"section\">\n\t\t\t\t\t\t<div class=\"elementor-container elementor-column-gap-default\">\n\t\t\t\t\t<div class=\"elementor-column elementor-col-100 elementor-top-column elementor-element elementor-element-5794445\" data-id=\"5794445\" data-element_type=\"column\">\n\t\t\t<div class=\"elementor-widget-wrap elementor-element-populated\">\n\t\t\t\t\t\t<div class=\"elementor-element elementor-element-7aa70e0b elementor-widget elementor-widget-text-editor\" data-id=\"7aa70e0b\" data-element_type=\"widget\" data-widget_type=\"text-editor.default\">\n\t\t\t\t<div class=\"elementor-widget-container\">\n\t\t\t\t\t\t\t\t\t<h4><strong>PROJECT DESCRIPTION:<\/strong><\/h4><p>The streamSAVE+ project (Streamlining Energy Savings Calculations in the EU Member States Plus) is an EU-funded initiative under the LIFE Programme. It aims to support Member States in enhancing energy efficiency through harmonized methodologies, addressing the challenges presented by the latest amendments to the Energy Efficiency Directive (EED). streamSAVE+ is a continuation of the successful streamSAVE project, focusing on implementing the latest provisions under Article 8 of the EED,<\/p><p>This 3-year project, starting on July 1, 2024, is coordinated by SEVEn (Czech Republic) and involves 10 partners from 9 countries \u2013 Austria, Belgium, Bulgaria, Croatia, Czech Republic, Greece, Lithuania, Portugal, and Slovenia. It however has EU-wide ambitions, and will provide tools, guidance, and support for energy savings calculations and policy improvements across the Union.<\/p><p>Key outputs of the project include:<br \/>\u2022 An expanded and improved online platform offering tools, case studies, and methodologies for streamlined energy savings calculations.<br \/>\u2022 Capacity-building support for public authorities, including workshops and peer-to-peer dialogues.<br \/>\u2022 Policy recommendations tailored to help Member States improve their energy efficiency reporting and compliance with EED obligations.<\/p><p>Key performance indicators include:<br \/>\u2022 Developing bottom-up calculation methodologies for 5 new priority actions, building on the existing 10 priority action from the completed streamSAVE project.<br \/>\u2022 Engaging over 150 key stakeholder organizations across the EU.<br \/>\u2022 streamSAVE+ platform users from all 27 member states.<br \/>\u2022 Organizing 20 workshops and dialogue sessions.<\/p><p>Visit our website for more information: www.streamsaveplus.eu <a href=\"http:\/\/www.streamsaveplus.eu\" target=\"_blank\" rel=\"noopener\">www.streamsaveplus.eu<\/a><br \/>Coordinator: Jiri Karasek, SEVEn<br \/>Contact: jiri.karasek@svn.cz<\/p>\t\t\t\t\t\t\t\t<\/div>\n\t\t\t\t<\/div>\n\t\t\t\t\t<\/div>\n\t\t<\/div>\n\t\t\t\t\t<\/div>\n\t\t<\/section>\n\t\t\t\t<\/div>","protected":false},"excerpt":{"rendered":"<p>streamSAVE+ OPIS PROJEKTA: Projekt streamSAVE+ (Streamlining Energy Savings Calculations in the EU Member States Plus) je inicijativa koju financira EU u okviru programa LIFE. Cilj mu je podr\u017eati dr\u017eave \u010dlanice u pobolj\u0161anju energetske u\u010dinkovitosti putem uskla\u0111enih metodologija, rje\u0161avaju\u0107i izazove koje predstavljaju najnovije izmjene i dopune Direktive o energetskoj u\u010dinkovitosti (EED). streamSAVE+ je nastavak uspje\u0161nog projekta [&hellip;]<\/p>","protected":false},"author":1,"featured_media":0,"parent":9597,"menu_order":0,"comment_status":"closed","ping_status":"closed","template":"","meta":{"footnotes":""},"class_list":["post-15317","page","type-page","status-publish","hentry"],"_links":{"self":[{"href":"https:\/\/eihp.hr\/en\/wp-json\/wp\/v2\/pages\/15317","targetHints":{"allow":["GET"]}}],"collection":[{"href":"https:\/\/eihp.hr\/en\/wp-json\/wp\/v2\/pages"}],"about":[{"href":"https:\/\/eihp.hr\/en\/wp-json\/wp\/v2\/types\/page"}],"author":[{"embeddable":true,"href":"https:\/\/eihp.hr\/en\/wp-json\/wp\/v2\/users\/1"}],"replies":[{"embeddable":true,"href":"https:\/\/eihp.hr\/en\/wp-json\/wp\/v2\/comments?post=15317"}],"version-history":[{"count":5,"href":"https:\/\/eihp.hr\/en\/wp-json\/wp\/v2\/pages\/15317\/revisions"}],"predecessor-version":[{"id":15325,"href":"https:\/\/eihp.hr\/en\/wp-json\/wp\/v2\/pages\/15317\/revisions\/15325"}],"up":[{"embeddable":true,"href":"https:\/\/eihp.hr\/en\/wp-json\/wp\/v2\/pages\/9597"}],"wp:attachment":[{"href":"https:\/\/eihp.hr\/en\/wp-json\/wp\/v2\/media?parent=15317"}],"curies":[{"name":"wp","href":"https:\/\/api.w.org\/{rel}","templated":true}]}}