{"id":15464,"date":"2024-12-11T13:24:38","date_gmt":"2024-12-11T12:24:38","guid":{"rendered":"https:\/\/eihp.hr\/?page_id=15464"},"modified":"2024-12-19T13:24:58","modified_gmt":"2024-12-19T12:24:58","slug":"heat-35","status":"publish","type":"page","link":"https:\/\/eihp.hr\/en\/projekti\/heat-35\/","title":{"rendered":"HEAT 35"},"content":{"rendered":"<div data-elementor-type=\"wp-page\" data-elementor-id=\"15464\" class=\"elementor elementor-15464\" data-elementor-post-type=\"page\">\n\t\t\t\t\t\t<section class=\"elementor-section elementor-top-section elementor-element elementor-element-456da171 elementor-section-height-min-height elementor-section-boxed elementor-section-height-default elementor-section-items-middle\" data-id=\"456da171\" data-element_type=\"section\" data-settings=\"{&quot;background_background&quot;:&quot;classic&quot;}\">\n\t\t\t\t\t\t<div class=\"elementor-container elementor-column-gap-default\">\n\t\t\t\t\t<div class=\"elementor-column elementor-col-100 elementor-top-column elementor-element elementor-element-70c1bdf5\" data-id=\"70c1bdf5\" data-element_type=\"column\">\n\t\t\t<div class=\"elementor-widget-wrap\">\n\t\t\t\t\t\t\t<\/div>\n\t\t<\/div>\n\t\t\t\t\t<\/div>\n\t\t<\/section>\n\t\t\t\t<section class=\"elementor-section elementor-top-section elementor-element elementor-element-2569ac01 elementor-section-boxed elementor-section-height-default elementor-section-height-default\" data-id=\"2569ac01\" data-element_type=\"section\" data-settings=\"{&quot;background_background&quot;:&quot;classic&quot;}\">\n\t\t\t\t\t\t<div class=\"elementor-container elementor-column-gap-default\">\n\t\t\t\t\t<div class=\"elementor-column elementor-col-100 elementor-top-column elementor-element elementor-element-7c1eabcd\" data-id=\"7c1eabcd\" data-element_type=\"column\" data-settings=\"{&quot;background_background&quot;:&quot;classic&quot;}\">\n\t\t\t<div class=\"elementor-widget-wrap elementor-element-populated\">\n\t\t\t\t\t\t<div class=\"elementor-element elementor-element-50ea2858 elementor-widget elementor-widget-heading\" data-id=\"50ea2858\" data-element_type=\"widget\" data-widget_type=\"heading.default\">\n\t\t\t\t<div class=\"elementor-widget-container\">\n\t\t\t\t\t<h1 class=\"elementor-heading-title elementor-size-default\">HEAT 35<\/h1>\t\t\t\t<\/div>\n\t\t\t\t<\/div>\n\t\t\t\t\t<\/div>\n\t\t<\/div>\n\t\t\t\t\t<\/div>\n\t\t<\/section>\n\t\t\t\t<section class=\"elementor-section elementor-top-section elementor-element elementor-element-57acd907 elementor-section-boxed elementor-section-height-default elementor-section-height-default\" data-id=\"57acd907\" data-element_type=\"section\">\n\t\t\t\t\t\t<div class=\"elementor-container elementor-column-gap-default\">\n\t\t\t\t\t<div class=\"elementor-column elementor-col-100 elementor-top-column elementor-element elementor-element-47e3a396\" data-id=\"47e3a396\" data-element_type=\"column\">\n\t\t\t<div class=\"elementor-widget-wrap elementor-element-populated\">\n\t\t\t\t\t\t<div class=\"elementor-element elementor-element-88ff8ea elementor-widget elementor-widget-image\" data-id=\"88ff8ea\" data-element_type=\"widget\" data-widget_type=\"image.default\">\n\t\t\t\t<div class=\"elementor-widget-container\">\n\t\t\t\t\t\t\t\t\t\t\t\t\t\t\t<img decoding=\"async\" width=\"300\" height=\"127\" src=\"https:\/\/eihp.hr\/wp-content\/uploads\/2024\/12\/HEAT35_Logo_Standard_medium-11-300x127.png\" class=\"attachment-medium size-medium wp-image-15466\" alt=\"\" srcset=\"https:\/\/eihp.hr\/wp-content\/uploads\/2024\/12\/HEAT35_Logo_Standard_medium-11-300x127.png 300w, https:\/\/eihp.hr\/wp-content\/uploads\/2024\/12\/HEAT35_Logo_Standard_medium-11-1024x435.png 1024w, https:\/\/eihp.hr\/wp-content\/uploads\/2024\/12\/HEAT35_Logo_Standard_medium-11-768x326.png 768w, https:\/\/eihp.hr\/wp-content\/uploads\/2024\/12\/HEAT35_Logo_Standard_medium-11-18x8.png 18w, https:\/\/eihp.hr\/wp-content\/uploads\/2024\/12\/HEAT35_Logo_Standard_medium-11.png 1256w\" sizes=\"(max-width: 300px) 100vw, 300px\" \/>\t\t\t\t\t\t\t\t\t\t\t\t\t\t\t<\/div>\n\t\t\t\t<\/div>\n\t\t\t\t\t<\/div>\n\t\t<\/div>\n\t\t\t\t\t<\/div>\n\t\t<\/section>\n\t\t\t\t<section class=\"elementor-section elementor-top-section elementor-element elementor-element-f01a702 elementor-section-boxed elementor-section-height-default elementor-section-height-default\" data-id=\"f01a702\" data-element_type=\"section\">\n\t\t\t\t\t\t<div class=\"elementor-container elementor-column-gap-default\">\n\t\t\t\t\t<div class=\"elementor-column elementor-col-100 elementor-top-column elementor-element elementor-element-5794445\" data-id=\"5794445\" data-element_type=\"column\">\n\t\t\t<div class=\"elementor-widget-wrap elementor-element-populated\">\n\t\t\t\t\t\t<div class=\"elementor-element elementor-element-7aa70e0b elementor-widget elementor-widget-text-editor\" data-id=\"7aa70e0b\" data-element_type=\"widget\" data-widget_type=\"text-editor.default\">\n\t\t\t\t<div class=\"elementor-widget-container\">\n\t\t\t\t\t\t\t\t\t<p>The main goal of the<a href=\"https:\/\/www.interreg-central.eu\/projects\/heat-35\/\" target=\"_blank\" rel=\"noopener\"> HEAT 35<\/a> project is to collaborate with district heating (DH) systems to enhance sustainability and energy efficiency by utilizing at least 50% renewable energy sources and\/or waste heat by 2035. This will be achieved through cooperation between technical partners and DH system operators.<\/p><p>The Central Europe region has high heating and cooling demands and a significant reliance on fossil fuels. However, it also has well-developed DH systems and substantial potential for heat into DH networks.<\/p><p>HEAT 35 project partners will collaboratively design transformational solutions for the district heating systems involved in the project. Technical partners will create the \u201cHEAT 35 Kit\u201d, a set of guidelines and tools to assist DH operators in implementing sustainable and energy-efficient solutions in their systems. Additionally, DH operators will participate in a learning process through the \u201cHEAT 35 Learning Lab\u201d, where they will develop the skills needed to manage new, more complex district heating systems.<\/p><p>HEAT 35 builds on the Interreg Central Europe project CE-HEAT, which developed a waste heat source map and utilization calculator, and ENTRAIN project, which designed quality standards for biomass. The project consortium consists of 10 partners from 7 different Central European countries (Croatia, Austria, Czech Republic, Germany, Poland, Slovenia, and Italy).<\/p><p><strong>Technical Partners:<\/strong><\/p><ul><li>Energy Institute Hrvoje Po\u017ear (EIHP)<\/li><li>AEE \u2013 Institute for Sustainable Technologies (AEE-INTEC)<\/li><li>Thuringian Energy and GreenTech Agency (THEGA)<\/li><li>E-zavod<\/li><li>Energy Management Agency of Friuli Venezia Giulia (APE FVG)<\/li><\/ul><p><strong>District Heating System Operators:<\/strong><\/p><ul><li>Tehnostan<\/li><li>Heating Chodov (HCH)<\/li><li>Cracow District Heating Company (MPEC)<\/li><li>Municipality of Velenje<\/li><li>Municipality of Maniago<\/li><\/ul>\t\t\t\t\t\t\t\t<\/div>\n\t\t\t\t<\/div>\n\t\t\t\t\t<\/div>\n\t\t<\/div>\n\t\t\t\t\t<\/div>\n\t\t<\/section>\n\t\t\t\t<section class=\"elementor-section elementor-top-section elementor-element elementor-element-bd15a38 elementor-section-boxed elementor-section-height-default elementor-section-height-default\" data-id=\"bd15a38\" data-element_type=\"section\">\n\t\t\t\t\t\t<div class=\"elementor-container elementor-column-gap-default\">\n\t\t\t\t\t<div class=\"elementor-column elementor-col-100 elementor-top-column elementor-element elementor-element-f875492\" data-id=\"f875492\" data-element_type=\"column\">\n\t\t\t<div class=\"elementor-widget-wrap elementor-element-populated\">\n\t\t\t\t\t\t<div class=\"elementor-element elementor-element-ca10a34 elementor-widget elementor-widget-spacer\" data-id=\"ca10a34\" data-element_type=\"widget\" data-widget_type=\"spacer.default\">\n\t\t\t\t<div class=\"elementor-widget-container\">\n\t\t\t\t\t\t\t<div class=\"elementor-spacer\">\n\t\t\t<div class=\"elementor-spacer-inner\"><\/div>\n\t\t<\/div>\n\t\t\t\t\t\t<\/div>\n\t\t\t\t<\/div>\n\t\t\t\t\t<\/div>\n\t\t<\/div>\n\t\t\t\t\t<\/div>\n\t\t<\/section>\n\t\t\t\t<\/div>","protected":false},"excerpt":{"rendered":"<p>HEAT 35 Glavni cilj projekta HEAT 35 je suradnja sa sustavima daljinskog grijanja prilikom pove\u0107anja razine odr\u017eivosti i energetske u\u010dinkovitosti koriste\u0107i barem 50% obnovljivih izvora energije i\/ili otpadne topline do 2035. To \u0107e se posti\u0107i suradnjom tehni\u010dkih partnera i operatora sustava daljinskog grijanja. Podru\u010dje Srednje Europe ima visoke zahtjeve za grijanje i hla\u0111enje i veliku [&hellip;]<\/p>","protected":false},"author":1,"featured_media":0,"parent":9597,"menu_order":0,"comment_status":"closed","ping_status":"closed","template":"","meta":{"footnotes":""},"class_list":["post-15464","page","type-page","status-publish","hentry"],"_links":{"self":[{"href":"https:\/\/eihp.hr\/en\/wp-json\/wp\/v2\/pages\/15464","targetHints":{"allow":["GET"]}}],"collection":[{"href":"https:\/\/eihp.hr\/en\/wp-json\/wp\/v2\/pages"}],"about":[{"href":"https:\/\/eihp.hr\/en\/wp-json\/wp\/v2\/types\/page"}],"author":[{"embeddable":true,"href":"https:\/\/eihp.hr\/en\/wp-json\/wp\/v2\/users\/1"}],"replies":[{"embeddable":true,"href":"https:\/\/eihp.hr\/en\/wp-json\/wp\/v2\/comments?post=15464"}],"version-history":[{"count":13,"href":"https:\/\/eihp.hr\/en\/wp-json\/wp\/v2\/pages\/15464\/revisions"}],"predecessor-version":[{"id":15531,"href":"https:\/\/eihp.hr\/en\/wp-json\/wp\/v2\/pages\/15464\/revisions\/15531"}],"up":[{"embeddable":true,"href":"https:\/\/eihp.hr\/en\/wp-json\/wp\/v2\/pages\/9597"}],"wp:attachment":[{"href":"https:\/\/eihp.hr\/en\/wp-json\/wp\/v2\/media?parent=15464"}],"curies":[{"name":"wp","href":"https:\/\/api.w.org\/{rel}","templated":true}]}}