{"id":15504,"date":"2024-12-19T09:53:54","date_gmt":"2024-12-19T08:53:54","guid":{"rendered":"https:\/\/eihp.hr\/?page_id=15504"},"modified":"2025-09-01T10:30:58","modified_gmt":"2025-09-01T08:30:58","slug":"dhc-sweetch","status":"publish","type":"page","link":"https:\/\/eihp.hr\/en\/projekti\/dhc-sweetch\/","title":{"rendered":"DHC SwEEtch"},"content":{"rendered":"<div data-elementor-type=\"wp-page\" data-elementor-id=\"15504\" class=\"elementor elementor-15504\" data-elementor-post-type=\"page\">\n\t\t\t\t\t\t<section class=\"elementor-section elementor-top-section elementor-element elementor-element-456da171 elementor-section-height-min-height elementor-section-boxed elementor-section-height-default elementor-section-items-middle\" data-id=\"456da171\" data-element_type=\"section\" data-settings=\"{&quot;background_background&quot;:&quot;classic&quot;}\">\n\t\t\t\t\t\t<div class=\"elementor-container elementor-column-gap-default\">\n\t\t\t\t\t<div class=\"elementor-column elementor-col-100 elementor-top-column elementor-element elementor-element-70c1bdf5\" data-id=\"70c1bdf5\" data-element_type=\"column\">\n\t\t\t<div class=\"elementor-widget-wrap\">\n\t\t\t\t\t\t\t<\/div>\n\t\t<\/div>\n\t\t\t\t\t<\/div>\n\t\t<\/section>\n\t\t\t\t<section class=\"elementor-section elementor-top-section elementor-element elementor-element-2569ac01 elementor-section-boxed elementor-section-height-default elementor-section-height-default\" data-id=\"2569ac01\" data-element_type=\"section\" data-settings=\"{&quot;background_background&quot;:&quot;classic&quot;}\">\n\t\t\t\t\t\t<div class=\"elementor-container elementor-column-gap-default\">\n\t\t\t\t\t<div class=\"elementor-column elementor-col-100 elementor-top-column elementor-element elementor-element-7c1eabcd\" data-id=\"7c1eabcd\" data-element_type=\"column\" data-settings=\"{&quot;background_background&quot;:&quot;classic&quot;}\">\n\t\t\t<div class=\"elementor-widget-wrap elementor-element-populated\">\n\t\t\t\t\t\t<div class=\"elementor-element elementor-element-50ea2858 elementor-widget elementor-widget-heading\" data-id=\"50ea2858\" data-element_type=\"widget\" data-widget_type=\"heading.default\">\n\t\t\t\t<div class=\"elementor-widget-container\">\n\t\t\t\t\t<h1 class=\"elementor-heading-title elementor-size-default\">DHC SwEEtch<\/h1>\t\t\t\t<\/div>\n\t\t\t\t<\/div>\n\t\t\t\t\t<\/div>\n\t\t<\/div>\n\t\t\t\t\t<\/div>\n\t\t<\/section>\n\t\t\t\t<section class=\"elementor-section elementor-top-section elementor-element elementor-element-57acd907 elementor-section-boxed elementor-section-height-default elementor-section-height-default\" data-id=\"57acd907\" data-element_type=\"section\">\n\t\t\t\t\t\t<div class=\"elementor-container elementor-column-gap-default\">\n\t\t\t\t\t<div class=\"elementor-column elementor-col-100 elementor-top-column elementor-element elementor-element-47e3a396\" data-id=\"47e3a396\" data-element_type=\"column\">\n\t\t\t<div class=\"elementor-widget-wrap elementor-element-populated\">\n\t\t\t\t\t\t<div class=\"elementor-element elementor-element-88ff8ea elementor-widget elementor-widget-image\" data-id=\"88ff8ea\" data-element_type=\"widget\" data-widget_type=\"image.default\">\n\t\t\t\t<div class=\"elementor-widget-container\">\n\t\t\t\t\t\t\t\t\t\t\t\t\t\t\t<img decoding=\"async\" width=\"300\" height=\"138\" src=\"https:\/\/eihp.hr\/wp-content\/uploads\/2024\/12\/DHC-SwEEtch_logo-300x138.png\" class=\"attachment-medium size-medium wp-image-15506\" alt=\"\" srcset=\"https:\/\/eihp.hr\/wp-content\/uploads\/2024\/12\/DHC-SwEEtch_logo-300x138.png 300w, https:\/\/eihp.hr\/wp-content\/uploads\/2024\/12\/DHC-SwEEtch_logo-768x352.png 768w, https:\/\/eihp.hr\/wp-content\/uploads\/2024\/12\/DHC-SwEEtch_logo-18x8.png 18w, https:\/\/eihp.hr\/wp-content\/uploads\/2024\/12\/DHC-SwEEtch_logo.png 975w\" sizes=\"(max-width: 300px) 100vw, 300px\" \/>\t\t\t\t\t\t\t\t\t\t\t\t\t\t\t<\/div>\n\t\t\t\t<\/div>\n\t\t\t\t\t<\/div>\n\t\t<\/div>\n\t\t\t\t\t<\/div>\n\t\t<\/section>\n\t\t\t\t<section class=\"elementor-section elementor-top-section elementor-element elementor-element-f01a702 elementor-section-boxed elementor-section-height-default elementor-section-height-default\" data-id=\"f01a702\" data-element_type=\"section\">\n\t\t\t\t\t\t<div class=\"elementor-container elementor-column-gap-default\">\n\t\t\t\t\t<div class=\"elementor-column elementor-col-100 elementor-top-column elementor-element elementor-element-5794445\" data-id=\"5794445\" data-element_type=\"column\">\n\t\t\t<div class=\"elementor-widget-wrap elementor-element-populated\">\n\t\t\t\t\t\t<div class=\"elementor-element elementor-element-7aa70e0b elementor-widget elementor-widget-text-editor\" data-id=\"7aa70e0b\" data-element_type=\"widget\" data-widget_type=\"text-editor.default\">\n\t\t\t\t<div class=\"elementor-widget-container\">\n\t\t\t\t\t\t\t\t\t<p><strong><a href=\"https:\/\/www.construction21.org\/project\/h\/dhc-sweetch.html\" target=\"_blank\" rel=\"noopener\">DHC SwEEtch<\/a> is a pioneering project dedicated to transforming urban district heating and cooling (DHC) systems across Europe.<\/strong><\/p>\n<p>By providing essential technical support, the project enables DHC operators to design effective decarbonization roadmaps through 2050 and develop actionable investment plans for the coming decade.<\/p>\n<p><\/p>\n<p><strong>Our Focus Areas:<\/strong><\/p>\n<ul>\n<li><strong>Mapping<\/strong>: Identifying demand and local renewable or waste heat resources to align with urban needs.<\/li>\n<li><strong>Modeling<\/strong>: Leveraging advanced simulations to design efficient, sustainable systems.<\/li>\n<li><strong>Assessment<\/strong>: Evaluating current infrastructures to pinpoint opportunities for enhancement.<\/li>\n<li><strong>Investment planning<\/strong>: Creating detailed strategies for securing financing and supporting modernization efforts.<\/li>\n<\/ul>\n<p>With initial case studies in Italy, Poland, and Croatia, DHC SwEEtch is helping DHC networks integrate renewable energy and waste heat sources such as biomass, solar thermal, geothermal, and storage solutions. By 2025, five more networks will be selected through an open call, enabling a total of ten DHC networks to benefit from the project\u2019s guidance. DHC SwEEtch is also dedicated to community-building through outreach, training, and collaboration initiatives, empowering stakeholders with the skills and connections to foster sustainable energy solutions.<\/p>\n<p><\/p>\n<p><strong>Partners<\/strong>:<\/p>\n<p>R2M Solution, Energy Institute Hrvoje Po\u017ear, Accademia Europea Di Bolzano \u2013 Eurac Research, IES R&amp;D, Krajowa Agencja Poszanowania Energii S.A., Rina Consulting SpA, Construction21 \u2013 France.<\/p>\n<p><strong>Associated partners:<\/strong><\/p>\n<p>GTG Vinkovci d.o.o., Brod-plin, A2A Calore &amp; Servizi SRL<\/p>\n<p><\/p>\n<p><strong>Project duration<\/strong>: Listopad 2024. &#8211; Rujan 2027.<\/p>\n<p><strong>Funding<\/strong>:  2021 \u2013 2027 (Life+ \/ EU funding \/ Project)<\/p>\n<p>Follow the project on <a href=\"https:\/\/www.linkedin.com\/company\/dhc-sweetch\/\" target=\"_blank\" rel=\"noopener\">LinkedIn<\/a>.<\/p>\t\t\t\t\t\t\t\t<\/div>\n\t\t\t\t<\/div>\n\t\t\t\t\t<\/div>\n\t\t<\/div>\n\t\t\t\t\t<\/div>\n\t\t<\/section>\n\t\t\t\t<section class=\"elementor-section elementor-top-section elementor-element elementor-element-bd15a38 elementor-section-boxed elementor-section-height-default elementor-section-height-default\" data-id=\"bd15a38\" data-element_type=\"section\">\n\t\t\t\t\t\t<div class=\"elementor-container elementor-column-gap-default\">\n\t\t\t\t\t<div class=\"elementor-column elementor-col-100 elementor-top-column elementor-element elementor-element-f875492\" data-id=\"f875492\" data-element_type=\"column\">\n\t\t\t<div class=\"elementor-widget-wrap elementor-element-populated\">\n\t\t\t\t\t\t<div class=\"elementor-element elementor-element-ca10a34 elementor-widget elementor-widget-spacer\" data-id=\"ca10a34\" data-element_type=\"widget\" data-widget_type=\"spacer.default\">\n\t\t\t\t<div class=\"elementor-widget-container\">\n\t\t\t\t\t\t\t<div class=\"elementor-spacer\">\n\t\t\t<div class=\"elementor-spacer-inner\"><\/div>\n\t\t<\/div>\n\t\t\t\t\t\t<\/div>\n\t\t\t\t<\/div>\n\t\t\t\t\t<\/div>\n\t\t<\/div>\n\t\t\t\t\t<\/div>\n\t\t<\/section>\n\t\t\t\t<\/div>","protected":false},"excerpt":{"rendered":"<p>DHC SwEEtch DHC SwEEtch je pionirski projekt posve\u0107en transformaciji daljinskih sustava grijanja i hla\u0111enja (DHC) u urbanim sredinama diljem Europe. Kroz pru\u017eanje klju\u010dne tehni\u010dke podr\u0161ke, projekt omogu\u0107ava operaterima DHC sustava izradu planova dekarbonizacije do 2050. godine i razvoj provedivih investicijskih planova za sljede\u0107e desetlje\u0107e. Klju\u010dna podru\u010dja projekta: Mapiranje: Identifikacija toplinskih potreba i lokalnih obnovljivih ili [&hellip;]<\/p>","protected":false},"author":1,"featured_media":0,"parent":9597,"menu_order":0,"comment_status":"closed","ping_status":"closed","template":"","meta":{"footnotes":""},"class_list":["post-15504","page","type-page","status-publish","hentry"],"_links":{"self":[{"href":"https:\/\/eihp.hr\/en\/wp-json\/wp\/v2\/pages\/15504","targetHints":{"allow":["GET"]}}],"collection":[{"href":"https:\/\/eihp.hr\/en\/wp-json\/wp\/v2\/pages"}],"about":[{"href":"https:\/\/eihp.hr\/en\/wp-json\/wp\/v2\/types\/page"}],"author":[{"embeddable":true,"href":"https:\/\/eihp.hr\/en\/wp-json\/wp\/v2\/users\/1"}],"replies":[{"embeddable":true,"href":"https:\/\/eihp.hr\/en\/wp-json\/wp\/v2\/comments?post=15504"}],"version-history":[{"count":24,"href":"https:\/\/eihp.hr\/en\/wp-json\/wp\/v2\/pages\/15504\/revisions"}],"predecessor-version":[{"id":16094,"href":"https:\/\/eihp.hr\/en\/wp-json\/wp\/v2\/pages\/15504\/revisions\/16094"}],"up":[{"embeddable":true,"href":"https:\/\/eihp.hr\/en\/wp-json\/wp\/v2\/pages\/9597"}],"wp:attachment":[{"href":"https:\/\/eihp.hr\/en\/wp-json\/wp\/v2\/media?parent=15504"}],"curies":[{"name":"wp","href":"https:\/\/api.w.org\/{rel}","templated":true}]}}