{"id":15989,"date":"2025-07-10T12:41:22","date_gmt":"2025-07-10T10:41:22","guid":{"rendered":"https:\/\/eihp.hr\/?page_id=15989"},"modified":"2025-07-10T12:55:26","modified_gmt":"2025-07-10T10:55:26","slug":"leean-cet","status":"publish","type":"page","link":"https:\/\/eihp.hr\/en\/projekti\/leean-cet\/","title":{"rendered":"LEEAN-CET"},"content":{"rendered":"<div data-elementor-type=\"wp-page\" data-elementor-id=\"15989\" class=\"elementor elementor-15989\" data-elementor-post-type=\"page\">\n\t\t\t\t\t\t<section class=\"elementor-section elementor-top-section elementor-element elementor-element-456da171 elementor-section-height-min-height elementor-section-boxed elementor-section-height-default elementor-section-items-middle\" data-id=\"456da171\" data-element_type=\"section\" data-settings=\"{&quot;background_background&quot;:&quot;classic&quot;}\">\n\t\t\t\t\t\t<div class=\"elementor-container elementor-column-gap-default\">\n\t\t\t\t\t<div class=\"elementor-column elementor-col-100 elementor-top-column elementor-element elementor-element-70c1bdf5\" data-id=\"70c1bdf5\" data-element_type=\"column\">\n\t\t\t<div class=\"elementor-widget-wrap\">\n\t\t\t\t\t\t\t<\/div>\n\t\t<\/div>\n\t\t\t\t\t<\/div>\n\t\t<\/section>\n\t\t\t\t<section class=\"elementor-section elementor-top-section elementor-element elementor-element-2569ac01 elementor-section-boxed elementor-section-height-default elementor-section-height-default\" data-id=\"2569ac01\" data-element_type=\"section\" data-settings=\"{&quot;background_background&quot;:&quot;classic&quot;}\">\n\t\t\t\t\t\t<div class=\"elementor-container elementor-column-gap-default\">\n\t\t\t\t\t<div class=\"elementor-column elementor-col-100 elementor-top-column elementor-element elementor-element-7c1eabcd\" data-id=\"7c1eabcd\" data-element_type=\"column\" data-settings=\"{&quot;background_background&quot;:&quot;classic&quot;}\">\n\t\t\t<div class=\"elementor-widget-wrap elementor-element-populated\">\n\t\t\t\t\t\t\t<\/div>\n\t\t<\/div>\n\t\t\t\t\t<\/div>\n\t\t<\/section>\n\t\t\t\t<section class=\"elementor-section elementor-top-section elementor-element elementor-element-57acd907 elementor-section-boxed elementor-section-height-default elementor-section-height-default\" data-id=\"57acd907\" data-element_type=\"section\">\n\t\t\t\t\t\t<div class=\"elementor-container elementor-column-gap-default\">\n\t\t\t\t\t<div class=\"elementor-column elementor-col-100 elementor-top-column elementor-element elementor-element-47e3a396\" data-id=\"47e3a396\" data-element_type=\"column\">\n\t\t\t<div class=\"elementor-widget-wrap elementor-element-populated\">\n\t\t\t\t\t\t<div class=\"elementor-element elementor-element-88ff8ea elementor-widget elementor-widget-image\" data-id=\"88ff8ea\" data-element_type=\"widget\" data-widget_type=\"image.default\">\n\t\t\t\t<div class=\"elementor-widget-container\">\n\t\t\t\t\t\t\t\t\t\t\t\t\t\t\t<img decoding=\"async\" width=\"270\" height=\"176\" src=\"https:\/\/eihp.hr\/wp-content\/uploads\/2025\/07\/LEEAN-CET.png\" class=\"attachment-full size-full wp-image-15995\" alt=\"\" srcset=\"https:\/\/eihp.hr\/wp-content\/uploads\/2025\/07\/LEEAN-CET.png 270w, https:\/\/eihp.hr\/wp-content\/uploads\/2025\/07\/LEEAN-CET-18x12.png 18w\" sizes=\"(max-width: 270px) 100vw, 270px\" \/>\t\t\t\t\t\t\t\t\t\t\t\t\t\t\t<\/div>\n\t\t\t\t<\/div>\n\t\t\t\t<div class=\"elementor-element elementor-element-7aa70e0b elementor-widget elementor-widget-text-editor\" data-id=\"7aa70e0b\" data-element_type=\"widget\" data-widget_type=\"text-editor.default\">\n\t\t\t\t<div class=\"elementor-widget-container\">\n\t\t\t\t\t\t\t\t\t<h2>Local Energy and Environment Action Networks for Clean Energy Transition<\/h2><p>Despite the European Union\u2019s clear climate and energy goals and the availability of numerous financial support mechanisms, many small and medium-sized municipalities in Central and Southeast Europe continue to face serious challenges in planning and implementing sustainable local policies. A lack of capacity, coordination, and systematic energy management approaches often delays the decarbonisation of cities and limits access to transition support opportunities.<\/p><p>Projekt LEEAN-CET ima za cilj prevladati ove prepreke uvo\u0111enjem me\u0111unarodno priznate metodologije european energy award (eea) u Bugarskoj, Sjevernoj Makedoniji, Hrvatskoj, Ma\u0111arskoj, Sloveniji i Ukrajini. Projekt se temelji na postignu\u0107ima inicijative <a href=\"https:\/\/www.eneffect.bg\/en\/projects\/36\/excite\" target=\"_blank\" rel=\"noopener\">EXCITE<\/a> H2020, nadogra\u0111uju\u0107i najbolju praksu i prenose\u0107i je na vi\u0161u razinu i u nova podru\u010dja.<\/p><p>The project applies a continuous improvement cycle in local policy-making (analysis \u2013 planning \u2013 implementation \u2013 evaluation \u2013 revision), supporting municipalities in establishing strong administrative and organizational systems for planning and implementing clean energy transition policies. Using an online energy management tool, a performance indicator system, and active stakeholder engagement, LEEAN-CET goes beyond preparing plans \u2013 it builds practical systems for informed local decision-making.<\/p><p>Over the next three years, project activities will focus on small and medium-sized municipalities, rural areas, and carbon-intensive regions. Specifically, 30 pilot municipalities will receive targeted support, more than 300 local experts will be trained, and investment concepts with an estimated total value exceeding EUR 60 million will be developed.<\/p><p><strong>Coordinator:<\/strong> EnEffect (Bulgaria)<\/p><p><strong>Partners<\/strong> IMRO (Hungary), Habitat for Humanity\u2013Macedonia (North Macedonia), EKO-SUSTAV (Croatia), EIHP (Croatia), KSSENA (Slovenia), EECU (Ukraine), EARF \u2013 Regional Energy Agency Freiburg (Germany), AERE (France), AEA \u2013 Austrian Energy Agency (Austria).<\/p><p><img decoding=\"async\" class=\"alignnone size-full wp-image-16002\" src=\"https:\/\/eihp.hr\/wp-content\/uploads\/2025\/07\/Co-funded-by-the-European-Union-logo.jpg\" alt=\"\" width=\"350\" height=\"76\" srcset=\"https:\/\/eihp.hr\/wp-content\/uploads\/2025\/07\/Co-funded-by-the-European-Union-logo.jpg 350w, https:\/\/eihp.hr\/wp-content\/uploads\/2025\/07\/Co-funded-by-the-European-Union-logo-300x65.jpg 300w, https:\/\/eihp.hr\/wp-content\/uploads\/2025\/07\/Co-funded-by-the-European-Union-logo-18x4.jpg 18w\" sizes=\"(max-width: 350px) 100vw, 350px\" \/><\/p><p><em>Co-funded by the European Union. Views and opinions expressed are however those of the author(s) only and do not necessarily reflect those of the European Union or CINEA. Neither the European Union nor the granting authority can be held responsible for them.<\/em><\/p>\t\t\t\t\t\t\t\t<\/div>\n\t\t\t\t<\/div>\n\t\t\t\t\t<\/div>\n\t\t<\/div>\n\t\t\t\t\t<\/div>\n\t\t<\/section>\n\t\t\t\t<section class=\"elementor-section elementor-top-section elementor-element elementor-element-128bb5ae elementor-section-full_width elementor-hidden-mobile elementor-section-height-default elementor-section-height-default\" data-id=\"128bb5ae\" data-element_type=\"section\">\n\t\t\t\t\t\t<div class=\"elementor-container elementor-column-gap-default\">\n\t\t\t\t\t<div class=\"elementor-column elementor-col-100 elementor-top-column elementor-element elementor-element-1865e1cb\" data-id=\"1865e1cb\" data-element_type=\"column\">\n\t\t\t<div class=\"elementor-widget-wrap elementor-element-populated\">\n\t\t\t\t\t\t<div class=\"elementor-element elementor-element-764e2339 elementor-absolute elementor-widget elementor-widget-image\" data-id=\"764e2339\" data-element_type=\"widget\" data-settings=\"{&quot;_position&quot;:&quot;absolute&quot;}\" data-widget_type=\"image.default\">\n\t\t\t\t<div class=\"elementor-widget-container\">\n\t\t\t\t\t\t\t\t\t\t\t\t\t\t\t<img fetchpriority=\"high\" decoding=\"async\" width=\"656\" height=\"656\" src=\"https:\/\/eihp.hr\/wp-content\/uploads\/2022\/03\/Abstract-square-final-EIHP.png\" class=\"attachment-large size-large wp-image-8388\" alt=\"\" srcset=\"https:\/\/eihp.hr\/wp-content\/uploads\/2022\/03\/Abstract-square-final-EIHP.png 656w, https:\/\/eihp.hr\/wp-content\/uploads\/2022\/03\/Abstract-square-final-EIHP-300x300.png 300w, https:\/\/eihp.hr\/wp-content\/uploads\/2022\/03\/Abstract-square-final-EIHP-150x150.png 150w\" sizes=\"(max-width: 656px) 100vw, 656px\" \/>\t\t\t\t\t\t\t\t\t\t\t\t\t\t\t<\/div>\n\t\t\t\t<\/div>\n\t\t\t\t\t<\/div>\n\t\t<\/div>\n\t\t\t\t\t<\/div>\n\t\t<\/section>\n\t\t\t\t<\/div>","protected":false},"excerpt":{"rendered":"<p>Lokalne energetske i okoli\u0161ne akcijske mre\u017ee za \u010distu energetsku tranziciju Unato\u010d jasnim klimatskim i energetskim ciljevima Europske unije te dostupnosti brojnih financijskih mehanizama potpore, mnoge male i srednje op\u0107ine u srednjoj i jugoisto\u010dnoj Europi i dalje se suo\u010davaju sa zna\u010dajnim izazovima u planiranju i provedbi odr\u017eivih lokalnih politika. Nedostatak kapaciteta, koordinacije i sustavnog pristupa upravljanju [&hellip;]<\/p>","protected":false},"author":1,"featured_media":0,"parent":9597,"menu_order":0,"comment_status":"closed","ping_status":"closed","template":"","meta":{"footnotes":""},"class_list":["post-15989","page","type-page","status-publish","hentry"],"_links":{"self":[{"href":"https:\/\/eihp.hr\/en\/wp-json\/wp\/v2\/pages\/15989","targetHints":{"allow":["GET"]}}],"collection":[{"href":"https:\/\/eihp.hr\/en\/wp-json\/wp\/v2\/pages"}],"about":[{"href":"https:\/\/eihp.hr\/en\/wp-json\/wp\/v2\/types\/page"}],"author":[{"embeddable":true,"href":"https:\/\/eihp.hr\/en\/wp-json\/wp\/v2\/users\/1"}],"replies":[{"embeddable":true,"href":"https:\/\/eihp.hr\/en\/wp-json\/wp\/v2\/comments?post=15989"}],"version-history":[{"count":16,"href":"https:\/\/eihp.hr\/en\/wp-json\/wp\/v2\/pages\/15989\/revisions"}],"predecessor-version":[{"id":16008,"href":"https:\/\/eihp.hr\/en\/wp-json\/wp\/v2\/pages\/15989\/revisions\/16008"}],"up":[{"embeddable":true,"href":"https:\/\/eihp.hr\/en\/wp-json\/wp\/v2\/pages\/9597"}],"wp:attachment":[{"href":"https:\/\/eihp.hr\/en\/wp-json\/wp\/v2\/media?parent=15989"}],"curies":[{"name":"wp","href":"https:\/\/api.w.org\/{rel}","templated":true}]}}