{"id":16397,"date":"2026-01-22T18:08:54","date_gmt":"2026-01-22T17:08:54","guid":{"rendered":"https:\/\/eihp.hr\/?page_id=16397"},"modified":"2026-01-23T09:23:31","modified_gmt":"2026-01-23T08:23:31","slug":"observe","status":"publish","type":"page","link":"https:\/\/eihp.hr\/en\/projekti\/observe\/","title":{"rendered":"OBSERVE"},"content":{"rendered":"<div data-elementor-type=\"wp-page\" data-elementor-id=\"16397\" class=\"elementor elementor-16397\" data-elementor-post-type=\"page\">\n\t\t\t\t\t\t<section class=\"elementor-section elementor-top-section elementor-element elementor-element-456da171 elementor-section-height-min-height elementor-section-boxed elementor-section-height-default elementor-section-items-middle\" data-id=\"456da171\" data-element_type=\"section\" data-settings=\"{&quot;background_background&quot;:&quot;classic&quot;}\">\n\t\t\t\t\t\t<div class=\"elementor-container elementor-column-gap-default\">\n\t\t\t\t\t<div class=\"elementor-column elementor-col-100 elementor-top-column elementor-element elementor-element-70c1bdf5\" data-id=\"70c1bdf5\" data-element_type=\"column\">\n\t\t\t<div class=\"elementor-widget-wrap\">\n\t\t\t\t\t\t\t<\/div>\n\t\t<\/div>\n\t\t\t\t\t<\/div>\n\t\t<\/section>\n\t\t\t\t<section class=\"elementor-section elementor-top-section elementor-element elementor-element-2569ac01 elementor-section-boxed elementor-section-height-default elementor-section-height-default\" data-id=\"2569ac01\" data-element_type=\"section\" data-settings=\"{&quot;background_background&quot;:&quot;classic&quot;}\">\n\t\t\t\t\t\t<div class=\"elementor-container elementor-column-gap-default\">\n\t\t\t\t\t<div class=\"elementor-column elementor-col-100 elementor-top-column elementor-element elementor-element-7c1eabcd\" data-id=\"7c1eabcd\" data-element_type=\"column\" data-settings=\"{&quot;background_background&quot;:&quot;classic&quot;}\">\n\t\t\t<div class=\"elementor-widget-wrap elementor-element-populated\">\n\t\t\t\t\t\t\t<\/div>\n\t\t<\/div>\n\t\t\t\t\t<\/div>\n\t\t<\/section>\n\t\t\t\t<section class=\"elementor-section elementor-top-section elementor-element elementor-element-57acd907 elementor-section-boxed elementor-section-height-default elementor-section-height-default\" data-id=\"57acd907\" data-element_type=\"section\">\n\t\t\t\t\t\t<div class=\"elementor-container elementor-column-gap-default\">\n\t\t\t\t\t<div class=\"elementor-column elementor-col-100 elementor-top-column elementor-element elementor-element-47e3a396\" data-id=\"47e3a396\" data-element_type=\"column\">\n\t\t\t<div class=\"elementor-widget-wrap elementor-element-populated\">\n\t\t\t\t\t\t<div class=\"elementor-element elementor-element-88ff8ea elementor-widget elementor-widget-image\" data-id=\"88ff8ea\" data-element_type=\"widget\" data-widget_type=\"image.default\">\n\t\t\t\t<div class=\"elementor-widget-container\">\n\t\t\t\t\t\t\t\t\t\t\t\t\t\t\t<img fetchpriority=\"high\" decoding=\"async\" width=\"800\" height=\"186\" src=\"https:\/\/eihp.hr\/wp-content\/uploads\/2026\/01\/OBSERVE-logo-horizontal-1024x238.png\" class=\"attachment-large size-large wp-image-16407\" alt=\"\" srcset=\"https:\/\/eihp.hr\/wp-content\/uploads\/2026\/01\/OBSERVE-logo-horizontal-1024x238.png 1024w, https:\/\/eihp.hr\/wp-content\/uploads\/2026\/01\/OBSERVE-logo-horizontal-300x70.png 300w, https:\/\/eihp.hr\/wp-content\/uploads\/2026\/01\/OBSERVE-logo-horizontal-768x179.png 768w, https:\/\/eihp.hr\/wp-content\/uploads\/2026\/01\/OBSERVE-logo-horizontal-1536x357.png 1536w, https:\/\/eihp.hr\/wp-content\/uploads\/2026\/01\/OBSERVE-logo-horizontal-2048x476.png 2048w, https:\/\/eihp.hr\/wp-content\/uploads\/2026\/01\/OBSERVE-logo-horizontal-18x4.png 18w, https:\/\/eihp.hr\/wp-content\/uploads\/2026\/01\/OBSERVE-logo-horizontal-scaled-e1769102131421.png 1280w\" sizes=\"(max-width: 800px) 100vw, 800px\" \/>\t\t\t\t\t\t\t\t\t\t\t\t\t\t\t<\/div>\n\t\t\t\t<\/div>\n\t\t\t\t<div class=\"elementor-element elementor-element-7aa70e0b elementor-widget elementor-widget-text-editor\" data-id=\"7aa70e0b\" data-element_type=\"widget\" data-widget_type=\"text-editor.default\">\n\t\t\t\t<div class=\"elementor-widget-container\">\n\t\t\t\t\t\t\t\t\t<p class=\"translation-block\"><strong>Project title<\/strong>: OBSERVE - Support for setting up national Building Stock obsERVatoriEs<\/p><p><strong>Project ID:<\/strong> 101167643<\/p><p><span style=\"font-weight: 400;\">\u00a0<\/span><\/p><h3>ABOUT OBSERVE<\/h3><p>The OBSERVE project aims to guide national authorities in developing Building Stock Observatories by standardizing protocols for data collection and streamlining coordination between relevant bodies. This effort directly supports the implementation of the Energy Performance of Buildings Directive (EPBD) and enhances the transparency of building energy data across the EU.<\/p><p>OBSERVE is an innovative initiative designed to address the pressing need for reliable, high-quality building data to support the reduction of carbon emissions in the building sector. Policymakers require accurate and updated data to monitor and evaluate the impact of building-related policies effectively. The project bridges the gap between existing national databases and the requirements of the Energy Performance of Buildings Directive (EPBD). By leveraging the strengths of current systems and addressing their shortcomings, OBSERVE develops and implements advanced data collection methods and strategies. OBSERVE provides comprehensive support to national authorities in establishing Building Stock Observatories, emphasizing standardized data collection and management processes. Through improved methodologies and collaboration with diverse stakeholders, the project ensures alignment with both European and national objectives while enhancing the overall quality and accessibility of building data.<\/p><h3>KEY ACTIVITIES<\/h3><p class=\"translation-block\">\u2022 Reviewing existing data collection processes and databases at national and EU levels to find what works well and identify problems.<br> \n\u2022 Creating standardized methods for collecting and combining building data that comply with EPBD requirements.<br> \n\u2022 Helping national authorities design database systems that fit their specific needs and challenges.<br> \n\u2022 Developing consistent datasets while allowing for country-specific details. <br>\n\u2022 Providing direct support to six pilot Member States: Croatia, Cyprus, France, Greece, Italy, and Spain.<br> \n\u2022 Sharing best practices and successful governance models with other EU countries.<br> \n\u2022 Ensuring national databases align with the EU Building Stock Observatory to enhance collaboration.<br><\/p><h3>ALIGNMENT WITH THE EPBD REQUIREMENTS<\/h3><p>Having accurate building data is essential for tracking energy performance and evaluating policies. The revised EPBD, adopted in May 2024, requires all EU Member States to create national databases to monitor the energy performance of buildings. These databases must include details about individual buildings and overall data on the country\u2019s building stock. Member States must also regularly share this information with the EU Building Stock Observatory, which tracks the progress of energy policies across Europe.<\/p><h3>BUILDING SYNERGIES ACROSS EUROPE<\/h3><p>OBSERVE\u2019s collaborative approach will improve the transparency and usefulness of building data. By supporting national authorities, OBSERVE helps improve energy and climate policies for 2030 and promotes smarter decision-making on building energy efficiency and compliance with regulations.<\/p><p class=\"translation-block\">Main project website: <a href=\"https:\/\/lifeprojects.r2msolution.com\/observe\/\" target=\"_self\">https:\/\/lifeprojects.r2msolution.com\/observe\/<\/a><\/p><p><img decoding=\"async\" class=\"alignleft size-large wp-image-16400\" src=\"https:\/\/eihp.hr\/wp-content\/uploads\/2026\/01\/EN-Co-funded-by-the-EU_POS-1024x215.png\" alt=\"\" width=\"800\" height=\"168\" srcset=\"https:\/\/eihp.hr\/wp-content\/uploads\/2026\/01\/EN-Co-funded-by-the-EU_POS-1024x215.png 1024w, https:\/\/eihp.hr\/wp-content\/uploads\/2026\/01\/EN-Co-funded-by-the-EU_POS-300x63.png 300w, https:\/\/eihp.hr\/wp-content\/uploads\/2026\/01\/EN-Co-funded-by-the-EU_POS-768x161.png 768w, https:\/\/eihp.hr\/wp-content\/uploads\/2026\/01\/EN-Co-funded-by-the-EU_POS-1536x322.png 1536w, https:\/\/eihp.hr\/wp-content\/uploads\/2026\/01\/EN-Co-funded-by-the-EU_POS-2048x429.png 2048w, https:\/\/eihp.hr\/wp-content\/uploads\/2026\/01\/EN-Co-funded-by-the-EU_POS-18x4.png 18w\" sizes=\"(max-width: 800px) 100vw, 800px\" \/><\/p><p>\u00a0<\/p><p>\u00a0<\/p><p>\u00a0<\/p><p>\u00a0<\/p><p>\u00a0<\/p><p><em>Co-funded by the European Union. Views and opinions expressed are, however, those of the author(s) only and do not necessarily reflect those of the European Union or CINEA. Neither the European Union nor the granting authority can be held responsible for them.<\/em><\/p>\t\t\t\t\t\t\t\t<\/div>\n\t\t\t\t<\/div>\n\t\t\t\t\t<\/div>\n\t\t<\/div>\n\t\t\t\t\t<\/div>\n\t\t<\/section>\n\t\t\t\t<section class=\"elementor-section elementor-top-section elementor-element elementor-element-128bb5ae elementor-section-full_width elementor-hidden-mobile elementor-section-height-default elementor-section-height-default\" data-id=\"128bb5ae\" data-element_type=\"section\">\n\t\t\t\t\t\t<div class=\"elementor-container elementor-column-gap-default\">\n\t\t\t\t\t<div class=\"elementor-column elementor-col-100 elementor-top-column elementor-element elementor-element-1865e1cb\" data-id=\"1865e1cb\" data-element_type=\"column\">\n\t\t\t<div class=\"elementor-widget-wrap elementor-element-populated\">\n\t\t\t\t\t\t<div class=\"elementor-element elementor-element-764e2339 elementor-absolute elementor-widget elementor-widget-image\" data-id=\"764e2339\" data-element_type=\"widget\" data-settings=\"{&quot;_position&quot;:&quot;absolute&quot;}\" data-widget_type=\"image.default\">\n\t\t\t\t<div class=\"elementor-widget-container\">\n\t\t\t\t\t\t\t\t\t\t\t\t\t\t\t<img decoding=\"async\" width=\"656\" height=\"656\" src=\"https:\/\/eihp.hr\/wp-content\/uploads\/2022\/03\/Abstract-square-final-EIHP.png\" class=\"attachment-large size-large wp-image-8388\" alt=\"\" srcset=\"https:\/\/eihp.hr\/wp-content\/uploads\/2022\/03\/Abstract-square-final-EIHP.png 656w, https:\/\/eihp.hr\/wp-content\/uploads\/2022\/03\/Abstract-square-final-EIHP-300x300.png 300w, https:\/\/eihp.hr\/wp-content\/uploads\/2022\/03\/Abstract-square-final-EIHP-150x150.png 150w\" sizes=\"(max-width: 656px) 100vw, 656px\" \/>\t\t\t\t\t\t\t\t\t\t\t\t\t\t\t<\/div>\n\t\t\t\t<\/div>\n\t\t\t\t\t<\/div>\n\t\t<\/div>\n\t\t\t\t\t<\/div>\n\t\t<\/section>\n\t\t\t\t<\/div>","protected":false},"excerpt":{"rendered":"<p>Naziv projekta: OBSERVE &#8211; Podr\u0161ka za uspostavljanje nacionalnih opservatorija za gra\u0111evinski fond ID projekta: 101167643 \u00a0 O PROJEKTU Cilj projekta OBSERVE je voditi nacionalne vlasti u razvoju opservatorija za gra\u0111evinski fond standardizacijom protokola za prikupljanje podataka i pojednostavljenjem koordinacije izme\u0111u relevantnih tijela. Ovaj napor izravno podr\u017eava provedbu Direktive o energetskoj u\u010dinkovitosti zgrada (EPBD) i pobolj\u0161ava [&hellip;]<\/p>","protected":false},"author":1,"featured_media":0,"parent":9597,"menu_order":0,"comment_status":"closed","ping_status":"closed","template":"","meta":{"footnotes":""},"class_list":["post-16397","page","type-page","status-publish","hentry"],"_links":{"self":[{"href":"https:\/\/eihp.hr\/en\/wp-json\/wp\/v2\/pages\/16397","targetHints":{"allow":["GET"]}}],"collection":[{"href":"https:\/\/eihp.hr\/en\/wp-json\/wp\/v2\/pages"}],"about":[{"href":"https:\/\/eihp.hr\/en\/wp-json\/wp\/v2\/types\/page"}],"author":[{"embeddable":true,"href":"https:\/\/eihp.hr\/en\/wp-json\/wp\/v2\/users\/1"}],"replies":[{"embeddable":true,"href":"https:\/\/eihp.hr\/en\/wp-json\/wp\/v2\/comments?post=16397"}],"version-history":[{"count":16,"href":"https:\/\/eihp.hr\/en\/wp-json\/wp\/v2\/pages\/16397\/revisions"}],"predecessor-version":[{"id":16427,"href":"https:\/\/eihp.hr\/en\/wp-json\/wp\/v2\/pages\/16397\/revisions\/16427"}],"up":[{"embeddable":true,"href":"https:\/\/eihp.hr\/en\/wp-json\/wp\/v2\/pages\/9597"}],"wp:attachment":[{"href":"https:\/\/eihp.hr\/en\/wp-json\/wp\/v2\/media?parent=16397"}],"curies":[{"name":"wp","href":"https:\/\/api.w.org\/{rel}","templated":true}]}}