{"id":18,"date":"2022-03-15T11:17:20","date_gmt":"2022-03-15T10:17:20","guid":{"rendered":"https:\/\/meldendev.eu\/eihp\/?page_id=18"},"modified":"2026-01-23T09:39:02","modified_gmt":"2026-01-23T08:39:02","slug":"politika-i-ciljevi-kvalitete","status":"publish","type":"page","link":"https:\/\/eihp.hr\/en\/politika-i-ciljevi-kvalitete\/","title":{"rendered":"Quality and environmental policy"},"content":{"rendered":"<div data-elementor-type=\"wp-page\" data-elementor-id=\"18\" class=\"elementor elementor-18\" data-elementor-post-type=\"page\">\n\t\t\t\t\t\t<section class=\"elementor-section elementor-top-section elementor-element elementor-element-fa108bc elementor-section-height-min-height elementor-section-boxed elementor-section-height-default elementor-section-items-middle\" data-id=\"fa108bc\" data-element_type=\"section\" data-settings=\"{&quot;background_background&quot;:&quot;classic&quot;}\">\n\t\t\t\t\t\t<div class=\"elementor-container elementor-column-gap-default\">\n\t\t\t\t\t<div class=\"elementor-column elementor-col-100 elementor-top-column elementor-element elementor-element-44a2309c\" data-id=\"44a2309c\" data-element_type=\"column\">\n\t\t\t<div class=\"elementor-widget-wrap\">\n\t\t\t\t\t\t\t<\/div>\n\t\t<\/div>\n\t\t\t\t\t<\/div>\n\t\t<\/section>\n\t\t\t\t<section class=\"elementor-section elementor-top-section elementor-element elementor-element-1a4bb893 elementor-section-boxed elementor-section-height-default elementor-section-height-default\" data-id=\"1a4bb893\" data-element_type=\"section\" data-settings=\"{&quot;background_background&quot;:&quot;classic&quot;}\">\n\t\t\t\t\t\t<div class=\"elementor-container elementor-column-gap-default\">\n\t\t\t\t\t<div class=\"elementor-column elementor-col-100 elementor-top-column elementor-element elementor-element-3929fd7e\" data-id=\"3929fd7e\" data-element_type=\"column\" data-settings=\"{&quot;background_background&quot;:&quot;classic&quot;}\">\n\t\t\t<div class=\"elementor-widget-wrap elementor-element-populated\">\n\t\t\t\t\t\t\t<\/div>\n\t\t<\/div>\n\t\t\t\t\t<\/div>\n\t\t<\/section>\n\t\t\t\t<section class=\"elementor-section elementor-top-section elementor-element elementor-element-6d17f4fb elementor-section-boxed elementor-section-height-default elementor-section-height-default\" data-id=\"6d17f4fb\" data-element_type=\"section\">\n\t\t\t\t\t\t<div class=\"elementor-container elementor-column-gap-default\">\n\t\t\t\t\t<div class=\"elementor-column elementor-col-100 elementor-top-column elementor-element elementor-element-75ae54f4\" data-id=\"75ae54f4\" data-element_type=\"column\">\n\t\t\t<div class=\"elementor-widget-wrap elementor-element-populated\">\n\t\t\t\t\t\t<div class=\"elementor-element elementor-element-e1bc2bb elementor-widget elementor-widget-text-editor\" data-id=\"e1bc2bb\" data-element_type=\"widget\" data-widget_type=\"text-editor.default\">\n\t\t\t\t<div class=\"elementor-widget-container\">\n\t\t\t\t\t\t\t\t\t<p><strong>Energy Institute Hrvoje Po\u017ear (EIHP)<\/strong> is an institution owned by the Republic of Croatia. Includes conducting scientific research, providing professional support to public authorities, and advisory services on the domestic and international market in the energy sector.<\/p><h3>Mission<\/h3><p>EIHP contributes to Croatian, European, and global energy transition with multidisciplinary research, business consulting, and knowledge transfer.<\/p><h3>Vision<\/h3><p>EIHP intends to become a globally recognizable generator of changes in the energy sector towards climate neutrality and a low-carbon society.<\/p><h3>Our values<\/h3><ul><li><strong>Staff.<\/strong>Our staff consists of top experts dedicated to their work, collegial, ambitious, and proactive, ready for learning and improvement.<\/li><li><strong>Users.<\/strong>We are a reliable partner to all our clients, we take care of their satisfaction, and we have an open and ethical relationship with them.<\/li><li><strong>Work.<\/strong>Emphasis on teamwork, innovation, and multidisciplinarity to achieve top results.<\/li><li><strong>Surroundings.<\/strong>The work environment is pleasant and fair, so in addition to this, we take care of the environment, safety, and health. We stand for gender equality, the rule of law, and the fight against discrimination.<\/li><\/ul><div>\u00a0<\/div><p><strong>The Energy Institute Hrvoje Po\u017ear<\/strong> is committed to encouraging change in the energy sector by providing high-quality services and support to our customers in the energy transition. Our extensive experience in multiple regional and international projects ensures us the recognition and our partner's trust and service users. We were established in southeastern Europe and are active in other parts of the world, and through partnerships, we are working to strengthen our presence in the global market.<\/p><p>We are constantly strengthening and improving our professional capacities to respond to the challenges of ambitious energy policy goals and technological changes in the sector. We pay special attention to human resources, education, and knowledge exchange, and we build top experts in our field. In our analysis, we use numerous tools and develop models and methodologies to respond to the challenges of change in the energy sector.<\/p><p>In addition to applying and constantly improving the effectiveness of the quality and environmental management system in accordance with the requirements of the ISO 9001:2015 and ISO 14001:2015 standards, we are working on the continuous improvement of the existing integral management system, along with the development of a business information system (PIS) and continuous process improvement. This increases the efficiency of our business, the quality of our services and user satisfaction and contributes to reducing the negative impact on the environment. Commitment to environmental protection, including prevention and reduction of pollution and timely recognition and compliance with legal regulations, is our permanent commitment.<\/p><p>Zagreb, 26.7.2023<\/p><p>Director of the Institute: Dra\u017een Jak\u0161i\u0107<\/p><p><a href=\"https:\/\/eihp.hr\/wp-content\/uploads\/2026\/01\/Certifikat-ISO-9001_2015-EIHP-HR.pdf\" target=\"_blank\" rel=\"noopener\">ISO 9001 : 2015 (HR); <\/a><a href=\"https:\/\/eihp.hr\/wp-content\/uploads\/2026\/01\/Certifikat-ISO-9001_2015-EIHP-EN.pdf\" target=\"_blank\" rel=\"noopener\">ISO 9001 : 2015 (EN); <\/a><a href=\"https:\/\/eihp.hr\/wp-content\/uploads\/2026\/01\/Certifikat-ISO-9001_2015-EIHP-DE.pdf\" target=\"_blank\" rel=\"noopener\">ISO 9001 : 2015 (DE)<\/a><\/p><p><a href=\"https:\/\/eihp.hr\/wp-content\/uploads\/2023\/11\/Certifikat-ISO-14001_2015-EIHP-HR.pdf\">ISO 14001:2015 (HR);\u00a0<\/a><a href=\"https:\/\/eihp.hr\/wp-content\/uploads\/2023\/11\/Certifikat-ISO-14001_2015-EIHP-EN.pdf\">ISO 14001:2015 (EN); <\/a><a href=\"https:\/\/eihp.hr\/wp-content\/uploads\/2023\/11\/Certifikat-ISO-14001_2015-EIHP-DE.pdf\">ISO 14001:2015 (DE)<\/a><\/p>\t\t\t\t\t\t\t\t<\/div>\n\t\t\t\t<\/div>\n\t\t\t\t\t<\/div>\n\t\t<\/div>\n\t\t\t\t\t<\/div>\n\t\t<\/section>\n\t\t\t\t<section class=\"elementor-section elementor-top-section elementor-element elementor-element-479ebae8 elementor-section-full_width elementor-hidden-mobile elementor-section-height-default elementor-section-height-default\" data-id=\"479ebae8\" data-element_type=\"section\">\n\t\t\t\t\t\t<div class=\"elementor-container elementor-column-gap-default\">\n\t\t\t\t\t<div class=\"elementor-column elementor-col-100 elementor-top-column elementor-element elementor-element-2750c4fb\" data-id=\"2750c4fb\" data-element_type=\"column\">\n\t\t\t<div class=\"elementor-widget-wrap elementor-element-populated\">\n\t\t\t\t\t\t<div class=\"elementor-element elementor-element-7d18158a elementor-absolute elementor-widget elementor-widget-image\" data-id=\"7d18158a\" data-element_type=\"widget\" data-settings=\"{&quot;_position&quot;:&quot;absolute&quot;}\" data-widget_type=\"image.default\">\n\t\t\t\t<div class=\"elementor-widget-container\">\n\t\t\t\t\t\t\t\t\t\t\t\t\t\t\t<img fetchpriority=\"high\" decoding=\"async\" width=\"656\" height=\"656\" src=\"https:\/\/eihp.hr\/wp-content\/uploads\/2022\/03\/Abstract-square-final-EIHP.png\" class=\"attachment-large size-large wp-image-8388\" alt=\"\" srcset=\"https:\/\/eihp.hr\/wp-content\/uploads\/2022\/03\/Abstract-square-final-EIHP.png 656w, https:\/\/eihp.hr\/wp-content\/uploads\/2022\/03\/Abstract-square-final-EIHP-300x300.png 300w, https:\/\/eihp.hr\/wp-content\/uploads\/2022\/03\/Abstract-square-final-EIHP-150x150.png 150w\" sizes=\"(max-width: 656px) 100vw, 656px\" \/>\t\t\t\t\t\t\t\t\t\t\t\t\t\t\t<\/div>\n\t\t\t\t<\/div>\n\t\t\t\t\t<\/div>\n\t\t<\/div>\n\t\t\t\t\t<\/div>\n\t\t<\/section>\n\t\t\t\t<\/div>","protected":false},"excerpt":{"rendered":"<p>Energetski institut Hrvoje Po\u017ear (EIHP) je ustanova u vlasni\u0161tvu Republike Hrvatske \u010dija djelatnost obuhva\u0107a provedbu znanstvenih istra\u017eivanja, pru\u017eanje stru\u010dne potpore tijelima javne vlasti te savjetodavnih usluga na doma\u0107em i me\u0111unarodnom tr\u017ei\u0161tu, u podru\u010dju energetike. Misija EIHP doprinosi hrvatskoj, europskoj i globalnoj energetskoj tranziciji, multidisciplinarnim istra\u017eivanjem, poslovnim savjetovanjem i prijenosom znanja. Vizija EIHP namjerava postati globalno [&hellip;]<\/p>","protected":false},"author":1,"featured_media":0,"parent":0,"menu_order":0,"comment_status":"closed","ping_status":"closed","template":"","meta":{"footnotes":""},"class_list":["post-18","page","type-page","status-publish","hentry"],"_links":{"self":[{"href":"https:\/\/eihp.hr\/en\/wp-json\/wp\/v2\/pages\/18","targetHints":{"allow":["GET"]}}],"collection":[{"href":"https:\/\/eihp.hr\/en\/wp-json\/wp\/v2\/pages"}],"about":[{"href":"https:\/\/eihp.hr\/en\/wp-json\/wp\/v2\/types\/page"}],"author":[{"embeddable":true,"href":"https:\/\/eihp.hr\/en\/wp-json\/wp\/v2\/users\/1"}],"replies":[{"embeddable":true,"href":"https:\/\/eihp.hr\/en\/wp-json\/wp\/v2\/comments?post=18"}],"version-history":[{"count":104,"href":"https:\/\/eihp.hr\/en\/wp-json\/wp\/v2\/pages\/18\/revisions"}],"predecessor-version":[{"id":16437,"href":"https:\/\/eihp.hr\/en\/wp-json\/wp\/v2\/pages\/18\/revisions\/16437"}],"wp:attachment":[{"href":"https:\/\/eihp.hr\/en\/wp-json\/wp\/v2\/media?parent=18"}],"curies":[{"name":"wp","href":"https:\/\/api.w.org\/{rel}","templated":true}]}}