{"id":9636,"date":"2022-04-07T10:13:17","date_gmt":"2022-04-07T08:13:17","guid":{"rendered":"https:\/\/meldendev.eu\/eihp\/?page_id=9636"},"modified":"2026-01-23T09:16:23","modified_gmt":"2026-01-23T08:16:23","slug":"obavijesti","status":"publish","type":"page","link":"https:\/\/eihp.hr\/en\/obavijesti\/","title":{"rendered":"Notifications"},"content":{"rendered":"<div data-elementor-type=\"wp-page\" data-elementor-id=\"9636\" class=\"elementor elementor-9636\" data-elementor-post-type=\"page\">\n\t\t\t\t\t\t<section class=\"elementor-section elementor-top-section elementor-element elementor-element-130e3be7 elementor-section-height-min-height elementor-section-boxed elementor-section-height-default elementor-section-items-middle\" data-id=\"130e3be7\" data-element_type=\"section\" data-settings=\"{&quot;background_background&quot;:&quot;classic&quot;}\">\n\t\t\t\t\t\t<div class=\"elementor-container elementor-column-gap-default\">\n\t\t\t\t\t<div class=\"elementor-column elementor-col-100 elementor-top-column elementor-element elementor-element-1e395949\" data-id=\"1e395949\" data-element_type=\"column\">\n\t\t\t<div class=\"elementor-widget-wrap\">\n\t\t\t\t\t\t\t<\/div>\n\t\t<\/div>\n\t\t\t\t\t<\/div>\n\t\t<\/section>\n\t\t\t\t<section class=\"elementor-section elementor-top-section elementor-element elementor-element-47247e3e elementor-section-boxed elementor-section-height-default elementor-section-height-default\" data-id=\"47247e3e\" data-element_type=\"section\" data-settings=\"{&quot;background_background&quot;:&quot;classic&quot;}\">\n\t\t\t\t\t\t<div class=\"elementor-container elementor-column-gap-default\">\n\t\t\t\t\t<div class=\"elementor-column elementor-col-100 elementor-top-column elementor-element elementor-element-6cebf865\" data-id=\"6cebf865\" data-element_type=\"column\" data-settings=\"{&quot;background_background&quot;:&quot;classic&quot;}\">\n\t\t\t<div class=\"elementor-widget-wrap elementor-element-populated\">\n\t\t\t\t\t\t\t<\/div>\n\t\t<\/div>\n\t\t\t\t\t<\/div>\n\t\t<\/section>\n\t\t\t\t<section class=\"elementor-section elementor-top-section elementor-element elementor-element-10ba4ab8 elementor-section-boxed elementor-section-height-default elementor-section-height-default\" data-id=\"10ba4ab8\" data-element_type=\"section\">\n\t\t\t\t\t\t<div class=\"elementor-container elementor-column-gap-default\">\n\t\t\t\t\t<div class=\"elementor-column elementor-col-100 elementor-top-column elementor-element elementor-element-4debd895\" data-id=\"4debd895\" data-element_type=\"column\">\n\t\t\t<div class=\"elementor-widget-wrap elementor-element-populated\">\n\t\t\t\t\t\t<div class=\"elementor-element elementor-element-3793810d elementor-widget elementor-widget-text-editor\" data-id=\"3793810d\" data-element_type=\"widget\" data-widget_type=\"text-editor.default\">\n\t\t\t\t<div class=\"elementor-widget-container\">\n\t\t\t\t\t\t\t\t\t<ul>\n<li><a href=\"http:\/\/www.eihp.hr\/wp-content\/uploads\/2019\/01\/Obavijest-o-odr%C5%BEanoj-sjednici-Upravnog-vije%C4%87a-2018.pdf\">Notice of the meeting of the Management Council&nbsp;<\/a><\/li>\n<li><a href=\"http:\/\/www.eihp.hr\/wp-content\/uploads\/2019\/01\/Obavijest-Upravno-vije%C4%87e-2018.pdf\">Notice of holding a session of the Management Council&nbsp;<\/a><\/li>\n<li><a href=\"http:\/\/www.eihp.hr\/wp-content\/uploads\/2020\/11\/PRIOP%C4%86ENJE-ZA-JAVNOST-11.-SJEDNICA-UV.pdf\">Press release from the 11th session of the EIHP Management Council<\/a><\/li>\n<li><a href=\"http:\/\/www.eihp.hr\/wp-content\/uploads\/2021\/03\/PRIOP%C4%86ENJE-ZA-JAVNOST-12.-SJEDNICA-UV-za-objavu-na-web1.pdf\">Press release from the 12th session of the EIHP Management Council<\/a><\/li>\n<li><a href=\"http:\/\/www.eihp.hr\/wp-content\/uploads\/2021\/11\/PRIOP%C4%86ENJE-ZA-JAVNOST-13.-SJEDNICA-UV-za-objavu-na-web.pdf\">Press release from the 13th session of the EIHP Management Council<\/a><\/li>\n<li><a href=\"http:\/\/www.eihp.hr\/wp-content\/uploads\/2021\/11\/PRIOP%C4%86ENJE-ZA-JAVNOST-14.-SJEDNICA-UV-za-objavu-na-web.pdf\">Press release from the 14th session of the EIHP Management Council<\/a><\/li>\n<li><a href=\"http:\/\/www.eihp.hr\/wp-content\/uploads\/2021\/12\/PRIOP%C4%86ENJE-ZA-JAVNOST-15.-SJEDNICA-UV.pdf\">Press release from the 15th session of the EIHP Management Council<\/a><\/li>\n<li><a href=\"https:\/\/eihp.hr\/wp-content\/uploads\/2022\/12\/Priopcenje-za-javnost-16.-sjednica-UV.pdf\">Press release from the 16th session of the EIHP Management Council<\/a><\/li>\n<li><a href=\"https:\/\/eihp.hr\/wp-content\/uploads\/2022\/12\/Priopcenje-za-javnost-17.-sjednica-UV.pdf\">Press release from the 17th session of the EIHP Management Council<\/a><\/li>\n<li><a href=\"https:\/\/eihp.hr\/wp-content\/uploads\/2022\/12\/PRIOPCENJE-ZA-JAVNOST-18.-sjednica-UV.pdf\">Press release from the 18th session of the EIHP Management Council<\/a><\/li>\n<li><a href=\"https:\/\/eihp.hr\/wp-content\/uploads\/2022\/12\/PRIOPCENJE-ZA-JAVNOST-19.-sjednica-UV.pdf\">Press release from the 19th session of the EIHP Management Council<\/a><\/li>\n<li><a href=\"https:\/\/eihp.hr\/wp-content\/uploads\/2024\/01\/Priopcenje_20_sjednica.pdf\">Press release from the 20th session of the EIHP Management Council<\/a><\/li>\n<li><a href=\"https:\/\/eihp.hr\/wp-content\/uploads\/2024\/01\/Priopcenje_21_sjednica.pdf\">Press release from the 21st session of the EIHP Management Council<\/a><\/li>\n<li><a href=\"https:\/\/eihp.hr\/wp-content\/uploads\/2024\/01\/Priopcenje_22_sjednica.pdf\">Press release from the 22nd session of the EIHP Management Council<\/a><\/li>\n<li><a href=\"https:\/\/eihp.hr\/wp-content\/uploads\/2024\/01\/Priopcenje_23_sjednice.pdf\">Press release from the 23rd session of the EIHP Management Council<\/a><a href=\"https:\/\/eihp.hr\/wp-content\/uploads\/2024\/01\/Priopcenje_23_sjednice.pdf\"> <br><\/a><\/li>\n<li><a href=\"https:\/\/eihp.hr\/wp-content\/uploads\/2024\/01\/Priopcenje_24_sjednice.pdf\">Press release from the 24th session of the EIHP Management Council<\/a><\/li>\n<li><a href=\"https:\/\/eihp.hr\/wp-content\/uploads\/2024\/01\/Priopcenje_25_sjednice.pdf\">Press release from the 25th session of the EIHP Management Council<\/a><\/li>\n<li><a href=\"https:\/\/eihp.hr\/wp-content\/uploads\/2024\/06\/Priopcenje_26_sjednica-.pdf\">Press release from the 26th session of the EIHP Management Council<\/a><\/li>\n<li><a href=\"https:\/\/eihp.hr\/wp-content\/uploads\/2024\/06\/Priopcenje_27_sjednica.pdf\">Press release from the 27th session of the EIHP Management Council<\/a><\/li>\n<li><a href=\"https:\/\/eihp.hr\/wp-content\/uploads\/2024\/06\/Priopcenje_28_sjednica.pdf\">Press release from the 28th session of the EIHP Management Council<\/a><\/li>\n<li><a href=\"https:\/\/eihp.hr\/wp-content\/uploads\/2025\/04\/Priopcenje_29_sjednica.pdf\">Press release from the 29th session of the EIHP Management Council<\/a><\/li>\n<li><a href=\"https:\/\/eihp.hr\/wp-content\/uploads\/2026\/01\/Priopcenje_30_sjednica.docx\">Press release from the 30th session of the EIHP Management Council<\/a><\/li>\n<li><a href=\"https:\/\/eihp.hr\/wp-content\/uploads\/2026\/01\/Priopcenje_31_sjednica.docx\">Press release from the 31st session of the EIHP Management Council<\/a><\/li>\n<\/ul>\t\t\t\t\t\t\t\t<\/div>\n\t\t\t\t<\/div>\n\t\t\t\t\t<\/div>\n\t\t<\/div>\n\t\t\t\t\t<\/div>\n\t\t<\/section>\n\t\t\t\t<section class=\"elementor-section elementor-top-section elementor-element elementor-element-5b065849 elementor-section-full_width elementor-hidden-mobile elementor-section-height-default elementor-section-height-default\" data-id=\"5b065849\" data-element_type=\"section\">\n\t\t\t\t\t\t<div class=\"elementor-container elementor-column-gap-default\">\n\t\t\t\t\t<div class=\"elementor-column elementor-col-100 elementor-top-column elementor-element elementor-element-77ae4f1a\" data-id=\"77ae4f1a\" data-element_type=\"column\">\n\t\t\t<div class=\"elementor-widget-wrap elementor-element-populated\">\n\t\t\t\t\t\t<div class=\"elementor-element elementor-element-4b68b17f elementor-absolute elementor-widget elementor-widget-image\" data-id=\"4b68b17f\" data-element_type=\"widget\" data-settings=\"{&quot;_position&quot;:&quot;absolute&quot;}\" data-widget_type=\"image.default\">\n\t\t\t\t<div class=\"elementor-widget-container\">\n\t\t\t\t\t\t\t\t\t\t\t\t\t\t\t<img fetchpriority=\"high\" decoding=\"async\" width=\"656\" height=\"656\" src=\"https:\/\/eihp.hr\/wp-content\/uploads\/2022\/03\/Abstract-square-final-EIHP.png\" class=\"attachment-large size-large wp-image-8388\" alt=\"\" srcset=\"https:\/\/eihp.hr\/wp-content\/uploads\/2022\/03\/Abstract-square-final-EIHP.png 656w, https:\/\/eihp.hr\/wp-content\/uploads\/2022\/03\/Abstract-square-final-EIHP-300x300.png 300w, https:\/\/eihp.hr\/wp-content\/uploads\/2022\/03\/Abstract-square-final-EIHP-150x150.png 150w\" sizes=\"(max-width: 656px) 100vw, 656px\" \/>\t\t\t\t\t\t\t\t\t\t\t\t\t\t\t<\/div>\n\t\t\t\t<\/div>\n\t\t\t\t\t<\/div>\n\t\t<\/div>\n\t\t\t\t\t<\/div>\n\t\t<\/section>\n\t\t\t\t<\/div>","protected":false},"excerpt":{"rendered":"<p>Obavijest o odr\u017eanoj sjednici Upravnog vije\u0107a&nbsp; Obavijest o odr\u017eavanju sjednice Upravnog vije\u0107a&nbsp; Priop\u0107enje za javnost s 11. sjednice Upravnog vije\u0107a EIHP-a Priop\u0107enje za javnost s 12. sjednice Upravnog vije\u0107a EIHP-a Priop\u0107enje za javnost s 13. sjednice Upravnog vije\u0107a EIHP-a Priop\u0107enje za javnost sa 14. sjednice Upravnog vije\u0107a EIHP-a Priop\u0107enje za javnost s 15. sjednice Upravnog [&hellip;]<\/p>","protected":false},"author":1,"featured_media":0,"parent":0,"menu_order":0,"comment_status":"closed","ping_status":"closed","template":"","meta":{"footnotes":""},"class_list":["post-9636","page","type-page","status-publish","hentry"],"_links":{"self":[{"href":"https:\/\/eihp.hr\/en\/wp-json\/wp\/v2\/pages\/9636","targetHints":{"allow":["GET"]}}],"collection":[{"href":"https:\/\/eihp.hr\/en\/wp-json\/wp\/v2\/pages"}],"about":[{"href":"https:\/\/eihp.hr\/en\/wp-json\/wp\/v2\/types\/page"}],"author":[{"embeddable":true,"href":"https:\/\/eihp.hr\/en\/wp-json\/wp\/v2\/users\/1"}],"replies":[{"embeddable":true,"href":"https:\/\/eihp.hr\/en\/wp-json\/wp\/v2\/comments?post=9636"}],"version-history":[{"count":58,"href":"https:\/\/eihp.hr\/en\/wp-json\/wp\/v2\/pages\/9636\/revisions"}],"predecessor-version":[{"id":16424,"href":"https:\/\/eihp.hr\/en\/wp-json\/wp\/v2\/pages\/9636\/revisions\/16424"}],"wp:attachment":[{"href":"https:\/\/eihp.hr\/en\/wp-json\/wp\/v2\/media?parent=9636"}],"curies":[{"name":"wp","href":"https:\/\/api.w.org\/{rel}","templated":true}]}}