{"id":9647,"date":"2022-04-07T10:17:36","date_gmt":"2022-04-07T08:17:36","guid":{"rendered":"https:\/\/meldendev.eu\/eihp\/?page_id=9647"},"modified":"2025-09-29T14:55:49","modified_gmt":"2025-09-29T12:55:49","slug":"partneri","status":"publish","type":"page","link":"https:\/\/eihp.hr\/en\/partneri\/","title":{"rendered":"Partners &amp; Clients"},"content":{"rendered":"<div data-elementor-type=\"wp-page\" data-elementor-id=\"9647\" class=\"elementor elementor-9647\" data-elementor-post-type=\"page\">\n\t\t\t\t\t\t<section class=\"elementor-section elementor-top-section elementor-element elementor-element-4001b993 elementor-section-height-min-height elementor-section-boxed elementor-section-height-default elementor-section-items-middle\" data-id=\"4001b993\" data-element_type=\"section\" data-settings=\"{&quot;background_background&quot;:&quot;classic&quot;}\">\n\t\t\t\t\t\t<div class=\"elementor-container elementor-column-gap-default\">\n\t\t\t\t\t<div class=\"elementor-column elementor-col-100 elementor-top-column elementor-element elementor-element-2c10389\" data-id=\"2c10389\" data-element_type=\"column\">\n\t\t\t<div class=\"elementor-widget-wrap\">\n\t\t\t\t\t\t\t<\/div>\n\t\t<\/div>\n\t\t\t\t\t<\/div>\n\t\t<\/section>\n\t\t\t\t<section class=\"elementor-section elementor-top-section elementor-element elementor-element-60816296 elementor-section-boxed elementor-section-height-default elementor-section-height-default\" data-id=\"60816296\" data-element_type=\"section\" data-settings=\"{&quot;background_background&quot;:&quot;classic&quot;}\">\n\t\t\t\t\t\t<div class=\"elementor-container elementor-column-gap-default\">\n\t\t\t\t\t<div class=\"elementor-column elementor-col-100 elementor-top-column elementor-element elementor-element-3e8ed614\" data-id=\"3e8ed614\" data-element_type=\"column\" data-settings=\"{&quot;background_background&quot;:&quot;classic&quot;}\">\n\t\t\t<div class=\"elementor-widget-wrap elementor-element-populated\">\n\t\t\t\t\t\t\t<\/div>\n\t\t<\/div>\n\t\t\t\t\t<\/div>\n\t\t<\/section>\n\t\t\t\t<section class=\"elementor-section elementor-top-section elementor-element elementor-element-c96d828 elementor-section-boxed elementor-section-height-default elementor-section-height-default\" data-id=\"c96d828\" data-element_type=\"section\">\n\t\t\t\t\t\t<div class=\"elementor-container elementor-column-gap-default\">\n\t\t\t\t\t<div class=\"elementor-column elementor-col-50 elementor-top-column elementor-element elementor-element-648014d\" data-id=\"648014d\" data-element_type=\"column\">\n\t\t\t<div class=\"elementor-widget-wrap elementor-element-populated\">\n\t\t\t\t\t\t<div class=\"elementor-element elementor-element-8ebf4c4 elementor-widget elementor-widget-text-editor\" data-id=\"8ebf4c4\" data-element_type=\"widget\" data-widget_type=\"text-editor.default\">\n\t\t\t\t<div class=\"elementor-widget-container\">\n\t\t\t\t\t\t\t\t\t<h2>International<\/h2><ul><li>AGWH \u2013 German Heat and Power Association, Njema\u010dka<\/li><li>AIRU \u2013 Italian District Heating Association, Italija<\/li><li>Ambiente Italia, Italija<\/li><li>Andalusian Institute of Technology, \u0160panjolska<\/li><li>ARENATejo \u2013 Regioanl Energy and Environment Agency from North Alentejo, Portugal<\/li><li>Association for District Heating of Czech Republic, \u010ce\u0161ka<\/li><li>Austrian Energy Agency (AEA), Austrija<\/li><li>Centar za energetska efikasnost na Makedonija \u2013 MACEF<\/li><li>Central Statistical Office of Poland (GUS), Poljska<\/li><li>CIEMAT, \u0160panjolska<\/li><li>CIT Energy Management, \u0160vedska<\/li><li>CityPlan, \u010ce\u0161ka<\/li><li>COWI A\/S, Danska<\/li><li>Cowi, Danska<\/li><li>CRES, Gr\u010dka<\/li><li>CSTB-Building scientific and Technical centre, Francuska<\/li><li>Cyprus Institute of Energy (CIE), Cipar<\/li><li>Danish Energy Agency (DEA), Danska<\/li><li>Danish Technological institute, Danska<\/li><li>E7 Energie Markt Analyse GmbH, Austrija<\/li><li>Elektroprivreda Crne Gore, Crna Gora<\/li><li>Elektroprivreda Hrvatske zajednice Herceg Bosne, BiH<\/li><li>Elektroprivreda BiH, BiH<\/li><li>ECN, Nizozemska<\/li><li>Economic Consulting Associates, UK<\/li><li>Econotec, Belgija<\/li><li>Ekodoma, Latvija<\/li><li>Electrica Serv \u2013 S.A., Rumunjska<\/li><li>ENEA, Italija<\/li><li>Energetska zajednica<\/li><li>Enerdata, Francuska<\/li><li>Energie Graz, Austrija<\/li><li>Energoprojekt \u2013 Hidroin\u017eenjering a.d., Srbija<\/li><li>Energy and Sustainable Development Agency of Modena, Italija<\/li><li>Energy Efficiency Center SEVn, \u010ce\u0161ka<\/li><li>Energy Engineering Economic Environment Systems Modeling and Analysis SRL, Italija<\/li><li>Energy research Centre of the Netherlands (ECN), Nizozemska<\/li><li>Enova SF, Norve\u0161ka<\/li><li>ENVIROS, \u010ce\u0161ka<\/li><li>Euroheat &amp; Power, Belgija<\/li><li>EuropAid, EU<\/li><li>European Biogas Association aisbl (EBA), EU<\/li><li>Europska komisija, EU<\/li><li>Exergia, Gr\u010dka<\/li><li>Fichtner \u2013 Engineering und Consulting, Njema\u010dka<\/li><li>Fondation Sophia Antipolis, Francuska<\/li><li>Fraunhofer ISI, Njema\u010dka<\/li><li>Fraunhofer IWES, Njema\u010dka<\/li><li>French Environment and Energy Management Agency (ADEME), Francuska<\/li><li>GEF<\/li><li>GIZ, Njema\u010dka<\/li><li>GOPA Consultants, Njema\u010dka<\/li><li>Graz Energy Agency, Austrija<\/li><li>Gropp Consulting GmgH, Njema\u010dka<\/li><li>IEA<\/li><li>IAEA<\/li><li>Institut Francais des Relations Internationales, Francuska<\/li><li>Institute for Diversification and Saving Energy (IDAE), \u0160panjolska<\/li><li>Institute for Energy Technology (IFE), Norve\u0161ka<\/li><li>Institute of Physical Energetics (IPE), Latvija<\/li><li>IrRADIARE, Portugal<\/li><li>Italian National Agency for New Technologies (ENEA), Italija<\/li><li>JRC, EU<\/li><li>Karanovi\u0107 &amp; Nikoli\u0107, Bosna i Hercegovina<\/li><li>Karlsruher Institut fuer Technologie, Njema\u010dka<\/li><li>KIC InnoEnergy SE, Nizozemska<\/li><li>Knauf Insulation, USA<\/li><li>Kungliga Tekniska H\u00f6gskolan, \u0160vedska<\/li><li>Lithuanian Energy Institute (LEI), Litva<\/li><li>Local Energy Agency-LEA Spodnje Podravje, Slovenija<\/li><li>Makedonski elektroprijenosni sistem operator, Republika Makedonija<\/li><li>Malta Resources Authority (MRA), Malta<\/li><li>Marstal District Heating, Danska<\/li><li>Ministarstvo ekonomije Crne Gore, Crna Gora<\/li><li>Ministarstvo prometa i veza Republike Makedonije, Republika Makedonija<\/li><li>Motiva, Finska<\/li><li>Municipality of Abrantes, Portugal<\/li><li>MVV decon GmbH, Njema\u010dka<\/li><li>Myenergy, Luksemburg<\/li><li>Netherlands Enterprise Agency, Nizozemska<\/li><li>Paul Scherrer Institut, \u0160vicarska<\/li><li>PlanEnergi, Danska<\/li><li>Podkarpacka Energy Management Agency, Poljska<\/li><li>Polish Biogas Association, Poljska<\/li><li>Province of Massa-Carrara, Italija<\/li><li>Ricardo-AEA, UK<\/li><li>Romanian Agency for Energy Conservation (ARCE), Rumunjska<\/li><li>S.O.L.I.D. Company for Installation of Solar and Design, Austrija<\/li><li>SC Mangus Sol Srl, Rumunjska<\/li><li>SEEC- Srpski Ekolo\u0161ki Energetski Centar, Srbija<\/li><li>Slovak Innovation and Energy Agency (SIEA), Slova\u010dka<\/li><li>Sogesca Srl, Italija<\/li><li>Solites, Njema\u010dka<\/li><li>South East Europe Consultants Ltd, Srbija<\/li><li>Stakeholder Forum for a Sustainable Future LBG, UK<\/li><li>Sustainable Energy Development Agency (SEEA), Bugarska<\/li><li>Technology Park of Andalusia, \u0160panjolska<\/li><li>The Centre for Renewable Energy Sources and Saving (CRES), Gr\u010dka<\/li><li>The Department of Energy &amp; Climate Change (DECC), UK<\/li><li>The Institute of Studies for the Integration of Systems (ISIS), Italija<\/li><li>The Jo\u017eef Stefan Institute (IJS), Slovenija<\/li><li>The Polish National Energy Conservation Agency (KAPE), Poljska<\/li><li>The Portuguese Energy Agency (ADENE), Portugal<\/li><li>The Sustainable Energy Authority of Ireland (SEAI), Irska<\/li><li>The Swedish Energy Agency (STEM), \u0160vedska<\/li><li>UN (UNDP, UNIDO, FAO\u2026)<\/li><li>Universitaet Stuttgart, Njema\u010dka<\/li><li>University College Cork, National University of Ireland, Cork<\/li><li>University College London, UK<\/li><li>USAID<\/li><li>Vije\u0107e ministara BiH, BiH<\/li><li>Vito, Belgija<\/li><li>Vlada Republike Srpske, BiH<\/li><li>VTT, Finska<\/li><li>WIP \u2013 Renewable Energies, Njema\u010dka<\/li><li>Wip Renewable Energies, Njema\u010dka<\/li><li>World bank<\/li><li>ZAAO, Latvija<\/li><li>i drugi.<\/li><\/ul>\t\t\t\t\t\t\t\t<\/div>\n\t\t\t\t<\/div>\n\t\t\t\t\t<\/div>\n\t\t<\/div>\n\t\t\t\t<div class=\"elementor-column elementor-col-50 elementor-top-column elementor-element elementor-element-3e509fa\" data-id=\"3e509fa\" data-element_type=\"column\">\n\t\t\t<div class=\"elementor-widget-wrap elementor-element-populated\">\n\t\t\t\t\t\t<div class=\"elementor-element elementor-element-3e8c431 elementor-widget elementor-widget-text-editor\" data-id=\"3e8c431\" data-element_type=\"widget\" data-widget_type=\"text-editor.default\">\n\t\t\t\t<div class=\"elementor-widget-container\">\n\t\t\t\t\t\t\t\t\t<h2>Domestic<\/h2><ul><li>Vlada RH, ministarstva, \u017eupanije i gradovi<\/li><li>Fakulteti i sveu\u010dili\u0161ta<\/li><li>Agrokor<\/li><li>AHK \u2013 Deutsche Kroatische Industrie und Handelskammer<\/li><li>Centar za tehnologiju za\u0161tite na radu<\/li><li>DALEKOVOD<\/li><li>Dalekovod projekt<\/li><li>Deloitte Savjetodavne Usluge<\/li><li>Dr\u017eavni hidrometeorolo\u0161ki zavod<\/li><li>DVOKUT ECRO<\/li><li>EKONERG<\/li><li>Elektroprojekt Zagreb<\/li><li>HEP grupa<\/li><li>HERA<\/li><li>HROTE<\/li><li>Hrvatske \u017eeljeznice<\/li><li>Hrvatske autoceste<\/li><li>HT \u2013 Hrvatske telekomunikacije<\/li><li>INA grupa<\/li><li>Institut za elektroprivredu i energetiku<\/li><li>In\u017eenjering za naftu i plin<\/li><li>JANAF<\/li><li>KON\u010cAR<\/li><li>Odvjetni\u010dko dru\u0161tvo Bekina, \u0160kurla, Durmi\u0161 i Spaji\u0107<\/li><li>Odvjetni\u010dko dru\u0161tvo Lakti\u0107<\/li><li>Oikon<\/li><li>Plinacro<\/li><li>PricewaterhouseCoopers<\/li><li>Vra\u010dtehnike<\/li><li>Zagreba\u010dki Holding<\/li><li>i drugi.<\/li><\/ul>\t\t\t\t\t\t\t\t<\/div>\n\t\t\t\t<\/div>\n\t\t\t\t\t<\/div>\n\t\t<\/div>\n\t\t\t\t\t<\/div>\n\t\t<\/section>\n\t\t\t\t<section class=\"elementor-section elementor-top-section elementor-element elementor-element-49d2cd06 elementor-section-full_width elementor-hidden-mobile elementor-section-height-default elementor-section-height-default\" data-id=\"49d2cd06\" data-element_type=\"section\">\n\t\t\t\t\t\t<div class=\"elementor-container elementor-column-gap-default\">\n\t\t\t\t\t<div class=\"elementor-column elementor-col-100 elementor-top-column elementor-element elementor-element-5003501\" data-id=\"5003501\" data-element_type=\"column\">\n\t\t\t<div class=\"elementor-widget-wrap elementor-element-populated\">\n\t\t\t\t\t\t<div class=\"elementor-element elementor-element-596402b9 elementor-absolute elementor-widget elementor-widget-image\" data-id=\"596402b9\" data-element_type=\"widget\" data-settings=\"{&quot;_position&quot;:&quot;absolute&quot;}\" data-widget_type=\"image.default\">\n\t\t\t\t<div class=\"elementor-widget-container\">\n\t\t\t\t\t\t\t\t\t\t\t\t\t\t\t<img fetchpriority=\"high\" decoding=\"async\" width=\"656\" height=\"656\" src=\"https:\/\/eihp.hr\/wp-content\/uploads\/2022\/03\/Abstract-square-final-EIHP.png\" class=\"attachment-large size-large wp-image-8388\" alt=\"\" srcset=\"https:\/\/eihp.hr\/wp-content\/uploads\/2022\/03\/Abstract-square-final-EIHP.png 656w, https:\/\/eihp.hr\/wp-content\/uploads\/2022\/03\/Abstract-square-final-EIHP-300x300.png 300w, https:\/\/eihp.hr\/wp-content\/uploads\/2022\/03\/Abstract-square-final-EIHP-150x150.png 150w\" sizes=\"(max-width: 656px) 100vw, 656px\" \/>\t\t\t\t\t\t\t\t\t\t\t\t\t\t\t<\/div>\n\t\t\t\t<\/div>\n\t\t\t\t\t<\/div>\n\t\t<\/div>\n\t\t\t\t\t<\/div>\n\t\t<\/section>\n\t\t\t\t<\/div>","protected":false},"excerpt":{"rendered":"<p>Me\u0111unarodni AGWH \u2013 German Heat and Power Association, Njema\u010dka AIRU \u2013 Italian District Heating Association, Italija Ambiente Italia, Italija Andalusian Institute of Technology, \u0160panjolska ARENATejo \u2013 Regioanl Energy and Environment Agency from North Alentejo, Portugal Association for District Heating of Czech Republic, \u010ce\u0161ka Austrian Energy Agency (AEA), Austrija Centar za energetska efikasnost na Makedonija \u2013 [&hellip;]<\/p>","protected":false},"author":1,"featured_media":0,"parent":0,"menu_order":0,"comment_status":"closed","ping_status":"closed","template":"","meta":{"footnotes":""},"class_list":["post-9647","page","type-page","status-publish","hentry"],"_links":{"self":[{"href":"https:\/\/eihp.hr\/en\/wp-json\/wp\/v2\/pages\/9647","targetHints":{"allow":["GET"]}}],"collection":[{"href":"https:\/\/eihp.hr\/en\/wp-json\/wp\/v2\/pages"}],"about":[{"href":"https:\/\/eihp.hr\/en\/wp-json\/wp\/v2\/types\/page"}],"author":[{"embeddable":true,"href":"https:\/\/eihp.hr\/en\/wp-json\/wp\/v2\/users\/1"}],"replies":[{"embeddable":true,"href":"https:\/\/eihp.hr\/en\/wp-json\/wp\/v2\/comments?post=9647"}],"version-history":[{"count":20,"href":"https:\/\/eihp.hr\/en\/wp-json\/wp\/v2\/pages\/9647\/revisions"}],"predecessor-version":[{"id":16115,"href":"https:\/\/eihp.hr\/en\/wp-json\/wp\/v2\/pages\/9647\/revisions\/16115"}],"wp:attachment":[{"href":"https:\/\/eihp.hr\/en\/wp-json\/wp\/v2\/media?parent=9647"}],"curies":[{"name":"wp","href":"https:\/\/api.w.org\/{rel}","templated":true}]}}