{"id":9654,"date":"2022-04-07T10:20:00","date_gmt":"2022-04-07T08:20:00","guid":{"rendered":"https:\/\/meldendev.eu\/eihp\/?page_id=9654"},"modified":"2026-02-05T14:09:19","modified_gmt":"2026-02-05T13:09:19","slug":"pravo-na-pristup-informacijama","status":"publish","type":"page","link":"https:\/\/eihp.hr\/en\/pravo-na-pristup-informacijama\/","title":{"rendered":"The right to access information"},"content":{"rendered":"<div data-elementor-type=\"wp-page\" data-elementor-id=\"9654\" class=\"elementor elementor-9654\" data-elementor-post-type=\"page\">\n\t\t\t\t\t\t<section class=\"elementor-section elementor-top-section elementor-element elementor-element-59d5cc8f elementor-section-height-min-height elementor-section-boxed elementor-section-height-default elementor-section-items-middle\" data-id=\"59d5cc8f\" data-element_type=\"section\" data-settings=\"{&quot;background_background&quot;:&quot;classic&quot;}\">\n\t\t\t\t\t\t<div class=\"elementor-container elementor-column-gap-default\">\n\t\t\t\t\t<div class=\"elementor-column elementor-col-100 elementor-top-column elementor-element elementor-element-880b4a6\" data-id=\"880b4a6\" data-element_type=\"column\">\n\t\t\t<div class=\"elementor-widget-wrap\">\n\t\t\t\t\t\t\t<\/div>\n\t\t<\/div>\n\t\t\t\t\t<\/div>\n\t\t<\/section>\n\t\t\t\t<section class=\"elementor-section elementor-top-section elementor-element elementor-element-51cf99d elementor-section-boxed elementor-section-height-default elementor-section-height-default\" data-id=\"51cf99d\" data-element_type=\"section\" data-settings=\"{&quot;background_background&quot;:&quot;classic&quot;}\">\n\t\t\t\t\t\t<div class=\"elementor-container elementor-column-gap-default\">\n\t\t\t\t\t<div class=\"elementor-column elementor-col-100 elementor-top-column elementor-element elementor-element-6424f72c\" data-id=\"6424f72c\" data-element_type=\"column\" data-settings=\"{&quot;background_background&quot;:&quot;classic&quot;}\">\n\t\t\t<div class=\"elementor-widget-wrap elementor-element-populated\">\n\t\t\t\t\t\t\t<\/div>\n\t\t<\/div>\n\t\t\t\t\t<\/div>\n\t\t<\/section>\n\t\t\t\t<section class=\"elementor-section elementor-top-section elementor-element elementor-element-3e5a7046 elementor-section-boxed elementor-section-height-default elementor-section-height-default\" data-id=\"3e5a7046\" data-element_type=\"section\">\n\t\t\t\t\t\t<div class=\"elementor-container elementor-column-gap-default\">\n\t\t\t\t\t<div class=\"elementor-column elementor-col-100 elementor-top-column elementor-element elementor-element-720ccb49\" data-id=\"720ccb49\" data-element_type=\"column\">\n\t\t\t<div class=\"elementor-widget-wrap elementor-element-populated\">\n\t\t\t\t\t\t<div class=\"elementor-element elementor-element-28551240 elementor-widget elementor-widget-text-editor\" data-id=\"28551240\" data-element_type=\"widget\" data-widget_type=\"text-editor.default\">\n\t\t\t\t<div class=\"elementor-widget-container\">\n\t\t\t\t\t\t\t\t\t<p class=\"translation-block\">The right to access information held, disposed of, or supervised by the Hrvoje Po\u017ear Energy Institute (in the text - the Institute), regulated by the Law on the Right to Access Information (OG 25\/13, 85\/15). The statute prescribes principles, exceptions on the right of access, and the procedure for exercising and protecting the right of access to information.<\/p><h4>\u00a0<\/h4><h4><strong>The right to access the information by submitting a written request is as follows:<\/strong><\/h4><ul><li>in person or by mail to the address:<\/li><\/ul><p>Information Officer<\/p><p>The Energy Institute Hrvoje Po\u017ear<\/p><p>Savska cesta 163<\/p><p>10000 Zagreb<\/p><ul><li class=\"translation-block\">by e-mail to the address: sluzenik.za.informiranje@eihp.hr<\/li><\/ul><p><strong>\u00a0<\/strong><\/p><h4><strong>Information Officer<\/strong><\/h4><p>Igor Fabijanec (e-mail: <a href=\"mailto:sluzbenik.za.informiranje@eihp.hr\">sluzbenik.za.informiranje@eihp.hr<\/a>)<\/p><ul><li><a href=\"https:\/\/eihp.hr\/wp-content\/uploads\/2026\/02\/Odluka-o-imenovanju-sluzbenika-za-informiranje-5.2.2026.-Fabijanec-I.pdf\">Decision on the appointment of an information officer<\/a><\/li><\/ul><p><strong>\u00a0<\/strong><\/p><h4><strong>Information access fee:<\/strong><\/h4><p>Administrative and court fees don't cover costs for access to information in proceedings before public authorities.<\/p><p class=\"translation-block\">The Institute does not charge a fee for providing the information electronically. In other cases, a fee charge is in the amount of the actual material costs incurred in providing data, as well as reimbursement of the delivery cost of the requested information under the Criteria for determining the amount of the remuneration actual material costs and costs of information delivery (OG 12\/14).<\/p><h4><strong>Forms: <br \/><\/strong><\/h4><p>In writing, by submitting a request for access to information, information can be obtained in the following ways:<\/p><ul><li>e-mail:\u00a0<a href=\"mailto:vpessi@eihp.hr\">sluzbenik.za.informiranje@eihp.hr<\/a><\/li><li>post office: Hrvoje Po\u017ear Energy Institute, Savska cesta 163, 10000 Zagreb<\/li><li>fax: +385 1 6040 599, bring the request in person to the EIHP Secretariat on working days from 8:30 to 13:30<\/li><li>in person: EIHP Secretariat on weekdays from 8:30 to 13:30<\/li><\/ul><p>Information can also be obtained in person (registry, information officer) on Tuesdays and Wednesdays from 09:00 to 11:00.<\/p><ul><li><a href=\"http:\/\/www.eihp.hr\/wp-content\/uploads\/2018\/10\/Obrazac-2-Zahtjev-za-pristup-informacijama.doc\">Request for access to information<\/a><\/li><li><a href=\"http:\/\/www.eihp.hr\/wp-content\/uploads\/2018\/10\/Obrazac-3-Zahtjev-za-dopunu-ili-ispravak-informacije-1.doc\">Request for supplementation or correction of information<\/a><\/li><li><a href=\"http:\/\/www.eihp.hr\/wp-content\/uploads\/2018\/10\/Obrazac-4-Zahtjev-za-ponovnu-uporabu-informacija-1.doc\">Request for re-use of information<\/a><\/li><li><a href=\"http:\/\/www.eihp.hr\/wp-content\/uploads\/2018\/10\/Zalba-protiv-rjesenja-pristup-informacijama.doc\">Appeal against the decision - access to information<\/a><\/li><li><a href=\"http:\/\/www.eihp.hr\/wp-content\/uploads\/2018\/10\/Zalba-sutnja-uprave-pristup-informacijama.doc\">Appeal - the silence of management access to information<\/a><\/li><li><a href=\"http:\/\/www.eihp.hr\/wp-content\/uploads\/2018\/10\/Zalba-protiv-rjesenja-ponovna-uporaba-informacija.doc\">Appeal against the decision - re-use of information<\/a><\/li><li><a href=\"http:\/\/www.eihp.hr\/wp-content\/uploads\/2018\/10\/Zalba-sutnja-uprave-ponovna-uporaba-informacija.doc\">Appeal against management silence - re-use of information<\/a><br \/><div id=\"main-content\"><article id=\"post-4109\" class=\"post-4109 page type-page status-publish hentry\"><div class=\"entry-content\"><div id=\"et-boc\" class=\"et-boc\"><div class=\"et-l et-l--post\"><div class=\"et_builder_inner_content et_pb_gutters3\"><div class=\"et_pb_section et_pb_section_0 et_section_regular\">\u00a0<\/div><\/div><\/div><\/div><\/div><\/article><\/div><footer id=\"main-footer\"><\/footer><\/li><\/ul><p>EIHP provides immediate insight into the work of the Administrative Council in such a way that interested citizens can attend the sessions. Due to accommodation possibilities, a maximum of two people can attend the sessions of the Management Council. Given that the EIHP, when providing direct insight into the work of the Management Council, is obliged to take into account the order of reporting, citizens who wish to exercise the right to direct insight into the work of that body are obliged to fill out the form and send it to the e-mail address of the information officer (<a href=\"https:\/\/eihp.hr\/wp-content\/uploads\/2023\/01\/Obrazac-za-neposredan-uvid-u-rad-Upravnog-vijeca-1.docx\">Form for immediate insight into the work of the Management Council<\/a>).<\/p><h4><strong>Reports:<\/strong><\/h4><p><a href=\"https:\/\/eihp.hr\/wp-content\/uploads\/2023\/08\/Upitnik-za-samoprocjenu-tjv.xls\">Self-assessment questionnaire<\/a><\/p><p><a href=\"https:\/\/eihp.hr\/wp-content\/uploads\/2022\/07\/Izjava_IZJ-2022-80093-1_1_potpisano.pdf\" target=\"_blank\" rel=\"noopener\"><span dir=\"ltr\" role=\"presentation\">Accessibility statement<\/span><\/a><\/p><p><a href=\"https:\/\/eihp.hr\/wp-content\/uploads\/2026\/02\/Godisnje_izvjesce.pdf\">Report on the implementation of the Right to Access Information Act for 2025<\/a><\/p><p><a href=\"https:\/\/eihp.hr\/wp-content\/uploads\/2025\/01\/Godisnje_izvjesce_za_2024.pdf\">Report on the implementation of the Right to Access Information Act for 2024<\/a><\/p><p><a href=\"https:\/\/eihp.hr\/wp-content\/uploads\/2024\/01\/Godisnje_izvjesce.pdf\">Report on the implementation of the Right to Access Information Act for 2023<\/a><\/p><p><a href=\"https:\/\/eihp.hr\/wp-content\/uploads\/2023\/02\/Godisnje_izvjesce-PPI-2022..pdf\">Report on the implementation of the Right to Access Information Act for 2022<\/a><\/p><p><a href=\"http:\/\/www.eihp.hr\/wp-content\/uploads\/2022\/01\/Godisnje_izvjesce-2021.-PPI.pdf\" target=\"_blank\" rel=\"noopener noreferrer\"><span dir=\"ltr\" role=\"presentation\">Report on the implementation of the Right to Access Information Act for 2021<\/span><\/a><\/p><p><a href=\"http:\/\/www.eihp.hr\/wp-content\/uploads\/2022\/01\/Izvje%C5%A1%C4%87e-o-provedbi-Zakona-o-pravu-na-pristup-informacijama-za-2020.-god..pdf\">Report on the implementation of the Right to Access Information Act for 2020<\/a><\/p><p><a href=\"http:\/\/www.eihp.hr\/wp-content\/uploads\/2020\/10\/Godisnje_izvjesce2019.pdf\">Report on the implementation of the Right to Access Information Act for 2019<\/a><\/p><p><a href=\"http:\/\/www.eihp.hr\/wp-content\/uploads\/2019\/02\/Godisnje_izvjesce_-Pristup_info_-2018.pdf\">Report on the implementation of the Right to Access Information Act for 2018<\/a><\/p><p><a href=\"http:\/\/www.eihp.hr\/wp-content\/uploads\/2019\/01\/Godisnje_izvjesce_-Pristup_info_-2017.pdf\">Report on the implementation of the Law on the right to access information for 2017<\/a><\/p><p><a href=\"http:\/\/www.eihp.hr\/wp-content\/uploads\/2019\/01\/Sluzbeni-upisnik-2017.pdf\">Official register for 2017<\/a><\/p><p><a href=\"http:\/\/www.eihp.hr\/wp-content\/uploads\/2019\/01\/Godisnje_izvjesce_-Pristup_info_-2016.pdf\">Report on the implementation of the Right to Access Information Act for 2016<\/a><\/p>\t\t\t\t\t\t\t\t<\/div>\n\t\t\t\t<\/div>\n\t\t\t\t\t<\/div>\n\t\t<\/div>\n\t\t\t\t\t<\/div>\n\t\t<\/section>\n\t\t\t\t<section class=\"elementor-section elementor-top-section elementor-element elementor-element-18dd77df elementor-section-full_width elementor-hidden-mobile elementor-section-height-default elementor-section-height-default\" data-id=\"18dd77df\" data-element_type=\"section\">\n\t\t\t\t\t\t<div class=\"elementor-container elementor-column-gap-default\">\n\t\t\t\t\t<div class=\"elementor-column elementor-col-100 elementor-top-column elementor-element elementor-element-78534851\" data-id=\"78534851\" data-element_type=\"column\">\n\t\t\t<div class=\"elementor-widget-wrap elementor-element-populated\">\n\t\t\t\t\t\t<div class=\"elementor-element elementor-element-541ab2f1 elementor-absolute elementor-widget elementor-widget-image\" data-id=\"541ab2f1\" data-element_type=\"widget\" data-settings=\"{&quot;_position&quot;:&quot;absolute&quot;}\" data-widget_type=\"image.default\">\n\t\t\t\t<div class=\"elementor-widget-container\">\n\t\t\t\t\t\t\t\t\t\t\t\t\t\t\t<img fetchpriority=\"high\" decoding=\"async\" width=\"656\" height=\"656\" src=\"https:\/\/eihp.hr\/wp-content\/uploads\/2022\/03\/Abstract-square-final-EIHP.png\" class=\"attachment-large size-large wp-image-8388\" alt=\"\" srcset=\"https:\/\/eihp.hr\/wp-content\/uploads\/2022\/03\/Abstract-square-final-EIHP.png 656w, https:\/\/eihp.hr\/wp-content\/uploads\/2022\/03\/Abstract-square-final-EIHP-300x300.png 300w, https:\/\/eihp.hr\/wp-content\/uploads\/2022\/03\/Abstract-square-final-EIHP-150x150.png 150w\" sizes=\"(max-width: 656px) 100vw, 656px\" \/>\t\t\t\t\t\t\t\t\t\t\t\t\t\t\t<\/div>\n\t\t\t\t<\/div>\n\t\t\t\t\t<\/div>\n\t\t<\/div>\n\t\t\t\t\t<\/div>\n\t\t<\/section>\n\t\t\t\t<\/div>","protected":false},"excerpt":{"rendered":"<p>Pravo na pristup informacijama koje posjeduje, kojima raspola\u017ee ili koje nadzire Energetski institut Hrvoje Po\u017ear (u daljnjem tekstu: Institut) ure\u0111eno je\u00a0Zakonom o pravu na pristup informacijama\u00a0(NN 25\/13, 85\/15). Zakonom se propisuju na\u010dela prava na pristup, izuzeci od prava na pristup te postupak za ostvarivanje i za\u0161titu prava na pristup informacijama. \u00a0 Pravo na pristup informacijama [&hellip;]<\/p>","protected":false},"author":1,"featured_media":0,"parent":0,"menu_order":0,"comment_status":"closed","ping_status":"closed","template":"","meta":{"footnotes":""},"class_list":["post-9654","page","type-page","status-publish","hentry"],"_links":{"self":[{"href":"https:\/\/eihp.hr\/en\/wp-json\/wp\/v2\/pages\/9654","targetHints":{"allow":["GET"]}}],"collection":[{"href":"https:\/\/eihp.hr\/en\/wp-json\/wp\/v2\/pages"}],"about":[{"href":"https:\/\/eihp.hr\/en\/wp-json\/wp\/v2\/types\/page"}],"author":[{"embeddable":true,"href":"https:\/\/eihp.hr\/en\/wp-json\/wp\/v2\/users\/1"}],"replies":[{"embeddable":true,"href":"https:\/\/eihp.hr\/en\/wp-json\/wp\/v2\/comments?post=9654"}],"version-history":[{"count":73,"href":"https:\/\/eihp.hr\/en\/wp-json\/wp\/v2\/pages\/9654\/revisions"}],"predecessor-version":[{"id":16480,"href":"https:\/\/eihp.hr\/en\/wp-json\/wp\/v2\/pages\/9654\/revisions\/16480"}],"wp:attachment":[{"href":"https:\/\/eihp.hr\/en\/wp-json\/wp\/v2\/media?parent=9654"}],"curies":[{"name":"wp","href":"https:\/\/api.w.org\/{rel}","templated":true}]}}