{"id":9660,"date":"2022-04-07T10:21:19","date_gmt":"2022-04-07T08:21:19","guid":{"rendered":"https:\/\/meldendev.eu\/eihp\/?page_id=9660"},"modified":"2025-09-18T08:54:22","modified_gmt":"2025-09-18T06:54:22","slug":"propisi","status":"publish","type":"page","link":"https:\/\/eihp.hr\/en\/propisi\/","title":{"rendered":"Regulations"},"content":{"rendered":"<div data-elementor-type=\"wp-page\" data-elementor-id=\"9660\" class=\"elementor elementor-9660\" data-elementor-post-type=\"page\">\n\t\t\t\t\t\t<section class=\"elementor-section elementor-top-section elementor-element elementor-element-6e927da0 elementor-section-height-min-height elementor-section-boxed elementor-section-height-default elementor-section-items-middle\" data-id=\"6e927da0\" data-element_type=\"section\" data-settings=\"{&quot;background_background&quot;:&quot;classic&quot;}\">\n\t\t\t\t\t\t<div class=\"elementor-container elementor-column-gap-default\">\n\t\t\t\t\t<div class=\"elementor-column elementor-col-100 elementor-top-column elementor-element elementor-element-43ee8213\" data-id=\"43ee8213\" data-element_type=\"column\">\n\t\t\t<div class=\"elementor-widget-wrap\">\n\t\t\t\t\t\t\t<\/div>\n\t\t<\/div>\n\t\t\t\t\t<\/div>\n\t\t<\/section>\n\t\t\t\t<section class=\"elementor-section elementor-top-section elementor-element elementor-element-423f041f elementor-section-boxed elementor-section-height-default elementor-section-height-default\" data-id=\"423f041f\" data-element_type=\"section\" data-settings=\"{&quot;background_background&quot;:&quot;classic&quot;}\">\n\t\t\t\t\t\t<div class=\"elementor-container elementor-column-gap-default\">\n\t\t\t\t\t<div class=\"elementor-column elementor-col-100 elementor-top-column elementor-element elementor-element-628dc57a\" data-id=\"628dc57a\" data-element_type=\"column\" data-settings=\"{&quot;background_background&quot;:&quot;classic&quot;}\">\n\t\t\t<div class=\"elementor-widget-wrap elementor-element-populated\">\n\t\t\t\t\t\t\t<\/div>\n\t\t<\/div>\n\t\t\t\t\t<\/div>\n\t\t<\/section>\n\t\t\t\t<section class=\"elementor-section elementor-top-section elementor-element elementor-element-7aa79aef elementor-section-boxed elementor-section-height-default elementor-section-height-default\" data-id=\"7aa79aef\" data-element_type=\"section\">\n\t\t\t\t\t\t<div class=\"elementor-container elementor-column-gap-default\">\n\t\t\t\t\t<div class=\"elementor-column elementor-col-100 elementor-top-column elementor-element elementor-element-549ec235\" data-id=\"549ec235\" data-element_type=\"column\">\n\t\t\t<div class=\"elementor-widget-wrap elementor-element-populated\">\n\t\t\t\t\t\t<div class=\"elementor-element elementor-element-5f85a8e7 elementor-widget elementor-widget-text-editor\" data-id=\"5f85a8e7\" data-element_type=\"widget\" data-widget_type=\"text-editor.default\">\n\t\t\t\t<div class=\"elementor-widget-container\">\n\t\t\t\t\t\t\t\t\t<h3>EIHP<strong> EIHP operates in accordance with the following regulations:<\/strong><\/h3><div><u><b>REGULATIONS:<\/b><\/u><\/div><div>\u00a0<\/div><p><a style=\"background-color: #ffffff;\" href=\"https:\/\/www.zakon.hr\/z\/94\/Ustav-Republike-Hrvatske\" target=\"_blank\" rel=\"noopener\">Constitution of the Republic of Croatia<\/a><span style=\"color: var( --e-global-color-efe0fd1 );\"> consolidated text (NN 56\/90, 135\/97, 08\/98, 113\/00, 124\/00, 28\/01, 41\/01, 55\/01, 76\/10, 85\/10, 05\/14)<br \/><\/span><\/p><p><a href=\"https:\/\/www.zakon.hr\/z\/126\/Zakon-o-pravu-na-pristup-informacijama\" target=\"_blank\" rel=\"noopener\">Law on the Right to Access Information<\/a> consolidated text (NN 25\/13, 85\/15, 69\/22)<\/p><p><a href=\"https:\/\/www.zakon.hr\/z\/65\/Zakon-o-op%C4%87em-upravnom-postupku\" target=\"_blank\" rel=\"noopener\">General Administrative Procedure Act<\/a> (NN 47\/09, 110\/21)<\/p><p><a href=\"https:\/\/eur-lex.europa.eu\/legal-content\/HR\/TXT\/?uri=celex%3A32016R0679\" target=\"_blank\" rel=\"noopener\">Regulation (EU) 2016\/679 of the European Parliament and of the Council on the protection of natural persons with regard to the processing of personal data and on the free movement of such data, and repealing Directive 95\/46\/EC (General Data Protection Regulation - GDPR)<\/a><\/p><p><a href=\"https:\/\/www.zakon.hr\/z\/1023\/Zakon-o-provedbi-Op%C4%87e-uredbe-o-za%C5%A1titi-podataka\" target=\"_blank\" rel=\"noopener\">Law on the Implementation of the General Data Protection Regulation <\/a><a href=\"https:\/\/www.zakon.hr\/z\/1023\/Zakon-o-provedbi-Op%C4%87e-uredbe-o-za%C5%A1titi-podataka\" target=\"_blank\" rel=\"noopener\">-<\/a> <a href=\"https:\/\/www.zakon.hr\/z\/1023\/Zakon-o-provedbi-Op%C4%87e-uredbe-o-za%C5%A1titi-podataka\" target=\"_blank\" rel=\"noopener\">GDPR<\/a> (NN 42\/18)<\/p><p><a href=\"https:\/\/www.zakon.hr\/z\/313\/Zakon-o-ustanovama\" target=\"_blank\" rel=\"noopener\">Law on Institutions<\/a>\u00a0 (NN 76\/93, 29\/97, 47\/99, 35\/08, 127\/19, 151\/22)<\/p><p><a href=\"https:\/\/www.zakon.hr\/z\/307\/Zakon-o-radu\" target=\"_blank\" rel=\"noopener\">Labor Act<\/a> (NN 93\/14, 127\/17, 98\/19, 151\/22, 46\/23, 64\/23)<\/p><p><a href=\"https:\/\/www.zakon.hr\/z\/167\/Zakon-o-za%C5%A1titi-na-radu\" target=\"_blank\" rel=\"noopener\">Occupational Safety and Health Act<\/a> (NN 71\/14, 118\/14, 154\/14, 94\/18, 96\/18)<\/p><p><a href=\"https:\/\/www.zakon.hr\/z\/349\/Zakon-o-za%C5%A1titi-od-po%C5%BEara\" target=\"_blank\" rel=\"noopener\">Fire Protection Act<\/a> (NN 92\/10, 114\/22)<\/p><p><a href=\"https:\/\/www.zakon.hr\/z\/194\/Zakon-o-za%C5%A1titi-okoli%C5%A1a\" target=\"_blank\" rel=\"noopener\">Environmental Protection Act<\/a> (NN 80\/13, 153\/13, 78\/15, 12\/18, 118\/18)<\/p><p><a href=\"https:\/\/www.zakon.hr\/z\/748\/Zakon-o-za%C5%A1titi-tajnosti-podataka\" target=\"_blank\" rel=\"noopener\">Data Secrecy Protection Act<\/a>\u00a0 (NN 108\/96) (apply only the provisions of Chapter VIII Trade secret and Chapter IX Professional secret)<\/p><p><a href=\"https:\/\/www.zakon.hr\/z\/1929\/Zakon-o-pristupa%C4%8Dnosti-mre%C5%BEnih-stranica-i-programskih-rje%C5%A1enja-za-pokretne-ure%C4%91aje-tijela-javnog-sektora\" target=\"_blank\" rel=\"noopener\">Act on Accessibility of Websites and Software Solutions for Mobile Devices of Public Sector Bodies<\/a> (NN 17\/19)<\/p><p><a href=\"https:\/\/narodne-novine.nn.hr\/search.aspx?upit=Kriteriji+za+odre%c4%91ivanje+naknade+stvarnih+materijalnih+tro%c5%a1kova+i+tro%c5%a1kova+dostave+informacija&amp;naslovi=da&amp;sortiraj=1&amp;kategorija=1&amp;rpp=10&amp;qtype=3&amp;pretraga=da\" target=\"_blank\" rel=\"noopener\">Criteria for determining the compensation of actual material costs and costs of information delivery<\/a> (NN 12\/14, 15\/14, 141\/22)<\/p><p><a href=\"https:\/\/www.zakon.hr\/cms.htm?id=12501\" target=\"_blank\" rel=\"noopener\">Ordinance on the structure, content, and manner of keeping the official register on exercising the right to access information and re-use information<\/a> (NN 83\/14)<\/p><p><a href=\"https:\/\/www.zakon.hr\/z\/101\/Zakon-o-upravnim-sporovima\" target=\"_blank\" rel=\"noopener\">Law on Administrative Disputes<\/a> (NN 36\/24)<\/p><p><a href=\"https:\/\/www.zakon.hr\/z\/106\/Zakon-o-autorskom-pravu-i-srodnim-pravima\" target=\"_blank\" rel=\"noopener\">Copyright and Related Rights Act<\/a> (NN 111\/21)<\/p><p><a href=\"https:\/\/www.zakon.hr\/z\/3328\/Zakon-o-visokom-obrazovanju-i-znanstvenoj-djelatnosti\" target=\"_blank\" rel=\"noopener\">Law on Scientific Activity and Higher Education<\/a> (NN 119\/22)<\/p><p><b><u>GENERAL AND OTHER ACTS:<\/u><\/b><\/p><p><a href=\"https:\/\/narodne-novine.nn.hr\/clanci\/sluzbeni\/2003_04_52_665.html\" target=\"_blank\" rel=\"noopener\">Decree on the transformation of the Hrvoje Po\u017ear Energy Institute into an institution<\/a>\u00a0(NN 52\/03)<\/p><p><a href=\"https:\/\/narodne-novine.nn.hr\/clanci\/sluzbeni\/2011_09_110_2158.html\" target=\"_blank\" rel=\"noopener\">Decree on amendments to the Decree on the transformation of the Energy Institute \"Hrvoje Po\u017ear\" into an institution<\/a> (NN 110\/2011)<\/p><p><a href=\"https:\/\/narodne-novine.nn.hr\/clanci\/sluzbeni\/2013_07_96_2143.html\" target=\"_blank\" rel=\"noopener\">Decree on amendments to the Decree on the transformation of the Hrvoje Po\u017ear Energy Institute into an institution<\/a> (NN 96\/2013)<\/p><p><a href=\"http:\/\/www.eihp.hr\/wp-content\/uploads\/2020\/07\/EIHP-Statut.pdf\">EIHP Statute<\/a><\/p><p><a href=\"http:\/\/www.eihp.hr\/wp-content\/uploads\/2020\/12\/EIHP-Poslovnik-Upravnog-vije%C4%87a.pdf\">Rules of Procedure of the EIHP Management Council<\/a><\/p><p><a href=\"http:\/\/www.eihp.hr\/wp-content\/uploads\/2019\/01\/Pravilnik-o-poslovnoj-tajni-EIHP.pdf\">EIHP Code of Business Secret<\/a><\/p><p><a href=\"http:\/\/www.eihp.hr\/wp-content\/uploads\/2020\/12\/EIHP-Pravilnik-o-radu.pdf\">Work regulations<\/a><\/p><p><a href=\"https:\/\/eihp.hr\/wp-content\/uploads\/2022\/10\/Pravilnik-o-izmjenama-pravilnika-o-radu_17.10.2022.pdf\">Rulebook on Amendments to the Work Rulebook<\/a><\/p><p><a href=\"https:\/\/eihp.hr\/wp-content\/uploads\/2023\/05\/Pravilnik-o-izmjenama-i-dopunama-Pravilnika-o-radu_19.4.2023.pdf\">Regulation on Changes and Amendments of the Regulation on Labor<\/a><\/p><p><a href=\"https:\/\/eihp.hr\/wp-content\/uploads\/2024\/05\/Pravilnik-o-unutarnjem-ustrojstvu-i-sistematizaciji-radnih-mjesta.pdf\">Rulebook on internal organization and systematization of jobs<\/a><\/p><p><a href=\"https:\/\/eihp.hr\/wp-content\/uploads\/2025\/04\/Pravilnik-o-izmjenama-i-dopunama_sistematizacija-radnih-mjesta-potpisan.pdf\">Pravilnik o izmjenama i dopunama Pravilnika o unutarnjem ustrojstvu i sistematizaciji radnih mjesta<\/a><\/p><p><a href=\"http:\/\/www.eihp.hr\/wp-content\/uploads\/2021\/04\/Eti%C4%8Dki-kodeks-2021.pdf\">Ethical codex<\/a><\/p><p><a href=\"https:\/\/eihp.hr\/wp-content\/uploads\/2023\/06\/Plan-ravnopravnosti-spolova.pdf\">Gender Equality Plan<\/a><\/p><p><a href=\"https:\/\/eihp.hr\/wp-content\/uploads\/2023\/08\/Pravilnik-o-provodenju-postupka-jednostavne-nabave-01.01.2023.pdf\">Ordinance on the implementation of simple procurement procedures<\/a><\/p><p><a href=\"http:\/\/www.eihp.hr\/wp-content\/uploads\/2021\/08\/Povjerenstvo-za-etiku-EIHP.pdf\">Ethics Committee<\/a><\/p><p><a href=\"http:\/\/www.eihp.hr\/wp-content\/uploads\/2021\/08\/Odluka-o-imenovanju-osobe-za-nepravilnosti-i-povjerljive-osobe_19.8.2021.pdf\">Decision on the appointment of a person for irregularities and confidential persons<\/a><\/p><p><a href=\"http:\/\/www.eihp.hr\/wp-content\/uploads\/2021\/10\/Pravilnik-o-radu-Znanstvenog-vije%C4%87a_-21.9.2021..pdf\">Rules of Procedure of the Scientific Council<\/a><\/p><p><a href=\"http:\/\/www.eihp.hr\/wp-content\/uploads\/2021\/12\/Strate%C5%A1ki-plan-EIHP-skra%C4%87ena-verzija.pdf\">EIHP Strategic Plan 2021-2023<\/a><\/p><p><a href=\"https:\/\/eihp.hr\/wp-content\/uploads\/2025\/09\/Strateski-plan-EIHP-a-za-razdoblje-2024-2027.pdf\">EIHP Strategic Plan 2024 - 2027<\/a><\/p>\t\t\t\t\t\t\t\t<\/div>\n\t\t\t\t<\/div>\n\t\t\t\t<div class=\"elementor-element elementor-element-5e38e22 elementor-hidden-desktop elementor-icon-list--layout-traditional elementor-list-item-link-full_width elementor-widget elementor-widget-icon-list\" data-id=\"5e38e22\" data-element_type=\"widget\" data-widget_type=\"icon-list.default\">\n\t\t\t\t<div class=\"elementor-widget-container\">\n\t\t\t\t\t\t\t<ul class=\"elementor-icon-list-items\">\n\t\t\t\t\t\t\t<li class=\"elementor-icon-list-item\">\n\t\t\t\t\t\t\t\t\t\t\t<span class=\"elementor-icon-list-icon\">\n\t\t\t\t\t\t\t<svg xmlns=\"http:\/\/www.w3.org\/2000\/svg\" width=\"28.821\" height=\"45.516\" viewbox=\"0 0 28.821 45.516\"><g transform=\"translate(-103.061 -1064.838)\"><path d=\"M121,1098.464s-1.81-.78-5.76-9.241c-3.979-8.522-3.387-10.349-3.387-10.349l3.392-2.4a2.134,2.134,0,0,0,.762-2.687l-3.1-6.65a2.246,2.246,0,0,0-3.254-.935l-1.863,1.205c-6.314,3.892-3.6,15.525.791,24.93,4.263,9.131,11.562,19.18,18.605,16.613l2.12-.655a2.245,2.245,0,0,0,1.372-3.095l-3.105-6.65a2.135,2.135,0,0,0-2.549-1.141Z\" fill=\"#1a1a1a\"><\/path><path d=\"M124.892,1110.354c-3.186,0-6.5-1.951-9.849-5.8a52.032,52.032,0,0,1-7.375-11.8,47.877,47.877,0,0,1-4.5-14.86,16.7,16.7,0,0,1,.5-6.58,8.349,8.349,0,0,1,3.577-4.758l1.854-1.2a3.244,3.244,0,0,1,4.7,1.351l3.1,6.651a3.134,3.134,0,0,1-1.1,3.935l-2.984,2.114c.05.805.477,3.3,3.32,9.39,2.828,6.058,4.478,8.006,5.072,8.573l3.532-.93a3.134,3.134,0,0,1,3.725,1.681l3.1,6.65a3.245,3.245,0,0,1-1.983,4.474l-2.1.648A7.655,7.655,0,0,1,124.892,1110.354Zm-14.03-43.516a1.238,1.238,0,0,0-.673.2l-1.863,1.205-.018.012c-2.54,1.566-3.6,4.745-3.148,9.451a45.871,45.871,0,0,0,4.321,14.2c3.711,7.949,9.709,16.443,15.412,16.443a5.661,5.661,0,0,0,1.944-.347l.047-.016,2.12-.655a1.245,1.245,0,0,0,.761-1.717l-3.1-6.65a1.134,1.134,0,0,0-1.355-.606l-.033.009-4.02,1.058a1,1,0,0,1-.65-.049c-.507-.218-2.456-1.566-6.27-9.736-3.847-8.238-3.6-10.564-3.432-11.08a1,1,0,0,1,.373-.508l3.392-2.4.029-.02a1.14,1.14,0,0,0,.4-1.428l-3.1-6.65A1.237,1.237,0,0,0,110.862,1066.838Z\" fill=\"#fff\"><\/path><\/g><\/svg>\t\t\t\t\t\t<\/span>\n\t\t\t\t\t\t\t\t\t\t<span class=\"elementor-icon-list-text\">+385 1 6040 588   <br>+385 1 6326 100<\/span>\n\t\t\t\t\t\t\t\t\t<\/li>\n\t\t\t\t\t\t\t\t<li class=\"elementor-icon-list-item\">\n\t\t\t\t\t\t\t\t\t\t\t<span class=\"elementor-icon-list-icon\">\n\t\t\t\t\t\t\t<i aria-hidden=\"true\" class=\"fas fa-fax\"><\/i>\t\t\t\t\t\t<\/span>\n\t\t\t\t\t\t\t\t\t\t<span class=\"elementor-icon-list-text\">FAX +385 1 6040 599<\/span>\n\t\t\t\t\t\t\t\t\t<\/li>\n\t\t\t\t\t\t\t\t<li class=\"elementor-icon-list-item\">\n\t\t\t\t\t\t\t\t\t\t\t<a href=\"mailto:eihp@eihp.hr\">\n\n\t\t\t\t\t\t\t\t\t\t\t\t<span class=\"elementor-icon-list-icon\">\n\t\t\t\t\t\t\t<svg xmlns=\"http:\/\/www.w3.org\/2000\/svg\" width=\"41.897\" height=\"28.594\" viewbox=\"0 0 41.897 28.594\"><g transform=\"translate(-103.06 -1252.765)\"><rect width=\"39.897\" height=\"26.594\" rx=\"2.977\" transform=\"translate(104.06 1253.765)\" fill=\"#1a1a1a\"><\/rect><path d=\"M2.977-1H36.92A3.981,3.981,0,0,1,40.9,2.977V23.617a3.981,3.981,0,0,1-3.977,3.977H2.977A3.981,3.981,0,0,1-1,23.617V2.977A3.981,3.981,0,0,1,2.977-1ZM36.92,25.594A1.979,1.979,0,0,0,38.9,23.617V2.977A1.979,1.979,0,0,0,36.92,1H2.977A1.979,1.979,0,0,0,1,2.977V23.617a1.979,1.979,0,0,0,1.977,1.977Z\" transform=\"translate(104.06 1253.765)\" fill=\"#fff\"><\/path><path d=\"M104.39,1257.246l19.619,13.006,19.619-13.006\" fill=\"#1a1a1a\"><\/path><path d=\"M124.009,1271.252a1,1,0,0,1-.553-.167l-19.619-13.006a1,1,0,1,1,1.105-1.667l19.066,12.64,19.066-12.64a1,1,0,1,1,1.105,1.667l-19.619,13.006A1,1,0,0,1,124.009,1271.252Z\" fill=\"#fff\"><\/path><\/g><\/svg>\t\t\t\t\t\t<\/span>\n\t\t\t\t\t\t\t\t\t\t<span class=\"elementor-icon-list-text\">eihp@eihp.hr<\/span>\n\t\t\t\t\t\t\t\t\t\t\t<\/a>\n\t\t\t\t\t\t\t\t\t<\/li>\n\t\t\t\t\t\t\t\t<li class=\"elementor-icon-list-item\">\n\t\t\t\t\t\t\t\t\t\t\t<a href=\"https:\/\/www.google.com\/maps\/place\/Energetski+institut+Hrvoje+Po%C5%BEar\/@45.7900128,15.9539616,17z\/data=!3m1!4b1!4m5!3m4!1s0x4765d6905b1b8b1d:0x6a06279c61058670!8m2!3d45.7900271!4d15.9561017\" target=\"_blank\" rel=\"noopener\">\n\n\t\t\t\t\t\t\t\t\t\t\t\t<span class=\"elementor-icon-list-icon\">\n\t\t\t\t\t\t\t<svg xmlns=\"http:\/\/www.w3.org\/2000\/svg\" width=\"32.839\" height=\"46.947\" viewbox=\"0 0 32.839 46.947\"><g transform=\"translate(-103.06 -1338.098)\"><path d=\"M134.9,1354.517c0,9.662-15.419,29.528-15.419,29.528s-15.42-19.664-15.42-29.528a15.42,15.42,0,0,1,30.839,0Z\" fill=\"#1a1a1a\"><\/path><path d=\"M119.48,1338.1a16.418,16.418,0,0,1,16.419,16.419c0,4.2-2.645,10.562-7.861,18.917-3.837,6.146-7.729,11.174-7.768,11.224a1,1,0,0,1-.787.387h0a1,1,0,0,1-.787-.383c-.039-.05-3.932-5.028-7.77-11.151-5.217-8.322-7.863-14.713-7.863-18.994a16.419,16.419,0,0,1,16.42-16.419Zm0,44.295c1.321-1.769,4.112-5.607,6.874-10.033,4.938-7.913,7.549-14.083,7.549-17.843a14.42,14.42,0,0,0-28.839,0c0,3.843,2.61,10.038,7.548,17.917C115.366,1376.835,118.154,1380.637,119.476,1382.393Z\" fill=\"#fff\"><\/path><circle cx=\"8.481\" cy=\"8.481\" r=\"8.481\" transform=\"translate(110.998 1346.036)\" fill=\"#1a1a1a\"><\/circle><path d=\"M8.481-1A9.481,9.481,0,1,1-1,8.481,9.492,9.492,0,0,1,8.481-1Zm0,16.963A7.481,7.481,0,1,0,1,8.481,7.49,7.49,0,0,0,8.481,15.963Z\" transform=\"translate(110.998 1346.036)\" fill=\"#fff\"><\/path><\/g><\/svg>\t\t\t\t\t\t<\/span>\n\t\t\t\t\t\t\t\t\t\t<span class=\"elementor-icon-list-text\">Savska cesta 163, Zagreb (temporary address due to building renovation: Mre\u017eni\u010dka ulica 2)<\/span>\n\t\t\t\t\t\t\t\t\t\t\t<\/a>\n\t\t\t\t\t\t\t\t\t<\/li>\n\t\t\t\t\t\t\t\t<li class=\"elementor-icon-list-item\">\n\t\t\t\t\t\t\t\t\t\t\t<a href=\"https:\/\/www.linkedin.com\/company\/energy-institute-hrvoje-pozar\/\" target=\"_blank\" rel=\"noopener\">\n\n\t\t\t\t\t\t\t\t\t\t\t\t<span class=\"elementor-icon-list-icon\">\n\t\t\t\t\t\t\t<i aria-hidden=\"true\" class=\"fab fa-linkedin-in\"><\/i>\t\t\t\t\t\t<\/span>\n\t\t\t\t\t\t\t\t\t\t<span class=\"elementor-icon-list-text\">LinkedIn EIHP<\/span>\n\t\t\t\t\t\t\t\t\t\t\t<\/a>\n\t\t\t\t\t\t\t\t\t<\/li>\n\t\t\t\t\t\t<\/ul>\n\t\t\t\t\t\t<\/div>\n\t\t\t\t<\/div>\n\t\t\t\t\t<\/div>\n\t\t<\/div>\n\t\t\t\t\t<\/div>\n\t\t<\/section>\n\t\t\t\t<section class=\"elementor-section elementor-top-section elementor-element elementor-element-29247440 elementor-section-full_width elementor-hidden-mobile elementor-section-height-default elementor-section-height-default\" data-id=\"29247440\" data-element_type=\"section\">\n\t\t\t\t\t\t<div class=\"elementor-container elementor-column-gap-default\">\n\t\t\t\t\t<div class=\"elementor-column elementor-col-100 elementor-top-column elementor-element elementor-element-4490e5ce\" data-id=\"4490e5ce\" data-element_type=\"column\">\n\t\t\t<div class=\"elementor-widget-wrap elementor-element-populated\">\n\t\t\t\t\t\t<div class=\"elementor-element elementor-element-727363c4 elementor-absolute elementor-widget elementor-widget-image\" data-id=\"727363c4\" data-element_type=\"widget\" data-settings=\"{&quot;_position&quot;:&quot;absolute&quot;}\" data-widget_type=\"image.default\">\n\t\t\t\t<div class=\"elementor-widget-container\">\n\t\t\t\t\t\t\t\t\t\t\t\t\t\t\t<img fetchpriority=\"high\" decoding=\"async\" width=\"656\" height=\"656\" src=\"https:\/\/eihp.hr\/wp-content\/uploads\/2022\/03\/Abstract-square-final-EIHP.png\" class=\"attachment-large size-large wp-image-8388\" alt=\"\" srcset=\"https:\/\/eihp.hr\/wp-content\/uploads\/2022\/03\/Abstract-square-final-EIHP.png 656w, https:\/\/eihp.hr\/wp-content\/uploads\/2022\/03\/Abstract-square-final-EIHP-300x300.png 300w, https:\/\/eihp.hr\/wp-content\/uploads\/2022\/03\/Abstract-square-final-EIHP-150x150.png 150w\" sizes=\"(max-width: 656px) 100vw, 656px\" \/>\t\t\t\t\t\t\t\t\t\t\t\t\t\t\t<\/div>\n\t\t\t\t<\/div>\n\t\t\t\t\t<\/div>\n\t\t<\/div>\n\t\t\t\t\t<\/div>\n\t\t<\/section>\n\t\t\t\t<\/div>","protected":false},"excerpt":{"rendered":"<p>EIHP posluje u skladu sa sljede\u0107im propisima: PROPISI:\u00a0 Ustav Republike Hrvatske pro\u010di\u0161\u0107eni tekst (NN 56\/90, 135\/97, 08\/98, 113\/00, 124\/00, 28\/01, 41\/01, 55\/01, 76\/10, 85\/10, 05\/14) Zakon o pravu na pristup informacijama pro\u010di\u0161\u0107eni tekst (NN 25\/13, 85\/15, 69\/22) Zakon o op\u0107em upravnom postupku (NN 47\/09, 110\/21) Uredba (EU) 2016\/679 Europskog parlamenta i Vije\u0107a od 27. travnja [&hellip;]<\/p>","protected":false},"author":1,"featured_media":0,"parent":0,"menu_order":0,"comment_status":"closed","ping_status":"closed","template":"","meta":{"footnotes":""},"class_list":["post-9660","page","type-page","status-publish","hentry"],"_links":{"self":[{"href":"https:\/\/eihp.hr\/en\/wp-json\/wp\/v2\/pages\/9660","targetHints":{"allow":["GET"]}}],"collection":[{"href":"https:\/\/eihp.hr\/en\/wp-json\/wp\/v2\/pages"}],"about":[{"href":"https:\/\/eihp.hr\/en\/wp-json\/wp\/v2\/types\/page"}],"author":[{"embeddable":true,"href":"https:\/\/eihp.hr\/en\/wp-json\/wp\/v2\/users\/1"}],"replies":[{"embeddable":true,"href":"https:\/\/eihp.hr\/en\/wp-json\/wp\/v2\/comments?post=9660"}],"version-history":[{"count":80,"href":"https:\/\/eihp.hr\/en\/wp-json\/wp\/v2\/pages\/9660\/revisions"}],"predecessor-version":[{"id":16108,"href":"https:\/\/eihp.hr\/en\/wp-json\/wp\/v2\/pages\/9660\/revisions\/16108"}],"wp:attachment":[{"href":"https:\/\/eihp.hr\/en\/wp-json\/wp\/v2\/media?parent=9660"}],"curies":[{"name":"wp","href":"https:\/\/api.w.org\/{rel}","templated":true}]}}