{"id":9755,"date":"2022-04-07T13:04:25","date_gmt":"2022-04-07T11:04:25","guid":{"rendered":"https:\/\/meldendev.eu\/eihp\/?page_id=9755"},"modified":"2025-11-13T11:45:56","modified_gmt":"2025-11-13T10:45:56","slug":"proizvodnja-i-trzista-energije","status":"publish","type":"page","link":"https:\/\/eihp.hr\/en\/proizvodnja-i-trzista-energije\/","title":{"rendered":"ENERGY PRODUCTION AND MARKETS"},"content":{"rendered":"<div data-elementor-type=\"wp-page\" data-elementor-id=\"9755\" class=\"elementor elementor-9755\" data-elementor-post-type=\"page\">\n\t\t\t\t\t\t<section class=\"elementor-section elementor-top-section elementor-element elementor-element-6e8ff16a elementor-section-height-min-height elementor-section-boxed elementor-section-height-default elementor-section-items-middle\" data-id=\"6e8ff16a\" data-element_type=\"section\" data-settings=\"{&quot;background_background&quot;:&quot;classic&quot;}\">\n\t\t\t\t\t\t<div class=\"elementor-container elementor-column-gap-default\">\n\t\t\t\t\t<div class=\"elementor-column elementor-col-100 elementor-top-column elementor-element elementor-element-6458f937\" data-id=\"6458f937\" data-element_type=\"column\">\n\t\t\t<div class=\"elementor-widget-wrap\">\n\t\t\t\t\t\t\t<\/div>\n\t\t<\/div>\n\t\t\t\t\t<\/div>\n\t\t<\/section>\n\t\t\t\t<section class=\"elementor-section elementor-top-section elementor-element elementor-element-4814066a elementor-section-boxed elementor-section-height-default elementor-section-height-default\" data-id=\"4814066a\" data-element_type=\"section\" data-settings=\"{&quot;background_background&quot;:&quot;classic&quot;}\">\n\t\t\t\t\t\t<div class=\"elementor-container elementor-column-gap-default\">\n\t\t\t\t\t<div class=\"elementor-column elementor-col-100 elementor-top-column elementor-element elementor-element-49d77ca4\" data-id=\"49d77ca4\" data-element_type=\"column\" data-settings=\"{&quot;background_background&quot;:&quot;classic&quot;}\">\n\t\t\t<div class=\"elementor-widget-wrap elementor-element-populated\">\n\t\t\t\t\t\t\t<\/div>\n\t\t<\/div>\n\t\t\t\t\t<\/div>\n\t\t<\/section>\n\t\t\t\t<section class=\"elementor-section elementor-top-section elementor-element elementor-element-107a95ec elementor-section-boxed elementor-section-height-default elementor-section-height-default\" data-id=\"107a95ec\" data-element_type=\"section\">\n\t\t\t\t\t\t<div class=\"elementor-container elementor-column-gap-default\">\n\t\t\t\t\t<div class=\"elementor-column elementor-col-50 elementor-top-column elementor-element elementor-element-56b6fb8f\" data-id=\"56b6fb8f\" data-element_type=\"column\">\n\t\t\t<div class=\"elementor-widget-wrap elementor-element-populated\">\n\t\t\t\t\t\t<div class=\"elementor-element elementor-element-11426003 elementor-widget elementor-widget-text-editor\" data-id=\"11426003\" data-element_type=\"widget\" data-widget_type=\"text-editor.default\">\n\t\t\t\t<div class=\"elementor-widget-container\">\n\t\t\t\t\t\t\t\t\t<p>The functioning of modern energy systems is based on market principles, both in Europe and worldwide. In this context, energy production facilities are an essential element that must meet energy needs in a reliable, safe, cost-effective, and environmentally sound way, while energy markets must be organized to ensure the transparent and timely availability of energy produced to consumers.<\/p><p>EIHP responds to challenges related to integrating the new production plants (hydropower, RES, thermal power plants, battery systems, electrolyzers for hydrogen production) into the power system and optimizing energy system management and construction based on developed mathematical models and calculations. The analysis results indicate to clients the possibilities of market positioning, comparative advantages, distribution of revenue sources and expenditure items, and the possible optimization of business. The analyses are conducted as part of the development of national\/regional\/local energy strategies and improvement of the legal framework, but also as part of projects for economic entities.<\/p><p>For long-term energy system planning, we use internationally recognized simulation models such as PLEXOS, MESSAGE, and WASP, while for electricity market analyses, we use PLEXOS and Antares models.<\/p>\t\t\t\t\t\t\t\t<\/div>\n\t\t\t\t<\/div>\n\t\t\t\t\t<\/div>\n\t\t<\/div>\n\t\t\t\t<div class=\"elementor-column elementor-col-50 elementor-top-column elementor-element elementor-element-80d07b3\" data-id=\"80d07b3\" data-element_type=\"column\">\n\t\t\t<div class=\"elementor-widget-wrap elementor-element-populated\">\n\t\t\t\t\t\t<div class=\"elementor-element elementor-element-4961da47 elementor-widget elementor-widget-image\" data-id=\"4961da47\" data-element_type=\"widget\" data-widget_type=\"image.default\">\n\t\t\t\t<div class=\"elementor-widget-container\">\n\t\t\t\t\t\t\t\t\t\t\t\t\t\t\t<img fetchpriority=\"high\" decoding=\"async\" width=\"800\" height=\"600\" src=\"https:\/\/eihp.hr\/wp-content\/uploads\/2022\/04\/PROIZVODNJA-I-TRZISTA-ENERGIJE.jpg\" class=\"attachment-full size-full wp-image-9760\" alt=\"\" srcset=\"https:\/\/eihp.hr\/wp-content\/uploads\/2022\/04\/PROIZVODNJA-I-TRZISTA-ENERGIJE.jpg 800w, https:\/\/eihp.hr\/wp-content\/uploads\/2022\/04\/PROIZVODNJA-I-TRZISTA-ENERGIJE-300x225.jpg 300w, https:\/\/eihp.hr\/wp-content\/uploads\/2022\/04\/PROIZVODNJA-I-TRZISTA-ENERGIJE-768x576.jpg 768w\" sizes=\"(max-width: 800px) 100vw, 800px\" \/>\t\t\t\t\t\t\t\t\t\t\t\t\t\t\t<\/div>\n\t\t\t\t<\/div>\n\t\t\t\t\t<\/div>\n\t\t<\/div>\n\t\t\t\t\t<\/div>\n\t\t<\/section>\n\t\t\t\t<section class=\"elementor-section elementor-top-section elementor-element elementor-element-1f798cf elementor-section-full_width elementor-hidden-tablet elementor-hidden-mobile elementor-section-height-default elementor-section-height-default\" data-id=\"1f798cf\" data-element_type=\"section\">\n\t\t\t\t\t\t<div class=\"elementor-container elementor-column-gap-default\">\n\t\t\t\t\t<div class=\"elementor-column elementor-col-100 elementor-top-column elementor-element elementor-element-c6edb42\" data-id=\"c6edb42\" data-element_type=\"column\">\n\t\t\t<div class=\"elementor-widget-wrap elementor-element-populated\">\n\t\t\t\t\t\t<div class=\"elementor-element elementor-element-78d70343 elementor-absolute elementor-widget elementor-widget-image\" data-id=\"78d70343\" data-element_type=\"widget\" data-settings=\"{&quot;_position&quot;:&quot;absolute&quot;}\" data-widget_type=\"image.default\">\n\t\t\t\t<div class=\"elementor-widget-container\">\n\t\t\t\t\t\t\t\t\t\t\t\t\t\t\t<img decoding=\"async\" width=\"656\" height=\"656\" src=\"https:\/\/eihp.hr\/wp-content\/uploads\/2022\/03\/Abstract-square-final-EIHP.png\" class=\"attachment-large size-large wp-image-8388\" alt=\"\" srcset=\"https:\/\/eihp.hr\/wp-content\/uploads\/2022\/03\/Abstract-square-final-EIHP.png 656w, https:\/\/eihp.hr\/wp-content\/uploads\/2022\/03\/Abstract-square-final-EIHP-300x300.png 300w, https:\/\/eihp.hr\/wp-content\/uploads\/2022\/03\/Abstract-square-final-EIHP-150x150.png 150w\" sizes=\"(max-width: 656px) 100vw, 656px\" \/>\t\t\t\t\t\t\t\t\t\t\t\t\t\t\t<\/div>\n\t\t\t\t<\/div>\n\t\t\t\t\t<\/div>\n\t\t<\/div>\n\t\t\t\t\t<\/div>\n\t\t<\/section>\n\t\t\t\t<section class=\"elementor-section elementor-top-section elementor-element elementor-element-66173714 elementor-section-boxed elementor-section-height-default elementor-section-height-default\" data-id=\"66173714\" data-element_type=\"section\" data-settings=\"{&quot;background_background&quot;:&quot;classic&quot;}\">\n\t\t\t\t\t\t<div class=\"elementor-container elementor-column-gap-default\">\n\t\t\t\t\t<div class=\"elementor-column elementor-col-100 elementor-top-column elementor-element elementor-element-78fecf9\" data-id=\"78fecf9\" data-element_type=\"column\">\n\t\t\t<div class=\"elementor-widget-wrap elementor-element-populated\">\n\t\t\t\t\t\t<div class=\"elementor-element elementor-element-64e7bb89 elementor-widget elementor-widget-heading\" data-id=\"64e7bb89\" data-element_type=\"widget\" data-widget_type=\"heading.default\">\n\t\t\t\t<div class=\"elementor-widget-container\">\n\t\t\t\t\t<h2 class=\"elementor-heading-title elementor-size-default\">Our services<\/h2>\t\t\t\t<\/div>\n\t\t\t\t<\/div>\n\t\t\t\t<div class=\"elementor-element elementor-element-2c63b063 elementor-position-left cst_check_box_icon elementor-view-default elementor-mobile-position-top elementor-widget elementor-widget-icon-box\" data-id=\"2c63b063\" data-element_type=\"widget\" data-widget_type=\"icon-box.default\">\n\t\t\t\t<div class=\"elementor-widget-container\">\n\t\t\t\t\t\t\t<div class=\"elementor-icon-box-wrapper\">\n\n\t\t\t\t\t\t<div class=\"elementor-icon-box-icon\">\n\t\t\t\t<span  class=\"elementor-icon\">\n\t\t\t\t<svg xmlns=\"http:\/\/www.w3.org\/2000\/svg\" width=\"51\" height=\"51\" viewbox=\"0 0 51 51\"><g transform=\"translate(-507 -1016)\"><path d=\"M24.5-1a25.506,25.506,0,0,1,9.926,49A25.506,25.506,0,0,1,14.574,1,25.341,25.341,0,0,1,24.5-1Zm0,49A23.5,23.5,0,1,0,1,24.5,23.527,23.527,0,0,0,24.5,48Z\" transform=\"translate(508 1017)\" fill=\"#22223f\"><\/path><path d=\"M528.289,1052.343l-8.055-5.639a1,1,0,0,1,1.147-1.638l6.56,4.592,15.488-18.3a1,1,0,1,1,1.527,1.292Z\" fill=\"#22223f\"><\/path><\/g><\/svg>\t\t\t\t<\/span>\n\t\t\t<\/div>\n\t\t\t\n\t\t\t\t\t\t<div class=\"elementor-icon-box-content\">\n\n\t\t\t\t\n\t\t\t\t\t\t\t\t\t<p class=\"elementor-icon-box-description\">\n\t\t\t\t\t\tDevelopment of business strategies and decision-making analysis\t\t\t\t\t<\/p>\n\t\t\t\t\n\t\t\t<\/div>\n\t\t\t\n\t\t<\/div>\n\t\t\t\t\t\t<\/div>\n\t\t\t\t<\/div>\n\t\t\t\t<div class=\"elementor-element elementor-element-5701506 elementor-position-left cst_check_box_icon elementor-view-default elementor-mobile-position-top elementor-widget elementor-widget-icon-box\" data-id=\"5701506\" data-element_type=\"widget\" data-widget_type=\"icon-box.default\">\n\t\t\t\t<div class=\"elementor-widget-container\">\n\t\t\t\t\t\t\t<div class=\"elementor-icon-box-wrapper\">\n\n\t\t\t\t\t\t<div class=\"elementor-icon-box-icon\">\n\t\t\t\t<span  class=\"elementor-icon\">\n\t\t\t\t<svg xmlns=\"http:\/\/www.w3.org\/2000\/svg\" width=\"51\" height=\"51\" viewbox=\"0 0 51 51\"><g transform=\"translate(-507 -1016)\"><path d=\"M24.5-1a25.506,25.506,0,0,1,9.926,49A25.506,25.506,0,0,1,14.574,1,25.341,25.341,0,0,1,24.5-1Zm0,49A23.5,23.5,0,1,0,1,24.5,23.527,23.527,0,0,0,24.5,48Z\" transform=\"translate(508 1017)\" fill=\"#22223f\"><\/path><path d=\"M528.289,1052.343l-8.055-5.639a1,1,0,0,1,1.147-1.638l6.56,4.592,15.488-18.3a1,1,0,1,1,1.527,1.292Z\" fill=\"#22223f\"><\/path><\/g><\/svg>\t\t\t\t<\/span>\n\t\t\t<\/div>\n\t\t\t\n\t\t\t\t\t\t<div class=\"elementor-icon-box-content\">\n\n\t\t\t\t\n\t\t\t\t\t\t\t\t\t<p class=\"elementor-icon-box-description\">\n\t\t\t\t\t\tPreparation of feasibility studies for facilities and systems for energy production, especially hydropower and thermal power plants\t\t\t\t\t<\/p>\n\t\t\t\t\n\t\t\t<\/div>\n\t\t\t\n\t\t<\/div>\n\t\t\t\t\t\t<\/div>\n\t\t\t\t<\/div>\n\t\t\t\t<div class=\"elementor-element elementor-element-88afc3b elementor-position-left cst_check_box_icon elementor-view-default elementor-mobile-position-top elementor-widget elementor-widget-icon-box\" data-id=\"88afc3b\" data-element_type=\"widget\" data-widget_type=\"icon-box.default\">\n\t\t\t\t<div class=\"elementor-widget-container\">\n\t\t\t\t\t\t\t<div class=\"elementor-icon-box-wrapper\">\n\n\t\t\t\t\t\t<div class=\"elementor-icon-box-icon\">\n\t\t\t\t<span  class=\"elementor-icon\">\n\t\t\t\t<svg xmlns=\"http:\/\/www.w3.org\/2000\/svg\" width=\"51\" height=\"51\" viewbox=\"0 0 51 51\"><g transform=\"translate(-507 -1016)\"><path d=\"M24.5-1a25.506,25.506,0,0,1,9.926,49A25.506,25.506,0,0,1,14.574,1,25.341,25.341,0,0,1,24.5-1Zm0,49A23.5,23.5,0,1,0,1,24.5,23.527,23.527,0,0,0,24.5,48Z\" transform=\"translate(508 1017)\" fill=\"#22223f\"><\/path><path d=\"M528.289,1052.343l-8.055-5.639a1,1,0,0,1,1.147-1.638l6.56,4.592,15.488-18.3a1,1,0,1,1,1.527,1.292Z\" fill=\"#22223f\"><\/path><\/g><\/svg>\t\t\t\t<\/span>\n\t\t\t<\/div>\n\t\t\t\n\t\t\t\t\t\t<div class=\"elementor-icon-box-content\">\n\n\t\t\t\t\n\t\t\t\t\t\t\t\t\t<p class=\"elementor-icon-box-description\">\n\t\t\t\t\t\tPreparation of market analyses and projections of the development of market indicators based on developed regional energy models\t\t\t\t\t<\/p>\n\t\t\t\t\n\t\t\t<\/div>\n\t\t\t\n\t\t<\/div>\n\t\t\t\t\t\t<\/div>\n\t\t\t\t<\/div>\n\t\t\t\t<div class=\"elementor-element elementor-element-b88fad7 elementor-position-left cst_check_box_icon elementor-view-default elementor-mobile-position-top elementor-widget elementor-widget-icon-box\" data-id=\"b88fad7\" data-element_type=\"widget\" data-widget_type=\"icon-box.default\">\n\t\t\t\t<div class=\"elementor-widget-container\">\n\t\t\t\t\t\t\t<div class=\"elementor-icon-box-wrapper\">\n\n\t\t\t\t\t\t<div class=\"elementor-icon-box-icon\">\n\t\t\t\t<span  class=\"elementor-icon\">\n\t\t\t\t<svg xmlns=\"http:\/\/www.w3.org\/2000\/svg\" width=\"51\" height=\"51\" viewbox=\"0 0 51 51\"><g transform=\"translate(-507 -1016)\"><path d=\"M24.5-1a25.506,25.506,0,0,1,9.926,49A25.506,25.506,0,0,1,14.574,1,25.341,25.341,0,0,1,24.5-1Zm0,49A23.5,23.5,0,1,0,1,24.5,23.527,23.527,0,0,0,24.5,48Z\" transform=\"translate(508 1017)\" fill=\"#22223f\"><\/path><path d=\"M528.289,1052.343l-8.055-5.639a1,1,0,0,1,1.147-1.638l6.56,4.592,15.488-18.3a1,1,0,1,1,1.527,1.292Z\" fill=\"#22223f\"><\/path><\/g><\/svg>\t\t\t\t<\/span>\n\t\t\t<\/div>\n\t\t\t\n\t\t\t\t\t\t<div class=\"elementor-icon-box-content\">\n\n\t\t\t\t\n\t\t\t\t\t\t\t\t\t<p class=\"elementor-icon-box-description\">\n\t\t\t\t\t\tTechnical in-depth analysis of production plants\t\t\t\t\t<\/p>\n\t\t\t\t\n\t\t\t<\/div>\n\t\t\t\n\t\t<\/div>\n\t\t\t\t\t\t<\/div>\n\t\t\t\t<\/div>\n\t\t\t\t\t<\/div>\n\t\t<\/div>\n\t\t\t\t\t<\/div>\n\t\t<\/section>\n\t\t\t\t<section class=\"elementor-section elementor-top-section elementor-element elementor-element-15e7d646 elementor-section-full_width elementor-section-height-min-height elementor-hidden-tablet elementor-hidden-mobile elementor-section-height-default elementor-section-items-middle\" data-id=\"15e7d646\" data-element_type=\"section\">\n\t\t\t\t\t\t<div class=\"elementor-container elementor-column-gap-default\">\n\t\t\t\t\t<div class=\"elementor-column elementor-col-100 elementor-top-column elementor-element elementor-element-2c98b163\" data-id=\"2c98b163\" data-element_type=\"column\">\n\t\t\t<div class=\"elementor-widget-wrap elementor-element-populated\">\n\t\t\t\t\t\t<div class=\"elementor-element elementor-element-26a95182 elementor-absolute elementor-widget elementor-widget-image\" data-id=\"26a95182\" data-element_type=\"widget\" data-settings=\"{&quot;_position&quot;:&quot;absolute&quot;}\" data-widget_type=\"image.default\">\n\t\t\t\t<div class=\"elementor-widget-container\">\n\t\t\t\t\t\t\t\t\t\t\t\t\t\t\t<img decoding=\"async\" width=\"656\" height=\"656\" src=\"https:\/\/eihp.hr\/wp-content\/uploads\/2022\/03\/Abstract-square-final-EIHP.png\" class=\"attachment-large size-large wp-image-8388\" alt=\"\" srcset=\"https:\/\/eihp.hr\/wp-content\/uploads\/2022\/03\/Abstract-square-final-EIHP.png 656w, https:\/\/eihp.hr\/wp-content\/uploads\/2022\/03\/Abstract-square-final-EIHP-300x300.png 300w, https:\/\/eihp.hr\/wp-content\/uploads\/2022\/03\/Abstract-square-final-EIHP-150x150.png 150w\" sizes=\"(max-width: 656px) 100vw, 656px\" \/>\t\t\t\t\t\t\t\t\t\t\t\t\t\t\t<\/div>\n\t\t\t\t<\/div>\n\t\t\t\t\t<\/div>\n\t\t<\/div>\n\t\t\t\t\t<\/div>\n\t\t<\/section>\n\t\t\t\t<\/div>","protected":false},"excerpt":{"rendered":"<p>Funkcioniranje modernih energetskih sustava temelji se na tr\u017ei\u0161nim principima, kako u Europi tako i diljem svijeta. U tom su kontekstu postrojenja za proizvodnju energije bitan element koji mora zadovoljiti potrebe za energijom na pouzdan, siguran, isplativ i okoli\u0161no prihvatljiv na\u010din, dok tr\u017ei\u0161ta energije moraju biti organizirana tako da osiguraju transparentnu i pravovremenu dostupnost proizvedene energije [&hellip;]<\/p>","protected":false},"author":1,"featured_media":0,"parent":0,"menu_order":0,"comment_status":"closed","ping_status":"closed","template":"","meta":{"footnotes":""},"class_list":["post-9755","page","type-page","status-publish","hentry"],"_links":{"self":[{"href":"https:\/\/eihp.hr\/en\/wp-json\/wp\/v2\/pages\/9755","targetHints":{"allow":["GET"]}}],"collection":[{"href":"https:\/\/eihp.hr\/en\/wp-json\/wp\/v2\/pages"}],"about":[{"href":"https:\/\/eihp.hr\/en\/wp-json\/wp\/v2\/types\/page"}],"author":[{"embeddable":true,"href":"https:\/\/eihp.hr\/en\/wp-json\/wp\/v2\/users\/1"}],"replies":[{"embeddable":true,"href":"https:\/\/eihp.hr\/en\/wp-json\/wp\/v2\/comments?post=9755"}],"version-history":[{"count":16,"href":"https:\/\/eihp.hr\/en\/wp-json\/wp\/v2\/pages\/9755\/revisions"}],"predecessor-version":[{"id":16215,"href":"https:\/\/eihp.hr\/en\/wp-json\/wp\/v2\/pages\/9755\/revisions\/16215"}],"wp:attachment":[{"href":"https:\/\/eihp.hr\/en\/wp-json\/wp\/v2\/media?parent=9755"}],"curies":[{"name":"wp","href":"https:\/\/api.w.org\/{rel}","templated":true}]}}