{"id":9765,"date":"2022-04-07T13:07:37","date_gmt":"2022-04-07T11:07:37","guid":{"rendered":"https:\/\/meldendev.eu\/eihp\/?page_id=9765"},"modified":"2022-09-09T08:59:42","modified_gmt":"2022-09-09T06:59:42","slug":"planiranje-i-razvoj-energetske-mreze","status":"publish","type":"page","link":"https:\/\/eihp.hr\/en\/planiranje-i-razvoj-energetske-mreze\/","title":{"rendered":"Power grid planning and development"},"content":{"rendered":"<div data-elementor-type=\"wp-page\" data-elementor-id=\"9765\" class=\"elementor elementor-9765\" data-elementor-post-type=\"page\">\n\t\t\t\t\t\t<section class=\"elementor-section elementor-top-section elementor-element elementor-element-6e8ff16a elementor-section-height-min-height elementor-section-boxed elementor-section-height-default elementor-section-items-middle\" data-id=\"6e8ff16a\" data-element_type=\"section\" data-settings=\"{&quot;background_background&quot;:&quot;classic&quot;}\">\n\t\t\t\t\t\t<div class=\"elementor-container elementor-column-gap-default\">\n\t\t\t\t\t<div class=\"elementor-column elementor-col-100 elementor-top-column elementor-element elementor-element-6458f937\" data-id=\"6458f937\" data-element_type=\"column\">\n\t\t\t<div class=\"elementor-widget-wrap\">\n\t\t\t\t\t\t\t<\/div>\n\t\t<\/div>\n\t\t\t\t\t<\/div>\n\t\t<\/section>\n\t\t\t\t<section class=\"elementor-section elementor-top-section elementor-element elementor-element-4814066a elementor-section-boxed elementor-section-height-default elementor-section-height-default\" data-id=\"4814066a\" data-element_type=\"section\" data-settings=\"{&quot;background_background&quot;:&quot;classic&quot;}\">\n\t\t\t\t\t\t<div class=\"elementor-container elementor-column-gap-default\">\n\t\t\t\t\t<div class=\"elementor-column elementor-col-100 elementor-top-column elementor-element elementor-element-49d77ca4\" data-id=\"49d77ca4\" data-element_type=\"column\" data-settings=\"{&quot;background_background&quot;:&quot;classic&quot;}\">\n\t\t\t<div class=\"elementor-widget-wrap elementor-element-populated\">\n\t\t\t\t\t\t\t<\/div>\n\t\t<\/div>\n\t\t\t\t\t<\/div>\n\t\t<\/section>\n\t\t\t\t<section class=\"elementor-section elementor-top-section elementor-element elementor-element-107a95ec elementor-section-boxed elementor-section-height-default elementor-section-height-default\" data-id=\"107a95ec\" data-element_type=\"section\">\n\t\t\t\t\t\t<div class=\"elementor-container elementor-column-gap-default\">\n\t\t\t\t\t<div class=\"elementor-column elementor-col-50 elementor-top-column elementor-element elementor-element-56b6fb8f\" data-id=\"56b6fb8f\" data-element_type=\"column\">\n\t\t\t<div class=\"elementor-widget-wrap elementor-element-populated\">\n\t\t\t\t\t\t<div class=\"elementor-element elementor-element-11426003 elementor-widget elementor-widget-text-editor\" data-id=\"11426003\" data-element_type=\"widget\" data-widget_type=\"text-editor.default\">\n\t\t\t\t<div class=\"elementor-widget-container\">\n\t\t\t\t\t\t\t\t\t<p style=\"margin-top: 0cm; background: white;\"><span style=\"font-family: 'TT Norms'; color: #41494e;\">New production facilities based on renewable energy sources are crucial for decarbonization of energy systems and security of energy supply. The number and spatial dispersion of new production facilities significantly differ from what the power grid was initially designed for. Therefore, in order to accept a large number of new energy sources, it is necessary to upgrade the existing networks and thereby ensure the reliable evacuation of the entire production and the security of the supply of all customers. <\/span><\/p><p style=\"margin-top: 0cm; background: white;\"><span style=\"font-family: 'TT Norms'; color: #41494e;\">We are involved in regional planning, development, and analysis of transmission and distribution networks in Southeast Europe and beyond, as well as analysis of the possibilities of connecting new users and their impact to the network, especially renewable energy sources, including distributed sources. The scope of our work includes analyses of the influence of the electricity market on the operation of the power system, static and dynamic analyzes of the power system, and determination and management of operational limitations of the system.<\/span><\/p><p style=\"margin-top: 0cm; background: white;\"><span style=\"font-family: 'TT Norms'; color: #41494e;\">Technical analyses are carried out using the licensed, globally most relevant software tools: PSS\/E, NEPLAN, PRAO, and DigSilent.<\/span><\/p>\t\t\t\t\t\t\t\t<\/div>\n\t\t\t\t<\/div>\n\t\t\t\t\t<\/div>\n\t\t<\/div>\n\t\t\t\t<div class=\"elementor-column elementor-col-50 elementor-top-column elementor-element elementor-element-80d07b3\" data-id=\"80d07b3\" data-element_type=\"column\">\n\t\t\t<div class=\"elementor-widget-wrap elementor-element-populated\">\n\t\t\t\t\t\t<div class=\"elementor-element elementor-element-4961da47 elementor-widget elementor-widget-image\" data-id=\"4961da47\" data-element_type=\"widget\" data-widget_type=\"image.default\">\n\t\t\t\t<div class=\"elementor-widget-container\">\n\t\t\t\t\t\t\t\t\t\t\t\t\t\t\t<img fetchpriority=\"high\" decoding=\"async\" width=\"800\" height=\"533\" src=\"https:\/\/eihp.hr\/wp-content\/uploads\/2022\/04\/PLANIRANJE-I-RAZVOJ-ELEKTROENERGETSKE-MREZE.jpg\" class=\"attachment-full size-full wp-image-9767\" alt=\"\" srcset=\"https:\/\/eihp.hr\/wp-content\/uploads\/2022\/04\/PLANIRANJE-I-RAZVOJ-ELEKTROENERGETSKE-MREZE.jpg 800w, https:\/\/eihp.hr\/wp-content\/uploads\/2022\/04\/PLANIRANJE-I-RAZVOJ-ELEKTROENERGETSKE-MREZE-300x200.jpg 300w, https:\/\/eihp.hr\/wp-content\/uploads\/2022\/04\/PLANIRANJE-I-RAZVOJ-ELEKTROENERGETSKE-MREZE-768x512.jpg 768w\" sizes=\"(max-width: 800px) 100vw, 800px\" \/>\t\t\t\t\t\t\t\t\t\t\t\t\t\t\t<\/div>\n\t\t\t\t<\/div>\n\t\t\t\t\t<\/div>\n\t\t<\/div>\n\t\t\t\t\t<\/div>\n\t\t<\/section>\n\t\t\t\t<section class=\"elementor-section elementor-top-section elementor-element elementor-element-1f798cf elementor-section-full_width elementor-hidden-tablet elementor-hidden-mobile elementor-section-height-default elementor-section-height-default\" data-id=\"1f798cf\" data-element_type=\"section\">\n\t\t\t\t\t\t<div class=\"elementor-container elementor-column-gap-default\">\n\t\t\t\t\t<div class=\"elementor-column elementor-col-100 elementor-top-column elementor-element elementor-element-c6edb42\" data-id=\"c6edb42\" data-element_type=\"column\">\n\t\t\t<div class=\"elementor-widget-wrap elementor-element-populated\">\n\t\t\t\t\t\t<div class=\"elementor-element elementor-element-78d70343 elementor-absolute elementor-widget elementor-widget-image\" data-id=\"78d70343\" data-element_type=\"widget\" data-settings=\"{&quot;_position&quot;:&quot;absolute&quot;}\" data-widget_type=\"image.default\">\n\t\t\t\t<div class=\"elementor-widget-container\">\n\t\t\t\t\t\t\t\t\t\t\t\t\t\t\t<img decoding=\"async\" width=\"656\" height=\"656\" src=\"https:\/\/eihp.hr\/wp-content\/uploads\/2022\/03\/Abstract-square-final-EIHP.png\" class=\"attachment-large size-large wp-image-8388\" alt=\"\" srcset=\"https:\/\/eihp.hr\/wp-content\/uploads\/2022\/03\/Abstract-square-final-EIHP.png 656w, https:\/\/eihp.hr\/wp-content\/uploads\/2022\/03\/Abstract-square-final-EIHP-300x300.png 300w, https:\/\/eihp.hr\/wp-content\/uploads\/2022\/03\/Abstract-square-final-EIHP-150x150.png 150w\" sizes=\"(max-width: 656px) 100vw, 656px\" \/>\t\t\t\t\t\t\t\t\t\t\t\t\t\t\t<\/div>\n\t\t\t\t<\/div>\n\t\t\t\t\t<\/div>\n\t\t<\/div>\n\t\t\t\t\t<\/div>\n\t\t<\/section>\n\t\t\t\t<section class=\"elementor-section elementor-top-section elementor-element elementor-element-66173714 elementor-section-boxed elementor-section-height-default elementor-section-height-default\" data-id=\"66173714\" data-element_type=\"section\" data-settings=\"{&quot;background_background&quot;:&quot;classic&quot;}\">\n\t\t\t\t\t\t<div class=\"elementor-container elementor-column-gap-default\">\n\t\t\t\t\t<div class=\"elementor-column elementor-col-100 elementor-top-column elementor-element elementor-element-78fecf9\" data-id=\"78fecf9\" data-element_type=\"column\">\n\t\t\t<div class=\"elementor-widget-wrap elementor-element-populated\">\n\t\t\t\t\t\t<div class=\"elementor-element elementor-element-64e7bb89 elementor-widget elementor-widget-heading\" data-id=\"64e7bb89\" data-element_type=\"widget\" data-widget_type=\"heading.default\">\n\t\t\t\t<div class=\"elementor-widget-container\">\n\t\t\t\t\t<h2 class=\"elementor-heading-title elementor-size-default\">Our services<\/h2>\t\t\t\t<\/div>\n\t\t\t\t<\/div>\n\t\t\t\t<div class=\"elementor-element elementor-element-2c63b063 elementor-position-left cst_check_box_icon elementor-view-default elementor-mobile-position-top elementor-widget elementor-widget-icon-box\" data-id=\"2c63b063\" data-element_type=\"widget\" data-widget_type=\"icon-box.default\">\n\t\t\t\t<div class=\"elementor-widget-container\">\n\t\t\t\t\t\t\t<div class=\"elementor-icon-box-wrapper\">\n\n\t\t\t\t\t\t<div class=\"elementor-icon-box-icon\">\n\t\t\t\t<span  class=\"elementor-icon\">\n\t\t\t\t<svg xmlns=\"http:\/\/www.w3.org\/2000\/svg\" width=\"51\" height=\"51\" viewbox=\"0 0 51 51\"><g transform=\"translate(-507 -1016)\"><path d=\"M24.5-1a25.506,25.506,0,0,1,9.926,49A25.506,25.506,0,0,1,14.574,1,25.341,25.341,0,0,1,24.5-1Zm0,49A23.5,23.5,0,1,0,1,24.5,23.527,23.527,0,0,0,24.5,48Z\" transform=\"translate(508 1017)\" fill=\"#22223f\"><\/path><path d=\"M528.289,1052.343l-8.055-5.639a1,1,0,0,1,1.147-1.638l6.56,4.592,15.488-18.3a1,1,0,1,1,1.527,1.292Z\" fill=\"#22223f\"><\/path><\/g><\/svg>\t\t\t\t<\/span>\n\t\t\t<\/div>\n\t\t\t\n\t\t\t\t\t\t<div class=\"elementor-icon-box-content\">\n\n\t\t\t\t\n\t\t\t\t\t\t\t\t\t<p class=\"elementor-icon-box-description\">\n\t\t\t\t\t\tDeveloping plans for energy, gas, oil and heat systems\n\t\t\t\t\t<\/p>\n\t\t\t\t\n\t\t\t<\/div>\n\t\t\t\n\t\t<\/div>\n\t\t\t\t\t\t<\/div>\n\t\t\t\t<\/div>\n\t\t\t\t<div class=\"elementor-element elementor-element-5701506 elementor-position-left cst_check_box_icon elementor-view-default elementor-mobile-position-top elementor-widget elementor-widget-icon-box\" data-id=\"5701506\" data-element_type=\"widget\" data-widget_type=\"icon-box.default\">\n\t\t\t\t<div class=\"elementor-widget-container\">\n\t\t\t\t\t\t\t<div class=\"elementor-icon-box-wrapper\">\n\n\t\t\t\t\t\t<div class=\"elementor-icon-box-icon\">\n\t\t\t\t<span  class=\"elementor-icon\">\n\t\t\t\t<svg xmlns=\"http:\/\/www.w3.org\/2000\/svg\" width=\"51\" height=\"51\" viewbox=\"0 0 51 51\"><g transform=\"translate(-507 -1016)\"><path d=\"M24.5-1a25.506,25.506,0,0,1,9.926,49A25.506,25.506,0,0,1,14.574,1,25.341,25.341,0,0,1,24.5-1Zm0,49A23.5,23.5,0,1,0,1,24.5,23.527,23.527,0,0,0,24.5,48Z\" transform=\"translate(508 1017)\" fill=\"#22223f\"><\/path><path d=\"M528.289,1052.343l-8.055-5.639a1,1,0,0,1,1.147-1.638l6.56,4.592,15.488-18.3a1,1,0,1,1,1.527,1.292Z\" fill=\"#22223f\"><\/path><\/g><\/svg>\t\t\t\t<\/span>\n\t\t\t<\/div>\n\t\t\t\n\t\t\t\t\t\t<div class=\"elementor-icon-box-content\">\n\n\t\t\t\t\n\t\t\t\t\t\t\t\t\t<p class=\"elementor-icon-box-description\">\n\t\t\t\t\t\tDevelopment of energy system master plans\n\t\t\t\t\t<\/p>\n\t\t\t\t\n\t\t\t<\/div>\n\t\t\t\n\t\t<\/div>\n\t\t\t\t\t\t<\/div>\n\t\t\t\t<\/div>\n\t\t\t\t<div class=\"elementor-element elementor-element-aac132a elementor-position-left cst_check_box_icon elementor-view-default elementor-mobile-position-top elementor-widget elementor-widget-icon-box\" data-id=\"aac132a\" data-element_type=\"widget\" data-widget_type=\"icon-box.default\">\n\t\t\t\t<div class=\"elementor-widget-container\">\n\t\t\t\t\t\t\t<div class=\"elementor-icon-box-wrapper\">\n\n\t\t\t\t\t\t<div class=\"elementor-icon-box-icon\">\n\t\t\t\t<span  class=\"elementor-icon\">\n\t\t\t\t<svg xmlns=\"http:\/\/www.w3.org\/2000\/svg\" width=\"51\" height=\"51\" viewbox=\"0 0 51 51\"><g transform=\"translate(-507 -1016)\"><path d=\"M24.5-1a25.506,25.506,0,0,1,9.926,49A25.506,25.506,0,0,1,14.574,1,25.341,25.341,0,0,1,24.5-1Zm0,49A23.5,23.5,0,1,0,1,24.5,23.527,23.527,0,0,0,24.5,48Z\" transform=\"translate(508 1017)\" fill=\"#22223f\"><\/path><path d=\"M528.289,1052.343l-8.055-5.639a1,1,0,0,1,1.147-1.638l6.56,4.592,15.488-18.3a1,1,0,1,1,1.527,1.292Z\" fill=\"#22223f\"><\/path><\/g><\/svg>\t\t\t\t<\/span>\n\t\t\t<\/div>\n\t\t\t\n\t\t\t\t\t\t<div class=\"elementor-icon-box-content\">\n\n\t\t\t\t\n\t\t\t\t\t\t\t\t\t<p class=\"elementor-icon-box-description\">\n\t\t\t\t\t\tPreparation of feasibility studies for the construction of power plants, optimization of the operation of parts or the entire energy system\n\t\t\t\t\t<\/p>\n\t\t\t\t\n\t\t\t<\/div>\n\t\t\t\n\t\t<\/div>\n\t\t\t\t\t\t<\/div>\n\t\t\t\t<\/div>\n\t\t\t\t<div class=\"elementor-element elementor-element-a277599 elementor-position-left cst_check_box_icon elementor-view-default elementor-mobile-position-top elementor-widget elementor-widget-icon-box\" data-id=\"a277599\" data-element_type=\"widget\" data-widget_type=\"icon-box.default\">\n\t\t\t\t<div class=\"elementor-widget-container\">\n\t\t\t\t\t\t\t<div class=\"elementor-icon-box-wrapper\">\n\n\t\t\t\t\t\t<div class=\"elementor-icon-box-icon\">\n\t\t\t\t<span  class=\"elementor-icon\">\n\t\t\t\t<svg xmlns=\"http:\/\/www.w3.org\/2000\/svg\" width=\"51\" height=\"51\" viewbox=\"0 0 51 51\"><g transform=\"translate(-507 -1016)\"><path d=\"M24.5-1a25.506,25.506,0,0,1,9.926,49A25.506,25.506,0,0,1,14.574,1,25.341,25.341,0,0,1,24.5-1Zm0,49A23.5,23.5,0,1,0,1,24.5,23.527,23.527,0,0,0,24.5,48Z\" transform=\"translate(508 1017)\" fill=\"#22223f\"><\/path><path d=\"M528.289,1052.343l-8.055-5.639a1,1,0,0,1,1.147-1.638l6.56,4.592,15.488-18.3a1,1,0,1,1,1.527,1.292Z\" fill=\"#22223f\"><\/path><\/g><\/svg>\t\t\t\t<\/span>\n\t\t\t<\/div>\n\t\t\t\n\t\t\t\t\t\t<div class=\"elementor-icon-box-content\">\n\n\t\t\t\t\n\t\t\t\t\t\t\t\t\t<p class=\"elementor-icon-box-description\">\n\t\t\t\t\t\tEstimation of possible production outcome of power plants, analysis of power supply quality, safety and reliability of power systems operation\n\t\t\t\t\t<\/p>\n\t\t\t\t\n\t\t\t<\/div>\n\t\t\t\n\t\t<\/div>\n\t\t\t\t\t\t<\/div>\n\t\t\t\t<\/div>\n\t\t\t\t<div class=\"elementor-element elementor-element-1644902 elementor-position-left cst_check_box_icon elementor-view-default elementor-mobile-position-top elementor-widget elementor-widget-icon-box\" data-id=\"1644902\" data-element_type=\"widget\" data-widget_type=\"icon-box.default\">\n\t\t\t\t<div class=\"elementor-widget-container\">\n\t\t\t\t\t\t\t<div class=\"elementor-icon-box-wrapper\">\n\n\t\t\t\t\t\t<div class=\"elementor-icon-box-icon\">\n\t\t\t\t<span  class=\"elementor-icon\">\n\t\t\t\t<svg xmlns=\"http:\/\/www.w3.org\/2000\/svg\" width=\"51\" height=\"51\" viewbox=\"0 0 51 51\"><g transform=\"translate(-507 -1016)\"><path d=\"M24.5-1a25.506,25.506,0,0,1,9.926,49A25.506,25.506,0,0,1,14.574,1,25.341,25.341,0,0,1,24.5-1Zm0,49A23.5,23.5,0,1,0,1,24.5,23.527,23.527,0,0,0,24.5,48Z\" transform=\"translate(508 1017)\" fill=\"#22223f\"><\/path><path d=\"M528.289,1052.343l-8.055-5.639a1,1,0,0,1,1.147-1.638l6.56,4.592,15.488-18.3a1,1,0,1,1,1.527,1.292Z\" fill=\"#22223f\"><\/path><\/g><\/svg>\t\t\t\t<\/span>\n\t\t\t<\/div>\n\t\t\t\n\t\t\t\t\t\t<div class=\"elementor-icon-box-content\">\n\n\t\t\t\t\n\t\t\t\t\t\t\t\t\t<p class=\"elementor-icon-box-description\">\n\t\t\t\t\t\tPreparation of techno-economic analysis of the effects of the installation of various equipment in energy systems\n\t\t\t\t\t<\/p>\n\t\t\t\t\n\t\t\t<\/div>\n\t\t\t\n\t\t<\/div>\n\t\t\t\t\t\t<\/div>\n\t\t\t\t<\/div>\n\t\t\t\t<div class=\"elementor-element elementor-element-eff5a4f elementor-position-left cst_check_box_icon elementor-view-default elementor-mobile-position-top elementor-widget elementor-widget-icon-box\" data-id=\"eff5a4f\" data-element_type=\"widget\" data-widget_type=\"icon-box.default\">\n\t\t\t\t<div class=\"elementor-widget-container\">\n\t\t\t\t\t\t\t<div class=\"elementor-icon-box-wrapper\">\n\n\t\t\t\t\t\t<div class=\"elementor-icon-box-icon\">\n\t\t\t\t<span  class=\"elementor-icon\">\n\t\t\t\t<svg xmlns=\"http:\/\/www.w3.org\/2000\/svg\" width=\"51\" height=\"51\" viewbox=\"0 0 51 51\"><g transform=\"translate(-507 -1016)\"><path d=\"M24.5-1a25.506,25.506,0,0,1,9.926,49A25.506,25.506,0,0,1,14.574,1,25.341,25.341,0,0,1,24.5-1Zm0,49A23.5,23.5,0,1,0,1,24.5,23.527,23.527,0,0,0,24.5,48Z\" transform=\"translate(508 1017)\" fill=\"#22223f\"><\/path><path d=\"M528.289,1052.343l-8.055-5.639a1,1,0,0,1,1.147-1.638l6.56,4.592,15.488-18.3a1,1,0,1,1,1.527,1.292Z\" fill=\"#22223f\"><\/path><\/g><\/svg>\t\t\t\t<\/span>\n\t\t\t<\/div>\n\t\t\t\n\t\t\t\t\t\t<div class=\"elementor-icon-box-content\">\n\n\t\t\t\t\n\t\t\t\t\t\t\t\t\t<p class=\"elementor-icon-box-description\">\n\t\t\t\t\t\tPreparation of studies and study of the connection of network users at all voltage levels\n\t\t\t\t\t<\/p>\n\t\t\t\t\n\t\t\t<\/div>\n\t\t\t\n\t\t<\/div>\n\t\t\t\t\t\t<\/div>\n\t\t\t\t<\/div>\n\t\t\t\t<div class=\"elementor-element elementor-element-0aa9a6d elementor-position-left cst_check_box_icon elementor-view-default elementor-mobile-position-top elementor-widget elementor-widget-icon-box\" data-id=\"0aa9a6d\" data-element_type=\"widget\" data-widget_type=\"icon-box.default\">\n\t\t\t\t<div class=\"elementor-widget-container\">\n\t\t\t\t\t\t\t<div class=\"elementor-icon-box-wrapper\">\n\n\t\t\t\t\t\t<div class=\"elementor-icon-box-icon\">\n\t\t\t\t<span  class=\"elementor-icon\">\n\t\t\t\t<svg xmlns=\"http:\/\/www.w3.org\/2000\/svg\" width=\"51\" height=\"51\" viewbox=\"0 0 51 51\"><g transform=\"translate(-507 -1016)\"><path d=\"M24.5-1a25.506,25.506,0,0,1,9.926,49A25.506,25.506,0,0,1,14.574,1,25.341,25.341,0,0,1,24.5-1Zm0,49A23.5,23.5,0,1,0,1,24.5,23.527,23.527,0,0,0,24.5,48Z\" transform=\"translate(508 1017)\" fill=\"#22223f\"><\/path><path d=\"M528.289,1052.343l-8.055-5.639a1,1,0,0,1,1.147-1.638l6.56,4.592,15.488-18.3a1,1,0,1,1,1.527,1.292Z\" fill=\"#22223f\"><\/path><\/g><\/svg>\t\t\t\t<\/span>\n\t\t\t<\/div>\n\t\t\t\n\t\t\t\t\t\t<div class=\"elementor-icon-box-content\">\n\n\t\t\t\t\n\t\t\t\t\t\t\t\t\t<p class=\"elementor-icon-box-description\">\n\t\t\t\t\t\tDevelopment of energy regulations\n\t\t\t\t\t<\/p>\n\t\t\t\t\n\t\t\t<\/div>\n\t\t\t\n\t\t<\/div>\n\t\t\t\t\t\t<\/div>\n\t\t\t\t<\/div>\n\t\t\t\t<div class=\"elementor-element elementor-element-59943bd elementor-position-left cst_check_box_icon elementor-view-default elementor-mobile-position-top elementor-widget elementor-widget-icon-box\" data-id=\"59943bd\" data-element_type=\"widget\" data-widget_type=\"icon-box.default\">\n\t\t\t\t<div class=\"elementor-widget-container\">\n\t\t\t\t\t\t\t<div class=\"elementor-icon-box-wrapper\">\n\n\t\t\t\t\t\t<div class=\"elementor-icon-box-icon\">\n\t\t\t\t<span  class=\"elementor-icon\">\n\t\t\t\t<svg xmlns=\"http:\/\/www.w3.org\/2000\/svg\" width=\"51\" height=\"51\" viewbox=\"0 0 51 51\"><g transform=\"translate(-507 -1016)\"><path d=\"M24.5-1a25.506,25.506,0,0,1,9.926,49A25.506,25.506,0,0,1,14.574,1,25.341,25.341,0,0,1,24.5-1Zm0,49A23.5,23.5,0,1,0,1,24.5,23.527,23.527,0,0,0,24.5,48Z\" transform=\"translate(508 1017)\" fill=\"#22223f\"><\/path><path d=\"M528.289,1052.343l-8.055-5.639a1,1,0,0,1,1.147-1.638l6.56,4.592,15.488-18.3a1,1,0,1,1,1.527,1.292Z\" fill=\"#22223f\"><\/path><\/g><\/svg>\t\t\t\t<\/span>\n\t\t\t<\/div>\n\t\t\t\n\t\t\t\t\t\t<div class=\"elementor-icon-box-content\">\n\n\t\t\t\t\n\t\t\t\t\t\t\t\t\t<p class=\"elementor-icon-box-description\">\n\t\t\t\t\t\tTechnical, economic and regulatory analyses of the impact of new network users on the energy system\n\t\t\t\t\t<\/p>\n\t\t\t\t\n\t\t\t<\/div>\n\t\t\t\n\t\t<\/div>\n\t\t\t\t\t\t<\/div>\n\t\t\t\t<\/div>\n\t\t\t\t\t<\/div>\n\t\t<\/div>\n\t\t\t\t\t<\/div>\n\t\t<\/section>\n\t\t\t\t<section class=\"elementor-section elementor-top-section elementor-element elementor-element-15e7d646 elementor-section-full_width elementor-section-height-min-height elementor-hidden-tablet elementor-hidden-mobile elementor-section-height-default elementor-section-items-middle\" data-id=\"15e7d646\" data-element_type=\"section\">\n\t\t\t\t\t\t<div class=\"elementor-container elementor-column-gap-default\">\n\t\t\t\t\t<div class=\"elementor-column elementor-col-100 elementor-top-column elementor-element elementor-element-2c98b163\" data-id=\"2c98b163\" data-element_type=\"column\">\n\t\t\t<div class=\"elementor-widget-wrap elementor-element-populated\">\n\t\t\t\t\t\t<div class=\"elementor-element elementor-element-26a95182 elementor-absolute elementor-widget elementor-widget-image\" data-id=\"26a95182\" data-element_type=\"widget\" data-settings=\"{&quot;_position&quot;:&quot;absolute&quot;}\" data-widget_type=\"image.default\">\n\t\t\t\t<div class=\"elementor-widget-container\">\n\t\t\t\t\t\t\t\t\t\t\t\t\t\t\t<img decoding=\"async\" width=\"656\" height=\"656\" src=\"https:\/\/eihp.hr\/wp-content\/uploads\/2022\/03\/Abstract-square-final-EIHP.png\" class=\"attachment-large size-large wp-image-8388\" alt=\"\" srcset=\"https:\/\/eihp.hr\/wp-content\/uploads\/2022\/03\/Abstract-square-final-EIHP.png 656w, https:\/\/eihp.hr\/wp-content\/uploads\/2022\/03\/Abstract-square-final-EIHP-300x300.png 300w, https:\/\/eihp.hr\/wp-content\/uploads\/2022\/03\/Abstract-square-final-EIHP-150x150.png 150w\" sizes=\"(max-width: 656px) 100vw, 656px\" \/>\t\t\t\t\t\t\t\t\t\t\t\t\t\t\t<\/div>\n\t\t\t\t<\/div>\n\t\t\t\t\t<\/div>\n\t\t<\/div>\n\t\t\t\t\t<\/div>\n\t\t<\/section>\n\t\t\t\t<\/div>","protected":false},"excerpt":{"rendered":"<p>Za dekarbonizaciju energetskih sustava i sigurnost opskrbe energijom klju\u010dna su nova proizvodna postrojenja temeljena na obnovljivim izvorima energije. Brojnost i prostorna raspr\u0161enost novih proizvodnih objekata zna\u010dajno se razlikuje od onoga za \u0161to je elektroenergetska mre\u017ea bila inicijalno dizajnirana. Stoga je za prihvat velikog broja novih izvora energije nu\u017eno dograditi postoje\u0107e mre\u017ee i time osigurati pouzdanu [&hellip;]<\/p>","protected":false},"author":1,"featured_media":0,"parent":0,"menu_order":0,"comment_status":"closed","ping_status":"closed","template":"","meta":{"footnotes":""},"class_list":["post-9765","page","type-page","status-publish","hentry"],"_links":{"self":[{"href":"https:\/\/eihp.hr\/en\/wp-json\/wp\/v2\/pages\/9765","targetHints":{"allow":["GET"]}}],"collection":[{"href":"https:\/\/eihp.hr\/en\/wp-json\/wp\/v2\/pages"}],"about":[{"href":"https:\/\/eihp.hr\/en\/wp-json\/wp\/v2\/types\/page"}],"author":[{"embeddable":true,"href":"https:\/\/eihp.hr\/en\/wp-json\/wp\/v2\/users\/1"}],"replies":[{"embeddable":true,"href":"https:\/\/eihp.hr\/en\/wp-json\/wp\/v2\/comments?post=9765"}],"version-history":[{"count":20,"href":"https:\/\/eihp.hr\/en\/wp-json\/wp\/v2\/pages\/9765\/revisions"}],"predecessor-version":[{"id":12217,"href":"https:\/\/eihp.hr\/en\/wp-json\/wp\/v2\/pages\/9765\/revisions\/12217"}],"wp:attachment":[{"href":"https:\/\/eihp.hr\/en\/wp-json\/wp\/v2\/media?parent=9765"}],"curies":[{"name":"wp","href":"https:\/\/api.w.org\/{rel}","templated":true}]}}