{"id":9772,"date":"2022-04-07T13:10:43","date_gmt":"2022-04-07T11:10:43","guid":{"rendered":"https:\/\/meldendev.eu\/eihp\/?page_id=9772"},"modified":"2025-10-13T14:21:10","modified_gmt":"2025-10-13T12:21:10","slug":"obnovljivi-izvori-energije-klima-i-zastita-okolisa","status":"publish","type":"page","link":"https:\/\/eihp.hr\/en\/obnovljivi-izvori-energije-klima-i-zastita-okolisa\/","title":{"rendered":"Renewable energy sources, climate and environmental protection"},"content":{"rendered":"<div data-elementor-type=\"wp-page\" data-elementor-id=\"9772\" class=\"elementor elementor-9772\" data-elementor-post-type=\"page\">\n\t\t\t\t\t\t<section class=\"elementor-section elementor-top-section elementor-element elementor-element-6e8ff16a elementor-section-height-min-height elementor-section-boxed elementor-section-height-default elementor-section-items-middle\" data-id=\"6e8ff16a\" data-element_type=\"section\" data-settings=\"{&quot;background_background&quot;:&quot;classic&quot;}\">\n\t\t\t\t\t\t<div class=\"elementor-container elementor-column-gap-default\">\n\t\t\t\t\t<div class=\"elementor-column elementor-col-100 elementor-top-column elementor-element elementor-element-6458f937\" data-id=\"6458f937\" data-element_type=\"column\">\n\t\t\t<div class=\"elementor-widget-wrap\">\n\t\t\t\t\t\t\t<\/div>\n\t\t<\/div>\n\t\t\t\t\t<\/div>\n\t\t<\/section>\n\t\t\t\t<section class=\"elementor-section elementor-top-section elementor-element elementor-element-4814066a elementor-section-boxed elementor-section-height-default elementor-section-height-default\" data-id=\"4814066a\" data-element_type=\"section\" data-settings=\"{&quot;background_background&quot;:&quot;classic&quot;}\">\n\t\t\t\t\t\t<div class=\"elementor-container elementor-column-gap-default\">\n\t\t\t\t\t<div class=\"elementor-column elementor-col-100 elementor-top-column elementor-element elementor-element-49d77ca4\" data-id=\"49d77ca4\" data-element_type=\"column\" data-settings=\"{&quot;background_background&quot;:&quot;classic&quot;}\">\n\t\t\t<div class=\"elementor-widget-wrap elementor-element-populated\">\n\t\t\t\t\t\t\t<\/div>\n\t\t<\/div>\n\t\t\t\t\t<\/div>\n\t\t<\/section>\n\t\t\t\t<section class=\"elementor-section elementor-top-section elementor-element elementor-element-107a95ec elementor-section-boxed elementor-section-height-default elementor-section-height-default\" data-id=\"107a95ec\" data-element_type=\"section\">\n\t\t\t\t\t\t<div class=\"elementor-container elementor-column-gap-default\">\n\t\t\t\t\t<div class=\"elementor-column elementor-col-50 elementor-top-column elementor-element elementor-element-56b6fb8f\" data-id=\"56b6fb8f\" data-element_type=\"column\">\n\t\t\t<div class=\"elementor-widget-wrap elementor-element-populated\">\n\t\t\t\t\t\t<div class=\"elementor-element elementor-element-11426003 elementor-widget elementor-widget-text-editor\" data-id=\"11426003\" data-element_type=\"widget\" data-widget_type=\"text-editor.default\">\n\t\t\t\t<div class=\"elementor-widget-container\">\n\t\t\t\t\t\t\t\t\t<p>Renewable energy plays a vital role in Europe's efforts to reduce its dependence on fossil fuels and is the basis of a low-carbon future. Renewables are a key to long-term efforts to mitigate the effects of climate change and will play an increasing role in improving the EU's overall energy security.<\/p><p>Through technical and economic consultation with the public and private sectors in renewable energy and environmental protection, we support the development and implementation of projects from an idea to the realization. We are guided by the needs of our clients and use a wide range of specialized services, such as research and analysis of energy potential, optimal use of renewable energy sources, technical and economic analysis, and the impact of energy plants on the environment.<\/p><p>The Institute has significant experience in the field of climate change mitigation, working on the analysis of measures to reduce greenhouse gas emissions, analysis of carbon capture and storage, preparation of strategic documents for climate change mitigation, preparation of climate change adaptation plans for urban areas, analysis of climate change regulations, analysis of national and regional carbon pricing systems (including the EU Emissions Trading Scheme), and the calculation and reduction of organizations' carbon footprint. The Institute regularly calculates greenhouse gas emissions from energy sources.<\/p>\t\t\t\t\t\t\t\t<\/div>\n\t\t\t\t<\/div>\n\t\t\t\t\t<\/div>\n\t\t<\/div>\n\t\t\t\t<div class=\"elementor-column elementor-col-50 elementor-top-column elementor-element elementor-element-80d07b3\" data-id=\"80d07b3\" data-element_type=\"column\">\n\t\t\t<div class=\"elementor-widget-wrap elementor-element-populated\">\n\t\t\t\t\t\t<div class=\"elementor-element elementor-element-4961da47 elementor-widget elementor-widget-image\" data-id=\"4961da47\" data-element_type=\"widget\" data-widget_type=\"image.default\">\n\t\t\t\t<div class=\"elementor-widget-container\">\n\t\t\t\t\t\t\t\t\t\t\t\t\t\t\t<img fetchpriority=\"high\" decoding=\"async\" width=\"800\" height=\"483\" src=\"https:\/\/eihp.hr\/wp-content\/uploads\/2022\/04\/OBNOVLJIVI-IZVORI-ENERGIJE-KLIMA-I-ZASTITA-OKOLISA.jpg\" class=\"attachment-full size-full wp-image-9774\" alt=\"\" srcset=\"https:\/\/eihp.hr\/wp-content\/uploads\/2022\/04\/OBNOVLJIVI-IZVORI-ENERGIJE-KLIMA-I-ZASTITA-OKOLISA.jpg 800w, https:\/\/eihp.hr\/wp-content\/uploads\/2022\/04\/OBNOVLJIVI-IZVORI-ENERGIJE-KLIMA-I-ZASTITA-OKOLISA-300x181.jpg 300w, https:\/\/eihp.hr\/wp-content\/uploads\/2022\/04\/OBNOVLJIVI-IZVORI-ENERGIJE-KLIMA-I-ZASTITA-OKOLISA-768x464.jpg 768w\" sizes=\"(max-width: 800px) 100vw, 800px\" \/>\t\t\t\t\t\t\t\t\t\t\t\t\t\t\t<\/div>\n\t\t\t\t<\/div>\n\t\t\t\t\t<\/div>\n\t\t<\/div>\n\t\t\t\t\t<\/div>\n\t\t<\/section>\n\t\t\t\t<section class=\"elementor-section elementor-top-section elementor-element elementor-element-1f798cf elementor-section-full_width elementor-hidden-tablet elementor-hidden-mobile elementor-section-height-default elementor-section-height-default\" data-id=\"1f798cf\" data-element_type=\"section\">\n\t\t\t\t\t\t<div class=\"elementor-container elementor-column-gap-default\">\n\t\t\t\t\t<div class=\"elementor-column elementor-col-100 elementor-top-column elementor-element elementor-element-c6edb42\" data-id=\"c6edb42\" data-element_type=\"column\">\n\t\t\t<div class=\"elementor-widget-wrap elementor-element-populated\">\n\t\t\t\t\t\t<div class=\"elementor-element elementor-element-78d70343 elementor-absolute elementor-widget elementor-widget-image\" data-id=\"78d70343\" data-element_type=\"widget\" data-settings=\"{&quot;_position&quot;:&quot;absolute&quot;}\" data-widget_type=\"image.default\">\n\t\t\t\t<div class=\"elementor-widget-container\">\n\t\t\t\t\t\t\t\t\t\t\t\t\t\t\t<img decoding=\"async\" width=\"656\" height=\"656\" src=\"https:\/\/eihp.hr\/wp-content\/uploads\/2022\/03\/Abstract-square-final-EIHP.png\" class=\"attachment-large size-large wp-image-8388\" alt=\"\" srcset=\"https:\/\/eihp.hr\/wp-content\/uploads\/2022\/03\/Abstract-square-final-EIHP.png 656w, https:\/\/eihp.hr\/wp-content\/uploads\/2022\/03\/Abstract-square-final-EIHP-300x300.png 300w, https:\/\/eihp.hr\/wp-content\/uploads\/2022\/03\/Abstract-square-final-EIHP-150x150.png 150w\" sizes=\"(max-width: 656px) 100vw, 656px\" \/>\t\t\t\t\t\t\t\t\t\t\t\t\t\t\t<\/div>\n\t\t\t\t<\/div>\n\t\t\t\t\t<\/div>\n\t\t<\/div>\n\t\t\t\t\t<\/div>\n\t\t<\/section>\n\t\t\t\t<section class=\"elementor-section elementor-top-section elementor-element elementor-element-66173714 elementor-section-boxed elementor-section-height-default elementor-section-height-default\" data-id=\"66173714\" data-element_type=\"section\" data-settings=\"{&quot;background_background&quot;:&quot;classic&quot;}\">\n\t\t\t\t\t\t<div class=\"elementor-container elementor-column-gap-default\">\n\t\t\t\t\t<div class=\"elementor-column elementor-col-100 elementor-top-column elementor-element elementor-element-78fecf9\" data-id=\"78fecf9\" data-element_type=\"column\">\n\t\t\t<div class=\"elementor-widget-wrap elementor-element-populated\">\n\t\t\t\t\t\t<div class=\"elementor-element elementor-element-64e7bb89 elementor-widget elementor-widget-heading\" data-id=\"64e7bb89\" data-element_type=\"widget\" data-widget_type=\"heading.default\">\n\t\t\t\t<div class=\"elementor-widget-container\">\n\t\t\t\t\t<h2 class=\"elementor-heading-title elementor-size-default\">Our services<\/h2>\t\t\t\t<\/div>\n\t\t\t\t<\/div>\n\t\t\t\t<div class=\"elementor-element elementor-element-2c63b063 elementor-position-left cst_check_box_icon elementor-view-default elementor-mobile-position-top elementor-widget elementor-widget-icon-box\" data-id=\"2c63b063\" data-element_type=\"widget\" data-widget_type=\"icon-box.default\">\n\t\t\t\t<div class=\"elementor-widget-container\">\n\t\t\t\t\t\t\t<div class=\"elementor-icon-box-wrapper\">\n\n\t\t\t\t\t\t<div class=\"elementor-icon-box-icon\">\n\t\t\t\t<span  class=\"elementor-icon\">\n\t\t\t\t<svg xmlns=\"http:\/\/www.w3.org\/2000\/svg\" width=\"51\" height=\"51\" viewbox=\"0 0 51 51\"><g transform=\"translate(-507 -1016)\"><path d=\"M24.5-1a25.506,25.506,0,0,1,9.926,49A25.506,25.506,0,0,1,14.574,1,25.341,25.341,0,0,1,24.5-1Zm0,49A23.5,23.5,0,1,0,1,24.5,23.527,23.527,0,0,0,24.5,48Z\" transform=\"translate(508 1017)\" fill=\"#22223f\"><\/path><path d=\"M528.289,1052.343l-8.055-5.639a1,1,0,0,1,1.147-1.638l6.56,4.592,15.488-18.3a1,1,0,1,1,1.527,1.292Z\" fill=\"#22223f\"><\/path><\/g><\/svg>\t\t\t\t<\/span>\n\t\t\t<\/div>\n\t\t\t\n\t\t\t\t\t\t<div class=\"elementor-icon-box-content\">\n\n\t\t\t\t\n\t\t\t\t\t\t\t\t\t<p class=\"elementor-icon-box-description\">\n\t\t\t\t\t\tResearch and assessment of the energy potential of specific renewable energy sources\n\t\t\t\t\t<\/p>\n\t\t\t\t\n\t\t\t<\/div>\n\t\t\t\n\t\t<\/div>\n\t\t\t\t\t\t<\/div>\n\t\t\t\t<\/div>\n\t\t\t\t<div class=\"elementor-element elementor-element-5701506 elementor-position-left cst_check_box_icon elementor-view-default elementor-mobile-position-top elementor-widget elementor-widget-icon-box\" data-id=\"5701506\" data-element_type=\"widget\" data-widget_type=\"icon-box.default\">\n\t\t\t\t<div class=\"elementor-widget-container\">\n\t\t\t\t\t\t\t<div class=\"elementor-icon-box-wrapper\">\n\n\t\t\t\t\t\t<div class=\"elementor-icon-box-icon\">\n\t\t\t\t<span  class=\"elementor-icon\">\n\t\t\t\t<svg xmlns=\"http:\/\/www.w3.org\/2000\/svg\" width=\"51\" height=\"51\" viewbox=\"0 0 51 51\"><g transform=\"translate(-507 -1016)\"><path d=\"M24.5-1a25.506,25.506,0,0,1,9.926,49A25.506,25.506,0,0,1,14.574,1,25.341,25.341,0,0,1,24.5-1Zm0,49A23.5,23.5,0,1,0,1,24.5,23.527,23.527,0,0,0,24.5,48Z\" transform=\"translate(508 1017)\" fill=\"#22223f\"><\/path><path d=\"M528.289,1052.343l-8.055-5.639a1,1,0,0,1,1.147-1.638l6.56,4.592,15.488-18.3a1,1,0,1,1,1.527,1.292Z\" fill=\"#22223f\"><\/path><\/g><\/svg>\t\t\t\t<\/span>\n\t\t\t<\/div>\n\t\t\t\n\t\t\t\t\t\t<div class=\"elementor-icon-box-content\">\n\n\t\t\t\t\n\t\t\t\t\t\t\t\t\t<p class=\"elementor-icon-box-description\">\n\t\t\t\t\t\tMeasuring available resources, researching and assessing the energy potential of renewable energy sources\n\t\t\t\t\t<\/p>\n\t\t\t\t\n\t\t\t<\/div>\n\t\t\t\n\t\t<\/div>\n\t\t\t\t\t\t<\/div>\n\t\t\t\t<\/div>\n\t\t\t\t<div class=\"elementor-element elementor-element-aac132a elementor-position-left cst_check_box_icon elementor-view-default elementor-mobile-position-top elementor-widget elementor-widget-icon-box\" data-id=\"aac132a\" data-element_type=\"widget\" data-widget_type=\"icon-box.default\">\n\t\t\t\t<div class=\"elementor-widget-container\">\n\t\t\t\t\t\t\t<div class=\"elementor-icon-box-wrapper\">\n\n\t\t\t\t\t\t<div class=\"elementor-icon-box-icon\">\n\t\t\t\t<span  class=\"elementor-icon\">\n\t\t\t\t<svg xmlns=\"http:\/\/www.w3.org\/2000\/svg\" width=\"51\" height=\"51\" viewbox=\"0 0 51 51\"><g transform=\"translate(-507 -1016)\"><path d=\"M24.5-1a25.506,25.506,0,0,1,9.926,49A25.506,25.506,0,0,1,14.574,1,25.341,25.341,0,0,1,24.5-1Zm0,49A23.5,23.5,0,1,0,1,24.5,23.527,23.527,0,0,0,24.5,48Z\" transform=\"translate(508 1017)\" fill=\"#22223f\"><\/path><path d=\"M528.289,1052.343l-8.055-5.639a1,1,0,0,1,1.147-1.638l6.56,4.592,15.488-18.3a1,1,0,1,1,1.527,1.292Z\" fill=\"#22223f\"><\/path><\/g><\/svg>\t\t\t\t<\/span>\n\t\t\t<\/div>\n\t\t\t\n\t\t\t\t\t\t<div class=\"elementor-icon-box-content\">\n\n\t\t\t\t\n\t\t\t\t\t\t\t\t\t<p class=\"elementor-icon-box-description\">\n\t\t\t\t\t\tSelection and assessment of locations for RES plants\n\t\t\t\t\t<\/p>\n\t\t\t\t\n\t\t\t<\/div>\n\t\t\t\n\t\t<\/div>\n\t\t\t\t\t\t<\/div>\n\t\t\t\t<\/div>\n\t\t\t\t<div class=\"elementor-element elementor-element-a277599 elementor-position-left cst_check_box_icon elementor-view-default elementor-mobile-position-top elementor-widget elementor-widget-icon-box\" data-id=\"a277599\" data-element_type=\"widget\" data-widget_type=\"icon-box.default\">\n\t\t\t\t<div class=\"elementor-widget-container\">\n\t\t\t\t\t\t\t<div class=\"elementor-icon-box-wrapper\">\n\n\t\t\t\t\t\t<div class=\"elementor-icon-box-icon\">\n\t\t\t\t<span  class=\"elementor-icon\">\n\t\t\t\t<svg xmlns=\"http:\/\/www.w3.org\/2000\/svg\" width=\"51\" height=\"51\" viewbox=\"0 0 51 51\"><g transform=\"translate(-507 -1016)\"><path d=\"M24.5-1a25.506,25.506,0,0,1,9.926,49A25.506,25.506,0,0,1,14.574,1,25.341,25.341,0,0,1,24.5-1Zm0,49A23.5,23.5,0,1,0,1,24.5,23.527,23.527,0,0,0,24.5,48Z\" transform=\"translate(508 1017)\" fill=\"#22223f\"><\/path><path d=\"M528.289,1052.343l-8.055-5.639a1,1,0,0,1,1.147-1.638l6.56,4.592,15.488-18.3a1,1,0,1,1,1.527,1.292Z\" fill=\"#22223f\"><\/path><\/g><\/svg>\t\t\t\t<\/span>\n\t\t\t<\/div>\n\t\t\t\n\t\t\t\t\t\t<div class=\"elementor-icon-box-content\">\n\n\t\t\t\t\n\t\t\t\t\t\t\t\t\t<p class=\"elementor-icon-box-description\">\n\t\t\t\t\t\tDevelopment of feasibility studies with technical solutions\n\t\t\t\t\t<\/p>\n\t\t\t\t\n\t\t\t<\/div>\n\t\t\t\n\t\t<\/div>\n\t\t\t\t\t\t<\/div>\n\t\t\t\t<\/div>\n\t\t\t\t<div class=\"elementor-element elementor-element-1644902 elementor-position-left cst_check_box_icon elementor-view-default elementor-mobile-position-top elementor-widget elementor-widget-icon-box\" data-id=\"1644902\" data-element_type=\"widget\" data-widget_type=\"icon-box.default\">\n\t\t\t\t<div class=\"elementor-widget-container\">\n\t\t\t\t\t\t\t<div class=\"elementor-icon-box-wrapper\">\n\n\t\t\t\t\t\t<div class=\"elementor-icon-box-icon\">\n\t\t\t\t<span  class=\"elementor-icon\">\n\t\t\t\t<svg xmlns=\"http:\/\/www.w3.org\/2000\/svg\" width=\"51\" height=\"51\" viewbox=\"0 0 51 51\"><g transform=\"translate(-507 -1016)\"><path d=\"M24.5-1a25.506,25.506,0,0,1,9.926,49A25.506,25.506,0,0,1,14.574,1,25.341,25.341,0,0,1,24.5-1Zm0,49A23.5,23.5,0,1,0,1,24.5,23.527,23.527,0,0,0,24.5,48Z\" transform=\"translate(508 1017)\" fill=\"#22223f\"><\/path><path d=\"M528.289,1052.343l-8.055-5.639a1,1,0,0,1,1.147-1.638l6.56,4.592,15.488-18.3a1,1,0,1,1,1.527,1.292Z\" fill=\"#22223f\"><\/path><\/g><\/svg>\t\t\t\t<\/span>\n\t\t\t<\/div>\n\t\t\t\n\t\t\t\t\t\t<div class=\"elementor-icon-box-content\">\n\n\t\t\t\t\n\t\t\t\t\t\t\t\t\t<p class=\"elementor-icon-box-description\">\n\t\t\t\t\t\tTechnical support during the development of RES projects\n\t\t\t\t\t<\/p>\n\t\t\t\t\n\t\t\t<\/div>\n\t\t\t\n\t\t<\/div>\n\t\t\t\t\t\t<\/div>\n\t\t\t\t<\/div>\n\t\t\t\t<div class=\"elementor-element elementor-element-eff5a4f elementor-position-left cst_check_box_icon elementor-view-default elementor-mobile-position-top elementor-widget elementor-widget-icon-box\" data-id=\"eff5a4f\" data-element_type=\"widget\" data-widget_type=\"icon-box.default\">\n\t\t\t\t<div class=\"elementor-widget-container\">\n\t\t\t\t\t\t\t<div class=\"elementor-icon-box-wrapper\">\n\n\t\t\t\t\t\t<div class=\"elementor-icon-box-icon\">\n\t\t\t\t<span  class=\"elementor-icon\">\n\t\t\t\t<svg xmlns=\"http:\/\/www.w3.org\/2000\/svg\" width=\"51\" height=\"51\" viewbox=\"0 0 51 51\"><g transform=\"translate(-507 -1016)\"><path d=\"M24.5-1a25.506,25.506,0,0,1,9.926,49A25.506,25.506,0,0,1,14.574,1,25.341,25.341,0,0,1,24.5-1Zm0,49A23.5,23.5,0,1,0,1,24.5,23.527,23.527,0,0,0,24.5,48Z\" transform=\"translate(508 1017)\" fill=\"#22223f\"><\/path><path d=\"M528.289,1052.343l-8.055-5.639a1,1,0,0,1,1.147-1.638l6.56,4.592,15.488-18.3a1,1,0,1,1,1.527,1.292Z\" fill=\"#22223f\"><\/path><\/g><\/svg>\t\t\t\t<\/span>\n\t\t\t<\/div>\n\t\t\t\n\t\t\t\t\t\t<div class=\"elementor-icon-box-content\">\n\n\t\t\t\t\n\t\t\t\t\t\t\t\t\t<p class=\"elementor-icon-box-description\">\n\t\t\t\t\t\tDue diligence of projects before the closing of financing or in the process of taking over, and advising on buying or selling\t\t\t\t\t<\/p>\n\t\t\t\t\n\t\t\t<\/div>\n\t\t\t\n\t\t<\/div>\n\t\t\t\t\t\t<\/div>\n\t\t\t\t<\/div>\n\t\t\t\t<div class=\"elementor-element elementor-element-0aa9a6d elementor-position-left cst_check_box_icon elementor-view-default elementor-mobile-position-top elementor-widget elementor-widget-icon-box\" data-id=\"0aa9a6d\" data-element_type=\"widget\" data-widget_type=\"icon-box.default\">\n\t\t\t\t<div class=\"elementor-widget-container\">\n\t\t\t\t\t\t\t<div class=\"elementor-icon-box-wrapper\">\n\n\t\t\t\t\t\t<div class=\"elementor-icon-box-icon\">\n\t\t\t\t<span  class=\"elementor-icon\">\n\t\t\t\t<svg xmlns=\"http:\/\/www.w3.org\/2000\/svg\" width=\"51\" height=\"51\" viewbox=\"0 0 51 51\"><g transform=\"translate(-507 -1016)\"><path d=\"M24.5-1a25.506,25.506,0,0,1,9.926,49A25.506,25.506,0,0,1,14.574,1,25.341,25.341,0,0,1,24.5-1Zm0,49A23.5,23.5,0,1,0,1,24.5,23.527,23.527,0,0,0,24.5,48Z\" transform=\"translate(508 1017)\" fill=\"#22223f\"><\/path><path d=\"M528.289,1052.343l-8.055-5.639a1,1,0,0,1,1.147-1.638l6.56,4.592,15.488-18.3a1,1,0,1,1,1.527,1.292Z\" fill=\"#22223f\"><\/path><\/g><\/svg>\t\t\t\t<\/span>\n\t\t\t<\/div>\n\t\t\t\n\t\t\t\t\t\t<div class=\"elementor-icon-box-content\">\n\n\t\t\t\t\n\t\t\t\t\t\t\t\t\t<p class=\"elementor-icon-box-description\">\n\t\t\t\t\t\tMarket analysis and research and assessment and forecasting for the public and commercial sectors\t\t\t\t\t<\/p>\n\t\t\t\t\n\t\t\t<\/div>\n\t\t\t\n\t\t<\/div>\n\t\t\t\t\t\t<\/div>\n\t\t\t\t<\/div>\n\t\t\t\t<div class=\"elementor-element elementor-element-59943bd elementor-position-left cst_check_box_icon elementor-view-default elementor-mobile-position-top elementor-widget elementor-widget-icon-box\" data-id=\"59943bd\" data-element_type=\"widget\" data-widget_type=\"icon-box.default\">\n\t\t\t\t<div class=\"elementor-widget-container\">\n\t\t\t\t\t\t\t<div class=\"elementor-icon-box-wrapper\">\n\n\t\t\t\t\t\t<div class=\"elementor-icon-box-icon\">\n\t\t\t\t<span  class=\"elementor-icon\">\n\t\t\t\t<svg xmlns=\"http:\/\/www.w3.org\/2000\/svg\" width=\"51\" height=\"51\" viewbox=\"0 0 51 51\"><g transform=\"translate(-507 -1016)\"><path d=\"M24.5-1a25.506,25.506,0,0,1,9.926,49A25.506,25.506,0,0,1,14.574,1,25.341,25.341,0,0,1,24.5-1Zm0,49A23.5,23.5,0,1,0,1,24.5,23.527,23.527,0,0,0,24.5,48Z\" transform=\"translate(508 1017)\" fill=\"#22223f\"><\/path><path d=\"M528.289,1052.343l-8.055-5.639a1,1,0,0,1,1.147-1.638l6.56,4.592,15.488-18.3a1,1,0,1,1,1.527,1.292Z\" fill=\"#22223f\"><\/path><\/g><\/svg>\t\t\t\t<\/span>\n\t\t\t<\/div>\n\t\t\t\n\t\t\t\t\t\t<div class=\"elementor-icon-box-content\">\n\n\t\t\t\t\n\t\t\t\t\t\t\t\t\t<p class=\"elementor-icon-box-description\">\n\t\t\t\t\t\tAssessment of the impact of power plants on the environment\n\t\t\t\t\t<\/p>\n\t\t\t\t\n\t\t\t<\/div>\n\t\t\t\n\t\t<\/div>\n\t\t\t\t\t\t<\/div>\n\t\t\t\t<\/div>\n\t\t\t\t<div class=\"elementor-element elementor-element-d7884ca elementor-position-left cst_check_box_icon elementor-view-default elementor-mobile-position-top elementor-widget elementor-widget-icon-box\" data-id=\"d7884ca\" data-element_type=\"widget\" data-widget_type=\"icon-box.default\">\n\t\t\t\t<div class=\"elementor-widget-container\">\n\t\t\t\t\t\t\t<div class=\"elementor-icon-box-wrapper\">\n\n\t\t\t\t\t\t<div class=\"elementor-icon-box-icon\">\n\t\t\t\t<span  class=\"elementor-icon\">\n\t\t\t\t<svg xmlns=\"http:\/\/www.w3.org\/2000\/svg\" width=\"51\" height=\"51\" viewbox=\"0 0 51 51\"><g transform=\"translate(-507 -1016)\"><path d=\"M24.5-1a25.506,25.506,0,0,1,9.926,49A25.506,25.506,0,0,1,14.574,1,25.341,25.341,0,0,1,24.5-1Zm0,49A23.5,23.5,0,1,0,1,24.5,23.527,23.527,0,0,0,24.5,48Z\" transform=\"translate(508 1017)\" fill=\"#22223f\"><\/path><path d=\"M528.289,1052.343l-8.055-5.639a1,1,0,0,1,1.147-1.638l6.56,4.592,15.488-18.3a1,1,0,1,1,1.527,1.292Z\" fill=\"#22223f\"><\/path><\/g><\/svg>\t\t\t\t<\/span>\n\t\t\t<\/div>\n\t\t\t\n\t\t\t\t\t\t<div class=\"elementor-icon-box-content\">\n\n\t\t\t\t\n\t\t\t\t\t\t\t\t\t<p class=\"elementor-icon-box-description\">\n\t\t\t\t\t\tDevelopment of studies and bases in the field of climate change mitigation and adaptation and development of a model for financing climate change mitigation and adaptation\n\t\t\t\t\t<\/p>\n\t\t\t\t\n\t\t\t<\/div>\n\t\t\t\n\t\t<\/div>\n\t\t\t\t\t\t<\/div>\n\t\t\t\t<\/div>\n\t\t\t\t<div class=\"elementor-element elementor-element-06af568 elementor-position-left cst_check_box_icon elementor-view-default elementor-mobile-position-top elementor-widget elementor-widget-icon-box\" data-id=\"06af568\" data-element_type=\"widget\" data-widget_type=\"icon-box.default\">\n\t\t\t\t<div class=\"elementor-widget-container\">\n\t\t\t\t\t\t\t<div class=\"elementor-icon-box-wrapper\">\n\n\t\t\t\t\t\t<div class=\"elementor-icon-box-icon\">\n\t\t\t\t<span  class=\"elementor-icon\">\n\t\t\t\t<svg xmlns=\"http:\/\/www.w3.org\/2000\/svg\" width=\"51\" height=\"51\" viewbox=\"0 0 51 51\"><g transform=\"translate(-507 -1016)\"><path d=\"M24.5-1a25.506,25.506,0,0,1,9.926,49A25.506,25.506,0,0,1,14.574,1,25.341,25.341,0,0,1,24.5-1Zm0,49A23.5,23.5,0,1,0,1,24.5,23.527,23.527,0,0,0,24.5,48Z\" transform=\"translate(508 1017)\" fill=\"#22223f\"><\/path><path d=\"M528.289,1052.343l-8.055-5.639a1,1,0,0,1,1.147-1.638l6.56,4.592,15.488-18.3a1,1,0,1,1,1.527,1.292Z\" fill=\"#22223f\"><\/path><\/g><\/svg>\t\t\t\t<\/span>\n\t\t\t<\/div>\n\t\t\t\n\t\t\t\t\t\t<div class=\"elementor-icon-box-content\">\n\n\t\t\t\t\n\t\t\t\t\t\t\t\t\t<p class=\"elementor-icon-box-description\">\n\t\t\t\t\t\tAdvising on the choice of technology and project solution\n\t\t\t\t\t<\/p>\n\t\t\t\t\n\t\t\t<\/div>\n\t\t\t\n\t\t<\/div>\n\t\t\t\t\t\t<\/div>\n\t\t\t\t<\/div>\n\t\t\t\t\t<\/div>\n\t\t<\/div>\n\t\t\t\t\t<\/div>\n\t\t<\/section>\n\t\t\t\t<section class=\"elementor-section elementor-top-section elementor-element elementor-element-15e7d646 elementor-section-full_width elementor-section-height-min-height elementor-hidden-tablet elementor-hidden-mobile elementor-section-height-default elementor-section-items-middle\" data-id=\"15e7d646\" data-element_type=\"section\">\n\t\t\t\t\t\t<div class=\"elementor-container elementor-column-gap-default\">\n\t\t\t\t\t<div class=\"elementor-column elementor-col-100 elementor-top-column elementor-element elementor-element-2c98b163\" data-id=\"2c98b163\" data-element_type=\"column\">\n\t\t\t<div class=\"elementor-widget-wrap elementor-element-populated\">\n\t\t\t\t\t\t<div class=\"elementor-element elementor-element-26a95182 elementor-absolute elementor-widget elementor-widget-image\" data-id=\"26a95182\" data-element_type=\"widget\" data-settings=\"{&quot;_position&quot;:&quot;absolute&quot;}\" data-widget_type=\"image.default\">\n\t\t\t\t<div class=\"elementor-widget-container\">\n\t\t\t\t\t\t\t\t\t\t\t\t\t\t\t<img decoding=\"async\" width=\"656\" height=\"656\" src=\"https:\/\/eihp.hr\/wp-content\/uploads\/2022\/03\/Abstract-square-final-EIHP.png\" class=\"attachment-large size-large wp-image-8388\" alt=\"\" srcset=\"https:\/\/eihp.hr\/wp-content\/uploads\/2022\/03\/Abstract-square-final-EIHP.png 656w, https:\/\/eihp.hr\/wp-content\/uploads\/2022\/03\/Abstract-square-final-EIHP-300x300.png 300w, https:\/\/eihp.hr\/wp-content\/uploads\/2022\/03\/Abstract-square-final-EIHP-150x150.png 150w\" sizes=\"(max-width: 656px) 100vw, 656px\" \/>\t\t\t\t\t\t\t\t\t\t\t\t\t\t\t<\/div>\n\t\t\t\t<\/div>\n\t\t\t\t\t<\/div>\n\t\t<\/div>\n\t\t\t\t\t<\/div>\n\t\t<\/section>\n\t\t\t\t<\/div>","protected":false},"excerpt":{"rendered":"<p>Obnovljiva energija ima va\u017enu ulogu u nastojanjima Europe za smanjivanje ovisnosti o fosilnim gorivima i osnova je niskouglji\u010dne budu\u0107nosti. Obnovljivi izvor klju\u010dni su za dugoro\u010dna nastojanja ubla\u017eavanja u\u010dinaka klimatskih promjena, a imat \u0107e i sve ve\u0107u ulogu u unapre\u0111ivanju cjelokupne energetske sigurnosti EU. Tehni\u010dkim i ekonomskim savjetovanjem s javnim i privatnim sektorom u podru\u010dju obnovljive [&hellip;]<\/p>","protected":false},"author":1,"featured_media":0,"parent":0,"menu_order":0,"comment_status":"closed","ping_status":"closed","template":"","meta":{"footnotes":""},"class_list":["post-9772","page","type-page","status-publish","hentry"],"_links":{"self":[{"href":"https:\/\/eihp.hr\/en\/wp-json\/wp\/v2\/pages\/9772","targetHints":{"allow":["GET"]}}],"collection":[{"href":"https:\/\/eihp.hr\/en\/wp-json\/wp\/v2\/pages"}],"about":[{"href":"https:\/\/eihp.hr\/en\/wp-json\/wp\/v2\/types\/page"}],"author":[{"embeddable":true,"href":"https:\/\/eihp.hr\/en\/wp-json\/wp\/v2\/users\/1"}],"replies":[{"embeddable":true,"href":"https:\/\/eihp.hr\/en\/wp-json\/wp\/v2\/comments?post=9772"}],"version-history":[{"count":17,"href":"https:\/\/eihp.hr\/en\/wp-json\/wp\/v2\/pages\/9772\/revisions"}],"predecessor-version":[{"id":16146,"href":"https:\/\/eihp.hr\/en\/wp-json\/wp\/v2\/pages\/9772\/revisions\/16146"}],"wp:attachment":[{"href":"https:\/\/eihp.hr\/en\/wp-json\/wp\/v2\/media?parent=9772"}],"curies":[{"name":"wp","href":"https:\/\/api.w.org\/{rel}","templated":true}]}}