{"id":9785,"date":"2022-04-07T13:18:39","date_gmt":"2022-04-07T11:18:39","guid":{"rendered":"https:\/\/meldendev.eu\/eihp\/?page_id=9785"},"modified":"2024-03-21T16:13:46","modified_gmt":"2024-03-21T15:13:46","slug":"e-mobilnost","status":"publish","type":"page","link":"https:\/\/eihp.hr\/en\/e-mobilnost\/","title":{"rendered":"E-mobility"},"content":{"rendered":"<div data-elementor-type=\"wp-page\" data-elementor-id=\"9785\" class=\"elementor elementor-9785\" data-elementor-post-type=\"page\">\n\t\t\t\t\t\t<section class=\"elementor-section elementor-top-section elementor-element elementor-element-6e8ff16a elementor-section-height-min-height elementor-section-boxed elementor-section-height-default elementor-section-items-middle\" data-id=\"6e8ff16a\" data-element_type=\"section\" data-settings=\"{&quot;background_background&quot;:&quot;classic&quot;}\">\n\t\t\t\t\t\t<div class=\"elementor-container elementor-column-gap-default\">\n\t\t\t\t\t<div class=\"elementor-column elementor-col-100 elementor-top-column elementor-element elementor-element-6458f937\" data-id=\"6458f937\" data-element_type=\"column\">\n\t\t\t<div class=\"elementor-widget-wrap\">\n\t\t\t\t\t\t\t<\/div>\n\t\t<\/div>\n\t\t\t\t\t<\/div>\n\t\t<\/section>\n\t\t\t\t<section class=\"elementor-section elementor-top-section elementor-element elementor-element-4814066a elementor-section-boxed elementor-section-height-default elementor-section-height-default\" data-id=\"4814066a\" data-element_type=\"section\" data-settings=\"{&quot;background_background&quot;:&quot;classic&quot;}\">\n\t\t\t\t\t\t<div class=\"elementor-container elementor-column-gap-default\">\n\t\t\t\t\t<div class=\"elementor-column elementor-col-100 elementor-top-column elementor-element elementor-element-49d77ca4\" data-id=\"49d77ca4\" data-element_type=\"column\" data-settings=\"{&quot;background_background&quot;:&quot;classic&quot;}\">\n\t\t\t<div class=\"elementor-widget-wrap elementor-element-populated\">\n\t\t\t\t\t\t\t<\/div>\n\t\t<\/div>\n\t\t\t\t\t<\/div>\n\t\t<\/section>\n\t\t\t\t<section class=\"elementor-section elementor-top-section elementor-element elementor-element-107a95ec elementor-section-boxed elementor-section-height-default elementor-section-height-default\" data-id=\"107a95ec\" data-element_type=\"section\">\n\t\t\t\t\t\t<div class=\"elementor-container elementor-column-gap-default\">\n\t\t\t\t\t<div class=\"elementor-column elementor-col-50 elementor-top-column elementor-element elementor-element-56b6fb8f\" data-id=\"56b6fb8f\" data-element_type=\"column\">\n\t\t\t<div class=\"elementor-widget-wrap elementor-element-populated\">\n\t\t\t\t\t\t<div class=\"elementor-element elementor-element-11426003 elementor-widget elementor-widget-text-editor\" data-id=\"11426003\" data-element_type=\"widget\" data-widget_type=\"text-editor.default\">\n\t\t\t\t<div class=\"elementor-widget-container\">\n\t\t\t\t\t\t\t\t\tE-mobility is a system that consists of electric vehicles and the infrastructure for their charging, as well the information systems that connect them into a functional whole. Thanks to the characteristics of electric vehicles, such as improved energy efficiency and lower greenhouse gas emissions compared to conventional vehicles, e-mobility is considered one of the key components of a long-term energy transition.\nThe synergies between the transport and energy systems represent significant potential in terms of achieving the goals of energy strategies. The long-term experience of the EIHP in energy planning and expert analysis in the transport sector is the basis for integral analysis related to e-mobility, which includes strategic, technical, economic, and legal-organizational aspects. \n\t\t\t\t\t\t\t\t<\/div>\n\t\t\t\t<\/div>\n\t\t\t\t\t<\/div>\n\t\t<\/div>\n\t\t\t\t<div class=\"elementor-column elementor-col-50 elementor-top-column elementor-element elementor-element-80d07b3\" data-id=\"80d07b3\" data-element_type=\"column\">\n\t\t\t<div class=\"elementor-widget-wrap elementor-element-populated\">\n\t\t\t\t\t\t<div class=\"elementor-element elementor-element-4961da47 elementor-widget elementor-widget-image\" data-id=\"4961da47\" data-element_type=\"widget\" data-widget_type=\"image.default\">\n\t\t\t\t<div class=\"elementor-widget-container\">\n\t\t\t\t\t\t\t\t\t\t\t\t\t\t\t<img fetchpriority=\"high\" decoding=\"async\" width=\"1280\" height=\"853\" src=\"https:\/\/eihp.hr\/wp-content\/uploads\/2024\/03\/E-MOBILNOST.jpg\" class=\"attachment-full size-full wp-image-14649\" alt=\"\" srcset=\"https:\/\/eihp.hr\/wp-content\/uploads\/2024\/03\/E-MOBILNOST.jpg 1280w, https:\/\/eihp.hr\/wp-content\/uploads\/2024\/03\/E-MOBILNOST-300x200.jpg 300w, https:\/\/eihp.hr\/wp-content\/uploads\/2024\/03\/E-MOBILNOST-1024x682.jpg 1024w, https:\/\/eihp.hr\/wp-content\/uploads\/2024\/03\/E-MOBILNOST-768x512.jpg 768w, https:\/\/eihp.hr\/wp-content\/uploads\/2024\/03\/E-MOBILNOST-18x12.jpg 18w\" sizes=\"(max-width: 1280px) 100vw, 1280px\" \/>\t\t\t\t\t\t\t\t\t\t\t\t\t\t\t<\/div>\n\t\t\t\t<\/div>\n\t\t\t\t\t<\/div>\n\t\t<\/div>\n\t\t\t\t\t<\/div>\n\t\t<\/section>\n\t\t\t\t<section class=\"elementor-section elementor-top-section elementor-element elementor-element-1f798cf elementor-section-full_width elementor-hidden-tablet elementor-hidden-mobile elementor-section-height-default elementor-section-height-default\" data-id=\"1f798cf\" data-element_type=\"section\">\n\t\t\t\t\t\t<div class=\"elementor-container elementor-column-gap-default\">\n\t\t\t\t\t<div class=\"elementor-column elementor-col-100 elementor-top-column elementor-element elementor-element-c6edb42\" data-id=\"c6edb42\" data-element_type=\"column\">\n\t\t\t<div class=\"elementor-widget-wrap elementor-element-populated\">\n\t\t\t\t\t\t<div class=\"elementor-element elementor-element-78d70343 elementor-absolute elementor-widget elementor-widget-image\" data-id=\"78d70343\" data-element_type=\"widget\" data-settings=\"{&quot;_position&quot;:&quot;absolute&quot;}\" data-widget_type=\"image.default\">\n\t\t\t\t<div class=\"elementor-widget-container\">\n\t\t\t\t\t\t\t\t\t\t\t\t\t\t\t<img decoding=\"async\" width=\"656\" height=\"656\" src=\"https:\/\/eihp.hr\/wp-content\/uploads\/2022\/03\/Abstract-square-final-EIHP.png\" class=\"attachment-large size-large wp-image-8388\" alt=\"\" srcset=\"https:\/\/eihp.hr\/wp-content\/uploads\/2022\/03\/Abstract-square-final-EIHP.png 656w, https:\/\/eihp.hr\/wp-content\/uploads\/2022\/03\/Abstract-square-final-EIHP-300x300.png 300w, https:\/\/eihp.hr\/wp-content\/uploads\/2022\/03\/Abstract-square-final-EIHP-150x150.png 150w\" sizes=\"(max-width: 656px) 100vw, 656px\" \/>\t\t\t\t\t\t\t\t\t\t\t\t\t\t\t<\/div>\n\t\t\t\t<\/div>\n\t\t\t\t\t<\/div>\n\t\t<\/div>\n\t\t\t\t\t<\/div>\n\t\t<\/section>\n\t\t\t\t<section class=\"elementor-section elementor-top-section elementor-element elementor-element-66173714 elementor-section-boxed elementor-section-height-default elementor-section-height-default\" data-id=\"66173714\" data-element_type=\"section\" data-settings=\"{&quot;background_background&quot;:&quot;classic&quot;}\">\n\t\t\t\t\t\t<div class=\"elementor-container elementor-column-gap-default\">\n\t\t\t\t\t<div class=\"elementor-column elementor-col-100 elementor-top-column elementor-element elementor-element-78fecf9\" data-id=\"78fecf9\" data-element_type=\"column\">\n\t\t\t<div class=\"elementor-widget-wrap elementor-element-populated\">\n\t\t\t\t\t\t<div class=\"elementor-element elementor-element-64e7bb89 elementor-widget elementor-widget-heading\" data-id=\"64e7bb89\" data-element_type=\"widget\" data-widget_type=\"heading.default\">\n\t\t\t\t<div class=\"elementor-widget-container\">\n\t\t\t\t\t<h2 class=\"elementor-heading-title elementor-size-default\">Our services<\/h2>\t\t\t\t<\/div>\n\t\t\t\t<\/div>\n\t\t\t\t<div class=\"elementor-element elementor-element-2c63b063 elementor-position-left cst_check_box_icon elementor-view-default elementor-mobile-position-top elementor-widget elementor-widget-icon-box\" data-id=\"2c63b063\" data-element_type=\"widget\" data-widget_type=\"icon-box.default\">\n\t\t\t\t<div class=\"elementor-widget-container\">\n\t\t\t\t\t\t\t<div class=\"elementor-icon-box-wrapper\">\n\n\t\t\t\t\t\t<div class=\"elementor-icon-box-icon\">\n\t\t\t\t<span  class=\"elementor-icon\">\n\t\t\t\t<svg xmlns=\"http:\/\/www.w3.org\/2000\/svg\" width=\"51\" height=\"51\" viewbox=\"0 0 51 51\"><g transform=\"translate(-507 -1016)\"><path d=\"M24.5-1a25.506,25.506,0,0,1,9.926,49A25.506,25.506,0,0,1,14.574,1,25.341,25.341,0,0,1,24.5-1Zm0,49A23.5,23.5,0,1,0,1,24.5,23.527,23.527,0,0,0,24.5,48Z\" transform=\"translate(508 1017)\" fill=\"#22223f\"><\/path><path d=\"M528.289,1052.343l-8.055-5.639a1,1,0,0,1,1.147-1.638l6.56,4.592,15.488-18.3a1,1,0,1,1,1.527,1.292Z\" fill=\"#22223f\"><\/path><\/g><\/svg>\t\t\t\t<\/span>\n\t\t\t<\/div>\n\t\t\t\n\t\t\t\t\t\t<div class=\"elementor-icon-box-content\">\n\n\t\t\t\t\n\t\t\t\t\t\t\t\t\t<p class=\"elementor-icon-box-description\">\n\t\t\t\t\t\tDevelopment of strategic documents (national, regional, or local e-mobility development strategies)\t\t\t\t\t<\/p>\n\t\t\t\t\n\t\t\t<\/div>\n\t\t\t\n\t\t<\/div>\n\t\t\t\t\t\t<\/div>\n\t\t\t\t<\/div>\n\t\t\t\t<div class=\"elementor-element elementor-element-5701506 elementor-position-left cst_check_box_icon elementor-view-default elementor-mobile-position-top elementor-widget elementor-widget-icon-box\" data-id=\"5701506\" data-element_type=\"widget\" data-widget_type=\"icon-box.default\">\n\t\t\t\t<div class=\"elementor-widget-container\">\n\t\t\t\t\t\t\t<div class=\"elementor-icon-box-wrapper\">\n\n\t\t\t\t\t\t<div class=\"elementor-icon-box-icon\">\n\t\t\t\t<span  class=\"elementor-icon\">\n\t\t\t\t<svg xmlns=\"http:\/\/www.w3.org\/2000\/svg\" width=\"51\" height=\"51\" viewbox=\"0 0 51 51\"><g transform=\"translate(-507 -1016)\"><path d=\"M24.5-1a25.506,25.506,0,0,1,9.926,49A25.506,25.506,0,0,1,14.574,1,25.341,25.341,0,0,1,24.5-1Zm0,49A23.5,23.5,0,1,0,1,24.5,23.527,23.527,0,0,0,24.5,48Z\" transform=\"translate(508 1017)\" fill=\"#22223f\"><\/path><path d=\"M528.289,1052.343l-8.055-5.639a1,1,0,0,1,1.147-1.638l6.56,4.592,15.488-18.3a1,1,0,1,1,1.527,1.292Z\" fill=\"#22223f\"><\/path><\/g><\/svg>\t\t\t\t<\/span>\n\t\t\t<\/div>\n\t\t\t\n\t\t\t\t\t\t<div class=\"elementor-icon-box-content\">\n\n\t\t\t\t\n\t\t\t\t\t\t\t\t\t<p class=\"elementor-icon-box-description\">\n\t\t\t\t\t\tConsulting in infrastructure planning for electric vehicles\n\t\t\t\t\t<\/p>\n\t\t\t\t\n\t\t\t<\/div>\n\t\t\t\n\t\t<\/div>\n\t\t\t\t\t\t<\/div>\n\t\t\t\t<\/div>\n\t\t\t\t<div class=\"elementor-element elementor-element-aac132a elementor-position-left cst_check_box_icon elementor-view-default elementor-mobile-position-top elementor-widget elementor-widget-icon-box\" data-id=\"aac132a\" data-element_type=\"widget\" data-widget_type=\"icon-box.default\">\n\t\t\t\t<div class=\"elementor-widget-container\">\n\t\t\t\t\t\t\t<div class=\"elementor-icon-box-wrapper\">\n\n\t\t\t\t\t\t<div class=\"elementor-icon-box-icon\">\n\t\t\t\t<span  class=\"elementor-icon\">\n\t\t\t\t<svg xmlns=\"http:\/\/www.w3.org\/2000\/svg\" width=\"51\" height=\"51\" viewbox=\"0 0 51 51\"><g transform=\"translate(-507 -1016)\"><path d=\"M24.5-1a25.506,25.506,0,0,1,9.926,49A25.506,25.506,0,0,1,14.574,1,25.341,25.341,0,0,1,24.5-1Zm0,49A23.5,23.5,0,1,0,1,24.5,23.527,23.527,0,0,0,24.5,48Z\" transform=\"translate(508 1017)\" fill=\"#22223f\"><\/path><path d=\"M528.289,1052.343l-8.055-5.639a1,1,0,0,1,1.147-1.638l6.56,4.592,15.488-18.3a1,1,0,1,1,1.527,1.292Z\" fill=\"#22223f\"><\/path><\/g><\/svg>\t\t\t\t<\/span>\n\t\t\t<\/div>\n\t\t\t\n\t\t\t\t\t\t<div class=\"elementor-icon-box-content\">\n\n\t\t\t\t\n\t\t\t\t\t\t\t\t\t<p class=\"elementor-icon-box-description\">\n\t\t\t\t\t\tAnalysis of the relevant legislative framework\n\t\t\t\t\t<\/p>\n\t\t\t\t\n\t\t\t<\/div>\n\t\t\t\n\t\t<\/div>\n\t\t\t\t\t\t<\/div>\n\t\t\t\t<\/div>\n\t\t\t\t<div class=\"elementor-element elementor-element-a277599 elementor-position-left cst_check_box_icon elementor-view-default elementor-mobile-position-top elementor-widget elementor-widget-icon-box\" data-id=\"a277599\" data-element_type=\"widget\" data-widget_type=\"icon-box.default\">\n\t\t\t\t<div class=\"elementor-widget-container\">\n\t\t\t\t\t\t\t<div class=\"elementor-icon-box-wrapper\">\n\n\t\t\t\t\t\t<div class=\"elementor-icon-box-icon\">\n\t\t\t\t<span  class=\"elementor-icon\">\n\t\t\t\t<svg xmlns=\"http:\/\/www.w3.org\/2000\/svg\" width=\"51\" height=\"51\" viewbox=\"0 0 51 51\"><g transform=\"translate(-507 -1016)\"><path d=\"M24.5-1a25.506,25.506,0,0,1,9.926,49A25.506,25.506,0,0,1,14.574,1,25.341,25.341,0,0,1,24.5-1Zm0,49A23.5,23.5,0,1,0,1,24.5,23.527,23.527,0,0,0,24.5,48Z\" transform=\"translate(508 1017)\" fill=\"#22223f\"><\/path><path d=\"M528.289,1052.343l-8.055-5.639a1,1,0,0,1,1.147-1.638l6.56,4.592,15.488-18.3a1,1,0,1,1,1.527,1.292Z\" fill=\"#22223f\"><\/path><\/g><\/svg>\t\t\t\t<\/span>\n\t\t\t<\/div>\n\t\t\t\n\t\t\t\t\t\t<div class=\"elementor-icon-box-content\">\n\n\t\t\t\t\n\t\t\t\t\t\t\t\t\t<p class=\"elementor-icon-box-description\">\n\t\t\t\t\t\tPreparation of cost-benefit analysis (from the aspect of the state, users, service providers)\n\t\t\t\t\t<\/p>\n\t\t\t\t\n\t\t\t<\/div>\n\t\t\t\n\t\t<\/div>\n\t\t\t\t\t\t<\/div>\n\t\t\t\t<\/div>\n\t\t\t\t<div class=\"elementor-element elementor-element-1644902 elementor-position-left cst_check_box_icon elementor-view-default elementor-mobile-position-top elementor-widget elementor-widget-icon-box\" data-id=\"1644902\" data-element_type=\"widget\" data-widget_type=\"icon-box.default\">\n\t\t\t\t<div class=\"elementor-widget-container\">\n\t\t\t\t\t\t\t<div class=\"elementor-icon-box-wrapper\">\n\n\t\t\t\t\t\t<div class=\"elementor-icon-box-icon\">\n\t\t\t\t<span  class=\"elementor-icon\">\n\t\t\t\t<svg xmlns=\"http:\/\/www.w3.org\/2000\/svg\" width=\"51\" height=\"51\" viewbox=\"0 0 51 51\"><g transform=\"translate(-507 -1016)\"><path d=\"M24.5-1a25.506,25.506,0,0,1,9.926,49A25.506,25.506,0,0,1,14.574,1,25.341,25.341,0,0,1,24.5-1Zm0,49A23.5,23.5,0,1,0,1,24.5,23.527,23.527,0,0,0,24.5,48Z\" transform=\"translate(508 1017)\" fill=\"#22223f\"><\/path><path d=\"M528.289,1052.343l-8.055-5.639a1,1,0,0,1,1.147-1.638l6.56,4.592,15.488-18.3a1,1,0,1,1,1.527,1.292Z\" fill=\"#22223f\"><\/path><\/g><\/svg>\t\t\t\t<\/span>\n\t\t\t<\/div>\n\t\t\t\n\t\t\t\t\t\t<div class=\"elementor-icon-box-content\">\n\n\t\t\t\t\n\t\t\t\t\t\t\t\t\t<p class=\"elementor-icon-box-description\">\n\t\t\t\t\t\tAnalysis of market and business models\n\t\t\t\t\t<\/p>\n\t\t\t\t\n\t\t\t<\/div>\n\t\t\t\n\t\t<\/div>\n\t\t\t\t\t\t<\/div>\n\t\t\t\t<\/div>\n\t\t\t\t<div class=\"elementor-element elementor-element-eff5a4f elementor-position-left cst_check_box_icon elementor-view-default elementor-mobile-position-top elementor-widget elementor-widget-icon-box\" data-id=\"eff5a4f\" data-element_type=\"widget\" data-widget_type=\"icon-box.default\">\n\t\t\t\t<div class=\"elementor-widget-container\">\n\t\t\t\t\t\t\t<div class=\"elementor-icon-box-wrapper\">\n\n\t\t\t\t\t\t<div class=\"elementor-icon-box-icon\">\n\t\t\t\t<span  class=\"elementor-icon\">\n\t\t\t\t<svg xmlns=\"http:\/\/www.w3.org\/2000\/svg\" width=\"51\" height=\"51\" viewbox=\"0 0 51 51\"><g transform=\"translate(-507 -1016)\"><path d=\"M24.5-1a25.506,25.506,0,0,1,9.926,49A25.506,25.506,0,0,1,14.574,1,25.341,25.341,0,0,1,24.5-1Zm0,49A23.5,23.5,0,1,0,1,24.5,23.527,23.527,0,0,0,24.5,48Z\" transform=\"translate(508 1017)\" fill=\"#22223f\"><\/path><path d=\"M528.289,1052.343l-8.055-5.639a1,1,0,0,1,1.147-1.638l6.56,4.592,15.488-18.3a1,1,0,1,1,1.527,1.292Z\" fill=\"#22223f\"><\/path><\/g><\/svg>\t\t\t\t<\/span>\n\t\t\t<\/div>\n\t\t\t\n\t\t\t\t\t\t<div class=\"elementor-icon-box-content\">\n\n\t\t\t\t\n\t\t\t\t\t\t\t\t\t<p class=\"elementor-icon-box-description\">\n\t\t\t\t\t\tAnalysis of the impact of e-mobility development on the electricity system\n\t\t\t\t\t<\/p>\n\t\t\t\t\n\t\t\t<\/div>\n\t\t\t\n\t\t<\/div>\n\t\t\t\t\t\t<\/div>\n\t\t\t\t<\/div>\n\t\t\t\t\t<\/div>\n\t\t<\/div>\n\t\t\t\t\t<\/div>\n\t\t<\/section>\n\t\t\t\t<section class=\"elementor-section elementor-top-section elementor-element elementor-element-15e7d646 elementor-section-full_width elementor-section-height-min-height elementor-hidden-tablet elementor-hidden-mobile elementor-section-height-default elementor-section-items-middle\" data-id=\"15e7d646\" data-element_type=\"section\">\n\t\t\t\t\t\t<div class=\"elementor-container elementor-column-gap-default\">\n\t\t\t\t\t<div class=\"elementor-column elementor-col-100 elementor-top-column elementor-element elementor-element-2c98b163\" data-id=\"2c98b163\" data-element_type=\"column\">\n\t\t\t<div class=\"elementor-widget-wrap elementor-element-populated\">\n\t\t\t\t\t\t<div class=\"elementor-element elementor-element-26a95182 elementor-absolute elementor-widget elementor-widget-image\" data-id=\"26a95182\" data-element_type=\"widget\" data-settings=\"{&quot;_position&quot;:&quot;absolute&quot;}\" data-widget_type=\"image.default\">\n\t\t\t\t<div class=\"elementor-widget-container\">\n\t\t\t\t\t\t\t\t\t\t\t\t\t\t\t<img decoding=\"async\" width=\"656\" height=\"656\" src=\"https:\/\/eihp.hr\/wp-content\/uploads\/2022\/03\/Abstract-square-final-EIHP.png\" class=\"attachment-large size-large wp-image-8388\" alt=\"\" srcset=\"https:\/\/eihp.hr\/wp-content\/uploads\/2022\/03\/Abstract-square-final-EIHP.png 656w, https:\/\/eihp.hr\/wp-content\/uploads\/2022\/03\/Abstract-square-final-EIHP-300x300.png 300w, https:\/\/eihp.hr\/wp-content\/uploads\/2022\/03\/Abstract-square-final-EIHP-150x150.png 150w\" sizes=\"(max-width: 656px) 100vw, 656px\" \/>\t\t\t\t\t\t\t\t\t\t\t\t\t\t\t<\/div>\n\t\t\t\t<\/div>\n\t\t\t\t\t<\/div>\n\t\t<\/div>\n\t\t\t\t\t<\/div>\n\t\t<\/section>\n\t\t\t\t<\/div>","protected":false},"excerpt":{"rendered":"<p>E-mobilnost je sustav koji \u010dine elektri\u010dna vozila i infrastruktura za njihovo punjenje te informacijski sustavi koji ih povezuju u funkcionalnu cjelinu. Zahvaljuju\u0107i zna\u010dajkama elektri\u010dnih vozila kao \u0161to su pobolj\u0161ana energetska u\u010dinkovitost i ni\u017ee emisije stakleni\u010dkih plinova u odnosu na konvencionalna vozila, e-mobilnost se smatra jednom od klju\u010dnih sastavnica dugoro\u010dne energetske tranzicije. Sinergije koje se ostvaraju [&hellip;]<\/p>","protected":false},"author":1,"featured_media":0,"parent":0,"menu_order":0,"comment_status":"closed","ping_status":"closed","template":"","meta":{"footnotes":""},"class_list":["post-9785","page","type-page","status-publish","hentry"],"_links":{"self":[{"href":"https:\/\/eihp.hr\/en\/wp-json\/wp\/v2\/pages\/9785","targetHints":{"allow":["GET"]}}],"collection":[{"href":"https:\/\/eihp.hr\/en\/wp-json\/wp\/v2\/pages"}],"about":[{"href":"https:\/\/eihp.hr\/en\/wp-json\/wp\/v2\/types\/page"}],"author":[{"embeddable":true,"href":"https:\/\/eihp.hr\/en\/wp-json\/wp\/v2\/users\/1"}],"replies":[{"embeddable":true,"href":"https:\/\/eihp.hr\/en\/wp-json\/wp\/v2\/comments?post=9785"}],"version-history":[{"count":16,"href":"https:\/\/eihp.hr\/en\/wp-json\/wp\/v2\/pages\/9785\/revisions"}],"predecessor-version":[{"id":14670,"href":"https:\/\/eihp.hr\/en\/wp-json\/wp\/v2\/pages\/9785\/revisions\/14670"}],"wp:attachment":[{"href":"https:\/\/eihp.hr\/en\/wp-json\/wp\/v2\/media?parent=9785"}],"curies":[{"name":"wp","href":"https:\/\/api.w.org\/{rel}","templated":true}]}}